{"id":9517,"date":"2016-05-12T15:20:37","date_gmt":"2016-05-12T13:20:37","guid":{"rendered":"https:\/\/www.mates.it\/prodotti\/tessuti-rinforzi\/fibra-di-carbonio\/tejidos-c\/"},"modified":"2023-09-23T09:42:21","modified_gmt":"2023-09-23T07:42:21","slug":"tejidos-c","status":"publish","type":"page","link":"https:\/\/www.mates.it\/es\/productos\/tejidos-refuerzos\/fibra-de-carbono\/tejidos-c\/","title":{"rendered":"Tejidos"},"content":{"rendered":"<div  class='flex_column av-av_three_fifth-7714eba142aeda1f8b5272a3c372b279 av_three_fifth  avia-builder-el-0  el_before_av_two_fifth  avia-builder-el-first  first flex_column_div  '     ><p>\n<style type=\"text\/css\" data-created_by=\"avia_inline_auto\" id=\"style-css-av-lj9aw9it-740996366088c21e64a84f4049e1b538\">\n#top .av-special-heading.av-lj9aw9it-740996366088c21e64a84f4049e1b538{\npadding-bottom:10px;\n}\nbody .av-special-heading.av-lj9aw9it-740996366088c21e64a84f4049e1b538 .av-special-heading-tag .heading-char{\nfont-size:25px;\n}\n.av-special-heading.av-lj9aw9it-740996366088c21e64a84f4049e1b538 .av-subheading{\nfont-size:15px;\n}\n<\/style>\n<div  class='av-special-heading av-lj9aw9it-740996366088c21e64a84f4049e1b538 av-special-heading-h1  avia-builder-el-1  el_before_av_textblock  avia-builder-el-first  custom-h1-title'><h1 class='av-special-heading-tag '  >Tejidos<\/h1><div class=\"special-heading-border\"><div class=\"special-heading-inner-border\"><\/div><\/div><\/div><br \/>\n<section  class='av_textblock_section av-lj9aw50s-e4da16f9df7f42e8cfb034079e98ca49 '  ><div class='avia_textblock' ><p>Los tejidos de fibra de carbono pueden dividirse, seg\u00fan el tipo de trama, en tres macrocategor\u00edas principales: tejidos de sarga, lisos y satinados. Los tejidos de sarga suelen tener una mayor ca\u00edda que los tejidos lisos, mientras que los tejidos lisos son ligeramente m\u00e1s resistentes y menos delicados durante el calado, lo que disminuye el riesgo de desgarro durante la colocaci\u00f3n. La segunda diferencia entre los tejidos es el gramaje, que corresponde al peso espec\u00edfico de un metro cuadrado de ese tejido concreto. La \u00faltima diferencia es el n\u00famero de filamentos que componen la fibra individual del tejido, normalmente indicado por un valor K. Los tejidos con un valor K alto y un gramaje bajo (fibra de estopa extendida) tienen fibras m\u00e1s planas y anchas, mientras que los tejidos m\u00e1s pesados tienen fibras m\u00e1s gruesas y estrechas.<\/p>\n<div style=\"width: 100%;\"><\/div>\n<\/div><\/section><\/p><\/div>\n<div  class='flex_column av-av_two_fifth-f1c518e9ff58e869f80c8f093487abc9 av_two_fifth  avia-builder-el-3  el_after_av_three_fifth  el_before_av_hr  flex_column_div  '     ><style type=\"text\/css\" data-created_by=\"avia_inline_auto\" id=\"style-css-av-av_toggle_container-aa303faae9b53071bb573d27bc7412b5\">\n#top .togglecontainer.av-av_toggle_container-aa303faae9b53071bb573d27bc7412b5 h4.toggler{\nfont-size:14px;\n}\n#top .togglecontainer.av-av_toggle_container-aa303faae9b53071bb573d27bc7412b5 h4.toggler.activeTitle{\ncolor:#ffffff;\nborder-color:#ffffff;\nbackground-color:#2682d3;\n}\n<\/style>\n<div  class='togglecontainer av-av_toggle_container-aa303faae9b53071bb573d27bc7412b5  avia-builder-el-4  avia-builder-el-no-sibling  accordion_product toggle_close_all hasCurrentStyle' >\n<section class='av_toggle_section av-av_toggle-67861971e7e124a8c68fba79ccb96d2b' ><div role=\"tablist\" class=\"single_toggle\" data-tags=\"{Todo} \"  ><h4 id='toggle-toggle-id-1' data-fake-id='#toggle-id-1' class='toggler  activeTitle av-title-above '  role='tab' tabindex='0' aria-controls='toggle-id-1' data-slide-speed=\"200\" data-title=\"Mates \u00ae\" data-title-open=\"\" data-aria_collapsed=\"Click to expand: Mates \u00ae\" data-aria_expanded=\"Click to collapse: Mates \u00ae\">Mates \u00ae<span class=\"toggle_icon\"><span class=\"vert_icon\"><\/span><span class=\"hor_icon\"><\/span><\/span><\/h4><div id='toggle-id-1' aria-labelledby='toggle-toggle-id-1' role='region' class='toggle_wrap  active_tc av-title-above' style='display:block;' ><div class='toggle_content invers-color ' ><ul class=\"customlist1\">\n<li><a href=\"https:\/\/fileserver.mates.it\/Prodotti\/1_Rinforzi\/TDS\/Carbonio\/Tessuti\/Mates\/TC200T2_3K_DS.pdf\" target=\"_blank\" rel=\"noopener\">TC200T2<\/a><\/li>\n<li><a href=\"https:\/\/fileserver.mates.it\/Prodotti\/1_Rinforzi\/TDS\/Carbonio\/Tessuti\/Mates\/TC200P_3K_DS.pdf\" target=\"_blank\" rel=\"noopener\">TC200P<\/a><\/li>\n<li><a href=\"https:\/\/fileserver.mates.it\/Prodotti\/1_Rinforzi\/TDS\/Carbonio\/Tessuti\/Mates\/TC285T4_3K_DS.pdf\" target=\"_blank\" rel=\"noopener\">TC285T4<\/a><\/li>\n<li><a href=\"https:\/\/fileserver.mates.it\/Prodotti\/1_Rinforzi\/TDS\/Carbonio\/Tessuti\/Mates\/TC380T2_12K_DS.pdf\" target=\"_blank\" rel=\"noopener\">TC380T2<\/a><\/li>\n<li><a href=\"https:\/\/fileserver.mates.it\/Prodotti\/1_Rinforzi\/TDS\/Carbonio\/Tessuti\/Mates\/TC400P_12K_DS.pdf\" target=\"_blank\" rel=\"noopener\">TC400P<\/a><\/li>\n<li><a href=\"https:\/\/fileserver.mates.it\/Prodotti\/1_Rinforzi\/TDS\/Carbonio\/Tessuti\/Mates\/TC600T2_12K_DS.pdf\" target=\"_blank\" rel=\"noopener\">TC600T2<\/a><\/li>\n<\/ul>\n<\/div><\/div><\/div><\/section>\n<section class='av_toggle_section av-av_toggle-c9b92ec45b2ec030cf47d70349121116' ><div role=\"tablist\" class=\"single_toggle\" data-tags=\"{Todo} \"  ><h4 id='toggle-toggle-id-2' data-fake-id='#toggle-id-2' class='toggler  av-title-above '  role='tab' tabindex='0' aria-controls='toggle-id-2' data-slide-speed=\"200\" data-title=\"Hexforce \u00ae\" data-title-open=\"\" data-aria_collapsed=\"Click to expand: Hexforce \u00ae\" data-aria_expanded=\"Click to collapse: Hexforce \u00ae\">Hexforce \u00ae<span class=\"toggle_icon\"><span class=\"vert_icon\"><\/span><span class=\"hor_icon\"><\/span><\/span><\/h4><div id='toggle-id-2' aria-labelledby='toggle-toggle-id-2' role='region' class='toggle_wrap  av-title-above'  ><div class='toggle_content invers-color ' ><ul class=\"customlist2\">\n<li><a href=\"https:\/\/fileserver.mates.it\/Prodotti\/1_Rinforzi\/TDS\/Carbonio\/Tessuti\/Hexcel\/43161_PT.pdf\" target=\"_blank\" rel=\"noopener\">43161\/PT\u00ae<\/a><\/li>\n<li><a href=\"https:\/\/fileserver.mates.it\/Prodotti\/1_Rinforzi\/TDS\/Carbonio\/Tessuti\/Hexcel\/43200_PT.pdf\" target=\"_blank\" rel=\"noopener\">43200\/PT\u00ae <\/a><\/li>\n<li><a href=\"https:\/\/fileserver.mates.it\/Prodotti\/1_Rinforzi\/TDS\/Carbonio\/Tessuti\/Hexcel\/48192_PT.pdf\" target=\"_blank\" rel=\"noopener\">48192\/PT\u00ae<\/a><\/li>\n<li><a href=\"https:\/\/fileserver.mates.it\/Prodotti\/1_Rinforzi\/TDS\/Carbonio\/Tessuti\/Hexcel\/43199.pdf\" target=\"_blank\" rel=\"noopener\">43199<\/a><\/li>\n<\/ul>\n<\/div><\/div><\/div><\/section>\n<section class='av_toggle_section av-av_toggle-c2ef30e94b7707ba06f07db382896069' ><div role=\"tablist\" class=\"single_toggle\" data-tags=\"{Todo} \"  ><h4 id='toggle-toggle-id-3' data-fake-id='#toggle-id-3' class='toggler  av-title-above '  role='tab' tabindex='0' aria-controls='toggle-id-3' data-slide-speed=\"200\" data-title=\"Angeloni Group\" data-title-open=\"\" data-aria_collapsed=\"Click to expand: Angeloni Group\" data-aria_expanded=\"Click to collapse: Angeloni Group\">Angeloni Group<span class=\"toggle_icon\"><span class=\"vert_icon\"><\/span><span class=\"hor_icon\"><\/span><\/span><\/h4><div id='toggle-id-3' aria-labelledby='toggle-toggle-id-3' role='region' class='toggle_wrap  av-title-above'  ><div class='toggle_content invers-color ' ><ul class=\"customlist2\">\n<li><a href=\"https:\/\/fileserver.mates.it\/Prodotti\/1_Rinforzi\/TDS\/Carbonio\/Tessuti\/Angeloni\/TDS%20GG-121%20P%20-%20TC-33%20-%201.5K.pdf\" target=\"_blank\" rel=\"noopener\">GG-121 P<\/a><\/li>\n<li><a href=\"https:\/\/fileserver.mates.it\/Prodotti\/1_Rinforzi\/TDS\/Carbonio\/Tessuti\/Angeloni\/TDS%20GG-160%20P%20%20-%20HexTow%20AS4C%20-%203K.pdf\" target=\"_blank\" rel=\"noopener\">GG-160 P<\/a><\/li>\n<li><a href=\"https:\/\/fileserver.mates.it\/Prodotti\/1_Rinforzi\/TDS\/Carbonio\/Tessuti\/Angeloni\/TDS%20GG-206%20P%20%20-%20HexTow%20AS4C%20-%203K.pdf\" target=\"_blank\" rel=\"noopener\">GG-206 P<\/a><\/li>\n<li><a href=\"https:\/\/fileserver.mates.it\/Prodotti\/1_Rinforzi\/TDS\/Carbonio\/Tessuti\/Angeloni\/TDS%20GG-206%20T%20%20-%20HexTow%20AS4C%20-%203K.pdf\" target=\"_blank\" rel=\"noopener\">GG-206 T<\/a><\/li>\n<li><a href=\"https:\/\/fileserver.mates.it\/Prodotti\/1_Rinforzi\/TDS\/Carbonio\/Tessuti\/Angeloni\/TDS%20GG-400%20P%20%20-%20TAIRYFIL%20TC36P%20-%2012K.pdf\" target=\"_blank\" rel=\"noopener\">GG-400 P<\/a><\/li>\n<li><a href=\"https:\/\/fileserver.mates.it\/Prodotti\/1_Rinforzi\/TDS\/Carbonio\/Tessuti\/Angeloni\/TDS%20GG-416%20T%20%20-%20TAIRYFIL%20TC36P%20-%2012K.pdf\" target=\"_blank\" rel=\"noopener\">GG-416 T<\/a><\/li>\n<li><a href=\"https:\/\/fileserver.mates.it\/Prodotti\/1_Rinforzi\/TDS\/Carbonio\/Tessuti\/Angeloni\/TDS%20GG-600%20T%20%20-%20TAIRYFIL%20TC36P%20-%2012K.pdf\" target=\"_blank\" rel=\"noopener\">GG-600 T<\/a><\/li>\n<li><a href=\"https:\/\/fileserver.mates.it\/Prodotti\/1_Rinforzi\/TDS\/Carbonio\/Tessuti\/Angeloni\/TDS%20GG-800%20T%20%20-%20STS%2040%20F13%20-%2024K.pdf\" target=\"_blank\" rel=\"noopener\">GG-800 T<\/a><\/li>\n<li><a href=\"https:\/\/fileserver.mates.it\/Prodotti\/1_Rinforzi\/TDS\/Carbonio\/Tessuti\/Angeloni\/TDS%20GG-1200%20T%20%20-%20STS%2040%20F13%20-%2024K.pdf\" target=\"_blank\" rel=\"noopener\">GG-1200 T<\/a><\/li>\n<\/ul>\n<\/div><\/div><\/div><\/section>\n<\/div><\/div><div  class='hr av-av_hr-91d7ccd583a503147498e120fee2ff9b hr-default  avia-builder-el-5  el_after_av_two_fifth  el_before_av_one_full '><span class='hr-inner '><span class=\"hr-inner-style\"><\/span><\/span><\/div><\/p>\n<div  class='flex_column av-av_one_full-7714eba142aeda1f8b5272a3c372b279 av_one_full  avia-builder-el-6  el_after_av_hr  avia-builder-el-last  first flex_column_div  '     ><p><div  class='avia-button-wrap av-av_button-058e877a5be3214e64ea1bf9eed6ac5e-wrap avia-button-left  avia-builder-el-7  el_before_av_button  avia-builder-el-first '><a href=\"https:\/\/fileserver.mates.it\/Prodotti\/1_Rinforzi\/Brochure\/Hexcel\/PrimeTex_Range.pdf\" class=\"avia-button av-av_button-058e877a5be3214e64ea1bf9eed6ac5e av-link-btn avia-icon_select-yes-left-icon avia-size-small avia-position-left avia-color-theme-color\" target=\"_blank\" rel=\"noopener noreferrer\" aria-label=\"  Hexcel \u00ae PrimeTex range\"><span class='avia_button_icon avia_button_icon_left avia-iconfont avia-font-entypo-fontello' data-av_icon='\ue82d' data-av_iconfont='entypo-fontello' ><\/span><span class='avia_iconbox_title' >  Hexcel \u00ae PrimeTex range<\/span><\/a><\/div><br \/>\n<div  class='avia-button-wrap av-av_button-af2e1db4e42dd74a6e001b3e248cbcda-wrap avia-button-left  avia-builder-el-8  el_after_av_button  el_before_av_button '><a href=\"https:\/\/fileserver.mates.it\/Prodotti\/1_Rinforzi\/Brochure\/Hexcel\/Selector_Guide\/HexcelPreprTessSelguide.pdf\" class=\"avia-button av-av_button-af2e1db4e42dd74a6e001b3e248cbcda av-link-btn avia-icon_select-yes-left-icon avia-size-small avia-position-left avia-color-theme-color\" target=\"_blank\" rel=\"noopener noreferrer\" aria-label=\"  Hexcel \u00ae selector guide\"><span class='avia_button_icon avia_button_icon_left avia-iconfont avia-font-entypo-fontello' data-av_icon='\ue82d' data-av_iconfont='entypo-fontello' ><\/span><span class='avia_iconbox_title' >  Hexcel \u00ae selector guide<\/span><\/a><\/div><br \/>\n<div  class='avia-button-wrap av-av_button-cd36d434de2857ef4c33fa3bf16f8da0-wrap avia-button-left  avia-builder-el-9  el_after_av_button  avia-builder-el-last '><a href=\"http:\/\/hexply.com\/hexforc3\/database\/web\/front\/main\/\" class=\"avia-button av-av_button-cd36d434de2857ef4c33fa3bf16f8da0 av-link-btn avia-icon_select-yes-left-icon avia-size-small avia-position-left avia-color-theme-color\" target=\"_blank\" rel=\"noopener noreferrer\" aria-label=\"  Hexforce \u00ae Fabrics database\"><span class='avia_button_icon avia_button_icon_left avia-iconfont avia-font-entypo-fontello' data-av_icon='\ue8ab' data-av_iconfont='entypo-fontello' ><\/span><span class='avia_iconbox_title' >  Hexforce \u00ae Fabrics database<\/span><\/a><\/div><\/p><\/div>\n","protected":false},"excerpt":{"rendered":"","protected":false},"author":2,"featured_media":0,"parent":9397,"menu_order":1,"comment_status":"open","ping_status":"closed","template":"","meta":{"footnotes":""},"class_list":["post-9517","page","type-page","status-publish","hentry"],"_links":{"self":[{"href":"https:\/\/www.mates.it\/es\/wp-json\/wp\/v2\/pages\/9517","targetHints":{"allow":["GET"]}}],"collection":[{"href":"https:\/\/www.mates.it\/es\/wp-json\/wp\/v2\/pages"}],"about":[{"href":"https:\/\/www.mates.it\/es\/wp-json\/wp\/v2\/types\/page"}],"author":[{"embeddable":true,"href":"https:\/\/www.mates.it\/es\/wp-json\/wp\/v2\/users\/2"}],"replies":[{"embeddable":true,"href":"https:\/\/www.mates.it\/es\/wp-json\/wp\/v2\/comments?post=9517"}],"version-history":[{"count":0,"href":"https:\/\/www.mates.it\/es\/wp-json\/wp\/v2\/pages\/9517\/revisions"}],"up":[{"embeddable":true,"href":"https:\/\/www.mates.it\/es\/wp-json\/wp\/v2\/pages\/9397"}],"wp:attachment":[{"href":"https:\/\/www.mates.it\/es\/wp-json\/wp\/v2\/media?parent=9517"}],"curies":[{"name":"wp","href":"https:\/\/api.w.org\/{rel}","templated":true}]}}