{"id":9519,"date":"2016-07-31T11:13:04","date_gmt":"2016-07-31T09:13:04","guid":{"rendered":"https:\/\/www.mates.it\/prodotti\/tessuti-rinforzi\/fibra-di-carbonio\/cintas-tubulares-c\/"},"modified":"2023-06-24T04:36:00","modified_gmt":"2023-06-24T02:36:00","slug":"cintas-tubulares-c","status":"publish","type":"page","link":"https:\/\/www.mates.it\/es\/productos\/tejidos-refuerzos\/fibra-de-carbono\/cintas-tubulares-c\/","title":{"rendered":"Cintas \/ Tubulares"},"content":{"rendered":"<div  class='flex_column av-av_three_fifth-7714eba142aeda1f8b5272a3c372b279 av_three_fifth  avia-builder-el-0  el_before_av_two_fifth  avia-builder-el-first  first flex_column_div  '     ><p>\n<style type=\"text\/css\" data-created_by=\"avia_inline_auto\" id=\"style-css-av-lj9cz65a-ff772d401656ca2682b66de7956a4c6c\">\n#top .av-special-heading.av-lj9cz65a-ff772d401656ca2682b66de7956a4c6c{\npadding-bottom:10px;\n}\nbody .av-special-heading.av-lj9cz65a-ff772d401656ca2682b66de7956a4c6c .av-special-heading-tag .heading-char{\nfont-size:25px;\n}\n.av-special-heading.av-lj9cz65a-ff772d401656ca2682b66de7956a4c6c .av-subheading{\nfont-size:15px;\n}\n<\/style>\n<div  class='av-special-heading av-lj9cz65a-ff772d401656ca2682b66de7956a4c6c av-special-heading-h1  avia-builder-el-1  el_before_av_textblock  avia-builder-el-first  custom-h1-title'><h1 class='av-special-heading-tag '  >Cintas \/ Tubulares<\/h1><div class=\"special-heading-border\"><div class=\"special-heading-inner-border\"><\/div><\/div><\/div><br \/>\n<section  class='av_textblock_section av-lj9cz2lj-e154334ae4743b7e1590a01a4ef37684 '  ><div class='avia_textblock' ><p>Con la fibra de carbono tambi\u00e9n se pueden encontrar soluciones para los requisitos m\u00e1s exigentes, y disponemos de cintas y trenzas para procesos espec\u00edficos. Las trenzas de fibra de carbono son adecuadas para tubulares estructurales y no estructurales; se utilizan en la mayor\u00eda de los sectores de compuestos avanzados (n\u00e1utica, automoci\u00f3n, ocio, etc.) en los que se requiere un tubo o tubular fabricado con fibra de carbono. Las cintas de fibra de carbono tienen m\u00f3dulos de elasticidad variable, \u00fatiles para todo tipo de proyectos. \u00c9stos, de gran resistencia, garantizan un aumento de las cargas din\u00e1micas para dar lugar a un producto de caracter\u00edsticas mec\u00e1nicas muy elevadas.<\/p>\n<div style=\"width: 100%;\"><\/div>\n<\/div><\/section><\/p><\/div>\n<div  class='flex_column av-av_two_fifth-f1c518e9ff58e869f80c8f093487abc9 av_two_fifth  avia-builder-el-3  el_after_av_three_fifth  el_before_av_hr  flex_column_div  '     ><style type=\"text\/css\" data-created_by=\"avia_inline_auto\" id=\"style-css-av-lj9d0myf-e23f53ce98eab926d0f3934ecc51dcaf\">\n#top .togglecontainer.av-lj9d0myf-e23f53ce98eab926d0f3934ecc51dcaf h4.toggler{\nfont-size:14px;\n}\n#top .togglecontainer.av-lj9d0myf-e23f53ce98eab926d0f3934ecc51dcaf h4.toggler.activeTitle{\ncolor:#ffffff;\nborder-color:#ffffff;\nbackground-color:#2682d3;\n}\n<\/style>\n<div  class='togglecontainer av-lj9d0myf-e23f53ce98eab926d0f3934ecc51dcaf  avia-builder-el-4  avia-builder-el-no-sibling  accordion_product toggle_close_all hasCurrentStyle' >\n<section class='av_toggle_section av-lj9czrr9-2fa60e8ccdfdcb9d2ccff8a4b59197a9' ><div role=\"tablist\" class=\"single_toggle\" data-tags=\"{Todo} \"  ><h4 id='toggle-toggle-id-1' data-fake-id='#toggle-id-1' class='toggler  activeTitle av-title-above '  role='tab' tabindex='0' aria-controls='toggle-id-1' data-slide-speed=\"200\" data-title=\"Ventajas\" data-title-open=\"\" data-aria_collapsed=\"Click to expand: Ventajas\" data-aria_expanded=\"Click to collapse: Ventajas\">Ventajas<span class=\"toggle_icon\"><span class=\"vert_icon\"><\/span><span class=\"hor_icon\"><\/span><\/span><\/h4><div id='toggle-id-1' aria-labelledby='toggle-toggle-id-1' role='region' class='toggle_wrap  active_tc av-title-above' style='display:block;' ><div class='toggle_content invers-color ' ><ul>\n<li>Diversas aplicaciones<\/li>\n<li>Amplia gama de tama\u00f1os<\/li>\n<li>Alta velocidad de suministro<\/li>\n<li>Especificaciones para mecanizados especiales<\/li>\n<\/ul>\n<\/div><\/div><\/div><\/section>\n<section class='av_toggle_section av-lj9d0ker-698752932465dabc80568bbad8ea1698' ><div role=\"tablist\" class=\"single_toggle\" data-tags=\"{Todo} \"  ><h4 id='toggle-toggle-id-2' data-fake-id='#toggle-id-2' class='toggler  av-title-above '  role='tab' tabindex='0' aria-controls='toggle-id-2' data-slide-speed=\"200\" data-title=\"Tipos\" data-title-open=\"\" data-aria_collapsed=\"Click to expand: Tipos\" data-aria_expanded=\"Click to collapse: Tipos\">Tipos<span class=\"toggle_icon\"><span class=\"vert_icon\"><\/span><span class=\"hor_icon\"><\/span><\/span><\/h4><div id='toggle-id-2' aria-labelledby='toggle-toggle-id-2' role='region' class='toggle_wrap  av-title-above'  ><div class='toggle_content invers-color ' ><ul class=\"customlist2\">\n<li><a href=\"https:\/\/fileserver.mates.it\/Prodotti\/1_Rinforzi\/Brochure\/Eurocarbon\/Standard%20Program%20Woven%20Tapes.pdf\" target=\"_blank\" rel=\"noopener\">Cintas<\/a><\/li>\n<li><a href=\"https:\/\/fileserver.mates.it\/Prodotti\/1_Rinforzi\/Brochure\/Eurocarbon\/Standard%20Program%20Carbon%20fiber%20braids.pdf\" target=\"_blank\" rel=\"noopener\">Trenzas<\/a><\/li>\n<li><a href=\"https:\/\/fileserver.mates.it\/Prodotti\/1_Rinforzi\/Brochure\/Eurocarbon\/Standard%20Program%20Gusset%20Fillers.pdf\" target=\"_blank\" rel=\"noopener\">Rellenos de fuelle<\/a><\/li>\n<\/ul>\n<\/div><\/div><\/div><\/section>\n<\/div><\/div>\n<div  class='hr av-av_hr-91d7ccd583a503147498e120fee2ff9b hr-default  avia-builder-el-5  el_after_av_two_fifth  el_before_av_one_full '><span class='hr-inner '><span class=\"hr-inner-style\"><\/span><\/span><\/div>\n<div  class='flex_column av-av_one_full-7714eba142aeda1f8b5272a3c372b279 av_one_full  avia-builder-el-6  el_after_av_hr  avia-builder-el-last  first flex_column_div  '     ><div  class='avia-button-wrap av-av_button-f2ff8a0a1448aa9f36fa0211f57fea0c-wrap avia-button-left  avia-builder-el-7  avia-builder-el-no-sibling '><a href=\"https:\/\/fileserver.mates.it\/Prodotti\/1_Rinforzi\/Brochure\/Eurocarbon\/Eurocarbon-Brochure.pdf\" class=\"avia-button av-av_button-f2ff8a0a1448aa9f36fa0211f57fea0c av-link-btn avia-icon_select-yes-left-icon avia-size-small avia-position-left avia-color-theme-color\" target=\"_blank\" rel=\"noopener noreferrer\" aria-label=\"Eurocarbon - Standard\"><span class='avia_button_icon avia_button_icon_left avia-iconfont avia-font-entypo-fontello' data-av_icon='\ue82d' data-av_iconfont='entypo-fontello' ><\/span><span class='avia_iconbox_title' >Eurocarbon - Standard<\/span><\/a><\/div><\/div>\n","protected":false},"excerpt":{"rendered":"<p> Las trenzas de fibra de carbono son adecuadas para tubulares estructurales y no estructurales; se utilizan en la mayor\u00eda de los sectores de compuestos avanzados (n\u00e1utica, automoci\u00f3n, ocio, etc.) en los que se requiere un tubo o tubular fabricado con fibra de carbono.<\/p>\n","protected":false},"author":2,"featured_media":0,"parent":9397,"menu_order":4,"comment_status":"open","ping_status":"closed","template":"","meta":{"footnotes":""},"class_list":["post-9519","page","type-page","status-publish","hentry"],"_links":{"self":[{"href":"https:\/\/www.mates.it\/es\/wp-json\/wp\/v2\/pages\/9519","targetHints":{"allow":["GET"]}}],"collection":[{"href":"https:\/\/www.mates.it\/es\/wp-json\/wp\/v2\/pages"}],"about":[{"href":"https:\/\/www.mates.it\/es\/wp-json\/wp\/v2\/types\/page"}],"author":[{"embeddable":true,"href":"https:\/\/www.mates.it\/es\/wp-json\/wp\/v2\/users\/2"}],"replies":[{"embeddable":true,"href":"https:\/\/www.mates.it\/es\/wp-json\/wp\/v2\/comments?post=9519"}],"version-history":[{"count":0,"href":"https:\/\/www.mates.it\/es\/wp-json\/wp\/v2\/pages\/9519\/revisions"}],"up":[{"embeddable":true,"href":"https:\/\/www.mates.it\/es\/wp-json\/wp\/v2\/pages\/9397"}],"wp:attachment":[{"href":"https:\/\/www.mates.it\/es\/wp-json\/wp\/v2\/media?parent=9519"}],"curies":[{"name":"wp","href":"https:\/\/api.w.org\/{rel}","templated":true}]}}