{"id":9528,"date":"2016-07-31T21:43:47","date_gmt":"2016-07-31T19:43:47","guid":{"rendered":"https:\/\/www.mates.it\/prodotti\/tessuti-rinforzi\/fibra-aramidica\/unidireccionales-multiaxiales-a\/"},"modified":"2023-06-25T03:23:42","modified_gmt":"2023-06-25T01:23:42","slug":"unidireccionales-multiaxiales-a","status":"publish","type":"page","link":"https:\/\/www.mates.it\/es\/productos\/tejidos-refuerzos\/fibra-de-aramida\/unidireccionales-multiaxiales-a\/","title":{"rendered":"Unidireccionales \/ Multiaxiales"},"content":{"rendered":"<div  class='flex_column av-av_three_fifth-7714eba142aeda1f8b5272a3c372b279 av_three_fifth  avia-builder-el-0  el_before_av_two_fifth  avia-builder-el-first  first flex_column_div  '     ><p>\n<style type=\"text\/css\" data-created_by=\"avia_inline_auto\" id=\"style-css-av-ljaqxt20-92fc6c007665963b17c9efddb4d532ee\">\n#top .av-special-heading.av-ljaqxt20-92fc6c007665963b17c9efddb4d532ee{\npadding-bottom:10px;\n}\nbody .av-special-heading.av-ljaqxt20-92fc6c007665963b17c9efddb4d532ee .av-special-heading-tag .heading-char{\nfont-size:25px;\n}\n.av-special-heading.av-ljaqxt20-92fc6c007665963b17c9efddb4d532ee .av-subheading{\nfont-size:15px;\n}\n<\/style>\n<div  class='av-special-heading av-ljaqxt20-92fc6c007665963b17c9efddb4d532ee av-special-heading-h1  avia-builder-el-1  el_before_av_textblock  avia-builder-el-first  custom-h1-title'><h1 class='av-special-heading-tag '  >Unidireccionales \/ Multiaxiales<\/h1><div class=\"special-heading-border\"><div class=\"special-heading-inner-border\"><\/div><\/div><\/div><br \/>\n<section  class='av_textblock_section av-ljaqwgur-dfa65ad0b00099c53d4b2a4e07a5f4cf '  ><div class='avia_textblock' ><p>Los tejidos unidireccionales de aramida est\u00e1n compuestos por fibras orientadas en una sola direcci\u00f3n y, por tanto, funcionan en una sola direcci\u00f3n. Se diferencian por su gramaje, que corresponde al peso espec\u00edfico de un metro cuadrado de ese tejido concreto, por el n\u00famero de filamentos que componen las fibras del tejido y por la naturaleza del hilo de ligamento en la urdimbre, que puede variar entre poli\u00e9ster, cola, fibra de vidrio y algod\u00f3n (excluidos los UD preimpregnados, que no tienen hilo de ligamento en la urdimbre). En los tejidos multiaxiales, las fibras se disponen en capas paralelas, se orientan en las distintas direcciones y se cosen con finos filamentos para mantenerlas unidas. Estos tejidos est\u00e1n disponibles tanto en estructuras simples de doble orientaci\u00f3n (biaxiales) como en estructuras m\u00e1s complejas (cuadriaxiales).<\/p>\n<\/div><\/section><\/p><\/div><div  class='flex_column av-av_two_fifth-f1c518e9ff58e869f80c8f093487abc9 av_two_fifth  avia-builder-el-3  el_after_av_three_fifth  el_before_av_hr  flex_column_div  '     ><style type=\"text\/css\" data-created_by=\"avia_inline_auto\" id=\"style-css-av-ljaqxorj-3bfdb0b6554ba3400c2da78c4b3b730c\">\n#top .togglecontainer.av-ljaqxorj-3bfdb0b6554ba3400c2da78c4b3b730c h4.toggler{\nfont-size:14px;\n}\n#top .togglecontainer.av-ljaqxorj-3bfdb0b6554ba3400c2da78c4b3b730c h4.toggler.activeTitle{\ncolor:#ffffff;\nborder-color:#ffffff;\nbackground-color:#2682d3;\n}\n<\/style>\n<div  class='togglecontainer av-ljaqxorj-3bfdb0b6554ba3400c2da78c4b3b730c  avia-builder-el-4  avia-builder-el-no-sibling  accordion_product toggle_close_all hasCurrentStyle' >\n<section class='av_toggle_section av-ljaqxap7-496b1a3badfd125db74dcd5d06a55160' ><div role=\"tablist\" class=\"single_toggle\" data-tags=\"{Todo} \"  ><h4 id='toggle-toggle-id-1' data-fake-id='#toggle-id-1' class='toggler  activeTitle av-title-above '  role='tab' tabindex='0' aria-controls='toggle-id-1' data-slide-speed=\"200\" data-title=\"Ventajas\" data-title-open=\"\" data-aria_collapsed=\"Click to expand: Ventajas\" data-aria_expanded=\"Click to collapse: Ventajas\">Ventajas<span class=\"toggle_icon\"><span class=\"vert_icon\"><\/span><span class=\"hor_icon\"><\/span><\/span><\/h4><div id='toggle-id-1' aria-labelledby='toggle-toggle-id-1' role='region' class='toggle_wrap  active_tc av-title-above' style='display:block;' ><div class='toggle_content invers-color ' ><ul>\n<li>Fibras orientadas<\/li>\n<li>Distribuci\u00f3n \u00f3ptima de la carga<\/li>\n<li>Puntos de rotura reducidos<\/li>\n<li>Linealidad de la caracterizaci\u00f3n mec\u00e1nica<\/li>\n<li>Producciones a medida<\/li>\n<\/ul>\n<\/div><\/div><\/div><\/section>\n<section class='av_toggle_section av-ljaqxmdl-0a363d9f00233a094ce216493f97e16b' ><div role=\"tablist\" class=\"single_toggle\" data-tags=\"{Todo} \"  ><h4 id='toggle-toggle-id-2' data-fake-id='#toggle-id-2' class='toggler  av-title-above '  role='tab' tabindex='0' aria-controls='toggle-id-2' data-slide-speed=\"200\" data-title=\"Tipos\" data-title-open=\"\" data-aria_collapsed=\"Click to expand: Tipos\" data-aria_expanded=\"Click to collapse: Tipos\">Tipos<span class=\"toggle_icon\"><span class=\"vert_icon\"><\/span><span class=\"hor_icon\"><\/span><\/span><\/h4><div id='toggle-id-2' aria-labelledby='toggle-toggle-id-2' role='region' class='toggle_wrap  av-title-above'  ><div class='toggle_content invers-color ' ><ul>\n<li>Unidireccional<\/li>\n<li>Multiaxial<\/li>\n<\/ul>\n<\/div><\/div><\/div><\/section>\n<\/div><\/div><div  class='hr av-av_hr-91d7ccd583a503147498e120fee2ff9b hr-default  avia-builder-el-5  el_after_av_two_fifth  avia-builder-el-last '><span class='hr-inner '><span class=\"hr-inner-style\"><\/span><\/span><\/div><\/p>\n","protected":false},"excerpt":{"rendered":"<p>Los tejidos unidireccionales de aramida est\u00e1n compuestos por fibras orientadas en una sola direcci\u00f3n y, por tanto, funcionan en una sola direcci\u00f3n. Se diferencian por su gramaje, que corresponde al peso espec\u00edfico de un metro cuadrado de ese tejido concreto.<\/p>\n","protected":false},"author":2,"featured_media":0,"parent":9460,"menu_order":2,"comment_status":"open","ping_status":"closed","template":"","meta":{"footnotes":""},"class_list":["post-9528","page","type-page","status-publish","hentry"],"_links":{"self":[{"href":"https:\/\/www.mates.it\/es\/wp-json\/wp\/v2\/pages\/9528","targetHints":{"allow":["GET"]}}],"collection":[{"href":"https:\/\/www.mates.it\/es\/wp-json\/wp\/v2\/pages"}],"about":[{"href":"https:\/\/www.mates.it\/es\/wp-json\/wp\/v2\/types\/page"}],"author":[{"embeddable":true,"href":"https:\/\/www.mates.it\/es\/wp-json\/wp\/v2\/users\/2"}],"replies":[{"embeddable":true,"href":"https:\/\/www.mates.it\/es\/wp-json\/wp\/v2\/comments?post=9528"}],"version-history":[{"count":0,"href":"https:\/\/www.mates.it\/es\/wp-json\/wp\/v2\/pages\/9528\/revisions"}],"up":[{"embeddable":true,"href":"https:\/\/www.mates.it\/es\/wp-json\/wp\/v2\/pages\/9460"}],"wp:attachment":[{"href":"https:\/\/www.mates.it\/es\/wp-json\/wp\/v2\/media?parent=9528"}],"curies":[{"name":"wp","href":"https:\/\/api.w.org\/{rel}","templated":true}]}}