{"id":9535,"date":"2016-08-01T10:23:46","date_gmt":"2016-08-01T08:23:46","guid":{"rendered":"https:\/\/www.mates.it\/prodotti\/resine-adesivi-chimici\/resine\/epoxy-e-r\/"},"modified":"2026-03-07T10:32:18","modified_gmt":"2026-03-07T09:32:18","slug":"epoxy-e-r","status":"publish","type":"page","link":"https:\/\/www.mates.it\/es\/productos\/resinas-adhesivos-quimicos\/resinas\/epoxy-e-r\/","title":{"rendered":"Epoxi"},"content":{"rendered":"<div  class='flex_column av-av_one_full-7714eba142aeda1f8b5272a3c372b279 av_one_full  avia-builder-el-0  el_before_av_hr  avia-builder-el-first  first flex_column_div  '     ><p>\n<style type=\"text\/css\" data-created_by=\"avia_inline_auto\" id=\"style-css-av-ljbmbyui-5fa0f84d06ea48c2bf38bc45f1a25441\">\n#top .av-special-heading.av-ljbmbyui-5fa0f84d06ea48c2bf38bc45f1a25441{\npadding-bottom:10px;\n}\nbody .av-special-heading.av-ljbmbyui-5fa0f84d06ea48c2bf38bc45f1a25441 .av-special-heading-tag .heading-char{\nfont-size:25px;\n}\n.av-special-heading.av-ljbmbyui-5fa0f84d06ea48c2bf38bc45f1a25441 .av-subheading{\nfont-size:15px;\n}\n<\/style>\n<div  class='av-special-heading av-ljbmbyui-5fa0f84d06ea48c2bf38bc45f1a25441 av-special-heading-h1  avia-builder-el-1  el_before_av_textblock  avia-builder-el-first  custom-h1-title'><h1 class='av-special-heading-tag '  >Epoxi<\/h1><div class=\"special-heading-border\"><div class=\"special-heading-inner-border\"><\/div><\/div><\/div><br \/>\n<section  class='av_textblock_section av-ljbmc22o-31fa960fd3efb7e11f8949ec8deb76c9 '  ><div class='avia_textblock' ><p>El sistema epoxi es un pol\u00edmero formado por la reacci\u00f3n entre la resina epoxi y el endurecedor de poliamina. En el campo de los materiales compuestos, los sistemas de resina epoxi est\u00e1n ampliamente considerados como superiores a todos los dem\u00e1s sistemas tanto en t\u00e9rminos de resistencia mec\u00e1nica como del grado de acabado superficial que proporcionan. Dado que las resinas epoxi no contienen disolventes, no son muy agresivas con los materiales a los que se aplican. Tambi\u00e9n cabe destacar su gran fuerza adhesiva, resistencia mec\u00e1nica y resistencia a la reacci\u00f3n de hidr\u00f3lisis, capaz de proteger un casco del proceso normal de \u00f3smosis. Realizando el mismo molde en epoxi se consigue un desmoldeo perfecto, un alargamiento pr\u00e1cticamente nulo, incluso cuando se moldea a altas temperaturas, y una vida \u00fatil muy larga.<\/p>\n<div style=\"width: 100%;\"><\/div>\n<\/div><\/section><\/p><\/div>\n<div  class='hr av-av_hr-91d7ccd583a503147498e120fee2ff9b hr-default  avia-builder-el-3  el_after_av_one_full  el_before_av_three_fifth '><span class='hr-inner '><span class=\"hr-inner-style\"><\/span><\/span><\/div>\n<div  class='flex_column av-av_three_fifth-62182491de0c8640dccef865bfe8b366 av_three_fifth  avia-builder-el-4  el_after_av_hr  el_before_av_two_fifth  first flex_column_div  '     ><section  class='av_textblock_section av-ljbmcicm-1ad9eb5cbf368394229400d09b6f9558 '  ><div class='avia_textblock' ><h6>L\u00cdQUIDO<\/h6>\n<p>Una selecci\u00f3n de sistemas de estratificaci\u00f3n epoxi a temperatura ambiente con baja viscosidad y un amplio espectro de aplicaci\u00f3n. Excelente para laminar art\u00edculos reforzados con fibra de vidrio, fibra de carbono, aramida y polietileno. Para uso a temperatura ambiente o temperaturas de moderadas a altas en laminaci\u00f3n manual, moldeo por inyecci\u00f3n o por bolsa de vac\u00edo e infusi\u00f3n superficial. Tambi\u00e9n puede utilizarse para el moldeo en prensa y autoclave.<\/p>\n<\/div><\/section><\/div>\n<div  class='flex_column av-av_two_fifth-f1c518e9ff58e869f80c8f093487abc9 av_two_fifth  avia-builder-el-6  el_after_av_three_fifth  el_before_av_hr  flex_column_div  '     ><style type=\"text\/css\" data-created_by=\"avia_inline_auto\" id=\"style-css-av-ljd07pas-f243e538c26a926d8a91a4b61a0271d7\">\n#top .togglecontainer.av-ljd07pas-f243e538c26a926d8a91a4b61a0271d7 h4.toggler{\nfont-size:14px;\n}\n#top .togglecontainer.av-ljd07pas-f243e538c26a926d8a91a4b61a0271d7 h4.toggler.activeTitle{\ncolor:#ffffff;\nborder-color:#ffffff;\nbackground-color:#2682d3;\n}\n<\/style>\n<div  class='togglecontainer av-ljd07pas-f243e538c26a926d8a91a4b61a0271d7  avia-builder-el-7  avia-builder-el-no-sibling  accordion_product toggle_close_all hasCurrentStyle' >\n<section class='av_toggle_section av-av_toggle-a222a71443ba3e03a04a52518c23bc1e' ><div role=\"tablist\" class=\"single_toggle\" data-tags=\"{Todo} \"  ><h4 id='toggle-toggle-id-1' data-fake-id='#toggle-id-1' class='toggler  activeTitle av-title-above '  role='tab' tabindex='0' aria-controls='toggle-id-1' data-slide-speed=\"200\" data-title=\"Mates \u00ae\" data-title-open=\"\" data-aria_collapsed=\"Click to expand: Mates \u00ae\" data-aria_expanded=\"Click to collapse: Mates \u00ae\">Mates \u00ae<span class=\"toggle_icon\"><span class=\"vert_icon\"><\/span><span class=\"hor_icon\"><\/span><\/span><\/h4><div id='toggle-id-1' aria-labelledby='toggle-toggle-id-1' role='region' class='toggle_wrap  active_tc av-title-above' style='display:block;' ><div class='toggle_content invers-color ' ><ul class=\"customlist1\">\n<li><a href=\"https:\/\/fileserver.mates.it\/Prodotti\/2_Matrici\/TDS\/Resine\/Mates\/SX10_DS.pdf\" target=\"_blank\" rel=\"noopener noreferrer\">SX10<\/a><\/li>\n<li><a href=\"https:\/\/fileserver.mates.it\/Prodotti\/2_Matrici\/TDS\/Resine\/Mates\/SX8_EVO_DS.pdf\" target=\"_blank\" rel=\"noopener noreferrer\">SX8 EVO<\/a><\/li>\n<li><a href=\"https:\/\/fileserver.mates.it\/Prodotti\/2_Matrici\/TDS\/Resine\/Mates\/SX38_DS.pdf\" target=\"_blank\" rel=\"noopener noreferrer\">SX38 HT<\/a><\/li>\n<\/ul>\n<\/div><\/div><\/div><\/section>\n<section class='av_toggle_section av-ljd07nas-f9b7e4d4fa64bf97e7a1ad6d07e4fecb' ><div role=\"tablist\" class=\"single_toggle\" data-tags=\"{Todo} \"  ><h4 id='toggle-toggle-id-2' data-fake-id='#toggle-id-2' class='toggler  av-title-above '  role='tab' tabindex='0' aria-controls='toggle-id-2' data-slide-speed=\"200\" data-title=\"Elan-tech \u00ae\" data-title-open=\"\" data-aria_collapsed=\"Click to expand: Elan-tech \u00ae\" data-aria_expanded=\"Click to collapse: Elan-tech \u00ae\">Elan-tech \u00ae<span class=\"toggle_icon\"><span class=\"vert_icon\"><\/span><span class=\"hor_icon\"><\/span><\/span><\/h4><div id='toggle-id-2' aria-labelledby='toggle-toggle-id-2' role='region' class='toggle_wrap  av-title-above'  ><div class='toggle_content invers-color ' ><ul>\n<li><a href=\"https:\/\/fileserver.mates.it\/Prodotti\/2_Matrici\/TDS\/Resine\/Elantas\/_EN\/ELAN_TECH_EC_157_1-W_152_XLR-HT_R2_EN_498.pdf\" target=\"_blank\" rel=\"noopener noreferrer\">EC 157.1<\/a><\/li>\n<li><a href=\"https:\/\/fileserver.mates.it\/Prodotti\/2_Matrici\/TDS\/Resine\/Elantas\/_EN\/ELAN_TECH_EC_157_1_BIO-W_154_R1_EN_1252.pdf\" target=\"_blank\" rel=\"noopener noreferrer\">EC 157.1 BIO<\/a><\/li>\n<li><a href=\"https:\/\/fileserver.mates.it\/Prodotti\/2_Matrici\/TDS\/Resine\/Elantas\/_EN\/ELAN_TECH_EC_152-W_152_LR_R1_EN_501.pdf\" target=\"_blank\" rel=\"noopener\">EC 152<\/a><\/li>\n<li><a href=\"https:\/\/fileserver.mates.it\/Prodotti\/2_Matrici\/TDS\/Resine\/Elantas\/_EN\/ELAN_TECH_EC_152_BIO-W_154_BIO_R1_EN_1955%20.pdf\" target=\"_blank\" rel=\"noopener noreferrer\">EC 152 BIO<\/a><\/li>\n<li><a href=\"https:\/\/fileserver.mates.it\/Prodotti\/2_Matrici\/TDS\/Resine\/Elantas\/_EN\/ELAN_TECH_EC_130_LV-W_152_MR_R1_EN_2273.pdf\" target=\"_blank\" rel=\"noopener noreferrer\">EC 130 LV<\/a><\/li>\n<li><a href=\"https:\/\/fileserver.mates.it\/Prodotti\/2_Matrici\/TDS\/Resine\/Elantas\/_EN\/ELAN_TECH_EC_141_NF-W_241_W_242_NF_ing.pdf\" target=\"_blank\" rel=\"noopener noreferrer\">EC 141 NF<\/a><\/li>\n<li><a href=\"https:\/\/fileserver.mates.it\/Prodotti\/2_Matrici\/TDS\/Resine\/Elantas\/_EN\/ELAN_TECH_EC_251-W_242_NF_ing.pdf\" target=\"_blank\" rel=\"noopener\">EC 251<\/a><\/li>\n<\/ul>\n<\/div><\/div><\/div><\/section>\n<\/div><\/div>\n<div  class='hr av-av_hr-91d7ccd583a503147498e120fee2ff9b hr-default  avia-builder-el-8  el_after_av_two_fifth  el_before_av_three_fifth '><span class='hr-inner '><span class=\"hr-inner-style\"><\/span><\/span><\/div>\n<div  class='flex_column av-av_three_fifth-7714eba142aeda1f8b5272a3c372b279 av_three_fifth  avia-builder-el-9  el_after_av_hr  el_before_av_two_fifth  first flex_column_div  '     ><section  class='av_textblock_section av-ljbmcukj-3a0265c1f82cab8e118075a41e638b18 '  ><div class='avia_textblock' ><h6>EN FILM<\/h6>\n<p>Las resinas in-film permiten la producci\u00f3n de laminados reforzados con fibras impregnadas mediante un simple aumento de la temperatura y la presi\u00f3n sobre el tejido seco preposicionado en el interior del molde; la mejor alternativa a los tejidos preimpregnados, que son materiales muy utilizados pero al mismo tiempo complejos de manipular. Gracias a esta innovadora familia de productos, desde hace unos a\u00f1os se est\u00e1 imponiendo un nuevo proceso de producci\u00f3n denominado com\u00fanmente RFI (infusi\u00f3n de pel\u00edcula de resina); durante la manipulaci\u00f3n, la producci\u00f3n y la polimerizaci\u00f3n, no se liberan vapores peligrosos y la pel\u00edcula es muy f\u00e1cil de manipular.<\/p>\n<\/div><\/section><\/div>\n<div  class='flex_column av-av_two_fifth-f1c518e9ff58e869f80c8f093487abc9 av_two_fifth  avia-builder-el-11  el_after_av_three_fifth  el_before_av_hr  flex_column_div  '     ><style type=\"text\/css\" data-created_by=\"avia_inline_auto\" id=\"style-css-av-av_toggle_container-aa303faae9b53071bb573d27bc7412b5\">\n#top .togglecontainer.av-av_toggle_container-aa303faae9b53071bb573d27bc7412b5 h4.toggler{\nfont-size:14px;\n}\n#top .togglecontainer.av-av_toggle_container-aa303faae9b53071bb573d27bc7412b5 h4.toggler.activeTitle{\ncolor:#ffffff;\nborder-color:#ffffff;\nbackground-color:#2682d3;\n}\n<\/style>\n<div  class='togglecontainer av-av_toggle_container-aa303faae9b53071bb573d27bc7412b5  avia-builder-el-12  avia-builder-el-no-sibling  accordion_product toggle_close_all hasCurrentStyle' >\n<section class='av_toggle_section av-av_toggle-6693676a86eb375d726fbeb7640bfa26' ><div role=\"tablist\" class=\"single_toggle\" data-tags=\"{Todo} \"  ><h4 id='toggle-toggle-id-3' data-fake-id='#toggle-id-3' class='toggler  activeTitle av-title-above '  role='tab' tabindex='0' aria-controls='toggle-id-3' data-slide-speed=\"200\" data-title=\"Letoxit \u00ae\" data-title-open=\"\" data-aria_collapsed=\"Click to expand: Letoxit \u00ae\" data-aria_expanded=\"Click to collapse: Letoxit \u00ae\">Letoxit \u00ae<span class=\"toggle_icon\"><span class=\"vert_icon\"><\/span><span class=\"hor_icon\"><\/span><\/span><\/h4><div id='toggle-id-3' aria-labelledby='toggle-toggle-id-3' role='region' class='toggle_wrap  active_tc av-title-above' style='display:block;' ><div class='toggle_content invers-color ' ><ul class=\"customlist1\">\n<li><a href=\"https:\/\/fileserver.mates.it\/Prodotti\/2_Matrici\/TDS\/Resine\/LFX\/LFX_060_DS.pdf\" target=\"_blank\" rel=\"noopener noreferrer\">LFX 060<\/a><\/li>\n<li><a href=\"https:\/\/fileserver.mates.it\/Prodotti\/2_Matrici\/TDS\/Resine\/LFX\/LFX_056_DS.pdf\" target=\"_blank\" rel=\"noopener noreferrer\">LFX 056<\/a><\/li>\n<\/ul>\n<\/div><\/div><\/div><\/section>\n<section class='av_toggle_section av-av_toggle-7a72caf989b24d2f1518470dcd624fb8' ><div role=\"tablist\" class=\"single_toggle\" data-tags=\"{Todo} \"  ><h4 id='toggle-toggle-id-4' data-fake-id='#toggle-id-4' class='toggler  av-title-above '  role='tab' tabindex='0' aria-controls='toggle-id-4' data-slide-speed=\"200\" data-title=\"HexPly \u00ae\" data-title-open=\"\" data-aria_collapsed=\"Click to expand: HexPly \u00ae\" data-aria_expanded=\"Click to collapse: HexPly \u00ae\">HexPly \u00ae<span class=\"toggle_icon\"><span class=\"vert_icon\"><\/span><span class=\"hor_icon\"><\/span><\/span><\/h4><div id='toggle-id-4' aria-labelledby='toggle-toggle-id-4' role='region' class='toggle_wrap  av-title-above'  ><div class='toggle_content invers-color ' ><ul>\n<li><a href=\"https:\/\/fileserver.mates.it\/Prodotti\/2_Matrici\/TDS\/Resine\/Hexcel\/HexPly_XF3_300_eu_DataSheet.pdf\" target=\"_blank\" rel=\"noopener noreferrer\">XF3\/300<\/a><\/li>\n<\/ul>\n<\/div><\/div><\/div><\/section>\n<\/div><\/div>\n<div  class='hr av-av_hr-91d7ccd583a503147498e120fee2ff9b hr-default  avia-builder-el-13  el_after_av_two_fifth  el_before_av_one_full '><span class='hr-inner '><span class=\"hr-inner-style\"><\/span><\/span><\/div>\n<div  class='flex_column av-av_one_full-7714eba142aeda1f8b5272a3c372b279 av_one_full  avia-builder-el-14  el_after_av_hr  avia-builder-el-last  first flex_column_div  '     ><p><div  class='avia-button-wrap av-av_button-08f8c098c8a724a4637a200f78d0c536-wrap avia-button-left  avia-builder-el-15  el_before_av_button  avia-builder-el-first '><a href=\"https:\/\/fileserver.mates.it\/Prodotti\/2_Matrici\/Brochure\/Elantas\/Composite_Resins_Elan-tech_Epoxy_Resins_and_Structural_Adhesives_-_.pdf\" class=\"avia-button av-av_button-08f8c098c8a724a4637a200f78d0c536 av-link-btn avia-icon_select-yes-left-icon avia-size-small avia-position-left avia-color-theme-color\" target=\"_blank\" rel=\"noopener noreferrer\" aria-label=\" Elan-tech \u00ae Product selector\"><span class='avia_button_icon avia_button_icon_left avia-iconfont avia-font-entypo-fontello' data-av_icon='\ue82d' data-av_iconfont='entypo-fontello' ><\/span><span class='avia_iconbox_title' > Elan-tech \u00ae Product selector<\/span><\/a><\/div><br \/>\n<div  class='avia-button-wrap av-ly8x4rb0-347467f9a5e6ab38d9f486e205b59cb5-wrap avia-button-left  avia-builder-el-16  el_after_av_button  el_before_av_button '><a href=\"https:\/\/fileserver.mates.it\/Prodotti\/2_Matrici\/Certificazioni\/Elantas\/\" class=\"avia-button av-ly8x4rb0-347467f9a5e6ab38d9f486e205b59cb5 av-link-btn avia-icon_select-yes-left-icon avia-size-small avia-position-left avia-color-theme-color\" target=\"_blank\" rel=\"noopener noreferrer\" aria-label=\" Elan-tech \u00ae RINA\"><span class='avia_button_icon avia_button_icon_left avia-iconfont avia-font-entypo-fontello' data-av_icon='\ue82d' data-av_iconfont='entypo-fontello' ><\/span><span class='avia_iconbox_title' > Elan-tech \u00ae RINA<\/span><\/a><\/div><br \/>\n<div  class='avia-button-wrap av-av_button-a94764ca19754eb8a13fae06170c200b-wrap avia-button-left  avia-builder-el-17  el_after_av_button  avia-builder-el-last '><a href=\"https:\/\/www.5m.cz\/en\/products\/epoxidove-pryskyrice\/epoxy-foil-resins\" class=\"avia-button av-av_button-a94764ca19754eb8a13fae06170c200b av-link-btn avia-icon_select-yes-left-icon avia-size-small avia-position-left avia-color-theme-color\" target=\"_blank\" rel=\"noopener noreferrer\" aria-label=\" Letoxit \u00ae LFX product list\"><span class='avia_button_icon avia_button_icon_left avia-iconfont avia-font-entypo-fontello' data-av_icon='\ue8ab' data-av_iconfont='entypo-fontello' ><\/span><span class='avia_iconbox_title' > Letoxit \u00ae LFX product list<\/span><\/a><\/div><\/p><\/div>\n","protected":false},"excerpt":{"rendered":"<p>El sistema epoxi es un pol\u00edmero formado por la reacci\u00f3n entre la resina epoxi y el endurecedor de poliamina. En el campo de los materiales compuestos, los sistemas de resina epoxi est\u00e1n ampliamente considerados como superiores a todos los dem\u00e1s sistemas.<\/p>\n","protected":false},"author":2,"featured_media":0,"parent":9470,"menu_order":1,"comment_status":"open","ping_status":"closed","template":"","meta":{"footnotes":""},"class_list":["post-9535","page","type-page","status-publish","hentry"],"_links":{"self":[{"href":"https:\/\/www.mates.it\/es\/wp-json\/wp\/v2\/pages\/9535","targetHints":{"allow":["GET"]}}],"collection":[{"href":"https:\/\/www.mates.it\/es\/wp-json\/wp\/v2\/pages"}],"about":[{"href":"https:\/\/www.mates.it\/es\/wp-json\/wp\/v2\/types\/page"}],"author":[{"embeddable":true,"href":"https:\/\/www.mates.it\/es\/wp-json\/wp\/v2\/users\/2"}],"replies":[{"embeddable":true,"href":"https:\/\/www.mates.it\/es\/wp-json\/wp\/v2\/comments?post=9535"}],"version-history":[{"count":2,"href":"https:\/\/www.mates.it\/es\/wp-json\/wp\/v2\/pages\/9535\/revisions"}],"predecessor-version":[{"id":21181,"href":"https:\/\/www.mates.it\/es\/wp-json\/wp\/v2\/pages\/9535\/revisions\/21181"}],"up":[{"embeddable":true,"href":"https:\/\/www.mates.it\/es\/wp-json\/wp\/v2\/pages\/9470"}],"wp:attachment":[{"href":"https:\/\/www.mates.it\/es\/wp-json\/wp\/v2\/media?parent=9535"}],"curies":[{"name":"wp","href":"https:\/\/api.w.org\/{rel}","templated":true}]}}