{"id":9537,"date":"2016-08-01T10:39:19","date_gmt":"2016-08-01T08:39:19","guid":{"rendered":"https:\/\/www.mates.it\/prodotti\/resine-adesivi-chimici\/resine\/vinylester-e-r\/"},"modified":"2023-12-02T10:48:41","modified_gmt":"2023-12-02T09:48:41","slug":"vinilestere-r","status":"publish","type":"page","link":"https:\/\/www.mates.it\/es\/productos\/resinas-adhesivos-quimicos\/resinas\/vinilestere-r\/","title":{"rendered":"Vinilestere"},"content":{"rendered":"<div  class='flex_column av-av_three_fifth-7714eba142aeda1f8b5272a3c372b279 av_three_fifth  avia-builder-el-0  el_before_av_two_fifth  avia-builder-el-first  first flex_column_div  '     ><p>\n<style type=\"text\/css\" data-created_by=\"avia_inline_auto\" id=\"style-css-av-av_heading-4443182beb288ed18a69c0dae3113453\">\n#top .av-special-heading.av-av_heading-4443182beb288ed18a69c0dae3113453{\npadding-bottom:10px;\n}\nbody .av-special-heading.av-av_heading-4443182beb288ed18a69c0dae3113453 .av-special-heading-tag .heading-char{\nfont-size:25px;\n}\n.av-special-heading.av-av_heading-4443182beb288ed18a69c0dae3113453 .av-subheading{\nfont-size:15px;\n}\n<\/style>\n<div  class='av-special-heading av-av_heading-4443182beb288ed18a69c0dae3113453 av-special-heading-h1  avia-builder-el-1  el_before_av_textblock  avia-builder-el-first  custom-h1-title'><h1 class='av-special-heading-tag '  >Vinilestere<\/h1><div class=\"special-heading-border\"><div class=\"special-heading-inner-border\"><\/div><\/div><\/div><br \/>\n<section  class='av_textblock_section av-ljbnkrp8-dfee139429e2becc2c7e22f7f462a46e '  ><div class='avia_textblock' ><p>La resina de \u00e9ster vin\u00edlico posee una resistencia t\u00e9rmica, mec\u00e1nica y qu\u00edmica superior a la del poli\u00e9ster, caracter\u00edsticas que la hacen indispensable cuando se requiere un rendimiento superior de la pieza de PRFV. Debido a su naturaleza qu\u00edmica, es capaz de garantizar altas propiedades mec\u00e1nicas, alta tenacidad, alta resistencia qu\u00edmica y a la hidr\u00f3lisis, y alta resistencia t\u00e9rmica con capacidad para garantizar altas temperaturas de funcionamiento, as\u00ed como una excelente adhesi\u00f3n a las fibras de refuerzo. El \u00e9ster vin\u00edlico se utiliza ampliamente en la industria n\u00e1utica como barrera de \u00f3smosis o en la construcci\u00f3n de cascos de alto rendimiento. Por sus caracter\u00edsticas y facilidad de uso, es ideal no s\u00f3lo para fibras de vidrio, sino tambi\u00e9n para fibras de carbono y aramida.<\/p>\n<div style=\"width: 100%;\"><\/div>\n<\/div><\/section><\/p><\/div>\n<div  class='flex_column av-av_two_fifth-f1c518e9ff58e869f80c8f093487abc9 av_two_fifth  avia-builder-el-3  el_after_av_three_fifth  el_before_av_hr  flex_column_div  '     ><style type=\"text\/css\" data-created_by=\"avia_inline_auto\" id=\"style-css-av-ljbnldi0-64d5fd5e9720f0f5579f4acaded3b2eb\">\n#top .togglecontainer.av-ljbnldi0-64d5fd5e9720f0f5579f4acaded3b2eb h4.toggler{\nfont-size:14px;\n}\n#top .togglecontainer.av-ljbnldi0-64d5fd5e9720f0f5579f4acaded3b2eb h4.toggler.activeTitle{\ncolor:#ffffff;\nborder-color:#ffffff;\nbackground-color:#2682d3;\n}\n<\/style>\n<div  class='togglecontainer av-ljbnldi0-64d5fd5e9720f0f5579f4acaded3b2eb  avia-builder-el-4  avia-builder-el-no-sibling  accordion_product toggle_close_all hasCurrentStyle' >\n<section class='av_toggle_section av-ljbnl9dq-def131f01fd6bb293045ea136970d111' ><div role=\"tablist\" class=\"single_toggle\" data-tags=\"{Todo} \"  ><h4 id='toggle-toggle-id-1' data-fake-id='#toggle-id-1' class='toggler  activeTitle av-title-above '  role='tab' tabindex='0' aria-controls='toggle-id-1' data-slide-speed=\"200\" data-title=\"Ventajas\" data-title-open=\"\" data-aria_collapsed=\"Click to expand: Ventajas\" data-aria_expanded=\"Click to collapse: Ventajas\">Ventajas<span class=\"toggle_icon\"><span class=\"vert_icon\"><\/span><span class=\"hor_icon\"><\/span><\/span><\/h4><div id='toggle-id-1' aria-labelledby='toggle-toggle-id-1' role='region' class='toggle_wrap  active_tc av-title-above' style='display:block;' ><div class='toggle_content invers-color ' ><ul>\n<li>Tiempos de curado cortos<\/li>\n<li>Muy alta tixotrop\u00eda<\/li>\n<li>Resistencia mec\u00e1nica y qu\u00edmica<\/li>\n<li>Amplia gama de uso<\/li>\n<\/ul>\n<\/div><\/div><\/div><\/section>\n<section class='av_toggle_section av-ljbnlcb2-742bb092e987669ec87d64a1834bb3d2' ><div role=\"tablist\" class=\"single_toggle\" data-tags=\"{Todo} \"  ><h4 id='toggle-toggle-id-2' data-fake-id='#toggle-id-2' class='toggler  av-title-above '  role='tab' tabindex='0' aria-controls='toggle-id-2' data-slide-speed=\"200\" data-title=\"Tipos\" data-title-open=\"\" data-aria_collapsed=\"Click to expand: Tipos\" data-aria_expanded=\"Click to collapse: Tipos\">Tipos<span class=\"toggle_icon\"><span class=\"vert_icon\"><\/span><span class=\"hor_icon\"><\/span><\/span><\/h4><div id='toggle-id-2' aria-labelledby='toggle-toggle-id-2' role='region' class='toggle_wrap  av-title-above'  ><div class='toggle_content invers-color ' ><ul class=\"customlist2\">\n<li><a href=\"https:\/\/fileserver.mates.it\/Prodotti\/2_Matrici\/TDS\/Resine\/Ineos\/Vinilestere\/TDS%20DER%20MOMENTUM%20411%20T.pdf\" target=\"_blank\" rel=\"noopener\">DERAKANE\u2122 411 T<\/a><\/li>\n<li><a href=\"https:\/\/fileserver.mates.it\/Prodotti\/2_Matrici\/TDS\/Resine\/Ineos\/Vinilestere\/TDS%20AME%205000%20T30.pdf\" target=\"_blank\" rel=\"noopener\">AME\u2122 5000 T-30<\/a><\/li>\n<li><a href=\"https:\/\/fileserver.mates.it\/Prodotti\/2_Matrici\/TDS\/Resine\/Ineos\/Vinilestere\/TDS%20AME%206000%20T35%20.pdf\" target=\"_blank\" rel=\"noopener\">AME\u2122 6000 T-35<\/a><\/li>\n<li><a href=\"https:\/\/fileserver.mates.it\/Prodotti\/2_Matrici\/TDS\/Resine\/Ineos\/Vinilestere\/TDS%20AME%206001%20T%2050.pdf\" target=\"_blank\" rel=\"noopener\">AME\u2122 6001 T-50<\/a><\/li>\n<li><a href=\"https:\/\/fileserver.mates.it\/Prodotti\/2_Matrici\/TDS\/Resine\/Ineos\/Vinilestere\/TDS%20AME%206001%20INF%2090.pdf\" target=\"_blank\" rel=\"noopener\">AME\u2122 6001 INF-90<\/a><\/li>\n<li><a href=\"https:\/\/fileserver.mates.it\/Prodotti\/2_Matrici\/TDS\/Resine\/Ineos\/Vinilestere\/TDS%20AME%206001%20INF%20135.pdf\" target=\"_blank\" rel=\"noopener\">AME\u2122 6001 INF-135<\/a><\/li>\n<\/ul>\n<\/div><\/div><\/div><\/section>\n<\/div><\/div><div  class='hr av-av_hr-91d7ccd583a503147498e120fee2ff9b hr-default  avia-builder-el-5  el_after_av_two_fifth  el_before_av_one_full '><span class='hr-inner '><span class=\"hr-inner-style\"><\/span><\/span><\/div><\/p>\n<div  class='flex_column av-av_one_full-7714eba142aeda1f8b5272a3c372b279 av_one_full  avia-builder-el-6  el_after_av_hr  avia-builder-el-last  first flex_column_div  '     ><div  class='avia-button-wrap av-av_button-c7654164e0bcc40015c7ae14d7f4380b-wrap avia-button-left  avia-builder-el-7  avia-builder-el-no-sibling '><a href=\"https:\/\/fileserver.mates.it\/Prodotti\/2_Matrici\/Brochure\/Ineos\/ineos_AME.pdf\" class=\"avia-button av-av_button-c7654164e0bcc40015c7ae14d7f4380b av-link-btn avia-icon_select-yes-left-icon avia-size-small avia-position-left avia-color-theme-color\" target=\"_blank\" rel=\"noopener noreferrer\" aria-label=\"  Ineos \u00ae AME selector guide\"><span class='avia_button_icon avia_button_icon_left avia-iconfont avia-font-entypo-fontello' data-av_icon='\ue82d' data-av_iconfont='entypo-fontello' ><\/span><span class='avia_iconbox_title' >  Ineos \u00ae AME selector guide<\/span><\/a><\/div><\/div>\n","protected":false},"excerpt":{"rendered":"<p>La resina de \u00e9ster vin\u00edlico posee una resistencia t\u00e9rmica, mec\u00e1nica y qu\u00edmica superior a la del poli\u00e9ster, caracter\u00edsticas que la hacen indispensable cuando se requiere un rendimiento superior de la pieza de PRFV.<\/p>\n","protected":false},"author":2,"featured_media":0,"parent":9470,"menu_order":3,"comment_status":"open","ping_status":"closed","template":"","meta":{"footnotes":""},"class_list":["post-9537","page","type-page","status-publish","hentry"],"_links":{"self":[{"href":"https:\/\/www.mates.it\/es\/wp-json\/wp\/v2\/pages\/9537","targetHints":{"allow":["GET"]}}],"collection":[{"href":"https:\/\/www.mates.it\/es\/wp-json\/wp\/v2\/pages"}],"about":[{"href":"https:\/\/www.mates.it\/es\/wp-json\/wp\/v2\/types\/page"}],"author":[{"embeddable":true,"href":"https:\/\/www.mates.it\/es\/wp-json\/wp\/v2\/users\/2"}],"replies":[{"embeddable":true,"href":"https:\/\/www.mates.it\/es\/wp-json\/wp\/v2\/comments?post=9537"}],"version-history":[{"count":0,"href":"https:\/\/www.mates.it\/es\/wp-json\/wp\/v2\/pages\/9537\/revisions"}],"up":[{"embeddable":true,"href":"https:\/\/www.mates.it\/es\/wp-json\/wp\/v2\/pages\/9470"}],"wp:attachment":[{"href":"https:\/\/www.mates.it\/es\/wp-json\/wp\/v2\/media?parent=9537"}],"curies":[{"name":"wp","href":"https:\/\/api.w.org\/{rel}","templated":true}]}}