{"id":9538,"date":"2016-08-01T10:41:51","date_gmt":"2016-08-01T08:41:51","guid":{"rendered":"https:\/\/www.mates.it\/prodotti\/resine-adesivi-chimici\/resine\/phenolic-e-r\/"},"modified":"2023-10-14T14:44:13","modified_gmt":"2023-10-14T12:44:13","slug":"fenolica-r","status":"publish","type":"page","link":"https:\/\/www.mates.it\/es\/productos\/resinas-adhesivos-quimicos\/resinas\/fenolica-r\/","title":{"rendered":"Fen\u00f3lica"},"content":{"rendered":"<\/p>\n<div  class='flex_column av-av_three_fifth-7714eba142aeda1f8b5272a3c372b279 av_three_fifth  avia-builder-el-0  el_before_av_two_fifth  avia-builder-el-first  first flex_column_div  '     ><p>\n<style type=\"text\/css\" data-created_by=\"avia_inline_auto\" id=\"style-css-av-ljbo760k-646591d5d06c013b02645523bcbbef41\">\n#top .av-special-heading.av-ljbo760k-646591d5d06c013b02645523bcbbef41{\npadding-bottom:10px;\n}\nbody .av-special-heading.av-ljbo760k-646591d5d06c013b02645523bcbbef41 .av-special-heading-tag .heading-char{\nfont-size:25px;\n}\n.av-special-heading.av-ljbo760k-646591d5d06c013b02645523bcbbef41 .av-subheading{\nfont-size:15px;\n}\n<\/style>\n<div  class='av-special-heading av-ljbo760k-646591d5d06c013b02645523bcbbef41 av-special-heading-h1  avia-builder-el-1  el_before_av_textblock  avia-builder-el-first  custom-h1-title'><h1 class='av-special-heading-tag '  >Fen\u00f3lica<\/h1><div class=\"special-heading-border\"><div class=\"special-heading-inner-border\"><\/div><\/div><\/div><br \/>\n<section  class='av_textblock_section av-ljbo6235-553528b33ba39c4608eda04ef7ed4ad4 '  ><div class='avia_textblock' ><p>La fen\u00f3lica es un tipo de resina termoendurecible que se obtiene mediante un proceso de curado (bachelorizaci\u00f3n). Se trata de resinas termoendurecibles que, sometidas a calor y catalizadores, dan lugar a una masa insoluble que puede utilizarse como material de aislamiento y revestimiento. El resultado es una resina que garantiza una considerable resistencia t\u00e9rmica y qu\u00edmica, as\u00ed como excelentes propiedades adhesivas. Adem\u00e1s, su uso asegurar\u00e1 una gran resistencia y una baja absorci\u00f3n de humedad al producto acabado. Algunos tipos de fen\u00f3lico tambi\u00e9n se refuerzan con papel, tela, as\u00ed como fibra de vidrio y aramida.<\/p>\n<div style=\"width: 100%;\"><\/div>\n<\/div><\/section><\/p><\/div><div  class='flex_column av-av_two_fifth-f1c518e9ff58e869f80c8f093487abc9 av_two_fifth  avia-builder-el-3  el_after_av_three_fifth  el_before_av_hr  flex_column_div  '     ><style type=\"text\/css\" data-created_by=\"avia_inline_auto\" id=\"style-css-av-ljbo6pn1-5d77e9b55d10d3becea03ce03b52c6ce\">\n#top .togglecontainer.av-ljbo6pn1-5d77e9b55d10d3becea03ce03b52c6ce h4.toggler{\nfont-size:14px;\n}\n#top .togglecontainer.av-ljbo6pn1-5d77e9b55d10d3becea03ce03b52c6ce h4.toggler.activeTitle{\ncolor:#ffffff;\nborder-color:#ffffff;\nbackground-color:#2682d3;\n}\n<\/style>\n<div  class='togglecontainer av-ljbo6pn1-5d77e9b55d10d3becea03ce03b52c6ce  avia-builder-el-4  avia-builder-el-no-sibling  accordion_product toggle_close_all hasCurrentStyle' >\n<section class='av_toggle_section av-ljbo6lvo-371b487bc1fb8b88cf92321c638d568c' ><div role=\"tablist\" class=\"single_toggle\" data-tags=\"{Todo} \"  ><h4 id='toggle-toggle-id-1' data-fake-id='#toggle-id-1' class='toggler  activeTitle av-title-above '  role='tab' tabindex='0' aria-controls='toggle-id-1' data-slide-speed=\"200\" data-title=\"Ventajas\" data-title-open=\"\" data-aria_collapsed=\"Click to expand: Ventajas\" data-aria_expanded=\"Click to collapse: Ventajas\">Ventajas<span class=\"toggle_icon\"><span class=\"vert_icon\"><\/span><span class=\"hor_icon\"><\/span><\/span><\/h4><div id='toggle-id-1' aria-labelledby='toggle-toggle-id-1' role='region' class='toggle_wrap  active_tc av-title-above' style='display:block;' ><div class='toggle_content invers-color ' ><ul>\n<li>Muy baja inflamabilidad<\/li>\n<li>Alta resistencia a la llama<\/li>\n<li>Excelentes propiedades mec\u00e1nicas<\/li>\n<li>Excelentes propiedades adhesivas<\/li>\n<\/ul>\n<\/div><\/div><\/div><\/section>\n<section class='av_toggle_section av-ljbo6ofg-ce849f9e5c3ac9537f7664057c3c1d85' ><div role=\"tablist\" class=\"single_toggle\" data-tags=\"{Todo} \"  ><h4 id='toggle-toggle-id-2' data-fake-id='#toggle-id-2' class='toggler  av-title-above '  role='tab' tabindex='0' aria-controls='toggle-id-2' data-slide-speed=\"200\" data-title=\"Tipos\" data-title-open=\"\" data-aria_collapsed=\"Click to expand: Tipos\" data-aria_expanded=\"Click to collapse: Tipos\">Tipos<span class=\"toggle_icon\"><span class=\"vert_icon\"><\/span><span class=\"hor_icon\"><\/span><\/span><\/h4><div id='toggle-id-2' aria-labelledby='toggle-toggle-id-2' role='region' class='toggle_wrap  av-title-above'  ><div class='toggle_content invers-color ' ><ul class=\"customlist2\">\n<li><a href=\"https:\/\/fileserver.mates.it\/Prodotti\/2_Matrici\/TDS\/Resine\/LFX\/LFX_062_DS.pdf\" target=\"_blank\" rel=\"noopener noreferrer\">LFX 062<\/a><\/li>\n<\/ul>\n<\/div><\/div><\/div><\/section>\n<\/div><\/div><div  class='hr av-av_hr-91d7ccd583a503147498e120fee2ff9b hr-default  avia-builder-el-5  el_after_av_two_fifth  el_before_av_one_full '><span class='hr-inner '><span class=\"hr-inner-style\"><\/span><\/span><\/div><\/p>\n<div  class='flex_column av-av_one_full-7714eba142aeda1f8b5272a3c372b279 av_one_full  avia-builder-el-6  el_after_av_hr  avia-builder-el-last  first flex_column_div  '     ><div  class='avia-button-wrap av-av_button-21d3ae9646beb73bddb42ce0d9721777-wrap avia-button-left  avia-builder-el-7  avia-builder-el-no-sibling '><a href=\"https:\/\/www.5m.cz\/en\/products\/epoxidove-pryskyrice\/epoxy-foil-resins\" class=\"avia-button av-av_button-21d3ae9646beb73bddb42ce0d9721777 av-link-btn avia-icon_select-yes-left-icon avia-size-small avia-position-left avia-color-theme-color\" target=\"_blank\" rel=\"noopener noreferrer\" aria-label=\"  Letoxit \u00ae LFX product list\"><span class='avia_button_icon avia_button_icon_left avia-iconfont avia-font-entypo-fontello' data-av_icon='\ue8ab' data-av_iconfont='entypo-fontello' ><\/span><span class='avia_iconbox_title' >  Letoxit \u00ae LFX product list<\/span><\/a><\/div><\/div>\n","protected":false},"excerpt":{"rendered":"<p>El fen\u00f3lico es un tipo de resina que proporciona una considerable resistencia t\u00e9rmica y qu\u00edmica, as\u00ed como excelentes propiedades adhesivas, lo que permite un alto rendimiento.<\/p>\n","protected":false},"author":2,"featured_media":0,"parent":9470,"menu_order":4,"comment_status":"open","ping_status":"closed","template":"","meta":{"footnotes":""},"class_list":["post-9538","page","type-page","status-publish","hentry"],"_links":{"self":[{"href":"https:\/\/www.mates.it\/es\/wp-json\/wp\/v2\/pages\/9538","targetHints":{"allow":["GET"]}}],"collection":[{"href":"https:\/\/www.mates.it\/es\/wp-json\/wp\/v2\/pages"}],"about":[{"href":"https:\/\/www.mates.it\/es\/wp-json\/wp\/v2\/types\/page"}],"author":[{"embeddable":true,"href":"https:\/\/www.mates.it\/es\/wp-json\/wp\/v2\/users\/2"}],"replies":[{"embeddable":true,"href":"https:\/\/www.mates.it\/es\/wp-json\/wp\/v2\/comments?post=9538"}],"version-history":[{"count":0,"href":"https:\/\/www.mates.it\/es\/wp-json\/wp\/v2\/pages\/9538\/revisions"}],"up":[{"embeddable":true,"href":"https:\/\/www.mates.it\/es\/wp-json\/wp\/v2\/pages\/9470"}],"wp:attachment":[{"href":"https:\/\/www.mates.it\/es\/wp-json\/wp\/v2\/media?parent=9538"}],"curies":[{"name":"wp","href":"https:\/\/api.w.org\/{rel}","templated":true}]}}