{"id":9540,"date":"2016-08-01T12:17:12","date_gmt":"2016-08-01T10:17:12","guid":{"rendered":"https:\/\/www.mates.it\/prodotti\/resine-adesivi-chimici\/adesivi-collanti\/spray-tackifiers-i-e\/"},"modified":"2026-05-06T07:38:32","modified_gmt":"2026-05-06T05:38:32","slug":"spray-tackifiers","status":"publish","type":"page","link":"https:\/\/www.mates.it\/es\/productos\/resinas-adhesivos-quimicos\/adhesivos\/spray-tackifiers\/","title":{"rendered":"Spray"},"content":{"rendered":"<div  class='flex_column av-tmiepw-e75951a63726f65ba16fa602a5d452b3 av_one_full  avia-builder-el-0  el_before_av_hr  avia-builder-el-first  first flex_column_div  '     ><p>\n<style type=\"text\/css\" data-created_by=\"avia_inline_auto\" id=\"style-css-av-qozbqs-3115f7eb4d7053c7ae66a40566f31b0b\">\n#top .av-special-heading.av-qozbqs-3115f7eb4d7053c7ae66a40566f31b0b{\npadding-bottom:10px;\n}\nbody .av-special-heading.av-qozbqs-3115f7eb4d7053c7ae66a40566f31b0b .av-special-heading-tag .heading-char{\nfont-size:25px;\n}\n.av-special-heading.av-qozbqs-3115f7eb4d7053c7ae66a40566f31b0b .av-subheading{\nfont-size:15px;\n}\n<\/style>\n<div  class='av-special-heading av-qozbqs-3115f7eb4d7053c7ae66a40566f31b0b av-special-heading-h1  avia-builder-el-1  el_before_av_textblock  avia-builder-el-first  custom-h1-title'><h1 class='av-special-heading-tag '  >Spray<\/h1><div class=\"special-heading-border\"><div class=\"special-heading-inner-border\"><\/div><\/div><\/div><br \/>\n<section  class='av_textblock_section av-ljbt2534-59e62adbce25ae8d54625415ad7b349a '  ><div class='avia_textblock' ><p>Los adhesivos en spray consisten en una gama de colas o resinas contenidas en envases de aluminio a presi\u00f3n. El m\u00e9todo de dispensaci\u00f3n por nebulizaci\u00f3n a trav\u00e9s de una boquilla permite aplicarlos r\u00e1pidamente en capas muy finas para pegar materiales a los que no se desea a\u00f1adir peso y grosor, sin afectar a las propiedades originales. La adopci\u00f3n de este tipo de adhesivo facilita ciertos procesos como el recubrimiento de piezas preexistentes o la laminaci\u00f3n por infusi\u00f3n, reduciendo considerablemente los tiempos de proceso. Tambi\u00e9n se pueden utilizar para la fijaci\u00f3n temporal de productos auxiliares, as\u00ed como para el precolado de ciertos tipos de machos estructurales. En el caso de moldeado con tejidos preimpregnados, el uso de estos productos puede garantizar una colocaci\u00f3n m\u00e1s f\u00e1cil de los refuerzos, simplificando el trabajo de posicionamiento; tambi\u00e9n son \u00fatiles en el montaje de embarcaciones; tambi\u00e9n est\u00e1n disponibles en bidones.<\/p>\n<div style=\"width: 100%;\"><\/div>\n<\/div><\/section><\/p><\/div>\n<div  class='hr av-q5pb6c-dda45b2e7c51f033c008d42f4dbddec2 hr-default  avia-builder-el-3  el_after_av_one_full  el_before_av_three_fifth '><span class='hr-inner '><span class=\"hr-inner-style\"><\/span><\/span><\/div>\n<div  class='flex_column av-of0kw4-543c84af043b88f50ef6bb7118a18388 av_three_fifth  avia-builder-el-4  el_after_av_hr  el_before_av_two_fifth  first flex_column_div  '     ><section  class='av_textblock_section av-ljbt2q9j-29dbc80c23ad03f0475ce91a3449e4e9 '  ><div class='avia_textblock' ><h6>EPOXI<\/h6>\n<p>Los adhesivos intensificadores de adherencia a base de resinas epoxi se utilizan para el posicionamiento de tejidos, preformas o n\u00facleos internos en procesos de moldeo preimpregnado, por infusi\u00f3n, RTM cl\u00e1sico o ligero y VARTM. Su composici\u00f3n qu\u00edmica garantiza la menor contaminaci\u00f3n posible del laminado, sin deterioro de las prestaciones mec\u00e1nicas de la pieza. Para satisfacer cualquier necesidad de producci\u00f3n, Mates ofrece adhesivos epox\u00eddicos en forma l\u00edquida o pulverizada: el m\u00e9todo de dosificaci\u00f3n por nebulizaci\u00f3n a trav\u00e9s de una boquilla permite una aplicaci\u00f3n r\u00e1pida en capas muy finas para unir materiales a los que no se desea a\u00f1adir peso y grosor, sin afectar a las propiedades originales; los adhesivos l\u00edquidos, por su parte, pueden aplicarse directamente con rodillo o brocha.<\/p>\n<\/div><\/section><\/div>\n<div  class='flex_column av-m43ywk-000a148f3b26660a89dd6c9eaa0a3951 av_two_fifth  avia-builder-el-6  el_after_av_three_fifth  el_before_av_hr  flex_column_div  '     ><style type=\"text\/css\" data-created_by=\"avia_inline_auto\" id=\"style-css-av-kti5o4-df9bb4453012784b8a1dd7680b26abaf\">\n#top .togglecontainer.av-kti5o4-df9bb4453012784b8a1dd7680b26abaf h4.toggler{\nfont-size:14px;\n}\n#top .togglecontainer.av-kti5o4-df9bb4453012784b8a1dd7680b26abaf h4.toggler.activeTitle{\ncolor:#ffffff;\nborder-color:#ffffff;\nbackground-color:#2682d3;\n}\n<\/style>\n<div  class='togglecontainer av-kti5o4-df9bb4453012784b8a1dd7680b26abaf  avia-builder-el-7  avia-builder-el-no-sibling  accordion_product toggle_close_all hasCurrentStyle' >\n<section class='av_toggle_section av-jjzcr8-825d3f01af0e3d3e2a767274bebb5cc6' ><div role=\"tablist\" class=\"single_toggle\" data-tags=\"{Todo} \"  ><h4 id='toggle-toggle-id-1' data-fake-id='#toggle-id-1' class='toggler  activeTitle av-title-above '  role='tab' tabindex='0' aria-controls='toggle-id-1' data-slide-speed=\"200\" data-title=\"Mates \u00ae\" data-title-open=\"\" data-aria_collapsed=\"Click to expand: Mates \u00ae\" data-aria_expanded=\"Click to collapse: Mates \u00ae\">Mates \u00ae<span class=\"toggle_icon\"><span class=\"vert_icon\"><\/span><span class=\"hor_icon\"><\/span><\/span><\/h4><div id='toggle-id-1' aria-labelledby='toggle-toggle-id-1' role='region' class='toggle_wrap  active_tc av-title-above' style='display:block;' ><div class='toggle_content invers-color ' ><ul class=\"customlist1\">\n<li><a href=\"https:\/\/fileserver.mates.it\/Prodotti\/2_Matrici\/TDS\/Adesivi\/Mates\/EPOXI_TAK_DS.pdf\" target=\"_blank\" rel=\"noopener noreferrer\">EPOXI-TAK \u00ae<\/a><\/li>\n<li><a href=\"https:\/\/fileserver.mates.it\/Prodotti\/2_Matrici\/TDS\/Adesivi\/Mates\/EPOXI_TAK_FINE_DS.pdf\" target=\"_blank\" rel=\"noopener noreferrer\">EPOXI-TAK \u00ae FINE<\/a><\/li>\n<li><a href=\"https:\/\/fileserver.mates.it\/Prodotti\/2_Matrici\/TDS\/Adesivi\/Mates\/RDT_DS.pdf\" target=\"_blank\" rel=\"noopener noreferrer\">RESINE DE TACK \u00ae<\/a><\/li>\n<\/ul>\n<\/div><\/div><\/div><\/section>\n<\/div><\/div><div  class='hr av-i3x7mc-e381fca30a897727b47ffa78d1fdca71 hr-default  avia-builder-el-8  el_after_av_two_fifth  el_before_av_three_fifth '><span class='hr-inner '><span class=\"hr-inner-style\"><\/span><\/span><\/div><\/p>\n<div  class='flex_column av-g5xa10-6db2673c6584facf8b34719b6084077e av_three_fifth  avia-builder-el-9  el_after_av_hr  el_before_av_two_fifth  first flex_column_div  '     ><section  class='av_textblock_section av-ljbt30z6-07ce5f4710c51ca6bbeceb9013ec4442 '  ><div class='avia_textblock' ><h6>ADHESIVOS GENERALES<\/h6>\n<p>Los adhesivos est\u00e1n disponibles en tres formatos diferentes: latas de aerosol, botes y bidones. Los botes de aerosol son lo \u00faltimo en comodidad y practicidad; son port\u00e1tiles, f\u00e1ciles de usar y no requieren equipo adicional. Los bidones son aut\u00f3nomos y presurizados, port\u00e1tiles y requieren una inversi\u00f3n, equipamiento y mantenimiento m\u00ednimos. Los adhesivos TensorGrip\u00ae presentan una f\u00f3rmula innovadora que se funde al entrar en contacto con resinas a base de estireno, rompiendo las barreras que se encuentran en los m\u00e9todos de uni\u00f3n tradicionales. Las revolucionarias f\u00f3rmulas permiten reducir al m\u00ednimo el tiempo de secado del adhesivo, por lo que TensorGrip\u00ae puede agilizar el flujo de trabajo y reducir dr\u00e1sticamente el tiempo de producci\u00f3n, garantizando al mismo tiempo el mismo poder adhesivo eficaz.<\/p>\n<\/div><\/section><\/div>\n<div  class='flex_column av-ej72x0-f147f0a3e11fea041fcd0b0961c8d795 av_two_fifth  avia-builder-el-11  el_after_av_three_fifth  el_before_av_hr  flex_column_div  '     ><style type=\"text\/css\" data-created_by=\"avia_inline_auto\" id=\"style-css-av-cey3h0-cd8ab01b04fcee7c35fa8e7bb6e5c22f\">\n#top .togglecontainer.av-cey3h0-cd8ab01b04fcee7c35fa8e7bb6e5c22f h4.toggler{\nfont-size:14px;\n}\n#top .togglecontainer.av-cey3h0-cd8ab01b04fcee7c35fa8e7bb6e5c22f h4.toggler.activeTitle{\ncolor:#ffffff;\nborder-color:#ffffff;\nbackground-color:#2682d3;\n}\n<\/style>\n<div  class='togglecontainer av-cey3h0-cd8ab01b04fcee7c35fa8e7bb6e5c22f  avia-builder-el-12  avia-builder-el-no-sibling  accordion_product toggle_close_all hasCurrentStyle' >\n<section class='av_toggle_section av-b9w9b8-dcfb1d59d4fb1f40d6ce8a4dc54103e0' ><div role=\"tablist\" class=\"single_toggle\" data-tags=\"{Todo} \"  ><h4 id='toggle-toggle-id-2' data-fake-id='#toggle-id-2' class='toggler  activeTitle av-title-above '  role='tab' tabindex='0' aria-controls='toggle-id-2' data-slide-speed=\"200\" data-title=\"TensorGrip \u00ae\" data-title-open=\"\" data-aria_collapsed=\"Click to expand: TensorGrip \u00ae\" data-aria_expanded=\"Click to collapse: TensorGrip \u00ae\">TensorGrip \u00ae<span class=\"toggle_icon\"><span class=\"vert_icon\"><\/span><span class=\"hor_icon\"><\/span><\/span><\/h4><div id='toggle-id-2' aria-labelledby='toggle-toggle-id-2' role='region' class='toggle_wrap  active_tc av-title-above' style='display:block;' ><div class='toggle_content invers-color ' ><table>\n<tbody>\n<tr>\n<td>\n<ul>\n<li><a href=\"https:\/\/fileserver.mates.it\/Prodotti\/2_Matrici\/TDS\/Adesivi\/TensorGrip\/Adesivi\/TensorGrip%20TC42%20TDS.pdf\" target=\"_blank\" rel=\"noopener\">TC42<\/a><\/li>\n<li><a href=\"https:\/\/fileserver.mates.it\/Prodotti\/2_Matrici\/TDS\/Adesivi\/TensorGrip\/Adesivi\/TensorGrip%20TC43%20TDS.pdf\" target=\"_blank\" rel=\"noopener\">TC43<\/a><\/li>\n<li><a href=\"https:\/\/fileserver.mates.it\/Prodotti\/2_Matrici\/TDS\/Adesivi\/TensorGrip\/Adesivi\/Tensorgrip%20TC48%20TDS.pdf\" target=\"_blank\" rel=\"noopener\">TC48<\/a><\/li>\n<li><a href=\"https:\/\/fileserver.mates.it\/Prodotti\/2_Matrici\/TDS\/Adesivi\/TensorGrip\/Adesivi\/Tensorgrip%20TC49%20TDS.pdf\" target=\"_blank\" rel=\"noopener\">TC49<\/a><\/li>\n<li><a href=\"https:\/\/fileserver.mates.it\/Prodotti\/2_Matrici\/TDS\/Adesivi\/TensorGrip\/Adesivi\/TensorGrip%20TC30%20TDS.pdf\" target=\"_blank\" rel=\"noopener\">TC30<\/a><\/li>\n<\/ul>\n<\/td>\n<td>\n<ul class=\"customlist2\">\n<li><a href=\"https:\/\/fileserver.mates.it\/Prodotti\/2_Matrici\/TDS\/Adesivi\/TensorGrip\/Adesivi\/TensorGrip%20M81%20TDS.pdf\" target=\"_blank\" rel=\"noopener\">M81<\/a><\/li>\n<\/ul>\n<\/td>\n<td>\n<ul>\n<li><a href=\"https:\/\/fileserver.mates.it\/Prodotti\/2_Matrici\/TDS\/Adesivi\/TensorGrip\/Pulitori\/TensorGrip%20S105%20TDS.pdf\" target=\"_blank\" rel=\"noopener\">S105<\/a><\/li>\n<li><a href=\"https:\/\/fileserver.mates.it\/Prodotti\/2_Matrici\/TDS\/Adesivi\/TensorGrip\/Pulitori\/TensorGrip%20C101%20TDS.pdf\" target=\"_blank\" rel=\"noopener\">C101<\/a><\/li>\n<\/ul>\n<\/td>\n<\/tr>\n<\/tbody>\n<\/table>\n<\/div><\/div><\/div><\/section>\n<section class='av_toggle_section av-9vorv8-642572f4444b1fec726ca467564874d1' ><div role=\"tablist\" class=\"single_toggle\" data-tags=\"{Todo} \"  ><h4 id='toggle-toggle-id-3' data-fake-id='#toggle-id-3' class='toggler  av-title-above '  role='tab' tabindex='0' aria-controls='toggle-id-3' data-slide-speed=\"200\" data-title=\"Scotch-Weld \u00ae\" data-title-open=\"\" data-aria_collapsed=\"Click to expand: Scotch-Weld \u00ae\" data-aria_expanded=\"Click to collapse: Scotch-Weld \u00ae\">Scotch-Weld \u00ae<span class=\"toggle_icon\"><span class=\"vert_icon\"><\/span><span class=\"hor_icon\"><\/span><\/span><\/h4><div id='toggle-id-3' aria-labelledby='toggle-toggle-id-3' role='region' class='toggle_wrap  av-title-above'  ><div class='toggle_content invers-color ' ><ul>\n<li><a href=\"https:\/\/fileserver.mates.it\/Prodotti\/2_Matrici\/TDS\/Adesivi\/3M\/3M_77.pdf\" target=\"_blank\" rel=\"noopener\">3M \u00ae Super 77<\/a><\/li>\n<li><a href=\"https:\/\/fileserver.mates.it\/Prodotti\/2_Matrici\/TDS\/Adesivi\/3M\/3M_74.pdf\" target=\"_blank\" rel=\"noopener\">3M \u00ae Foam Fast 74<\/a><\/li>\n<\/ul>\n<\/div><\/div><\/div><\/section>\n<\/div><\/div>\n<div  class='hr av-7gqmok-02591278dd460f57ba16f72c39f8c5fe hr-default  avia-builder-el-13  el_after_av_two_fifth  el_before_av_one_full '><span class='hr-inner '><span class=\"hr-inner-style\"><\/span><\/span><\/div>\n<div  class='flex_column av-60z7ck-71b51f4426569c9df841a3c77293c699 av_one_full  avia-builder-el-14  el_after_av_hr  avia-builder-el-last  first flex_column_div  '     ><p><div  class='avia-button-wrap av-4poqro-41dfa8b55a2cc380f64af5e63c29dabb-wrap avia-button-left  avia-builder-el-15  el_before_av_button  avia-builder-el-first '><a href=\"https:\/\/fileserver.mates.it\/Prodotti\/2_Matrici\/Brochure\/3M\/sprayable_brochure_3M.pdf\" class=\"avia-button av-4poqro-41dfa8b55a2cc380f64af5e63c29dabb av-link-btn avia-icon_select-yes-left-icon avia-size-small avia-position-left avia-color-theme-color\" target=\"_blank\" rel=\"noopener noreferrer\" aria-label=\" 3M \u00ae Brochure spray\"><span class='avia_button_icon avia_button_icon_left avia-iconfont avia-font-entypo-fontello' data-av_icon='\ue82d' data-av_iconfont='entypo-fontello' ><\/span><span class='avia_iconbox_title' > 3M \u00ae Brochure spray<\/span><\/a><\/div><br \/>\n<div  class='avia-button-wrap av-1xamqs-c5e7301f19cb28009d9824f94be9664f-wrap avia-button-left  avia-builder-el-16  el_after_av_button  el_before_av_button '><a href=\"https:\/\/fileserver.mates.it\/Prodotti\/2_Matrici\/Brochure\/TensorGrip\/Composite_Spread.pdf\" class=\"avia-button av-1xamqs-c5e7301f19cb28009d9824f94be9664f av-link-btn avia-icon_select-yes-left-icon avia-size-small avia-position-left avia-color-theme-color\" target=\"_blank\" rel=\"noopener noreferrer\" aria-label=\" TensorGrip \u00ae Product list\"><span class='avia_button_icon avia_button_icon_left avia-iconfont avia-font-entypo-fontello' data-av_icon='\ue82d' data-av_iconfont='entypo-fontello' ><\/span><span class='avia_iconbox_title' > TensorGrip \u00ae Product list<\/span><\/a><\/div><br \/>\n<div  class='avia-button-wrap av-av_button-d476e9d79b88ea9c537fd294c72dedab-wrap avia-button-left  avia-builder-el-17  el_after_av_button  el_before_av_button '><a href=\"https:\/\/fileserver.mates.it\/Prodotti\/2_Matrici\/Brochure\/TensorGrip\/JEC_Tensor_Mates_Italiana_flyer.pdf\" class=\"avia-button av-av_button-d476e9d79b88ea9c537fd294c72dedab av-link-btn avia-icon_select-yes-left-icon avia-size-small avia-position-left avia-color-theme-color\" target=\"_blank\" rel=\"noopener noreferrer\" aria-label=\" TensorGrip \u00ae Brochure\"><span class='avia_button_icon avia_button_icon_left avia-iconfont avia-font-entypo-fontello' data-av_icon='\ue82d' data-av_iconfont='entypo-fontello' ><\/span><span class='avia_iconbox_title' > TensorGrip \u00ae Brochure<\/span><\/a><\/div><br \/>\n<div  class='avia-button-wrap av-av_button-4d39ef98fa4666e7ec788d08bdbec706-wrap avia-button-left  avia-builder-el-18  el_after_av_button  avia-builder-el-last '><a href=\"https:\/\/fileserver.mates.it\/Prodotti\/2_Matrici\/Certificazioni\/Quin%20Global\/M81\/M81%20-%20SL_Z-710_EN13501_907a_2021.pdf\" class=\"avia-button av-av_button-4d39ef98fa4666e7ec788d08bdbec706 av-link-btn avia-icon_select-yes-left-icon avia-size-small avia-position-left avia-color-theme-color\" target=\"_blank\" rel=\"noopener noreferrer\" aria-label=\" M81 \u00ae fire \/ smoke classification\"><span class='avia_button_icon avia_button_icon_left avia-iconfont avia-font-entypo-fontello' data-av_icon='\ue82d' data-av_iconfont='entypo-fontello' ><\/span><span class='avia_iconbox_title' > M81 \u00ae fire \/ smoke classification<\/span><\/a><\/div><\/p><\/div>\n","protected":false},"excerpt":{"rendered":"<p>Los adhesivos en spray se componen de una serie de colas o resinas contenidas en recipientes de aluminio presurizados. El m\u00e9todo de dosificaci\u00f3n por atomizaci\u00f3n a trav\u00e9s de una boquilla permite una aplicaci\u00f3n r\u00e1pida.<\/p>\n","protected":false},"author":2,"featured_media":0,"parent":9468,"menu_order":4,"comment_status":"open","ping_status":"closed","template":"","meta":{"footnotes":""},"class_list":["post-9540","page","type-page","status-publish","hentry"],"_links":{"self":[{"href":"https:\/\/www.mates.it\/es\/wp-json\/wp\/v2\/pages\/9540","targetHints":{"allow":["GET"]}}],"collection":[{"href":"https:\/\/www.mates.it\/es\/wp-json\/wp\/v2\/pages"}],"about":[{"href":"https:\/\/www.mates.it\/es\/wp-json\/wp\/v2\/types\/page"}],"author":[{"embeddable":true,"href":"https:\/\/www.mates.it\/es\/wp-json\/wp\/v2\/users\/2"}],"replies":[{"embeddable":true,"href":"https:\/\/www.mates.it\/es\/wp-json\/wp\/v2\/comments?post=9540"}],"version-history":[{"count":1,"href":"https:\/\/www.mates.it\/es\/wp-json\/wp\/v2\/pages\/9540\/revisions"}],"predecessor-version":[{"id":21305,"href":"https:\/\/www.mates.it\/es\/wp-json\/wp\/v2\/pages\/9540\/revisions\/21305"}],"up":[{"embeddable":true,"href":"https:\/\/www.mates.it\/es\/wp-json\/wp\/v2\/pages\/9468"}],"wp:attachment":[{"href":"https:\/\/www.mates.it\/es\/wp-json\/wp\/v2\/media?parent=9540"}],"curies":[{"name":"wp","href":"https:\/\/api.w.org\/{rel}","templated":true}]}}