{"id":9542,"date":"2016-08-01T13:01:37","date_gmt":"2016-08-01T11:01:37","guid":{"rendered":"https:\/\/www.mates.it\/prodotti\/resine-adesivi-chimici\/adesivi-collanti\/auxiliares-adhesivos\/"},"modified":"2025-04-27T11:59:04","modified_gmt":"2025-04-27T09:59:04","slug":"auxiliares-adhesivos","status":"publish","type":"page","link":"https:\/\/www.mates.it\/es\/productos\/resinas-adhesivos-quimicos\/adhesivos\/auxiliares-adhesivos\/","title":{"rendered":"Auxiliares &#8211; Adhesivos"},"content":{"rendered":"<div  class='flex_column av-av_three_fifth-7714eba142aeda1f8b5272a3c372b279 av_three_fifth  avia-builder-el-0  el_before_av_two_fifth  avia-builder-el-first  first flex_column_div  '     ><p>\n<style type=\"text\/css\" data-created_by=\"avia_inline_auto\" id=\"style-css-av-ljbu8oww-a0ee8cd2052147ef6cfa3f141c81a07c\">\n#top .av-special-heading.av-ljbu8oww-a0ee8cd2052147ef6cfa3f141c81a07c{\npadding-bottom:10px;\n}\nbody .av-special-heading.av-ljbu8oww-a0ee8cd2052147ef6cfa3f141c81a07c .av-special-heading-tag .heading-char{\nfont-size:25px;\n}\n.av-special-heading.av-ljbu8oww-a0ee8cd2052147ef6cfa3f141c81a07c .av-subheading{\nfont-size:15px;\n}\n<\/style>\n<div  class='av-special-heading av-ljbu8oww-a0ee8cd2052147ef6cfa3f141c81a07c av-special-heading-h1  avia-builder-el-1  el_before_av_textblock  avia-builder-el-first  custom-h1-title'><h1 class='av-special-heading-tag '  >Auxiliares &#8211; Adhesivos<\/h1><div class=\"special-heading-border\"><div class=\"special-heading-inner-border\"><\/div><\/div><\/div><br \/>\n<section  class='av_textblock_section av-ljbu8fsi-612cfd807293bfbafa679832f3fa97f2 '  ><div class='avia_textblock' ><p>Para obtener el mejor resultado final, es necesario trabajar con herramientas y equipos auxiliares espec\u00edficos que sean correctos y adecuados para el proceso concreto que se vaya a realizar. Siempre nos hemos esforzado por lanzar al mercado una gama de art\u00edculos y equipos cuidadosamente seleccionados por: calidad, fiabilidad y valor intr\u00ednseco del producto. Todo ello con el fin de satisfacer todos los requisitos de los clientes para las operaciones de mecanizado m\u00e1s espec\u00edficas. Un resultado final excelente tambi\u00e9n viene dado por el uso de las herramientas adecuadas para el trabajo.<\/p>\n<div style=\"width: 100%;\"><\/div>\n<\/div><\/section><\/p><\/div>\n<div  class='flex_column av-av_two_fifth-f1c518e9ff58e869f80c8f093487abc9 av_two_fifth  avia-builder-el-3  el_after_av_three_fifth  el_before_av_hr  flex_column_div  '     ><style type=\"text\/css\" data-created_by=\"avia_inline_auto\" id=\"style-css-av-ljbua0w1-d777f9964342ffeab4d0cea12b1c5b89\">\n#top .togglecontainer.av-ljbua0w1-d777f9964342ffeab4d0cea12b1c5b89 h4.toggler{\nfont-size:14px;\n}\n#top .togglecontainer.av-ljbua0w1-d777f9964342ffeab4d0cea12b1c5b89 h4.toggler.activeTitle{\ncolor:#ffffff;\nborder-color:#ffffff;\nbackground-color:#2682d3;\n}\n<\/style>\n<div  class='togglecontainer av-ljbua0w1-d777f9964342ffeab4d0cea12b1c5b89  avia-builder-el-4  avia-builder-el-no-sibling  accordion_product toggle_close_all hasCurrentStyle' >\n<section class='av_toggle_section av-ljbu931b-fda5ebe9300e2fa33da52c11b7168445' ><div role=\"tablist\" class=\"single_toggle\" data-tags=\"{Todo} \"  ><h4 id='toggle-toggle-id-1' data-fake-id='#toggle-id-1' class='toggler  activeTitle av-title-above '  role='tab' tabindex='0' aria-controls='toggle-id-1' data-slide-speed=\"200\" data-title=\"Pistolas \/ Dispensadores\" data-title-open=\"\" data-aria_collapsed=\"Click to expand: Pistolas \/ Dispensadores\" data-aria_expanded=\"Click to collapse: Pistolas \/ Dispensadores\">Pistolas \/ Dispensadores<span class=\"toggle_icon\"><span class=\"vert_icon\"><\/span><span class=\"hor_icon\"><\/span><\/span><\/h4><div id='toggle-id-1' aria-labelledby='toggle-toggle-id-1' role='region' class='toggle_wrap  active_tc av-title-above' style='display:block;' ><div class='toggle_content invers-color ' ><ul>\n<li><a href=\"https:\/\/fileserver.mates.it\/Prodotti\/2_Matrici\/TDS\/Adesivi\/Ausiliari\/Medmix\/Pistole\/MIXPAC_DMA.pdf\" target=\"_blank\" rel=\"noopener\">MixPac \u00ae DMA &#8211; 50 ml<\/a><\/li>\n<li><a href=\"https:\/\/fileserver.mates.it\/Prodotti\/2_Matrici\/TDS\/Adesivi\/Ausiliari\/Medmix\/Pistole\/MIXPAC_DS.pdf\" target=\"_blank\" rel=\"noopener\">MixPac \u00ae DS &#8211; 50 ml<\/a><\/li>\n<li><a href=\"https:\/\/fileserver.mates.it\/Prodotti\/2_Matrici\/TDS\/Adesivi\/Ausiliari\/Medmix\/Pistole\/MIXPAC_DP2K.pdf\" target=\"_blank\" rel=\"noopener\">MixPac \u00ae DP2K &#8211; 50 ml<\/a><\/li>\n<li><a href=\"https:\/\/fileserver.mates.it\/Prodotti\/2_Matrici\/TDS\/Adesivi\/Ausiliari\/Medmix\/Pistole\/MIXPAC_DP2X400.pdf\" target=\"_blank\" rel=\"noopener\">MixPac \u00ae DP2X &#8211; 400\/490 ml<\/a><\/li>\n<li><a href=\"https:\/\/fileserver.mates.it\/Prodotti\/2_Matrici\/TDS\/Adesivi\/Ausiliari\/Medmix\/Pistole\/COX_ELECTRAFLOW_400MR.pdf\" target=\"_blank\" rel=\"noopener\">COX \u00ae Electraflow 400 MR<\/a><\/li>\n<\/ul>\n<\/div><\/div><\/div><\/section>\n<section class='av_toggle_section av-ljbu9l7m-e993ba5bce4ba52057b576b72b0819cc' ><div role=\"tablist\" class=\"single_toggle\" data-tags=\"{Todo} \"  ><h4 id='toggle-toggle-id-2' data-fake-id='#toggle-id-2' class='toggler  av-title-above '  role='tab' tabindex='0' aria-controls='toggle-id-2' data-slide-speed=\"200\" data-title=\"Mezclador est\u00e1tico\" data-title-open=\"\" data-aria_collapsed=\"Click to expand: Mezclador est\u00e1tico\" data-aria_expanded=\"Click to collapse: Mezclador est\u00e1tico\">Mezclador est\u00e1tico<span class=\"toggle_icon\"><span class=\"vert_icon\"><\/span><span class=\"hor_icon\"><\/span><\/span><\/h4><div id='toggle-id-2' aria-labelledby='toggle-toggle-id-2' role='region' class='toggle_wrap  av-title-above'  ><div class='toggle_content invers-color ' ><ul class=\"customlist2\">\n<li><a href=\"https:\/\/fileserver.mates.it\/Prodotti\/2_Matrici\/TDS\/Adesivi\/Ausiliari\/Medmix\/MixPac_mixer_B.pdf\" target=\"_blank\" rel=\"noopener\">MixPac \u00ae Mixer B<\/a><\/li>\n<li><a href=\"https:\/\/fileserver.mates.it\/Prodotti\/2_Matrici\/TDS\/Adesivi\/Ausiliari\/Medmix\/MixPac_mixer_C.pdf\" target=\"_blank\" rel=\"noopener\">MixPac \u00ae Mixer C<\/a><\/li>\n<li><a href=\"https:\/\/fileserver.mates.it\/Prodotti\/2_Matrici\/TDS\/Adesivi\/Ausiliari\/Medmix\/MixPac_mixer_F.pdf\" target=\"_blank\" rel=\"noopener\">MixPac \u00ae Mixer F<\/a><\/li>\n<\/ul>\n<\/div><\/div><\/div><\/section>\n<\/div><\/div><div  class='hr av-av_hr-91d7ccd583a503147498e120fee2ff9b hr-default  avia-builder-el-5  el_after_av_two_fifth  el_before_av_one_full '><span class='hr-inner '><span class=\"hr-inner-style\"><\/span><\/span><\/div><\/p>\n<div  class='flex_column av-av_one_full-7714eba142aeda1f8b5272a3c372b279 av_one_full  avia-builder-el-6  el_after_av_hr  avia-builder-el-last  first flex_column_div  '     ><p><div  class='avia-button-wrap av-m9zfd64b-825830f57b4aca1247461abc20988368-wrap avia-button-left  avia-builder-el-7  el_before_av_button  avia-builder-el-first '><a href=\"https:\/\/fileserver.mates.it\/Prodotti\/2_Matrici\/Brochure\/Medmix\/MixPac_B_System.pdf\" class=\"avia-button av-m9zfd64b-825830f57b4aca1247461abc20988368 av-link-btn avia-icon_select-yes-left-icon avia-size-small avia-position-left avia-color-theme-color\" target=\"_blank\" rel=\"noopener noreferrer\" aria-label=\" Mixpac \u00ae B-System\"><span class='avia_button_icon avia_button_icon_left avia-iconfont avia-font-entypo-fontello' data-av_icon='\ue82d' data-av_iconfont='entypo-fontello' ><\/span><span class='avia_iconbox_title' > Mixpac \u00ae B-System<\/span><\/a><\/div><br \/>\n<div  class='avia-button-wrap av-m9zfdcis-c71ed62608f10bf4380458662917f7be-wrap avia-button-left  avia-builder-el-8  el_after_av_button  el_before_av_button '><a href=\"https:\/\/fileserver.mates.it\/Prodotti\/2_Matrici\/Brochure\/Medmix\/MixPac_F_System.pdf\" class=\"avia-button av-m9zfdcis-c71ed62608f10bf4380458662917f7be av-link-btn avia-icon_select-yes-left-icon avia-size-small avia-position-left avia-color-theme-color\" target=\"_blank\" rel=\"noopener noreferrer\" aria-label=\" Mixpac \u00ae F-System\"><span class='avia_button_icon avia_button_icon_left avia-iconfont avia-font-entypo-fontello' data-av_icon='\ue82d' data-av_iconfont='entypo-fontello' ><\/span><span class='avia_iconbox_title' > Mixpac \u00ae F-System<\/span><\/a><\/div><br \/>\n<div  class='avia-button-wrap av-m9zfdjav-ad95dfe850411a35e431dd1f0d10b5b9-wrap avia-button-left  avia-builder-el-9  el_after_av_button  avia-builder-el-last '><a href=\"https:\/\/fileserver.mates.it\/Prodotti\/2_Matrici\/Brochure\/Medmix\/SulzerMixpac%20Converter.pdf\" class=\"avia-button av-m9zfdjav-ad95dfe850411a35e431dd1f0d10b5b9 av-link-btn avia-icon_select-yes-left-icon avia-size-small avia-position-left avia-color-theme-color\" target=\"_blank\" rel=\"noopener noreferrer\" aria-label=\"Mixpac \u00ae Converter\"><span class='avia_button_icon avia_button_icon_left avia-iconfont avia-font-entypo-fontello' data-av_icon='\ue82d' data-av_iconfont='entypo-fontello' ><\/span><span class='avia_iconbox_title' >Mixpac \u00ae Converter<\/span><\/a><\/div><\/p><\/div>\n","protected":false},"excerpt":{"rendered":"<p>Siempre nos esforzamos por lanzar al mercado una gama de art\u00edculos y equipos cuidadosamente seleccionados por: calidad, fiabilidad y valor intr\u00ednseco del producto.<\/p>\n","protected":false},"author":2,"featured_media":0,"parent":9468,"menu_order":5,"comment_status":"open","ping_status":"open","template":"","meta":{"footnotes":""},"class_list":["post-9542","page","type-page","status-publish","hentry"],"_links":{"self":[{"href":"https:\/\/www.mates.it\/es\/wp-json\/wp\/v2\/pages\/9542","targetHints":{"allow":["GET"]}}],"collection":[{"href":"https:\/\/www.mates.it\/es\/wp-json\/wp\/v2\/pages"}],"about":[{"href":"https:\/\/www.mates.it\/es\/wp-json\/wp\/v2\/types\/page"}],"author":[{"embeddable":true,"href":"https:\/\/www.mates.it\/es\/wp-json\/wp\/v2\/users\/2"}],"replies":[{"embeddable":true,"href":"https:\/\/www.mates.it\/es\/wp-json\/wp\/v2\/comments?post=9542"}],"version-history":[{"count":0,"href":"https:\/\/www.mates.it\/es\/wp-json\/wp\/v2\/pages\/9542\/revisions"}],"up":[{"embeddable":true,"href":"https:\/\/www.mates.it\/es\/wp-json\/wp\/v2\/pages\/9468"}],"wp:attachment":[{"href":"https:\/\/www.mates.it\/es\/wp-json\/wp\/v2\/media?parent=9542"}],"curies":[{"name":"wp","href":"https:\/\/api.w.org\/{rel}","templated":true}]}}