{"id":9543,"date":"2016-08-01T13:35:03","date_gmt":"2016-08-01T11:35:03","guid":{"rendered":"https:\/\/www.mates.it\/prodotti\/resine-adesivi-chimici\/gelcoat-fondi\/epoxy-e-g\/"},"modified":"2023-06-26T13:33:01","modified_gmt":"2023-06-26T11:33:01","slug":"epoxy-e-g","status":"publish","type":"page","link":"https:\/\/www.mates.it\/es\/productos\/resinas-adhesivos-quimicos\/gelcoat-fondos\/epoxy-e-g\/","title":{"rendered":"Epoxy"},"content":{"rendered":"<div  class='flex_column av-av_three_fifth-7714eba142aeda1f8b5272a3c372b279 av_three_fifth  avia-builder-el-0  el_before_av_two_fifth  avia-builder-el-first  first flex_column_div  '     ><p>\n<style type=\"text\/css\" data-created_by=\"avia_inline_auto\" id=\"style-css-av-ljcs57ng-ce6dc6871c31c2f8f1188c94f6f175b7\">\n#top .av-special-heading.av-ljcs57ng-ce6dc6871c31c2f8f1188c94f6f175b7{\npadding-bottom:10px;\n}\nbody .av-special-heading.av-ljcs57ng-ce6dc6871c31c2f8f1188c94f6f175b7 .av-special-heading-tag .heading-char{\nfont-size:25px;\n}\n.av-special-heading.av-ljcs57ng-ce6dc6871c31c2f8f1188c94f6f175b7 .av-subheading{\nfont-size:15px;\n}\n<\/style>\n<div  class='av-special-heading av-ljcs57ng-ce6dc6871c31c2f8f1188c94f6f175b7 av-special-heading-h1  avia-builder-el-1  el_before_av_textblock  avia-builder-el-first  custom-h1-title'><h1 class='av-special-heading-tag '  >Epoxy<\/h1><div class=\"special-heading-border\"><div class=\"special-heading-inner-border\"><\/div><\/div><\/div><br \/>\n<section  class='av_textblock_section av-ljcs52j1-2739295190770cb1037bfecdf5d6200b '  ><div class='avia_textblock' ><p>Los gelcoats epoxi se producen a partir de una base epoxi y un endurecedor de poliamina. Son ampliamente considerados superiores a todos los dem\u00e1s tipos tanto por la dureza de la superficie como por el grado de acabado que pueden garantizar. Todos los gelcoats epoxi seleccionados por nuestra empresa son sistemas con propiedades particulares que se explican claramente en las fichas de producto. Son productos de alto rendimiento tambi\u00e9n aptos para procesos industriales y profesionales. Recomendamos tambi\u00e9n realizar los moldes en resina epoxi de forma que se obtenga la m\u00e1xima adherencia entre los sustratos, elongaci\u00f3n pr\u00e1cticamente nula incluso en moldes a altas temperaturas y vida pr\u00e1cticamente infinita del propio molde.<\/p>\n<div style=\"width: 100%;\"><\/div>\n<\/div><\/section><\/p><\/div><div  class='flex_column av-av_two_fifth-f1c518e9ff58e869f80c8f093487abc9 av_two_fifth  avia-builder-el-3  el_after_av_three_fifth  el_before_av_hr  flex_column_div  '     ><style type=\"text\/css\" data-created_by=\"avia_inline_auto\" id=\"style-css-av-av_toggle_container-aa303faae9b53071bb573d27bc7412b5\">\n#top .togglecontainer.av-av_toggle_container-aa303faae9b53071bb573d27bc7412b5 h4.toggler{\nfont-size:14px;\n}\n#top .togglecontainer.av-av_toggle_container-aa303faae9b53071bb573d27bc7412b5 h4.toggler.activeTitle{\ncolor:#ffffff;\nborder-color:#ffffff;\nbackground-color:#2682d3;\n}\n<\/style>\n<div  class='togglecontainer av-av_toggle_container-aa303faae9b53071bb573d27bc7412b5  avia-builder-el-4  avia-builder-el-no-sibling  accordion_product toggle_close_all hasCurrentStyle' >\n<section class='av_toggle_section av-av_toggle-67861971e7e124a8c68fba79ccb96d2b' ><div role=\"tablist\" class=\"single_toggle\" data-tags=\"{Todo} \"  ><h4 id='toggle-toggle-id-1' data-fake-id='#toggle-id-1' class='toggler  activeTitle av-title-above '  role='tab' tabindex='0' aria-controls='toggle-id-1' data-slide-speed=\"200\" data-title=\"Mates \u00ae\" data-title-open=\"\" data-aria_collapsed=\"Click to expand: Mates \u00ae\" data-aria_expanded=\"Click to collapse: Mates \u00ae\">Mates \u00ae<span class=\"toggle_icon\"><span class=\"vert_icon\"><\/span><span class=\"hor_icon\"><\/span><\/span><\/h4><div id='toggle-id-1' aria-labelledby='toggle-toggle-id-1' role='region' class='toggle_wrap  active_tc av-title-above' style='display:block;' ><div class='toggle_content invers-color ' ><ul class=\"customlist1\">\n<li><a href=\"https:\/\/fileserver.mates.it\/Prodotti\/2_Matrici\/TDS\/Gelcoat\/Mates\/P901_DS.pdf\" target=\"_blank\" rel=\"noopener noreferrer\">P901 EVO<\/a><\/li>\n<li><a href=\"https:\/\/fileserver.mates.it\/Prodotti\/2_Matrici\/TDS\/Gelcoat\/Mates\/SS441_DS.pdf\" target=\"_blank\" rel=\"noopener noreferrer\">SS441<\/a><\/li>\n<li><a href=\"https:\/\/fileserver.mates.it\/Prodotti\/2_Matrici\/TDS\/Gelcoat\/Mates\/TD30_DS.pdf\" target=\"_blank\" rel=\"noopener noreferrer\">TD30<\/a><\/li>\n<\/ul>\n<\/div><\/div><\/div><\/section>\n<section class='av_toggle_section av-av_toggle-2be8654e61d28ce490534af3ba470859' ><div role=\"tablist\" class=\"single_toggle\" data-tags=\"{Todo} \"  ><h4 id='toggle-toggle-id-2' data-fake-id='#toggle-id-2' class='toggler  av-title-above '  role='tab' tabindex='0' aria-controls='toggle-id-2' data-slide-speed=\"200\" data-title=\"Elan-tech \u00ae\" data-title-open=\"\" data-aria_collapsed=\"Click to expand: Elan-tech \u00ae\" data-aria_expanded=\"Click to collapse: Elan-tech \u00ae\">Elan-tech \u00ae<span class=\"toggle_icon\"><span class=\"vert_icon\"><\/span><span class=\"hor_icon\"><\/span><\/span><\/h4><div id='toggle-id-2' aria-labelledby='toggle-toggle-id-2' role='region' class='toggle_wrap  av-title-above'  ><div class='toggle_content invers-color ' ><ul class=\"customlist2\">\n<li><a href=\"https:\/\/fileserver.mates.it\/Prodotti\/2_Matrici\/TDS\/Gelcoat\/Elantas\/Elan-tech_MG516NF_W501N_ita.pdf\" target=\"_blank\" rel=\"noopener noreferrer\">MG 516 NF<\/a><\/li>\n<li><a href=\"https:\/\/fileserver.mates.it\/Prodotti\/2_Matrici\/TDS\/Gelcoat\/Elantas\/Elan-tech_MG536_W506_ita.pdf\" target=\"_blank\" rel=\"noopener noreferrer\">MG 536<\/a><\/li>\n<li><a href=\"https:\/\/fileserver.mates.it\/Prodotti\/2_Matrici\/TDS\/Gelcoat\/Elantas\/Elan-tech_MG602_W557_ita.pdf\" target=\"_blank\" rel=\"noopener noreferrer\">MG 602<\/a><\/li>\n<li><a href=\"https:\/\/fileserver.mates.it\/Prodotti\/2_Matrici\/TDS\/Gelcoat\/Elantas\/Elan-tech_MC1163_W557_ita.pdf\" target=\"_blank\" rel=\"noopener\">MC 1163<\/a><\/li>\n<\/ul>\n<\/div><\/div><\/div><\/section>\n<\/div><\/div><\/p>\n<div  class='hr av-av_hr-91d7ccd583a503147498e120fee2ff9b hr-default  avia-builder-el-5  el_after_av_two_fifth  el_before_av_one_full '><span class='hr-inner '><span class=\"hr-inner-style\"><\/span><\/span><\/div>\n<div  class='flex_column av-av_one_full-7714eba142aeda1f8b5272a3c372b279 av_one_full  avia-builder-el-6  el_after_av_hr  avia-builder-el-last  first flex_column_div  '     ><div  class='avia-button-wrap av-av_button-c71bec838bea93361de94dfcf8080631-wrap avia-button-left  avia-builder-el-7  avia-builder-el-no-sibling '><a href=\"https:\/\/fileserver.mates.it\/Prodotti\/2_Matrici\/Brochure\/Elantas\/elantas_gelcoat_stampi.pdf\" class=\"avia-button av-av_button-c71bec838bea93361de94dfcf8080631 av-link-btn avia-icon_select-yes-left-icon avia-size-small avia-position-left avia-color-theme-color\" target=\"_blank\" rel=\"noopener noreferrer\" aria-label=\"  Elan-tech \u00ae Product selector\"><span class='avia_button_icon avia_button_icon_left avia-iconfont avia-font-entypo-fontello' data-av_icon='\ue82d' data-av_iconfont='entypo-fontello' ><\/span><span class='avia_iconbox_title' >  Elan-tech \u00ae Product selector<\/span><\/a><\/div><\/div>\n","protected":false},"excerpt":{"rendered":"<p>Los gelcoats epoxi se producen a partir de una base epoxi y un endurecedor de poliamina. Son ampliamente considerados superiores a todos los dem\u00e1s tipos.<\/p>\n","protected":false},"author":2,"featured_media":0,"parent":9472,"menu_order":1,"comment_status":"open","ping_status":"closed","template":"","meta":{"footnotes":""},"class_list":["post-9543","page","type-page","status-publish","hentry"],"_links":{"self":[{"href":"https:\/\/www.mates.it\/es\/wp-json\/wp\/v2\/pages\/9543","targetHints":{"allow":["GET"]}}],"collection":[{"href":"https:\/\/www.mates.it\/es\/wp-json\/wp\/v2\/pages"}],"about":[{"href":"https:\/\/www.mates.it\/es\/wp-json\/wp\/v2\/types\/page"}],"author":[{"embeddable":true,"href":"https:\/\/www.mates.it\/es\/wp-json\/wp\/v2\/users\/2"}],"replies":[{"embeddable":true,"href":"https:\/\/www.mates.it\/es\/wp-json\/wp\/v2\/comments?post=9543"}],"version-history":[{"count":0,"href":"https:\/\/www.mates.it\/es\/wp-json\/wp\/v2\/pages\/9543\/revisions"}],"up":[{"embeddable":true,"href":"https:\/\/www.mates.it\/es\/wp-json\/wp\/v2\/pages\/9472"}],"wp:attachment":[{"href":"https:\/\/www.mates.it\/es\/wp-json\/wp\/v2\/media?parent=9543"}],"curies":[{"name":"wp","href":"https:\/\/api.w.org\/{rel}","templated":true}]}}