{"id":9545,"date":"2016-08-01T13:39:25","date_gmt":"2016-08-01T11:39:25","guid":{"rendered":"https:\/\/www.mates.it\/prodotti\/resine-adesivi-chimici\/gelcoat-fondi\/vinylester-e-g\/"},"modified":"2023-06-26T14:11:15","modified_gmt":"2023-06-26T12:11:15","slug":"vinylester-e-g","status":"publish","type":"page","link":"https:\/\/www.mates.it\/es\/productos\/resinas-adhesivos-quimicos\/gelcoat-fondos\/vinylester-e-g\/","title":{"rendered":"Vinylester"},"content":{"rendered":"<div  class='flex_column av-av_three_fifth-7714eba142aeda1f8b5272a3c372b279 av_three_fifth  avia-builder-el-0  el_before_av_two_fifth  avia-builder-el-first  first flex_column_div  '     ><p>\n<style type=\"text\/css\" data-created_by=\"avia_inline_auto\" id=\"style-css-av-ljcthfz5-e2f5a631ebf0b0aad9ef9951f8583b89\">\n#top .av-special-heading.av-ljcthfz5-e2f5a631ebf0b0aad9ef9951f8583b89{\npadding-bottom:10px;\n}\nbody .av-special-heading.av-ljcthfz5-e2f5a631ebf0b0aad9ef9951f8583b89 .av-special-heading-tag .heading-char{\nfont-size:25px;\n}\n.av-special-heading.av-ljcthfz5-e2f5a631ebf0b0aad9ef9951f8583b89 .av-subheading{\nfont-size:15px;\n}\n<\/style>\n<div  class='av-special-heading av-ljcthfz5-e2f5a631ebf0b0aad9ef9951f8583b89 av-special-heading-h1  avia-builder-el-1  el_before_av_textblock  avia-builder-el-first  custom-h1-title'><h1 class='av-special-heading-tag '  >Vinylester<\/h1><div class=\"special-heading-border\"><div class=\"special-heading-inner-border\"><\/div><\/div><\/div><br \/>\n<section  class='av_textblock_section av-ljcth6a4-c1283189eae73d331ffcd324e860d986 '  ><div class='avia_textblock' ><p>El gelcoat vinil\u00e9ster, de mayor calidad que el poli\u00e9ster, est\u00e1 fabricado con resina vinil\u00e9ster por sus excelentes propiedades mec\u00e1nicas y alta resistencia a los agentes qu\u00edmicos. Las propiedades de la resina se transfieren al gelcoat, dando lugar a un producto de gran dureza superficial incluso a altas temperaturas. Se utiliza principalmente en los sectores aeron\u00e1utico y naval, donde se requieren productos ultraligeros de alta tecnolog\u00eda y resistencia. Este tipo de gelcoat tambi\u00e9n se utiliza para la construcci\u00f3n de moldes sujetos a fuertes esfuerzos (moldeo en caliente en autoclave). Al igual que el poli\u00e9ster, el vinil\u00e9ster tambi\u00e9n tiene una versi\u00f3n con parafina, utilizada como capa de acabado en los revestimientos anti\u00e1cidos de tanques y tanques de fibra de vidrio.<\/p>\n<div style=\"width: 100%;\"><\/div>\n<\/div><\/section><\/p><\/div><div  class='flex_column av-av_two_fifth-f1c518e9ff58e869f80c8f093487abc9 av_two_fifth  avia-builder-el-3  el_after_av_three_fifth  el_before_av_hr  flex_column_div  '     ><style type=\"text\/css\" data-created_by=\"avia_inline_auto\" id=\"style-css-av-ljctibp9-38d6c518c2497ee94b8630e43e01641a\">\n#top .togglecontainer.av-ljctibp9-38d6c518c2497ee94b8630e43e01641a h4.toggler{\nfont-size:14px;\n}\n#top .togglecontainer.av-ljctibp9-38d6c518c2497ee94b8630e43e01641a h4.toggler.activeTitle{\ncolor:#ffffff;\nborder-color:#ffffff;\nbackground-color:#2682d3;\n}\n<\/style>\n<div  class='togglecontainer av-ljctibp9-38d6c518c2497ee94b8630e43e01641a  avia-builder-el-4  avia-builder-el-no-sibling  accordion_product toggle_close_all hasCurrentStyle' >\n<section class='av_toggle_section av-ljcti5k1-51c3c6760a0a0616b1efe58be5577c9c' ><div role=\"tablist\" class=\"single_toggle\" data-tags=\"{Todo} \"  ><h4 id='toggle-toggle-id-1' data-fake-id='#toggle-id-1' class='toggler  activeTitle av-title-above '  role='tab' tabindex='0' aria-controls='toggle-id-1' data-slide-speed=\"200\" data-title=\"Ventajas\" data-title-open=\"\" data-aria_collapsed=\"Click to expand: Ventajas\" data-aria_expanded=\"Click to collapse: Ventajas\">Ventajas<span class=\"toggle_icon\"><span class=\"vert_icon\"><\/span><span class=\"hor_icon\"><\/span><\/span><\/h4><div id='toggle-id-1' aria-labelledby='toggle-toggle-id-1' role='region' class='toggle_wrap  active_tc av-title-above' style='display:block;' ><div class='toggle_content invers-color ' ><ul>\n<li>Resistencia a la temperatura<\/li>\n<li>Alta dureza superficial<\/li>\n<li>Sin degradaci\u00f3n<\/li>\n<li>Protecci\u00f3n m\u00e1xima<\/li>\n<li>Alta tixotrop\u00eda<\/li>\n<\/ul>\n<\/div><\/div><\/div><\/section>\n<section class='av_toggle_section av-ljcti7ua-7ee3b63a1b613ba31d56357d906258d0' ><div role=\"tablist\" class=\"single_toggle\" data-tags=\"{Todo} \"  ><h4 id='toggle-toggle-id-2' data-fake-id='#toggle-id-2' class='toggler  av-title-above '  role='tab' tabindex='0' aria-controls='toggle-id-2' data-slide-speed=\"200\" data-title=\"Tipos\" data-title-open=\"\" data-aria_collapsed=\"Click to expand: Tipos\" data-aria_expanded=\"Click to collapse: Tipos\">Tipos<span class=\"toggle_icon\"><span class=\"vert_icon\"><\/span><span class=\"hor_icon\"><\/span><\/span><\/h4><div id='toggle-id-2' aria-labelledby='toggle-toggle-id-2' role='region' class='toggle_wrap  av-title-above'  ><div class='toggle_content invers-color ' ><ul class=\"customlist2\">\n<li><a href=\"https:\/\/fileserver.mates.it\/Prodotti\/2_Matrici\/TDS\/Gelcoat\/Ineos\/TDS%20GT.pdf\" target=\"_blank\" rel=\"noopener\">MAXGUARD\u2122 GT<\/a><\/li>\n<\/ul>\n<\/div><\/div><\/div><\/section>\n<\/div><\/div><div  class='hr av-av_hr-91d7ccd583a503147498e120fee2ff9b hr-default  avia-builder-el-5  el_after_av_two_fifth  avia-builder-el-last '><span class='hr-inner '><span class=\"hr-inner-style\"><\/span><\/span><\/div><\/p>\n","protected":false},"excerpt":{"rendered":"<p>El gelcoat vinil\u00e9ster, de mayor calidad que el poli\u00e9ster, est\u00e1 fabricado con resina vinil\u00e9ster por sus excelentes propiedades mec\u00e1nicas y alta resistencia a los agentes qu\u00edmicos.<\/p>\n","protected":false},"author":2,"featured_media":0,"parent":9472,"menu_order":3,"comment_status":"open","ping_status":"closed","template":"","meta":{"footnotes":""},"class_list":["post-9545","page","type-page","status-publish","hentry"],"_links":{"self":[{"href":"https:\/\/www.mates.it\/es\/wp-json\/wp\/v2\/pages\/9545","targetHints":{"allow":["GET"]}}],"collection":[{"href":"https:\/\/www.mates.it\/es\/wp-json\/wp\/v2\/pages"}],"about":[{"href":"https:\/\/www.mates.it\/es\/wp-json\/wp\/v2\/types\/page"}],"author":[{"embeddable":true,"href":"https:\/\/www.mates.it\/es\/wp-json\/wp\/v2\/users\/2"}],"replies":[{"embeddable":true,"href":"https:\/\/www.mates.it\/es\/wp-json\/wp\/v2\/comments?post=9545"}],"version-history":[{"count":0,"href":"https:\/\/www.mates.it\/es\/wp-json\/wp\/v2\/pages\/9545\/revisions"}],"up":[{"embeddable":true,"href":"https:\/\/www.mates.it\/es\/wp-json\/wp\/v2\/pages\/9472"}],"wp:attachment":[{"href":"https:\/\/www.mates.it\/es\/wp-json\/wp\/v2\/media?parent=9545"}],"curies":[{"name":"wp","href":"https:\/\/api.w.org\/{rel}","templated":true}]}}