{"id":9546,"date":"2016-08-01T14:48:18","date_gmt":"2016-08-01T12:48:18","guid":{"rendered":"https:\/\/www.mates.it\/prodotti\/resine-adesivi-chimici\/chimici-inerti\/solvents-diluents-e\/"},"modified":"2023-06-26T15:21:17","modified_gmt":"2023-06-26T13:21:17","slug":"disolventes-diluyentes-e","status":"publish","type":"page","link":"https:\/\/www.mates.it\/es\/productos\/resinas-adhesivos-quimicos\/quimicos-inertes\/disolventes-diluyentes-e\/","title":{"rendered":"Disolventes \/ Diluyentes"},"content":{"rendered":"<div  class='flex_column av-av_three_fifth-7714eba142aeda1f8b5272a3c372b279 av_three_fifth  avia-builder-el-0  el_before_av_two_fifth  avia-builder-el-first  first flex_column_div  '     ><p>\n<style type=\"text\/css\" data-created_by=\"avia_inline_auto\" id=\"style-css-av-ljcvyw9n-ea0c64fe32ced6019dc79c9819cfa472\">\n#top .av-special-heading.av-ljcvyw9n-ea0c64fe32ced6019dc79c9819cfa472{\npadding-bottom:10px;\n}\nbody .av-special-heading.av-ljcvyw9n-ea0c64fe32ced6019dc79c9819cfa472 .av-special-heading-tag .heading-char{\nfont-size:25px;\n}\n.av-special-heading.av-ljcvyw9n-ea0c64fe32ced6019dc79c9819cfa472 .av-subheading{\nfont-size:15px;\n}\n<\/style>\n<div  class='av-special-heading av-ljcvyw9n-ea0c64fe32ced6019dc79c9819cfa472 av-special-heading-h1  avia-builder-el-1  el_before_av_textblock  avia-builder-el-first  custom-h1-title'><h1 class='av-special-heading-tag '  >Disolventes \/ Diluyentes<\/h1><div class=\"special-heading-border\"><div class=\"special-heading-inner-border\"><\/div><\/div><\/div><br \/>\n<section  class='av_textblock_section av-ljcvz50h-8b229c0e498316b17b6b79f67f520d66 '  ><div class='avia_textblock' ><p>Un solvente es un l\u00edquido que disuelve un soluto s\u00f3lido, l\u00edquido o gaseoso, dando como resultado una soluci\u00f3n. En la industria de los compuestos avanzados, los solventes se utilizan principalmente para eliminar los desechos qu\u00edmicos y no qu\u00edmicos que quedan del proceso de fabricaci\u00f3n de las m\u00e1quinas y herramientas. Aparte de esto, se pueden utilizar para la eliminaci\u00f3n de piezas enteras pintadas. Mates puede proporcionar a los clientes una gama de productos de limpieza espec\u00edficos, formulados para eliminar numerosas sustancias de diferentes superficies. Son capaces de conciliar un excelente rendimiento con un excelente nivel de sostenibilidad ambiental y, al mismo tiempo, grandes ahorros.<\/p>\n<\/div><\/section><\/p><\/div><div  class='flex_column av-av_two_fifth-f1c518e9ff58e869f80c8f093487abc9 av_two_fifth  avia-builder-el-3  el_after_av_three_fifth  el_before_av_hr  flex_column_div  '     ><style type=\"text\/css\" data-created_by=\"avia_inline_auto\" id=\"style-css-av-ljcw08oo-de65103cd0a24c72eb053f453d1fb3ec\">\n#top .togglecontainer.av-ljcw08oo-de65103cd0a24c72eb053f453d1fb3ec h4.toggler{\nfont-size:14px;\n}\n#top .togglecontainer.av-ljcw08oo-de65103cd0a24c72eb053f453d1fb3ec h4.toggler.activeTitle{\ncolor:#ffffff;\nborder-color:#ffffff;\nbackground-color:#2682d3;\n}\n<\/style>\n<div  class='togglecontainer av-ljcw08oo-de65103cd0a24c72eb053f453d1fb3ec  avia-builder-el-4  avia-builder-el-no-sibling  accordion_product toggle_close_all hasCurrentStyle' >\n<section class='av_toggle_section av-ljcvzis9-0759d4227a36b038a419bf62fc7b24ae' ><div role=\"tablist\" class=\"single_toggle\" data-tags=\"{Todo} \"  ><h4 id='toggle-toggle-id-1' data-fake-id='#toggle-id-1' class='toggler  activeTitle av-title-above '  role='tab' tabindex='0' aria-controls='toggle-id-1' data-slide-speed=\"200\" data-title=\"Ventajas\" data-title-open=\"\" data-aria_collapsed=\"Click to expand: Ventajas\" data-aria_expanded=\"Click to collapse: Ventajas\">Ventajas<span class=\"toggle_icon\"><span class=\"vert_icon\"><\/span><span class=\"hor_icon\"><\/span><\/span><\/h4><div id='toggle-id-1' aria-labelledby='toggle-toggle-id-1' role='region' class='toggle_wrap  active_tc av-title-above' style='display:block;' ><div class='toggle_content invers-color ' ><ul class=\"customlist1\">\n<li>Bajo costo<\/li>\n<li>Bajo impacto ambiental<\/li>\n<li>Suministro r\u00e1pido<\/li>\n<li>Fundamental para cualquier proceso<\/li>\n<\/ul>\n<\/div><\/div><\/div><\/section>\n<section class='av_toggle_section av-ljcw05pa-9eb59b2c57b1632bfd1c9cdd487fc4f3' ><div role=\"tablist\" class=\"single_toggle\" data-tags=\"{Todo} \"  ><h4 id='toggle-toggle-id-2' data-fake-id='#toggle-id-2' class='toggler  av-title-above '  role='tab' tabindex='0' aria-controls='toggle-id-2' data-slide-speed=\"200\" data-title=\"Tipos\" data-title-open=\"\" data-aria_collapsed=\"Click to expand: Tipos\" data-aria_expanded=\"Click to collapse: Tipos\">Tipos<span class=\"toggle_icon\"><span class=\"vert_icon\"><\/span><span class=\"hor_icon\"><\/span><\/span><\/h4><div id='toggle-id-2' aria-labelledby='toggle-toggle-id-2' role='region' class='toggle_wrap  av-title-above'  ><div class='toggle_content invers-color ' ><ul class=\"customlist2\">\n<li><a href=\"https:\/\/fileserver.mates.it\/Prodotti\/2_Matrici\/TDS\/Additivi\/P901_D_DS.pdf\" target=\"_blank\" rel=\"noopener\">901-D<\/a><\/li>\n<li>Acetona<\/li>\n<li>Alcohol<\/li>\n<li>Agua desmineralizada<\/li>\n<\/ul>\n<\/div><\/div><\/div><\/section>\n<\/div><\/div><div  class='hr av-av_hr-91d7ccd583a503147498e120fee2ff9b hr-default  avia-builder-el-5  el_after_av_two_fifth  avia-builder-el-last '><span class='hr-inner '><span class=\"hr-inner-style\"><\/span><\/span><\/div><\/p>\n","protected":false},"excerpt":{"rendered":"<p>Un solvente es un l\u00edquido que disuelve un soluto s\u00f3lido, l\u00edquido o gaseoso, dando como resultado una soluci\u00f3n. En la industria de los compuestos avanzados, se utilizan para eliminar los residuos restantes.<\/p>\n","protected":false},"author":2,"featured_media":0,"parent":9466,"menu_order":3,"comment_status":"open","ping_status":"open","template":"","meta":{"footnotes":""},"class_list":["post-9546","page","type-page","status-publish","hentry"],"_links":{"self":[{"href":"https:\/\/www.mates.it\/es\/wp-json\/wp\/v2\/pages\/9546","targetHints":{"allow":["GET"]}}],"collection":[{"href":"https:\/\/www.mates.it\/es\/wp-json\/wp\/v2\/pages"}],"about":[{"href":"https:\/\/www.mates.it\/es\/wp-json\/wp\/v2\/types\/page"}],"author":[{"embeddable":true,"href":"https:\/\/www.mates.it\/es\/wp-json\/wp\/v2\/users\/2"}],"replies":[{"embeddable":true,"href":"https:\/\/www.mates.it\/es\/wp-json\/wp\/v2\/comments?post=9546"}],"version-history":[{"count":0,"href":"https:\/\/www.mates.it\/es\/wp-json\/wp\/v2\/pages\/9546\/revisions"}],"up":[{"embeddable":true,"href":"https:\/\/www.mates.it\/es\/wp-json\/wp\/v2\/pages\/9466"}],"wp:attachment":[{"href":"https:\/\/www.mates.it\/es\/wp-json\/wp\/v2\/media?parent=9546"}],"curies":[{"name":"wp","href":"https:\/\/api.w.org\/{rel}","templated":true}]}}