{"id":9548,"date":"2016-08-01T14:09:01","date_gmt":"2016-08-01T12:09:01","guid":{"rendered":"https:\/\/www.mates.it\/prodotti\/resine-adesivi-chimici\/chimici-inerti\/additives-e\/"},"modified":"2023-12-02T11:15:22","modified_gmt":"2023-12-02T10:15:22","slug":"aditivos-e","status":"publish","type":"page","link":"https:\/\/www.mates.it\/es\/productos\/resinas-adhesivos-quimicos\/quimicos-inertes\/aditivos-e\/","title":{"rendered":"Aditivos"},"content":{"rendered":"<div  class='flex_column av-av_three_fifth-7714eba142aeda1f8b5272a3c372b279 av_three_fifth  avia-builder-el-0  el_before_av_two_fifth  avia-builder-el-first  first flex_column_div  '     ><p>\n<style type=\"text\/css\" data-created_by=\"avia_inline_auto\" id=\"style-css-av-ljcx5h4k-3b063e4cf72b05ebc5a7ef6f1d14bbcc\">\n#top .av-special-heading.av-ljcx5h4k-3b063e4cf72b05ebc5a7ef6f1d14bbcc{\npadding-bottom:10px;\n}\nbody .av-special-heading.av-ljcx5h4k-3b063e4cf72b05ebc5a7ef6f1d14bbcc .av-special-heading-tag .heading-char{\nfont-size:25px;\n}\n.av-special-heading.av-ljcx5h4k-3b063e4cf72b05ebc5a7ef6f1d14bbcc .av-subheading{\nfont-size:15px;\n}\n<\/style>\n<div  class='av-special-heading av-ljcx5h4k-3b063e4cf72b05ebc5a7ef6f1d14bbcc av-special-heading-h1  avia-builder-el-1  el_before_av_textblock  avia-builder-el-first  custom-h1-title'><h1 class='av-special-heading-tag '  >Additives<\/h1><div class=\"special-heading-border\"><div class=\"special-heading-inner-border\"><\/div><\/div><\/div><br \/>\n<section  class='av_textblock_section av-ljcx5cfl-09396a0e2e489e221cd154a9cc6d0e14 '  ><div class='avia_textblock' ><p>Esta categor\u00eda incluye aditivos para acelerar y retardar resinas, capaces de alterar la velocidad de un proceso qu\u00edmico. El uso de aceleradores permite administrar los tiempos de endurecimiento de un sistema epoxi de acuerdo con las necesidades de producci\u00f3n, influyendo solo indirectamente en su resultado cualitativo-cuantitativo; utilizados exclusivamente en aplicaciones con bajas temperaturas, requieren porcentajes de mezcla bien definidos en relaci\u00f3n a las mismas. Los aceleradores aumentan la reactividad y aceleran la polimerizaci\u00f3n de los sistemas epoxi, lo que garantiza un aumento de la rigidez y la resiliencia del producto terminado. Adem\u00e1s de estos art\u00edculos, tambi\u00e9n se deben agregar aditivos particulares que pueden usarse para modificar la compatibilidad entre diferentes resinas y variar algunas de sus propiedades.<\/p>\n<\/div><\/section><\/p><\/div>\n<div  class='flex_column av-av_two_fifth-f1c518e9ff58e869f80c8f093487abc9 av_two_fifth  avia-builder-el-3  el_after_av_three_fifth  el_before_av_hr  flex_column_div  '     ><style type=\"text\/css\" data-created_by=\"avia_inline_auto\" id=\"style-css-av-ljcx5yl5-565f1e2e3625170f731727b50f8cc106\">\n#top .togglecontainer.av-ljcx5yl5-565f1e2e3625170f731727b50f8cc106 h4.toggler{\nfont-size:14px;\n}\n#top .togglecontainer.av-ljcx5yl5-565f1e2e3625170f731727b50f8cc106 h4.toggler.activeTitle{\ncolor:#ffffff;\nborder-color:#ffffff;\nbackground-color:#2682d3;\n}\n<\/style>\n<div  class='togglecontainer av-ljcx5yl5-565f1e2e3625170f731727b50f8cc106  avia-builder-el-4  avia-builder-el-no-sibling  accordion_product toggle_close_all hasCurrentStyle' >\n<section class='av_toggle_section av-ljcx5u82-2daf5cd0e1893e418f4800bfb607edc6' ><div role=\"tablist\" class=\"single_toggle\" data-tags=\"{Todo} \"  ><h4 id='toggle-toggle-id-1' data-fake-id='#toggle-id-1' class='toggler  activeTitle av-title-above '  role='tab' tabindex='0' aria-controls='toggle-id-1' data-slide-speed=\"200\" data-title=\"Catalizadores\" data-title-open=\"\" data-aria_collapsed=\"Click to expand: Catalizadores\" data-aria_expanded=\"Click to collapse: Catalizadores\">Catalizadores<span class=\"toggle_icon\"><span class=\"vert_icon\"><\/span><span class=\"hor_icon\"><\/span><\/span><\/h4><div id='toggle-id-1' aria-labelledby='toggle-toggle-id-1' role='region' class='toggle_wrap  active_tc av-title-above' style='display:block;' ><div class='toggle_content invers-color ' ><ul class=\"customlist1\">\n<li><a href=\"https:\/\/fileserver.mates.it\/Prodotti\/2_Matrici\/TDS\/Additivi\/TDS%20LUPEROX%20K12G.pdf\" target=\"_blank\" rel=\"noopener\">Luperox \u00ae K12<\/a><\/li>\n<li><a href=\"https:\/\/fileserver.mates.it\/Prodotti\/2_Matrici\/TDS\/Additivi\/NOROX%C2%AEMCP-75_TDS_UP-AMB_EN.pdf\" target=\"_blank\" rel=\"noopener\">Norox \u00ae MCP-75<\/a><\/li>\n<li><a href=\"https:\/\/fileserver.mates.it\/Prodotti\/2_Matrici\/TDS\/Additivi\/TDS%20RETIC%20C%20101%20ENG.pdf\" target=\"_blank\" rel=\"noopener\">Retic \u00ae C<\/a><\/li>\n<li><a href=\"https:\/\/fileserver.mates.it\/Prodotti\/2_Matrici\/TDS\/Additivi\/TDS%20LUPEROX%20K1SN_E.pdf\" target=\"_blank\" rel=\"noopener\">Luperox \u00ae K1SN E<\/a><\/li>\n<\/ul>\n<\/div><\/div><\/div><\/section>\n<section class='av_toggle_section av-ljcx5xvx-90cce166a771d1796e1bba56728de8ad' ><div role=\"tablist\" class=\"single_toggle\" data-tags=\"{Todo} \"  ><h4 id='toggle-toggle-id-2' data-fake-id='#toggle-id-2' class='toggler  av-title-above '  role='tab' tabindex='0' aria-controls='toggle-id-2' data-slide-speed=\"200\" data-title=\"Aditivos\" data-title-open=\"\" data-aria_collapsed=\"Click to expand: Aditivos\" data-aria_expanded=\"Click to collapse: Aditivos\">Aditivos<span class=\"toggle_icon\"><span class=\"vert_icon\"><\/span><span class=\"hor_icon\"><\/span><\/span><\/h4><div id='toggle-id-2' aria-labelledby='toggle-toggle-id-2' role='region' class='toggle_wrap  av-title-above'  ><div class='toggle_content invers-color ' ><ul class=\"customlist2\">\n<li><a href=\"https:\/\/fileserver.mates.it\/Prodotti\/2_Matrici\/TDS\/Additivi\/ADD-UP2_ita-1.pdf\" target=\"_blank\" rel=\"noopener noreferrer\">ADD-UP2<\/a><\/li>\n<li><a href=\"https:\/\/fileserver.mates.it\/Prodotti\/2_Matrici\/TDS\/Additivi\/Y21_ita.pdf\" target=\"_blank\" rel=\"noopener noreferrer\">Y21<\/a><\/li>\n<li><a href=\"https:\/\/fileserver.mates.it\/Prodotti\/2_Matrici\/TDS\/Additivi\/Y72_ita.pdf\" target=\"_blank\" rel=\"noopener noreferrer\">Y72<\/a><\/li>\n<\/ul>\n<\/div><\/div><\/div><\/section>\n<\/div><\/div><div  class='hr av-av_hr-91d7ccd583a503147498e120fee2ff9b hr-default  avia-builder-el-5  el_after_av_two_fifth  avia-builder-el-last '><span class='hr-inner '><span class=\"hr-inner-style\"><\/span><\/span><\/div><\/p>\n","protected":false},"excerpt":{"rendered":"<p>Esta categor\u00eda incluye aditivos para acelerar y retardar resinas, capaces de alterar la velocidad de un proceso qu\u00edmico. El uso de aceleradores permite gestionar los tiempos de endurecimiento.<\/p>\n","protected":false},"author":2,"featured_media":0,"parent":9466,"menu_order":2,"comment_status":"open","ping_status":"open","template":"","meta":{"footnotes":""},"class_list":["post-9548","page","type-page","status-publish","hentry"],"_links":{"self":[{"href":"https:\/\/www.mates.it\/es\/wp-json\/wp\/v2\/pages\/9548","targetHints":{"allow":["GET"]}}],"collection":[{"href":"https:\/\/www.mates.it\/es\/wp-json\/wp\/v2\/pages"}],"about":[{"href":"https:\/\/www.mates.it\/es\/wp-json\/wp\/v2\/types\/page"}],"author":[{"embeddable":true,"href":"https:\/\/www.mates.it\/es\/wp-json\/wp\/v2\/users\/2"}],"replies":[{"embeddable":true,"href":"https:\/\/www.mates.it\/es\/wp-json\/wp\/v2\/comments?post=9548"}],"version-history":[{"count":0,"href":"https:\/\/www.mates.it\/es\/wp-json\/wp\/v2\/pages\/9548\/revisions"}],"up":[{"embeddable":true,"href":"https:\/\/www.mates.it\/es\/wp-json\/wp\/v2\/pages\/9466"}],"wp:attachment":[{"href":"https:\/\/www.mates.it\/es\/wp-json\/wp\/v2\/media?parent=9548"}],"curies":[{"name":"wp","href":"https:\/\/api.w.org\/{rel}","templated":true}]}}