{"id":9550,"date":"2016-08-01T22:12:06","date_gmt":"2016-08-01T20:12:06","guid":{"rendered":"https:\/\/www.mates.it\/prodotti\/agenti-distaccanti\/semipermanenti\/agentes-desmoldantes-s\/"},"modified":"2025-11-08T18:54:20","modified_gmt":"2025-11-08T17:54:20","slug":"agentes-desmoldantes-s","status":"publish","type":"page","link":"https:\/\/www.mates.it\/es\/productos\/agentes-desmoldantes\/semi-permanente\/agentes-desmoldantes-s\/","title":{"rendered":"Agentes desmoldantes"},"content":{"rendered":"<div  class='flex_column av-66mtlq-9be4934287b2d152948e9b646da3e48c av_three_fifth  avia-builder-el-0  el_before_av_two_fifth  avia-builder-el-first  first flex_column_div  '     ><p>\n<style type=\"text\/css\" data-created_by=\"avia_inline_auto\" id=\"style-css-av-ljd9li6z-694bb7402d49125a69dba0b6f720b536\">\n#top .av-special-heading.av-ljd9li6z-694bb7402d49125a69dba0b6f720b536{\npadding-bottom:10px;\n}\nbody .av-special-heading.av-ljd9li6z-694bb7402d49125a69dba0b6f720b536 .av-special-heading-tag .heading-char{\nfont-size:25px;\n}\n.av-special-heading.av-ljd9li6z-694bb7402d49125a69dba0b6f720b536 .av-subheading{\nfont-size:15px;\n}\n<\/style>\n<div  class='av-special-heading av-ljd9li6z-694bb7402d49125a69dba0b6f720b536 av-special-heading-h1  avia-builder-el-1  el_before_av_textblock  avia-builder-el-first  custom-h1-title'><h1 class='av-special-heading-tag '  >Agentes desmoldantes<\/h1><div class=\"special-heading-border\"><div class=\"special-heading-inner-border\"><\/div><\/div><\/div><br \/>\n<section  class='av_textblock_section av-ljd9ldjm-a8bbeb7853ef5b755cb476f3bdb054f2 '  ><div class='avia_textblock' ><p>Una gama de soluciones de desmoldeo dise\u00f1adas para aplicaciones avanzadas de moldeo de compuestos. Los agentes de liberaci\u00f3n de la marca Chem-Trend \u00ae se han desarrollado espec\u00edficamente para satisfacer las necesidades de los principales fabricantes en la industria de materiales compuestos. Hay disponible una amplia variedad de opciones que le permiten utilizar el agente de liberaci\u00f3n \u00f3ptimo para cada proceso. Formulados para controlar los factores f\u00edsicos y qu\u00edmicos en entornos de moldeo de poli\u00e9ster, vinil\u00e9ster y epoxi, reducen el tiempo de preparaci\u00f3n del molde al mismo tiempo que brindan una liberaci\u00f3n semipermanente predecible en todo el rango de rendimiento, desde el deslizamiento m\u00ednimo hasta el m\u00e1ximo. Son, b\u00e1sicamente, pol\u00edmeros pl\u00e1sticos en base agua o disolvente de altas prestaciones, creados para garantizar m\u00faltiples versiones, superando los requisitos medioambientales m\u00e1s exigentes y estando dotados de certificaciones aeron\u00e1uticas.<\/p>\n<div style=\"width: 100%;\"><\/div>\n<\/div><\/section><\/p><\/div>\n<div  class='flex_column av-4hpbjy-34efd287a54ab46c0f8c7d999b0da3bf av_two_fifth  avia-builder-el-3  el_after_av_three_fifth  el_before_av_hr  flex_column_div  '     ><style type=\"text\/css\" data-created_by=\"avia_inline_auto\" id=\"style-css-av-ljd9m5ox-fc59dbed78b8d7bd2653b9e3ae4abc49\">\n#top .togglecontainer.av-ljd9m5ox-fc59dbed78b8d7bd2653b9e3ae4abc49 h4.toggler{\nfont-size:14px;\n}\n#top .togglecontainer.av-ljd9m5ox-fc59dbed78b8d7bd2653b9e3ae4abc49 h4.toggler.activeTitle{\ncolor:#ffffff;\nborder-color:#ffffff;\nbackground-color:#2682d3;\n}\n<\/style>\n<div  class='togglecontainer av-ljd9m5ox-fc59dbed78b8d7bd2653b9e3ae4abc49  avia-builder-el-4  avia-builder-el-no-sibling  accordion_product toggle_close_all hasCurrentStyle' >\n<section class='av_toggle_section av-ljd9ly2t-43173fc22359ea69a29cb028b83fe959' ><div role=\"tablist\" class=\"single_toggle\" data-tags=\"{Todo} \"  ><h4 id='toggle-toggle-id-1' data-fake-id='#toggle-id-1' class='toggler  activeTitle av-title-above '  role='tab' tabindex='0' aria-controls='toggle-id-1' data-slide-speed=\"200\" data-title=\"Base solvente\" data-title-open=\"\" data-aria_collapsed=\"Click to expand: Base solvente\" data-aria_expanded=\"Click to collapse: Base solvente\">Base solvente<span class=\"toggle_icon\"><span class=\"vert_icon\"><\/span><span class=\"hor_icon\"><\/span><\/span><\/h4><div id='toggle-id-1' aria-labelledby='toggle-toggle-id-1' role='region' class='toggle_wrap  active_tc av-title-above' style='display:block;' ><div class='toggle_content invers-color ' ><ul class=\"customlist1\">\n<li><a href=\"https:\/\/fileserver.mates.it\/Prodotti\/3_Distaccanti\/TDS\/Chemtrend\/Distaccanti\/zyvax_flex_z_TDS.pdf\" target=\"_blank\" rel=\"noopener noreferrer\">Zyvax \u00ae Flex-Z\u2122<\/a><\/li>\n<li><a href=\"https:\/\/fileserver.mates.it\/Prodotti\/3_Distaccanti\/TDS\/Chemtrend\/Distaccanti\/zyvax_1101_TDS.pdf\" target=\"_blank\" rel=\"noopener\">Zyvax \u00ae 1101<\/a><\/li>\n<li><a href=\"https:\/\/fileserver.mates.it\/Prodotti\/3_Distaccanti\/TDS\/Chemtrend\/Distaccanti\/chemlease_255_TDS.pdf\" target=\"_blank\" rel=\"noopener noreferrer\">Chemlease \u00ae 255 \/ Peek<\/a><\/li>\n<\/ul>\n<\/div><\/div><\/div><\/section>\n<section class='av_toggle_section av-ljd9m4e9-4bd3edbb0fccdee0a15dff0ab4f7a421' ><div role=\"tablist\" class=\"single_toggle\" data-tags=\"{Todo} \"  ><h4 id='toggle-toggle-id-2' data-fake-id='#toggle-id-2' class='toggler  av-title-above '  role='tab' tabindex='0' aria-controls='toggle-id-2' data-slide-speed=\"200\" data-title=\"Base de agua \/ Sin disolventes\" data-title-open=\"\" data-aria_collapsed=\"Click to expand: Base de agua \/ Sin disolventes\" data-aria_expanded=\"Click to collapse: Base de agua \/ Sin disolventes\">Base de agua \/ Sin disolventes<span class=\"toggle_icon\"><span class=\"vert_icon\"><\/span><span class=\"hor_icon\"><\/span><\/span><\/h4><div id='toggle-id-2' aria-labelledby='toggle-toggle-id-2' role='region' class='toggle_wrap  av-title-above'  ><div class='toggle_content invers-color ' ><ul class=\"customlist2\">\n<li><a href=\"https:\/\/fileserver.mates.it\/Prodotti\/3_Distaccanti\/TDS\/Chemtrend\/Distaccanti\/zyvax_825WB_TDS.pdf\" target=\"_blank\" rel=\"noopener\">Zyvax \u00ae 825WB<\/a><\/li>\n<li><a href=\"https:\/\/fileserver.mates.it\/Prodotti\/3_Distaccanti\/TDS\/Chemtrend\/Distaccanti\/zyvax_watershield_TDS.pdf\" target=\"_blank\" rel=\"noopener\">Zyvax \u00ae WaterShield\u2122<\/a><\/li>\n<li><a href=\"https:\/\/fileserver.mates.it\/Prodotti\/3_Distaccanti\/TDS\/Chemtrend\/Distaccanti\/zyvax_enviroshield_TDS.pdf\" target=\"_blank\" rel=\"noopener noreferrer\">Zyvax \u00ae EnviroShield\u2122<\/a><\/li>\n<li><a href=\"https:\/\/fileserver.mates.it\/Prodotti\/3_Distaccanti\/TDS\/Chemtrend\/Distaccanti\/zyvax_departure_TDS.pdf\" target=\"_blank\" rel=\"noopener noreferrer\">Zyvax \u00ae Departure\u2122<\/a><\/li>\n<li><a href=\"https:\/\/fileserver.mates.it\/Prodotti\/3_Distaccanti\/TDS\/Chemtrend\/Distaccanti\/zyvax_1070W_TDS.pdf\" target=\"_blank\" rel=\"noopener noreferrer\">Zyvax \u00ae 1070 W<\/a><\/li>\n<\/ul>\n<\/div><\/div><\/div><\/section>\n<\/div><\/div><div  class='hr av-2xwd0u-f37f94f7ede3fb8cf0a8a583aa4f1c85 hr-default  avia-builder-el-5  el_after_av_two_fifth  avia-builder-el-last '><span class='hr-inner '><span class=\"hr-inner-style\"><\/span><\/span><\/div><\/p>\n","protected":false},"excerpt":{"rendered":"<p>Una gama de soluciones de desmoldeo dise\u00f1adas para aplicaciones avanzadas de moldeo de compuestos desarrolladas espec\u00edficamente para satisfacer las necesidades de las empresas.<\/p>\n","protected":false},"author":2,"featured_media":0,"parent":9476,"menu_order":3,"comment_status":"open","ping_status":"open","template":"","meta":{"footnotes":""},"class_list":["post-9550","page","type-page","status-publish","hentry"],"_links":{"self":[{"href":"https:\/\/www.mates.it\/es\/wp-json\/wp\/v2\/pages\/9550","targetHints":{"allow":["GET"]}}],"collection":[{"href":"https:\/\/www.mates.it\/es\/wp-json\/wp\/v2\/pages"}],"about":[{"href":"https:\/\/www.mates.it\/es\/wp-json\/wp\/v2\/types\/page"}],"author":[{"embeddable":true,"href":"https:\/\/www.mates.it\/es\/wp-json\/wp\/v2\/users\/2"}],"replies":[{"embeddable":true,"href":"https:\/\/www.mates.it\/es\/wp-json\/wp\/v2\/comments?post=9550"}],"version-history":[{"count":0,"href":"https:\/\/www.mates.it\/es\/wp-json\/wp\/v2\/pages\/9550\/revisions"}],"up":[{"embeddable":true,"href":"https:\/\/www.mates.it\/es\/wp-json\/wp\/v2\/pages\/9476"}],"wp:attachment":[{"href":"https:\/\/www.mates.it\/es\/wp-json\/wp\/v2\/media?parent=9550"}],"curies":[{"name":"wp","href":"https:\/\/api.w.org\/{rel}","templated":true}]}}