{"id":9555,"date":"2016-08-02T15:52:23","date_gmt":"2016-08-02T13:52:23","guid":{"rendered":"https:\/\/www.mates.it\/prodotti\/materiali-anima-core\/naturali\/cork-e\/"},"modified":"2023-06-28T16:19:15","modified_gmt":"2023-06-28T14:19:15","slug":"corcho","status":"publish","type":"page","link":"https:\/\/www.mates.it\/es\/productos\/nucleos-estructurales\/naturales\/corcho\/","title":{"rendered":"Corcho"},"content":{"rendered":"<div  class='flex_column av-av_three_fifth-7714eba142aeda1f8b5272a3c372b279 av_three_fifth  avia-builder-el-0  el_before_av_two_fifth  avia-builder-el-first  first flex_column_div  '     ><p>\n<style type=\"text\/css\" data-created_by=\"avia_inline_auto\" id=\"style-css-av-ljeg7nml-8fcba34643685308cacb443e5a9c1e86\">\n#top .av-special-heading.av-ljeg7nml-8fcba34643685308cacb443e5a9c1e86{\npadding-bottom:10px;\n}\nbody .av-special-heading.av-ljeg7nml-8fcba34643685308cacb443e5a9c1e86 .av-special-heading-tag .heading-char{\nfont-size:25px;\n}\n.av-special-heading.av-ljeg7nml-8fcba34643685308cacb443e5a9c1e86 .av-subheading{\nfont-size:15px;\n}\n<\/style>\n<div  class='av-special-heading av-ljeg7nml-8fcba34643685308cacb443e5a9c1e86 av-special-heading-h1  avia-builder-el-1  el_before_av_textblock  avia-builder-el-first  custom-h1-title'><h1 class='av-special-heading-tag '  >Corcho<\/h1><div class=\"special-heading-border\"><div class=\"special-heading-inner-border\"><\/div><\/div><\/div><br \/>\n<section  class='av_textblock_section av-ljeg7a4g-142d7edcf6e705d5db693b662365ce38 '  ><div class='avia_textblock' ><p>El corcho es un material de n\u00facleo \u00fanico de origen natural, dotado de gran versatilidad y estabilidad. Se obtiene de la corteza del alcornoque reducida a gr\u00e1nulos, sobrecalentada y compactada en bloques utilizando su cola natural, dando lugar a un panel. Este producto tiene una estructura particular capaz de garantizar una baja absorci\u00f3n de resina, asegurando al mismo tiempo una considerable resistencia mec\u00e1nica, as\u00ed como estabilidad dimensional y ligereza. Otra caracter\u00edstica del corcho es su baja conductividad t\u00e9rmica, que lo convierte en un material ign\u00edfugo pero al mismo tiempo impermeable al agua y a otros agentes, qu\u00edmicos o no. Utilizado en sectores como el transporte, el ocio y las infraestructuras, tambi\u00e9n es capaz de garantizar un excelente aislamiento termoac\u00fastico y una durabilidad pr\u00e1cticamente ilimitada.<\/p>\n<\/div><\/section><\/p><\/div>\n<div  class='flex_column av-av_two_fifth-f1c518e9ff58e869f80c8f093487abc9 av_two_fifth  avia-builder-el-3  el_after_av_three_fifth  el_before_av_hr  flex_column_div  '     ><style type=\"text\/css\" data-created_by=\"avia_inline_auto\" id=\"style-css-av-ljfsyih6-ce909f9dc4db0baca7dcdf78b800dd08\">\n#top .togglecontainer.av-ljfsyih6-ce909f9dc4db0baca7dcdf78b800dd08 h4.toggler{\nfont-size:14px;\n}\n#top .togglecontainer.av-ljfsyih6-ce909f9dc4db0baca7dcdf78b800dd08 h4.toggler.activeTitle{\ncolor:#ffffff;\nborder-color:#ffffff;\nbackground-color:#2682d3;\n}\n<\/style>\n<div  class='togglecontainer av-ljfsyih6-ce909f9dc4db0baca7dcdf78b800dd08  avia-builder-el-4  avia-builder-el-no-sibling  accordion_product toggle_close_all hasCurrentStyle' >\n<section class='av_toggle_section av-ljfsyeuj-345eec7bc771993692abd42c0c8b356d' ><div role=\"tablist\" class=\"single_toggle\" data-tags=\"{Todo} \"  ><h4 id='toggle-toggle-id-1' data-fake-id='#toggle-id-1' class='toggler  activeTitle av-title-above '  role='tab' tabindex='0' aria-controls='toggle-id-1' data-slide-speed=\"200\" data-title=\"Ventajas\" data-title-open=\"\" data-aria_collapsed=\"Click to expand: Ventajas\" data-aria_expanded=\"Click to collapse: Ventajas\">Ventajas<span class=\"toggle_icon\"><span class=\"vert_icon\"><\/span><span class=\"hor_icon\"><\/span><\/span><\/h4><div id='toggle-id-1' aria-labelledby='toggle-toggle-id-1' role='region' class='toggle_wrap  active_tc av-title-above' style='display:block;' ><div class='toggle_content invers-color ' ><ul class=\"customlist1\">\n<li>Excelente resistencia mec\u00e1nica<\/li>\n<li>Aislamiento t\u00e9rmico\/ac\u00fastico<\/li>\n<li>Baja conductividad t\u00e9rmica<\/li>\n<li>Origen natural \/ Reciclable<\/li>\n<\/ul>\n<\/div><\/div><\/div><\/section>\n<section class='av_toggle_section av-ljfsyhw4-2078e65244bff7ae4a3619695c23ba24' ><div role=\"tablist\" class=\"single_toggle\" data-tags=\"{Todo} \"  ><h4 id='toggle-toggle-id-2' data-fake-id='#toggle-id-2' class='toggler  av-title-above '  role='tab' tabindex='0' aria-controls='toggle-id-2' data-slide-speed=\"200\" data-title=\"Tipos\" data-title-open=\"\" data-aria_collapsed=\"Click to expand: Tipos\" data-aria_expanded=\"Click to collapse: Tipos\">Tipos<span class=\"toggle_icon\"><span class=\"vert_icon\"><\/span><span class=\"hor_icon\"><\/span><\/span><\/h4><div id='toggle-id-2' aria-labelledby='toggle-toggle-id-2' role='region' class='toggle_wrap  av-title-above'  ><div class='toggle_content invers-color ' ><ul class=\"customlist2\">\n<li><a href=\"https:\/\/fileserver.mates.it\/Prodotti\/4_Anime\/TDS\/Mates\/Naturali_MyCork.pdf\" target=\"_blank\" rel=\"noopener\">MyCork<\/a><\/li>\n<\/ul>\n<\/div><\/div><\/div><\/section>\n<\/div><\/div><div  class='hr av-av_hr-91d7ccd583a503147498e120fee2ff9b hr-default  avia-builder-el-5  el_after_av_two_fifth  avia-builder-el-last '><span class='hr-inner '><span class=\"hr-inner-style\"><\/span><\/span><\/div><\/p>\n","protected":false},"excerpt":{"rendered":"<p>El corcho es un material de n\u00facleo \u00fanico de origen natural con una gran versatilidad y estabilidad. Se obtiene de la corteza del alcornoque reducida a gr\u00e1nulos, sobrecalentada y compactada en bloques.<\/p>\n","protected":false},"author":2,"featured_media":0,"parent":9613,"menu_order":1,"comment_status":"open","ping_status":"open","template":"","meta":{"footnotes":""},"class_list":["post-9555","page","type-page","status-publish","hentry"],"_links":{"self":[{"href":"https:\/\/www.mates.it\/es\/wp-json\/wp\/v2\/pages\/9555","targetHints":{"allow":["GET"]}}],"collection":[{"href":"https:\/\/www.mates.it\/es\/wp-json\/wp\/v2\/pages"}],"about":[{"href":"https:\/\/www.mates.it\/es\/wp-json\/wp\/v2\/types\/page"}],"author":[{"embeddable":true,"href":"https:\/\/www.mates.it\/es\/wp-json\/wp\/v2\/users\/2"}],"replies":[{"embeddable":true,"href":"https:\/\/www.mates.it\/es\/wp-json\/wp\/v2\/comments?post=9555"}],"version-history":[{"count":0,"href":"https:\/\/www.mates.it\/es\/wp-json\/wp\/v2\/pages\/9555\/revisions"}],"up":[{"embeddable":true,"href":"https:\/\/www.mates.it\/es\/wp-json\/wp\/v2\/pages\/9613"}],"wp:attachment":[{"href":"https:\/\/www.mates.it\/es\/wp-json\/wp\/v2\/media?parent=9555"}],"curies":[{"name":"wp","href":"https:\/\/api.w.org\/{rel}","templated":true}]}}