{"id":9556,"date":"2016-08-02T15:53:02","date_gmt":"2016-08-02T13:53:02","guid":{"rendered":"https:\/\/www.mates.it\/prodotti\/materiali-anima-core\/espansi\/pvc-e\/"},"modified":"2023-06-26T22:38:03","modified_gmt":"2023-06-26T20:38:03","slug":"pvc-e","status":"publish","type":"page","link":"https:\/\/www.mates.it\/es\/productos\/nucleos-estructurales\/espumas\/pvc-e\/","title":{"rendered":"PVC"},"content":{"rendered":"<div  class='flex_column av-av_three_fifth-7714eba142aeda1f8b5272a3c372b279 av_three_fifth  avia-builder-el-0  el_before_av_two_fifth  avia-builder-el-first  first flex_column_div  '     ><p>\n<style type=\"text\/css\" data-created_by=\"avia_inline_auto\" id=\"style-css-av-av_heading-ffa54644bb91a970e7d024e605fb1fce\">\n#top .av-special-heading.av-av_heading-ffa54644bb91a970e7d024e605fb1fce{\npadding-bottom:10px;\n}\nbody .av-special-heading.av-av_heading-ffa54644bb91a970e7d024e605fb1fce .av-special-heading-tag .heading-char{\nfont-size:25px;\n}\n.av-special-heading.av-av_heading-ffa54644bb91a970e7d024e605fb1fce .av-subheading{\nfont-size:15px;\n}\n<\/style>\n<div  class='av-special-heading av-av_heading-ffa54644bb91a970e7d024e605fb1fce av-special-heading-h1  avia-builder-el-1  el_before_av_textblock  avia-builder-el-first  custom-h1-title'><h1 class='av-special-heading-tag '  >PVC<\/h1><div class=\"special-heading-border\"><div class=\"special-heading-inner-border\"><\/div><\/div><\/div><br \/>\n<section  class='av_textblock_section av-ljdbm1n5-618af2654c90da0729a61f916a6ad740 '  ><div class='avia_textblock' ><p>El PVC es un n\u00facleo de espuma estructural de celda cerrada, en forma de espuma r\u00edgida, que tiene una alta relaci\u00f3n resistencia\/peso. La espuma est\u00e1 hecha de PVC reticulado con celdas y su superficie puede ser plana, perforada o grabada para garantizar el mejor flujo de resinas en los procesos de infusi\u00f3n. Su estructura permite obtener una m\u00ednima absorci\u00f3n de resina garantizando una reducci\u00f3n neta del peso final del laminado, pero aumentando su rigidez y por tanto sus caracter\u00edsticas mec\u00e1nicas. La compatibilidad del PVC con la mayor\u00eda de las resinas del mercado tambi\u00e9n lo hace adaptable a una amplia gama de procesos de moldeo (infusi\u00f3n, laminaci\u00f3n, prensado mec\u00e1nico). Utilizado como n\u00facleo de estructuras s\u00e1ndwich de alto rendimiento, es capaz de garantizar una alta durabilidad y una excelente resistencia tanto qu\u00edmica como mec\u00e1nica.<\/p>\n<div style=\"width: 100%;\"><\/div>\n<\/div><\/section><\/p><\/div><div  class='flex_column av-av_two_fifth-f1c518e9ff58e869f80c8f093487abc9 av_two_fifth  avia-builder-el-3  el_after_av_three_fifth  el_before_av_hr  flex_column_div  '     ><style type=\"text\/css\" data-created_by=\"avia_inline_auto\" id=\"style-css-av-av_toggle_container-aa303faae9b53071bb573d27bc7412b5\">\n#top .togglecontainer.av-av_toggle_container-aa303faae9b53071bb573d27bc7412b5 h4.toggler{\nfont-size:14px;\n}\n#top .togglecontainer.av-av_toggle_container-aa303faae9b53071bb573d27bc7412b5 h4.toggler.activeTitle{\ncolor:#ffffff;\nborder-color:#ffffff;\nbackground-color:#2682d3;\n}\n<\/style>\n<div  class='togglecontainer av-av_toggle_container-aa303faae9b53071bb573d27bc7412b5  avia-builder-el-4  avia-builder-el-no-sibling  accordion_product toggle_close_all hasCurrentStyle' >\n<section class='av_toggle_section av-av_toggle-ef7e9dc1940cafd6791972c80afb4af7' ><div role=\"tablist\" class=\"single_toggle\" data-tags=\"{Todo} \"  ><h4 id='toggle-toggle-id-1' data-fake-id='#toggle-id-1' class='toggler  activeTitle av-title-above '  role='tab' tabindex='0' aria-controls='toggle-id-1' data-slide-speed=\"200\" data-title=\"MyCell \u00ae\" data-title-open=\"\" data-aria_collapsed=\"Click to expand: MyCell \u00ae\" data-aria_expanded=\"Click to collapse: MyCell \u00ae\">MyCell \u00ae<span class=\"toggle_icon\"><span class=\"vert_icon\"><\/span><span class=\"hor_icon\"><\/span><\/span><\/h4><div id='toggle-id-1' aria-labelledby='toggle-toggle-id-1' role='region' class='toggle_wrap  active_tc av-title-above' style='display:block;' ><div class='toggle_content invers-color ' ><ul class=\"customlist1\">\n<li><a href=\"https:\/\/fileserver.mates.it\/Prodotti\/4_Anime\/TDS\/Mates\/PVC\/MC40_DS.pdf\" target=\"_blank\" rel=\"noopener\">MC40<\/a><\/li>\n<li><a href=\"https:\/\/fileserver.mates.it\/Prodotti\/4_Anime\/TDS\/Mates\/PVC\/MC48_DS.pdf\" target=\"_blank\" rel=\"noopener\">MC48<\/a><\/li>\n<li><a href=\"https:\/\/fileserver.mates.it\/Prodotti\/4_Anime\/TDS\/Mates\/PVC\/MC60_DS.pdf\" target=\"_blank\" rel=\"noopener\">MC60<\/a><\/li>\n<li><a href=\"https:\/\/fileserver.mates.it\/Prodotti\/4_Anime\/TDS\/Mates\/PVC\/MC60HT_DS.pdf\" target=\"_blank\" rel=\"noopener\">MC60HT<\/a><\/li>\n<li><a href=\"https:\/\/fileserver.mates.it\/Prodotti\/4_Anime\/TDS\/Mates\/PVC\/MC80_DS.pdf\" target=\"_blank\" rel=\"noopener\">MC80<\/a><\/li>\n<li><a href=\"https:\/\/fileserver.mates.it\/Prodotti\/4_Anime\/TDS\/Mates\/PVC\/MC80HT_DS.pdf\" target=\"_blank\" rel=\"noopener\">MC80HT<\/a><\/li>\n<li><a href=\"https:\/\/fileserver.mates.it\/Prodotti\/4_Anime\/TDS\/Mates\/PVC\/MC100_DS.pdf\" target=\"_blank\" rel=\"noopener\">MC100<\/a><\/li>\n<li><a href=\"https:\/\/fileserver.mates.it\/Prodotti\/4_Anime\/TDS\/Mates\/PVC\/MC130_DS.pdf\" target=\"_blank\" rel=\"noopener\">MC130<\/a><\/li>\n<li><a href=\"https:\/\/fileserver.mates.it\/Prodotti\/4_Anime\/TDS\/Mates\/PVC\/MC200_DS.pdf\" target=\"_blank\" rel=\"noopener\">MC200<\/a><\/li>\n<li><a href=\"https:\/\/fileserver.mates.it\/Prodotti\/4_Anime\/TDS\/Mates\/PVC\/MC250_DS.pdf\" target=\"_blank\" rel=\"noopener\">MC250<\/a><\/li>\n<\/ul>\n<\/div><\/div><\/div><\/section>\n<section class='av_toggle_section av-av_toggle-5ddc5fe56f506e773f2ba942766a73fa' ><div role=\"tablist\" class=\"single_toggle\" data-tags=\"{Todo} \"  ><h4 id='toggle-toggle-id-2' data-fake-id='#toggle-id-2' class='toggler  av-title-above '  role='tab' tabindex='0' aria-controls='toggle-id-2' data-slide-speed=\"200\" data-title=\"Airex \u00ae\" data-title-open=\"\" data-aria_collapsed=\"Click to expand: Airex \u00ae\" data-aria_expanded=\"Click to collapse: Airex \u00ae\">Airex \u00ae<span class=\"toggle_icon\"><span class=\"vert_icon\"><\/span><span class=\"hor_icon\"><\/span><\/span><\/h4><div id='toggle-id-2' aria-labelledby='toggle-toggle-id-2' role='region' class='toggle_wrap  av-title-above'  ><div class='toggle_content invers-color ' ><ul class=\"customlist2\">\n<li><a href=\"https:\/\/fileserver.mates.it\/Prodotti\/4_Anime\/TDS\/Airex\/TDS-AIREX-C51.pdf\" target=\"_blank\" rel=\"noopener\">C51<\/a><\/li>\n<li><a href=\"https:\/\/fileserver.mates.it\/Prodotti\/4_Anime\/TDS\/Airex\/TDS-AIREX-C70.pdf\" target=\"_blank\" rel=\"noopener\">C70<\/a><\/li>\n<li><a href=\"https:\/\/fileserver.mates.it\/Prodotti\/4_Anime\/TDS\/Airex\/TDS-AIREX-PXc.pdf\" target=\"_blank\" rel=\"noopener\">PXc<\/a><\/li>\n<li><a href=\"https:\/\/fileserver.mates.it\/Prodotti\/4_Anime\/TDS\/Airex\/TDS-AIREX-PXw.pdf\" target=\"_blank\" rel=\"noopener\">PXw<\/a><\/li>\n<li><a href=\"https:\/\/fileserver.mates.it\/Prodotti\/4_Anime\/TDS\/Airex\/TDS-AIREX-R82.pdf\" target=\"_blank\" rel=\"noopener\">R82<\/a><\/li>\n<\/ul>\n<\/div><\/div><\/div><\/section>\n<\/div><\/div><\/p>\n<div  class='hr av-av_hr-91d7ccd583a503147498e120fee2ff9b hr-default  avia-builder-el-5  el_after_av_two_fifth  el_before_av_one_full '><span class='hr-inner '><span class=\"hr-inner-style\"><\/span><\/span><\/div>\n<div  class='flex_column av-av_one_full-7714eba142aeda1f8b5272a3c372b279 av_one_full  avia-builder-el-6  el_after_av_hr  avia-builder-el-last  first flex_column_div  '     ><div  class='avia-button-wrap av-av_button-d01602e7fe6ece0761cf0f322b5ab7de-wrap avia-button-left  avia-builder-el-7  avia-builder-el-no-sibling '><a href=\"https:\/\/fileserver.mates.it\/Prodotti\/4_Anime\/TDS\/Mates\/PVC\/pvc_confezioni.pdf\" class=\"avia-button av-av_button-d01602e7fe6ece0761cf0f322b5ab7de av-link-btn avia-icon_select-yes-left-icon avia-size-small avia-position-left avia-color-theme-color\" target=\"_blank\" rel=\"noopener noreferrer\" aria-label=\"  MyCell \u00ae boxes \"><span class='avia_button_icon avia_button_icon_left avia-iconfont avia-font-entypo-fontello' data-av_icon='\ue82d' data-av_iconfont='entypo-fontello' ><\/span><span class='avia_iconbox_title' >  MyCell \u00ae boxes <\/span><\/a><\/div><\/div>\n","protected":false},"excerpt":{"rendered":"<p>El PVC es un n\u00facleo de espuma estructural de celda cerrada, en forma de espuma r\u00edgida, que tiene una alta relaci\u00f3n resistencia\/peso. La espuma est\u00e1 hecha de PVC reticulado celular.<\/p>\n","protected":false},"author":2,"featured_media":0,"parent":9482,"menu_order":2,"comment_status":"open","ping_status":"closed","template":"","meta":{"footnotes":""},"class_list":["post-9556","page","type-page","status-publish","hentry"],"_links":{"self":[{"href":"https:\/\/www.mates.it\/es\/wp-json\/wp\/v2\/pages\/9556","targetHints":{"allow":["GET"]}}],"collection":[{"href":"https:\/\/www.mates.it\/es\/wp-json\/wp\/v2\/pages"}],"about":[{"href":"https:\/\/www.mates.it\/es\/wp-json\/wp\/v2\/types\/page"}],"author":[{"embeddable":true,"href":"https:\/\/www.mates.it\/es\/wp-json\/wp\/v2\/users\/2"}],"replies":[{"embeddable":true,"href":"https:\/\/www.mates.it\/es\/wp-json\/wp\/v2\/comments?post=9556"}],"version-history":[{"count":0,"href":"https:\/\/www.mates.it\/es\/wp-json\/wp\/v2\/pages\/9556\/revisions"}],"up":[{"embeddable":true,"href":"https:\/\/www.mates.it\/es\/wp-json\/wp\/v2\/pages\/9482"}],"wp:attachment":[{"href":"https:\/\/www.mates.it\/es\/wp-json\/wp\/v2\/media?parent=9556"}],"curies":[{"name":"wp","href":"https:\/\/api.w.org\/{rel}","templated":true}]}}