{"id":9558,"date":"2016-08-03T10:44:10","date_gmt":"2016-08-03T08:44:10","guid":{"rendered":"https:\/\/www.mates.it\/prodotti\/ausiliari-di-processo\/sacchi-da-vuoto\/pliegue-plano-simple\/"},"modified":"2023-06-27T23:53:28","modified_gmt":"2023-06-27T21:53:28","slug":"plana-plegado-simple","status":"publish","type":"page","link":"https:\/\/www.mates.it\/es\/productos\/materiales-de_proceso\/bolsas-de-vacio\/plana-plegado-simple\/","title":{"rendered":"Plana \/ Plegado simple"},"content":{"rendered":"<div  class='flex_column av-av_three_fifth-7714eba142aeda1f8b5272a3c372b279 av_three_fifth  avia-builder-el-0  el_before_av_two_fifth  avia-builder-el-first  first flex_column_div  '     ><p>\n<style type=\"text\/css\" data-created_by=\"avia_inline_auto\" id=\"style-css-av-ljes9rmp-6ba9f38a4fe3ffd428a2de354d91b8ec\">\n#top .av-special-heading.av-ljes9rmp-6ba9f38a4fe3ffd428a2de354d91b8ec{\npadding-bottom:10px;\n}\nbody .av-special-heading.av-ljes9rmp-6ba9f38a4fe3ffd428a2de354d91b8ec .av-special-heading-tag .heading-char{\nfont-size:25px;\n}\n.av-special-heading.av-ljes9rmp-6ba9f38a4fe3ffd428a2de354d91b8ec .av-subheading{\nfont-size:15px;\n}\n<\/style>\n<div  class='av-special-heading av-ljes9rmp-6ba9f38a4fe3ffd428a2de354d91b8ec av-special-heading-h1  avia-builder-el-1  el_before_av_textblock  avia-builder-el-first  custom-h1-title'><h1 class='av-special-heading-tag '  >Plana \/ Plegado simple<\/h1><div class=\"special-heading-border\"><div class=\"special-heading-inner-border\"><\/div><\/div><\/div><br \/>\n<section  class='av_textblock_section av-ljes8d4h-fe9d8ae548218e8900997bcfb6746492 '  ><div class='avia_textblock' ><p>Bolsas de vac\u00edo monoplato multicapa con diferente coeficiente de elasticidad, fabricadas con nailon no orientado modificado para alcanzar altas temperaturas o mediante el acoplamiento de diversos pl\u00e1sticos. Sus principales caracter\u00edsticas son su particular plasticidad y su excelente resistencia a la perforaci\u00f3n y a la abrasi\u00f3n. Utilizados principalmente en la producci\u00f3n de art\u00edculos de tama\u00f1o medio\/grande (n\u00e1utica, viento), simplifican el almacenamiento y el uso en la producci\u00f3n; bajo pedido podemos suministrar otros tama\u00f1os adem\u00e1s de los indicados. Mates siempre ha seleccionado una serie de bolsas de vac\u00edo planas y monoplato, con caracter\u00edsticas t\u00e9cnicas y tama\u00f1os que var\u00edan de un producto a otro, para poder llevar al usuario final a la consecuci\u00f3n de una buena t\u00e9cnica de elaboraci\u00f3n, con poca p\u00e9rdida de aire y desperdicio de materiales, garantizando excelentes resultados mec\u00e1nico-est\u00e9ticos.<\/p>\n<\/div><\/section><\/p><\/div>\n<div  class='flex_column av-av_two_fifth-f1c518e9ff58e869f80c8f093487abc9 av_two_fifth  avia-builder-el-3  el_after_av_three_fifth  el_before_av_hr  flex_column_div  '     ><style type=\"text\/css\" data-created_by=\"avia_inline_auto\" id=\"style-css-av-ljes94rd-9af22564bf5ba72dd3fbf1e435876819\">\n#top .togglecontainer.av-ljes94rd-9af22564bf5ba72dd3fbf1e435876819 h4.toggler{\nfont-size:14px;\n}\n#top .togglecontainer.av-ljes94rd-9af22564bf5ba72dd3fbf1e435876819 h4.toggler.activeTitle{\ncolor:#ffffff;\nborder-color:#ffffff;\nbackground-color:#2682d3;\n}\n<\/style>\n<div  class='togglecontainer av-ljes94rd-9af22564bf5ba72dd3fbf1e435876819  avia-builder-el-4  avia-builder-el-no-sibling  accordion_product toggle_close_all hasCurrentStyle' >\n<section class='av_toggle_section av-ljes8zti-fedd95f802a6dd21a40ff42aa443de59' ><div role=\"tablist\" class=\"single_toggle\" data-tags=\"{Todo} \"  ><h4 id='toggle-toggle-id-1' data-fake-id='#toggle-id-1' class='toggler  activeTitle av-title-above '  role='tab' tabindex='0' aria-controls='toggle-id-1' data-slide-speed=\"200\" data-title=\"Ventajas\" data-title-open=\"\" data-aria_collapsed=\"Click to expand: Ventajas\" data-aria_expanded=\"Click to collapse: Ventajas\">Ventajas<span class=\"toggle_icon\"><span class=\"vert_icon\"><\/span><span class=\"hor_icon\"><\/span><\/span><\/h4><div id='toggle-id-1' aria-labelledby='toggle-toggle-id-1' role='region' class='toggle_wrap  active_tc av-title-above' style='display:block;' ><div class='toggle_content invers-color ' ><ul class=\"customlist1\">\n<li>Facilidad de uso<\/li>\n<li>Excelente resistencia a la perforaci\u00f3n<\/li>\n<li>Particular elasticidad<\/li>\n<li>Bajo coste de producci\u00f3n<\/li>\n<\/ul>\n<\/div><\/div><\/div><\/section>\n<section class='av_toggle_section av-ljes93wk-7742e07839680d388fe63c161cf45b96' ><div role=\"tablist\" class=\"single_toggle\" data-tags=\"{Todo} \"  ><h4 id='toggle-toggle-id-2' data-fake-id='#toggle-id-2' class='toggler  av-title-above '  role='tab' tabindex='0' aria-controls='toggle-id-2' data-slide-speed=\"200\" data-title=\"Tipos\" data-title-open=\"\" data-aria_collapsed=\"Click to expand: Tipos\" data-aria_expanded=\"Click to collapse: Tipos\">Tipos<span class=\"toggle_icon\"><span class=\"vert_icon\"><\/span><span class=\"hor_icon\"><\/span><\/span><\/h4><div id='toggle-id-2' aria-labelledby='toggle-toggle-id-2' role='region' class='toggle_wrap  av-title-above'  ><div class='toggle_content invers-color ' ><ul class=\"customlist1\">\n<li><a href=\"https:\/\/fileserver.mates.it\/Prodotti\/5_Ausiliari\/TDS\/Sacchi%20da%20vuoto\/MT_DS.pdf\" target=\"_blank\" rel=\"noopener\">MT<\/a><\/li>\n<li><a href=\"https:\/\/fileserver.mates.it\/Prodotti\/5_Ausiliari\/TDS\/Sacchi%20da%20vuoto\/PATS_DS.pdf\" target=\"_blank\" rel=\"noopener\">PATS<\/a><\/li>\n<li><a href=\"https:\/\/fileserver.mates.it\/Prodotti\/5_Ausiliari\/TDS\/Sacchi%20da%20vuoto\/STRETCH_DS.pdf\" target=\"_blank\" rel=\"noopener\">Stretch \u00ae<\/a><\/li>\n<\/ul>\n<\/div><\/div><\/div><\/section>\n<\/div><\/div>\n<div  class='hr av-av_hr-91d7ccd583a503147498e120fee2ff9b hr-default  avia-builder-el-5  el_after_av_two_fifth  avia-builder-el-last '><span class='hr-inner '><span class=\"hr-inner-style\"><\/span><\/span><\/div>\n","protected":false},"excerpt":{"rendered":"<p>Bolsas de vac\u00edo monocapa multicapa con diferente coeficiente de elasticidad, fabricadas en nylon no orientado modificado para alcanzar altas temperaturas.<\/p>\n","protected":false},"author":2,"featured_media":0,"parent":9494,"menu_order":3,"comment_status":"open","ping_status":"open","template":"","meta":{"footnotes":""},"class_list":["post-9558","page","type-page","status-publish","hentry"],"_links":{"self":[{"href":"https:\/\/www.mates.it\/es\/wp-json\/wp\/v2\/pages\/9558","targetHints":{"allow":["GET"]}}],"collection":[{"href":"https:\/\/www.mates.it\/es\/wp-json\/wp\/v2\/pages"}],"about":[{"href":"https:\/\/www.mates.it\/es\/wp-json\/wp\/v2\/types\/page"}],"author":[{"embeddable":true,"href":"https:\/\/www.mates.it\/es\/wp-json\/wp\/v2\/users\/2"}],"replies":[{"embeddable":true,"href":"https:\/\/www.mates.it\/es\/wp-json\/wp\/v2\/comments?post=9558"}],"version-history":[{"count":0,"href":"https:\/\/www.mates.it\/es\/wp-json\/wp\/v2\/pages\/9558\/revisions"}],"up":[{"embeddable":true,"href":"https:\/\/www.mates.it\/es\/wp-json\/wp\/v2\/pages\/9494"}],"wp:attachment":[{"href":"https:\/\/www.mates.it\/es\/wp-json\/wp\/v2\/media?parent=9558"}],"curies":[{"name":"wp","href":"https:\/\/api.w.org\/{rel}","templated":true}]}}