{"id":9560,"date":"2016-08-03T12:53:02","date_gmt":"2016-08-03T10:53:02","guid":{"rendered":"https:\/\/www.mates.it\/prodotti\/ausiliari-di-processo\/sacchi-da-vuoto\/tubular-e\/"},"modified":"2023-06-28T14:17:25","modified_gmt":"2023-06-28T12:17:25","slug":"tubolar","status":"publish","type":"page","link":"https:\/\/www.mates.it\/es\/productos\/materiales-de_proceso\/bolsas-de-vacio\/tubolar\/","title":{"rendered":"Tubular"},"content":{"rendered":"<div  class='hr av-73ilco-8e1bfc71409916a87503ffc9b45c6dfd hr-default  avia-builder-el-0  el_before_av_three_fifth  avia-builder-el-first '><span class='hr-inner '><span class=\"hr-inner-style\"><\/span><\/span><\/div>\n<div  class='flex_column av-56z66w-0e935dc1a3e159204a3aabc2b22083cc av_three_fifth  avia-builder-el-1  el_after_av_hr  el_before_av_two_fifth  first flex_column_div  '     ><p>\n<style type=\"text\/css\" data-created_by=\"avia_inline_auto\" id=\"style-css-av-ljerleu8-e8aab00e9dd69241a6fbe7de6745ed67\">\n#top .av-special-heading.av-ljerleu8-e8aab00e9dd69241a6fbe7de6745ed67{\npadding-bottom:10px;\n}\nbody .av-special-heading.av-ljerleu8-e8aab00e9dd69241a6fbe7de6745ed67 .av-special-heading-tag .heading-char{\nfont-size:25px;\n}\n.av-special-heading.av-ljerleu8-e8aab00e9dd69241a6fbe7de6745ed67 .av-subheading{\nfont-size:15px;\n}\n<\/style>\n<div  class='av-special-heading av-ljerleu8-e8aab00e9dd69241a6fbe7de6745ed67 av-special-heading-h1  avia-builder-el-2  el_before_av_textblock  avia-builder-el-first  custom-h1-title'><h1 class='av-special-heading-tag '  >Tubular<\/h1><div class=\"special-heading-border\"><div class=\"special-heading-inner-border\"><\/div><\/div><\/div><br \/>\n<section  class='av_textblock_section av-ljerlsq8-a1779834c1cd0632b7ecba84e525ead2 '  ><div class='avia_textblock' ><p>Una gama cada vez m\u00e1s amplia de bolsas de vac\u00edo tubulares adecuadas para los principales procesos de producci\u00f3n que suelen aplicarse en el sector de los compuestos avanzados, como el moldeo en autoclave, al vac\u00edo y por infusi\u00f3n. Gracias a su forma tubular, esta familia de productos es capaz de reducir las posibles p\u00e9rdidas de vac\u00edo en un 50 % mediante la simple introducci\u00f3n del molde y, por tanto, del laminado, directamente dentro de la bolsa de vac\u00edo, sell\u00e1ndola s\u00f3lo por dos lados. Los mejores art\u00edculos del mercado, ofrecidos en alturas que van desde los 9 cm hasta los 5 m, y un control total sobre cada lote desde la fase de producci\u00f3n hasta la entrega al cliente final. Siempre disponibles en stock y envasadas con mandriles internos y n\u00facleos r\u00edgidos externos para garantizar la integridad f\u00edsica del producto durante el almacenamiento y el transporte. Estas y otras caracter\u00edsticas hacen de nuestras bolsas de vac\u00edo las m\u00e1s utilizadas por los principales actores de la industria.<\/p>\n<\/div><\/section><\/p><\/div>\n<div  class='flex_column av-3qgyco-4edd92986a080b8ea779dc99d74d3e52 av_two_fifth  avia-builder-el-4  el_after_av_three_fifth  el_before_av_hr  flex_column_div  '     ><style type=\"text\/css\" data-created_by=\"avia_inline_auto\" id=\"style-css-av-ljeu3p8o-3663386c49454cb4c2059a5fdee44cad\">\n#top .togglecontainer.av-ljeu3p8o-3663386c49454cb4c2059a5fdee44cad h4.toggler{\nfont-size:14px;\n}\n#top .togglecontainer.av-ljeu3p8o-3663386c49454cb4c2059a5fdee44cad h4.toggler.activeTitle{\ncolor:#ffffff;\nborder-color:#ffffff;\nbackground-color:#2682d3;\n}\n<\/style>\n<div  class='togglecontainer av-ljeu3p8o-3663386c49454cb4c2059a5fdee44cad  avia-builder-el-5  avia-builder-el-no-sibling  accordion_product toggle_close_all hasCurrentStyle' >\n<section class='av_toggle_section av-ljfolyj2-2a33de10657e037ca129485ffea6e445' ><div role=\"tablist\" class=\"single_toggle\" data-tags=\"{Todo} \"  ><h4 id='toggle-toggle-id-1' data-fake-id='#toggle-id-1' class='toggler  activeTitle av-title-above '  role='tab' tabindex='0' aria-controls='toggle-id-1' data-slide-speed=\"200\" data-title=\"Ventajas\" data-title-open=\"\" data-aria_collapsed=\"Click to expand: Ventajas\" data-aria_expanded=\"Click to collapse: Ventajas\">Ventajas<span class=\"toggle_icon\"><span class=\"vert_icon\"><\/span><span class=\"hor_icon\"><\/span><\/span><\/h4><div id='toggle-id-1' aria-labelledby='toggle-toggle-id-1' role='region' class='toggle_wrap  active_tc av-title-above' style='display:block;' ><div class='toggle_content invers-color ' ><ul class=\"customlist1\">\n<li>Reducci\u00f3n de costes laborales<\/li>\n<li>Siempre disponible en stock<\/li>\n<li>Controles de alta calidad<\/li>\n<li>Amplia gama de medidas<\/li>\n<\/ul>\n<\/div><\/div><\/div><\/section>\n<section class='av_toggle_section av-ljfom0vo-fe1abc7d4b3cd89a99a4c3cda1a625bb' ><div role=\"tablist\" class=\"single_toggle\" data-tags=\"{Todo} \"  ><h4 id='toggle-toggle-id-2' data-fake-id='#toggle-id-2' class='toggler  av-title-above '  role='tab' tabindex='0' aria-controls='toggle-id-2' data-slide-speed=\"200\" data-title=\"Tipos\" data-title-open=\"\" data-aria_collapsed=\"Click to expand: Tipos\" data-aria_expanded=\"Click to collapse: Tipos\">Tipos<span class=\"toggle_icon\"><span class=\"vert_icon\"><\/span><span class=\"hor_icon\"><\/span><\/span><\/h4><div id='toggle-id-2' aria-labelledby='toggle-toggle-id-2' role='region' class='toggle_wrap  av-title-above'  ><div class='toggle_content invers-color ' ><ul class=\"customlist1\">\n<li><a href=\"https:\/\/fileserver.mates.it\/Prodotti\/5_Ausiliari\/TDS\/Sacchi%20da%20vuoto\/MINITUBE_70_DS.pdf\" target=\"_blank\" rel=\"noopener noreferrer\">MINI-TUBE 70 <\/a><\/li>\n<li><a href=\"https:\/\/fileserver.mates.it\/Prodotti\/5_Ausiliari\/TDS\/Sacchi%20da%20vuoto\/ECOTUBE_40_DS.pdf\" target=\"_blank\" rel=\"noopener noreferrer\">ECO-TUBE 40 <\/a><\/li>\n<li><a href=\"https:\/\/fileserver.mates.it\/Prodotti\/5_Ausiliari\/TDS\/Sacchi%20da%20vuoto\/HITUBE_50_DS.pdf\" target=\"_blank\" rel=\"noopener noreferrer\">HI-TUBE 50<\/a><\/li>\n<li><a href=\"https:\/\/fileserver.mates.it\/Prodotti\/5_Ausiliari\/TDS\/Sacchi%20da%20vuoto\/HITUBE_75_DS.pdf\" target=\"_blank\" rel=\"noopener noreferrer\">HI-TUBE 75<\/a><\/li>\n<li><a href=\"https:\/\/fileserver.mates.it\/Prodotti\/5_Ausiliari\/TDS\/Sacchi%20da%20vuoto\/ELASTOTUBE_50_DS.pdf\" target=\"_blank\" rel=\"noopener noreferrer\">ELASTO-TUBE 50<\/a><\/li>\n<li><a href=\"https:\/\/fileserver.mates.it\/Prodotti\/5_Ausiliari\/TDS\/Sacchi%20da%20vuoto\/ELASTOTUBE_75_DS.pdf\" target=\"_blank\" rel=\"noopener noreferrer\">ELASTO-TUBE 75<\/a><\/li>\n<li><a href=\"https:\/\/fileserver.mates.it\/Prodotti\/5_Ausiliari\/TDS\/Sacchi%20da%20vuoto\/FLEXITUBE_50_DS.pdf\" target=\"_blank\" rel=\"noopener noreferrer\">FLEXI-TUBE 50<\/a><\/li>\n<\/ul>\n<\/div><\/div><\/div><\/section>\n<\/div><\/div><div  class='hr av-2khw7c-c2b7416b6d7473fbde726fb1fcdd9e67 hr-default  avia-builder-el-6  el_after_av_two_fifth  avia-builder-el-last '><span class='hr-inner '><span class=\"hr-inner-style\"><\/span><\/span><\/div><\/p>\n","protected":false},"excerpt":{"rendered":"<p>Una gama de film de vac\u00edo tubulares adecuadas para los principales procesos habitualmente implementados en la industria de los composites avanzados, como el moldeo en autoclave, al vac\u00edo y por infusi\u00f3n.<\/p>\n","protected":false},"author":2,"featured_media":0,"parent":9494,"menu_order":1,"comment_status":"open","ping_status":"open","template":"","meta":{"footnotes":""},"class_list":["post-9560","page","type-page","status-publish","hentry"],"_links":{"self":[{"href":"https:\/\/www.mates.it\/es\/wp-json\/wp\/v2\/pages\/9560","targetHints":{"allow":["GET"]}}],"collection":[{"href":"https:\/\/www.mates.it\/es\/wp-json\/wp\/v2\/pages"}],"about":[{"href":"https:\/\/www.mates.it\/es\/wp-json\/wp\/v2\/types\/page"}],"author":[{"embeddable":true,"href":"https:\/\/www.mates.it\/es\/wp-json\/wp\/v2\/users\/2"}],"replies":[{"embeddable":true,"href":"https:\/\/www.mates.it\/es\/wp-json\/wp\/v2\/comments?post=9560"}],"version-history":[{"count":0,"href":"https:\/\/www.mates.it\/es\/wp-json\/wp\/v2\/pages\/9560\/revisions"}],"up":[{"embeddable":true,"href":"https:\/\/www.mates.it\/es\/wp-json\/wp\/v2\/pages\/9494"}],"wp:attachment":[{"href":"https:\/\/www.mates.it\/es\/wp-json\/wp\/v2\/media?parent=9560"}],"curies":[{"name":"wp","href":"https:\/\/api.w.org\/{rel}","templated":true}]}}