{"id":9561,"date":"2016-08-03T13:37:48","date_gmt":"2016-08-03T11:37:48","guid":{"rendered":"https:\/\/www.mates.it\/prodotti\/ausiliari-di-processo\/sacchi-da-vuoto\/duradero\/"},"modified":"2023-11-30T16:25:27","modified_gmt":"2023-11-30T15:25:27","slug":"siliconas","status":"publish","type":"page","link":"https:\/\/www.mates.it\/es\/productos\/materiales-de_proceso\/bolsas-de-vacio\/siliconas\/","title":{"rendered":"Siliconas"},"content":{"rendered":"<div  class='flex_column av-m9teh-774a529b6c4d8d8dd35630d849d11956 av_three_fifth  avia-builder-el-0  el_before_av_two_fifth  avia-builder-el-first  first flex_column_div  '     ><p>\n<style type=\"text\/css\" data-created_by=\"avia_inline_auto\" id=\"style-css-av-ljest49f-52c954568af6949264467fe7f1b0949d\">\n#top .av-special-heading.av-ljest49f-52c954568af6949264467fe7f1b0949d{\npadding-bottom:10px;\n}\nbody .av-special-heading.av-ljest49f-52c954568af6949264467fe7f1b0949d .av-special-heading-tag .heading-char{\nfont-size:25px;\n}\n.av-special-heading.av-ljest49f-52c954568af6949264467fe7f1b0949d .av-subheading{\nfont-size:15px;\n}\n<\/style>\n<div  class='av-special-heading av-ljest49f-52c954568af6949264467fe7f1b0949d av-special-heading-h1  avia-builder-el-1  el_before_av_textblock  avia-builder-el-first  custom-h1-title'><h1 class='av-special-heading-tag '  >Siliconas<\/h1><div class=\"special-heading-border\"><div class=\"special-heading-inner-border\"><\/div><\/div><\/div><br \/>\n<section  class='av_textblock_section av-ljessyot-d942ee9f8bbd16ac62ce43e78da1fff1 '  ><div class='avia_textblock' ><p>Para completar toda la gama de bolsas de vac\u00edo, Mates tambi\u00e9n puede suministrar siliconas y maquinaria espec\u00edfica para la autoconstrucci\u00f3n de bolsas de vac\u00edo permanentes. Adem\u00e1s, gracias a nuestra colaboraci\u00f3n con Piekenbrink\u00ae, empresa l\u00edder en el sector, podemos ofrecer soluciones listas para usar consistentes en moldes y bolsas fabricadas seg\u00fan el dise\u00f1o\/especificaciones del cliente. Las bolsas de vac\u00edo permanentes sustituyen a las pel\u00edculas de vac\u00edo selladas convencionalmente con cinta de butilo. Este innovador sistema reduce los costes de mano de obra del proceso al eliminar la fase de sellado de la bolsa de vac\u00edo, que es larga y dif\u00edcil; al ser reutilizables, tambi\u00e9n eliminan totalmente el coste de los consumibles utilizados normalmente en los procesos avanzados de producci\u00f3n de composites. Esta familia de bolsas se ha dise\u00f1ado espec\u00edficamente para el procesamiento en autoclave, aunque su cantidad inherente y sus requisitos t\u00e9cnicos tambi\u00e9n las hacen adecuadas para las t\u00e9cnicas convencionales de producci\u00f3n de piezas compuestas, como la colocaci\u00f3n manual al vac\u00edo y la infusi\u00f3n.<\/p>\n<\/div><\/section><\/p><\/div>\n<div  class='flex_column av-3zij15-cf0f7bd1701501255031a5a8350f648e av_two_fifth  avia-builder-el-3  el_after_av_three_fifth  el_before_av_hr  flex_column_div  '     ><style type=\"text\/css\" data-created_by=\"avia_inline_auto\" id=\"style-css-av-ljestp26-62457190139a774e32c7f8f83802e7b8\">\n#top .togglecontainer.av-ljestp26-62457190139a774e32c7f8f83802e7b8 h4.toggler{\nfont-size:14px;\n}\n#top .togglecontainer.av-ljestp26-62457190139a774e32c7f8f83802e7b8 h4.toggler.activeTitle{\ncolor:#ffffff;\nborder-color:#ffffff;\nbackground-color:#2682d3;\n}\n<\/style>\n<div  class='togglecontainer av-ljestp26-62457190139a774e32c7f8f83802e7b8  avia-builder-el-4  avia-builder-el-no-sibling  accordion_product toggle_close_all hasCurrentStyle' >\n<section class='av_toggle_section av-ljestbng-f0f4a4d76baf45efb25e04196a6f3343' ><div role=\"tablist\" class=\"single_toggle\" data-tags=\"{Todo} \"  ><h4 id='toggle-toggle-id-1' data-fake-id='#toggle-id-1' class='toggler  activeTitle av-title-above '  role='tab' tabindex='0' aria-controls='toggle-id-1' data-slide-speed=\"200\" data-title=\"Pastas de silicona - Mates \u00ae \" data-title-open=\"\" data-aria_collapsed=\"Click to expand: Pastas de silicona - Mates \u00ae \" data-aria_expanded=\"Click to collapse: Pastas de silicona - Mates \u00ae \">Pastas de silicona - Mates \u00ae <span class=\"toggle_icon\"><span class=\"vert_icon\"><\/span><span class=\"hor_icon\"><\/span><\/span><\/h4><div id='toggle-id-1' aria-labelledby='toggle-toggle-id-1' role='region' class='toggle_wrap  active_tc av-title-above' style='display:block;' ><div class='toggle_content invers-color ' ><ul class=\"customlist1\">\n<li><a href=\"https:\/\/fileserver.mates.it\/Prodotti\/5_Ausiliari\/TDS\/Sacchi%20da%20vuoto\/I-INTENSY_DS.pdf\" target=\"_blank\" rel=\"noopener\">I-INTENSY<\/a><\/li>\n<\/ul>\n<\/div><\/div><\/div><\/section>\n<section class='av_toggle_section av-ljesth9z-8fe80ae52b7ec73a168c8473edf0a6a6' ><div role=\"tablist\" class=\"single_toggle\" data-tags=\"{Todo} \"  ><h4 id='toggle-toggle-id-2' data-fake-id='#toggle-id-2' class='toggler  av-title-above '  role='tab' tabindex='0' aria-controls='toggle-id-2' data-slide-speed=\"200\" data-title=\"Films de silicona - Mates \u00ae \" data-title-open=\"\" data-aria_collapsed=\"Click to expand: Films de silicona - Mates \u00ae \" data-aria_expanded=\"Click to collapse: Films de silicona - Mates \u00ae \">Films de silicona - Mates \u00ae <span class=\"toggle_icon\"><span class=\"vert_icon\"><\/span><span class=\"hor_icon\"><\/span><\/span><\/h4><div id='toggle-id-2' aria-labelledby='toggle-toggle-id-2' role='region' class='toggle_wrap  av-title-above'  ><div class='toggle_content invers-color ' ><ul class=\"customlist1\">\n<li><a href=\"https:\/\/fileserver.mates.it\/Prodotti\/5_Ausiliari\/TDS\/Sacchi%20da%20vuoto\/300SIL_FILM_DS.pdf\" target=\"_blank\" rel=\"noopener\">Film \/ 300SIL<\/a><\/li>\n<li><a href=\"https:\/\/fileserver.mates.it\/Prodotti\/5_Ausiliari\/TDS\/Sacchi%20da%20vuoto\/300SIL_FILM_UC_DS.pdf\" target=\"_blank\" rel=\"noopener\">Film UC \/ 300SIL<\/a><\/li>\n<li><a href=\"https:\/\/fileserver.mates.it\/Prodotti\/5_Ausiliari\/TDS\/Sacchi%20da%20vuoto\/300SIL_BAG_DS.pdf\" target=\"_blank\" rel=\"noopener\">Bag \/ 300SIL<\/a><\/li>\n<\/ul>\n<\/div><\/div><\/div><\/section>\n<section class='av_toggle_section av-ljesto60-c77da94fc6cbff5b6fe27c017a50a026' ><div role=\"tablist\" class=\"single_toggle\" data-tags=\"{Todo} \"  ><h4 id='toggle-toggle-id-3' data-fake-id='#toggle-id-3' class='toggler  av-title-above '  role='tab' tabindex='0' aria-controls='toggle-id-3' data-slide-speed=\"200\" data-title=\"Bolsas reutilizables\" data-title-open=\"\" data-aria_collapsed=\"Click to expand: Bolsas reutilizables\" data-aria_expanded=\"Click to collapse: Bolsas reutilizables\">Bolsas reutilizables<span class=\"toggle_icon\"><span class=\"vert_icon\"><\/span><span class=\"hor_icon\"><\/span><\/span><\/h4><div id='toggle-id-3' aria-labelledby='toggle-toggle-id-3' role='region' class='toggle_wrap  av-title-above'  ><div class='toggle_content invers-color ' ><ul class=\"customlist2\">\n<li><a href=\"https:\/\/fileserver.mates.it\/Prodotti\/5_Ausiliari\/TDS\/Sacchi%20da%20vuoto\/LIQUIBAG_2560_DS.pdf\" target=\"_blank\" rel=\"noopener noreferrer\">LiquiBag\u2122 2560<\/a><\/li>\n<li><a href=\"https:\/\/fileserver.mates.it\/Prodotti\/5_Ausiliari\/Brochure\/piekenbrink_system.pdf\" target=\"_blank\" rel=\"noopener noreferrer\">Piekenbrink \u00ae<\/a><\/li>\n<\/ul>\n<\/div><\/div><\/div><\/section>\n<\/div><\/div><div  class='hr av-2hmdcp-a89422d5c296b42bfe473e21d5e97633 hr-default  avia-builder-el-5  el_after_av_two_fifth  avia-builder-el-last '><span class='hr-inner '><span class=\"hr-inner-style\"><\/span><\/span><\/div><\/p>\n","protected":false},"excerpt":{"rendered":"<p>Para completar toda la gama de bolsas de vac\u00edo, Mates tambi\u00e9n puede suministrar siliconas y maquinaria espec\u00edfica para la autoconstrucci\u00f3n de bolsas de vac\u00edo permanentes.<\/p>\n","protected":false},"author":2,"featured_media":0,"parent":9494,"menu_order":4,"comment_status":"open","ping_status":"open","template":"","meta":{"footnotes":""},"class_list":["post-9561","page","type-page","status-publish","hentry"],"_links":{"self":[{"href":"https:\/\/www.mates.it\/es\/wp-json\/wp\/v2\/pages\/9561","targetHints":{"allow":["GET"]}}],"collection":[{"href":"https:\/\/www.mates.it\/es\/wp-json\/wp\/v2\/pages"}],"about":[{"href":"https:\/\/www.mates.it\/es\/wp-json\/wp\/v2\/types\/page"}],"author":[{"embeddable":true,"href":"https:\/\/www.mates.it\/es\/wp-json\/wp\/v2\/users\/2"}],"replies":[{"embeddable":true,"href":"https:\/\/www.mates.it\/es\/wp-json\/wp\/v2\/comments?post=9561"}],"version-history":[{"count":0,"href":"https:\/\/www.mates.it\/es\/wp-json\/wp\/v2\/pages\/9561\/revisions"}],"up":[{"embeddable":true,"href":"https:\/\/www.mates.it\/es\/wp-json\/wp\/v2\/pages\/9494"}],"wp:attachment":[{"href":"https:\/\/www.mates.it\/es\/wp-json\/wp\/v2\/media?parent=9561"}],"curies":[{"name":"wp","href":"https:\/\/api.w.org\/{rel}","templated":true}]}}