{"id":9562,"date":"2016-08-03T13:44:40","date_gmt":"2016-08-03T11:44:40","guid":{"rendered":"https:\/\/www.mates.it\/prodotti\/ausiliari-di-processo\/film-distaccanti\/multicapa\/"},"modified":"2024-02-13T22:03:30","modified_gmt":"2024-02-13T21:03:30","slug":"multicapa","status":"publish","type":"page","link":"https:\/\/www.mates.it\/es\/productos\/materiales-de_proceso\/films-separadores\/multicapa\/","title":{"rendered":"Multicapa"},"content":{"rendered":"<div  class='flex_column av-av_three_fifth-7714eba142aeda1f8b5272a3c372b279 av_three_fifth  avia-builder-el-0  el_before_av_two_fifth  avia-builder-el-first  first flex_column_div  '     ><p>\n<style type=\"text\/css\" data-created_by=\"avia_inline_auto\" id=\"style-css-av-ljeugvsj-621102f4824b9df78ee4c0d4b1db2db5\">\n#top .av-special-heading.av-ljeugvsj-621102f4824b9df78ee4c0d4b1db2db5{\npadding-bottom:10px;\n}\nbody .av-special-heading.av-ljeugvsj-621102f4824b9df78ee4c0d4b1db2db5 .av-special-heading-tag .heading-char{\nfont-size:25px;\n}\n.av-special-heading.av-ljeugvsj-621102f4824b9df78ee4c0d4b1db2db5 .av-subheading{\nfont-size:15px;\n}\n<\/style>\n<div  class='av-special-heading av-ljeugvsj-621102f4824b9df78ee4c0d4b1db2db5 av-special-heading-h1  avia-builder-el-1  el_before_av_textblock  avia-builder-el-first  custom-h1-title'><h1 class='av-special-heading-tag '  >Multicapa<\/h1><div class=\"special-heading-border\"><div class=\"special-heading-inner-border\"><\/div><\/div><\/div><br \/>\n<section  class='av_textblock_section av-ljeug8il-90d7d0a5b2e33c6688479b9c8a80f4d9 '  ><div class='avia_textblock' ><p>Las pel\u00edculas de liberaci\u00f3n multicapa LM (bajas-medias temperaturas) son de bajo costo, optimizadas para procesos de producci\u00f3n que no implican una exposici\u00f3n a temperaturas excesivamente altas. Apto para procesos como hand lay-up con ajuste al vac\u00edo, infusi\u00f3n y moldeo mediante pre-preg a temperatura media-baja. Producidas a partir de una composici\u00f3n bien definida de pol\u00edmeros pl\u00e1sticos, se obtiene una familia de pel\u00edculas delgadas, resistentes y con excelente plasticidad en la fase de posicionamiento; de uso com\u00fan en sectores como el marino, automotriz e industrial en general. Mates puede suministrar una serie de pel\u00edculas antiadherentes para temperaturas medias\/bajas siempre en stock y disponibles en forma de pel\u00edculas no perforadas o con perforaciones P1 y P3. Gracias a este excelente servicio es posible llevar al usuario final a la consecuci\u00f3n de una buena t\u00e9cnica de trabajo garantizando los mejores resultados.<\/p>\n<\/div><\/section><\/p><\/div>\n<div  class='flex_column av-av_two_fifth-f1c518e9ff58e869f80c8f093487abc9 av_two_fifth  avia-builder-el-3  el_after_av_three_fifth  el_before_av_hr  flex_column_div  '     ><style type=\"text\/css\" data-created_by=\"avia_inline_auto\" id=\"style-css-av-ljeugqyc-874a47a6671334692ac6e8552414ae84\">\n#top .togglecontainer.av-ljeugqyc-874a47a6671334692ac6e8552414ae84 h4.toggler{\nfont-size:14px;\n}\n#top .togglecontainer.av-ljeugqyc-874a47a6671334692ac6e8552414ae84 h4.toggler.activeTitle{\ncolor:#ffffff;\nborder-color:#ffffff;\nbackground-color:#2682d3;\n}\n<\/style>\n<div  class='togglecontainer av-ljeugqyc-874a47a6671334692ac6e8552414ae84  avia-builder-el-4  avia-builder-el-no-sibling  accordion_product toggle_close_all hasCurrentStyle' >\n<section class='av_toggle_section av-ljeugmbq-7287f8263aaf5ba8a1db0508d824cc4a' ><div role=\"tablist\" class=\"single_toggle\" data-tags=\"{Todo} \"  ><h4 id='toggle-toggle-id-1' data-fake-id='#toggle-id-1' class='toggler  activeTitle av-title-above '  role='tab' tabindex='0' aria-controls='toggle-id-1' data-slide-speed=\"200\" data-title=\"Ventajas\" data-title-open=\"\" data-aria_collapsed=\"Click to expand: Ventajas\" data-aria_expanded=\"Click to collapse: Ventajas\">Ventajas<span class=\"toggle_icon\"><span class=\"vert_icon\"><\/span><span class=\"hor_icon\"><\/span><\/span><\/h4><div id='toggle-id-1' aria-labelledby='toggle-toggle-id-1' role='region' class='toggle_wrap  active_tc av-title-above' style='display:block;' ><div class='toggle_content invers-color ' ><ul class=\"customlist1\">\n<li>M\u00e1xima contenci\u00f3n de costes<\/li>\n<li>Alta compatibilidad con matrices<\/li>\n<li>Suministro r\u00e1pido<\/li>\n<li>Disponible con diferentes agujeros.<\/li>\n<\/ul>\n<\/div><\/div><\/div><\/section>\n<section class='av_toggle_section av-ljeugq03-881e0d2b53d47ad1adaa92d7df92b740' ><div role=\"tablist\" class=\"single_toggle\" data-tags=\"{Todo} \"  ><h4 id='toggle-toggle-id-2' data-fake-id='#toggle-id-2' class='toggler  av-title-above '  role='tab' tabindex='0' aria-controls='toggle-id-2' data-slide-speed=\"200\" data-title=\"Tipos\" data-title-open=\"\" data-aria_collapsed=\"Click to expand: Tipos\" data-aria_expanded=\"Click to collapse: Tipos\">Tipos<span class=\"toggle_icon\"><span class=\"vert_icon\"><\/span><span class=\"hor_icon\"><\/span><\/span><\/h4><div id='toggle-id-2' aria-labelledby='toggle-toggle-id-2' role='region' class='toggle_wrap  av-title-above'  ><div class='toggle_content invers-color ' ><ul class=\"customlist2\">\n<li><a href=\"https:\/\/fileserver.mates.it\/Prodotti\/5_Ausiliari\/TDS\/Film%20distaccanti\/ELA_20_DS.pdf\" target=\"_blank\" rel=\"noopener noreferrer\">ELA 20 <\/a><\/li>\n<li><a href=\"https:\/\/fileserver.mates.it\/Prodotti\/5_Ausiliari\/TDS\/Film%20distaccanti\/HT_25_DS.pdf\" target=\"_blank\" rel=\"noopener noreferrer\">HT 25 <\/a><\/li>\n<li><a href=\"https:\/\/fileserver.mates.it\/Prodotti\/5_Ausiliari\/TDS\/Film%20distaccanti\/ET_30_DS.pdf\" target=\"_blank\" rel=\"noopener noreferrer\">ET 30<\/a><\/li>\n<li><a href=\"https:\/\/fileserver.mates.it\/Prodotti\/5_Ausiliari\/TDS\/Film%20distaccanti\/ET_45_DS.pdf\" target=\"_blank\" rel=\"noopener noreferrer\">ET 45<\/a><\/li>\n<li><a href=\"https:\/\/fileserver.mates.it\/Prodotti\/5_Ausiliari\/TDS\/Film%20distaccanti\/ST_30_DS.pdf\" target=\"_blank\" rel=\"noopener noreferrer\">ST 30<\/a><\/li>\n<\/ul>\n<\/div><\/div><\/div><\/section>\n<\/div><\/div><div  class='hr av-av_hr-91d7ccd583a503147498e120fee2ff9b hr-default  avia-builder-el-5  el_after_av_two_fifth  avia-builder-el-last '><span class='hr-inner '><span class=\"hr-inner-style\"><\/span><\/span><\/div><\/p>\n","protected":false},"excerpt":{"rendered":"<p>Las pel\u00edculas de liberaci\u00f3n multicapa LM (bajas-medias temperaturas) son de bajo costo, optimizadas para procesos de producci\u00f3n que no implican una exposici\u00f3n a temperaturas excesivamente altas.<\/p>\n","protected":false},"author":2,"featured_media":0,"parent":9488,"menu_order":1,"comment_status":"open","ping_status":"open","template":"","meta":{"footnotes":""},"class_list":["post-9562","page","type-page","status-publish","hentry"],"_links":{"self":[{"href":"https:\/\/www.mates.it\/es\/wp-json\/wp\/v2\/pages\/9562","targetHints":{"allow":["GET"]}}],"collection":[{"href":"https:\/\/www.mates.it\/es\/wp-json\/wp\/v2\/pages"}],"about":[{"href":"https:\/\/www.mates.it\/es\/wp-json\/wp\/v2\/types\/page"}],"author":[{"embeddable":true,"href":"https:\/\/www.mates.it\/es\/wp-json\/wp\/v2\/users\/2"}],"replies":[{"embeddable":true,"href":"https:\/\/www.mates.it\/es\/wp-json\/wp\/v2\/comments?post=9562"}],"version-history":[{"count":0,"href":"https:\/\/www.mates.it\/es\/wp-json\/wp\/v2\/pages\/9562\/revisions"}],"up":[{"embeddable":true,"href":"https:\/\/www.mates.it\/es\/wp-json\/wp\/v2\/pages\/9488"}],"wp:attachment":[{"href":"https:\/\/www.mates.it\/es\/wp-json\/wp\/v2\/media?parent=9562"}],"curies":[{"name":"wp","href":"https:\/\/api.w.org\/{rel}","templated":true}]}}