{"id":9564,"date":"2016-08-03T14:16:14","date_gmt":"2016-08-03T12:16:14","guid":{"rendered":"https:\/\/www.mates.it\/prodotti\/ausiliari-di-processo\/film-distaccanti\/autoadhesivos\/"},"modified":"2023-10-03T23:26:28","modified_gmt":"2023-10-03T21:26:28","slug":"autoadhesivos","status":"publish","type":"page","link":"https:\/\/www.mates.it\/es\/productos\/materiales-de_proceso\/films-separadores\/autoadhesivos\/","title":{"rendered":"Autoadhesivos"},"content":{"rendered":"<div  class='flex_column av-av_three_fifth-7714eba142aeda1f8b5272a3c372b279 av_three_fifth  avia-builder-el-0  el_before_av_two_fifth  avia-builder-el-first  first flex_column_div  '     ><p>\n<style type=\"text\/css\" data-created_by=\"avia_inline_auto\" id=\"style-css-av-ljevictd-e1b5eb06d6db772a76b86322060c0071\">\n#top .av-special-heading.av-ljevictd-e1b5eb06d6db772a76b86322060c0071{\npadding-bottom:10px;\n}\nbody .av-special-heading.av-ljevictd-e1b5eb06d6db772a76b86322060c0071 .av-special-heading-tag .heading-char{\nfont-size:25px;\n}\n.av-special-heading.av-ljevictd-e1b5eb06d6db772a76b86322060c0071 .av-subheading{\nfont-size:15px;\n}\n<\/style>\n<div  class='av-special-heading av-ljevictd-e1b5eb06d6db772a76b86322060c0071 av-special-heading-h1  avia-builder-el-1  el_before_av_textblock  avia-builder-el-first  custom-h1-title'><h1 class='av-special-heading-tag '  >Autoadhesivos<\/h1><div class=\"special-heading-border\"><div class=\"special-heading-inner-border\"><\/div><\/div><\/div><br \/>\n<section  class='av_textblock_section av-ljevhnac-f1fc8bbe5d1b15a8565291e81d0f6ffa '  ><div class='avia_textblock' ><p>Para completar su gama, Mates ha decidido ofrecer una serie de pel\u00edculas desprendibles a base de PTFE simples o con un soporte de fibra de vidrio y adhesivo de silicona en una cara. La superficie de PTFE tiene excelentes propiedades de desprendimiento, por lo que est\u00e1 indicado como tratamiento superficial de moldes, ofreciendo un desprendimiento semipermanente incluso a altas temperaturas. El espesor intr\u00ednseco de la pel\u00edcula permite su reutilizaci\u00f3n seg\u00fan la complejidad de la forma, el tipo de resina y las temperaturas de proceso. Se pueden utilizar en cualquier tipo de molde, platina de prensa, placa met\u00e1lica o cualquier superficie que pueda entrar en contacto con resinas o adhesivos. Disponibles en forma de pel\u00edcula, permiten al usuario final lograr una buena t\u00e9cnica de trabajo garantizando los mejores resultados mec\u00e1nico-est\u00e9ticos.<\/p>\n<\/div><\/section><\/p><\/div>\n<div  class='flex_column av-av_two_fifth-f1c518e9ff58e869f80c8f093487abc9 av_two_fifth  avia-builder-el-3  el_after_av_three_fifth  el_before_av_hr  flex_column_div  '     ><style type=\"text\/css\" data-created_by=\"avia_inline_auto\" id=\"style-css-av-ljevi84u-f6b835fc1aff3458a000c12d9fdf2e73\">\n#top .togglecontainer.av-ljevi84u-f6b835fc1aff3458a000c12d9fdf2e73 h4.toggler{\nfont-size:14px;\n}\n#top .togglecontainer.av-ljevi84u-f6b835fc1aff3458a000c12d9fdf2e73 h4.toggler.activeTitle{\ncolor:#ffffff;\nborder-color:#ffffff;\nbackground-color:#2682d3;\n}\n<\/style>\n<div  class='togglecontainer av-ljevi84u-f6b835fc1aff3458a000c12d9fdf2e73  avia-builder-el-4  avia-builder-el-no-sibling  accordion_product toggle_close_all hasCurrentStyle' >\n<section class='av_toggle_section av-ljevi4m4-a870537e55e39ce0e7703105bddaebe2' ><div role=\"tablist\" class=\"single_toggle\" data-tags=\"{Todo} \"  ><h4 id='toggle-toggle-id-1' data-fake-id='#toggle-id-1' class='toggler  activeTitle av-title-above '  role='tab' tabindex='0' aria-controls='toggle-id-1' data-slide-speed=\"200\" data-title=\"Ventajas\" data-title-open=\"\" data-aria_collapsed=\"Click to expand: Ventajas\" data-aria_expanded=\"Click to collapse: Ventajas\">Ventajas<span class=\"toggle_icon\"><span class=\"vert_icon\"><\/span><span class=\"hor_icon\"><\/span><\/span><\/h4><div id='toggle-id-1' aria-labelledby='toggle-toggle-id-1' role='region' class='toggle_wrap  active_tc av-title-above' style='display:block;' ><div class='toggle_content invers-color ' ><ul class=\"customlist1\">\n<li>Reducci\u00f3n de costes laborales<\/li>\n<li>Alta compatibilidad con matrices<\/li>\n<li>Alta temperatura de funcionamiento<\/li>\n<li>Reutilizable para procesamiento m\u00faltiple<\/li>\n<\/ul>\n<\/div><\/div><\/div><\/section>\n<section class='av_toggle_section av-ljevi744-d68020283b214308bce2374875b33b8f' ><div role=\"tablist\" class=\"single_toggle\" data-tags=\"{Todo} \"  ><h4 id='toggle-toggle-id-2' data-fake-id='#toggle-id-2' class='toggler  av-title-above '  role='tab' tabindex='0' aria-controls='toggle-id-2' data-slide-speed=\"200\" data-title=\"Tipos\" data-title-open=\"\" data-aria_collapsed=\"Click to expand: Tipos\" data-aria_expanded=\"Click to collapse: Tipos\">Tipos<span class=\"toggle_icon\"><span class=\"vert_icon\"><\/span><span class=\"hor_icon\"><\/span><\/span><\/h4><div id='toggle-id-2' aria-labelledby='toggle-toggle-id-2' role='region' class='toggle_wrap  av-title-above'  ><div class='toggle_content invers-color ' ><ul class=\"customlist2\">\n<li><a href=\"https:\/\/fileserver.mates.it\/Prodotti\/5_Ausiliari\/TDS\/Film%20distaccanti\/PTFE_DS.pdf\" target=\"_blank\" rel=\"noopener\">PTFE<\/a><\/li>\n<li><a href=\"https:\/\/fileserver.mates.it\/Prodotti\/5_Ausiliari\/TDS\/Film%20distaccanti\/PTFE_S_DS.pdf\" target=\"_blank\" rel=\"noopener\">PTFE \/ S<\/a><\/li>\n<\/ul>\n<\/div><\/div><\/div><\/section>\n<\/div><\/div><div  class='hr av-av_hr-91d7ccd583a503147498e120fee2ff9b hr-default  avia-builder-el-5  el_after_av_two_fifth  avia-builder-el-last '><span class='hr-inner '><span class=\"hr-inner-style\"><\/span><\/span><\/div><\/p>\n","protected":false},"excerpt":{"rendered":"<p>Para completar su gama, Mates ha decidido ofrecer una serie de pel\u00edculas desprendibles a base de PTFE simples o con un soporte de fibra de vidrio y adhesivo de silicona en una cara.<\/p>\n","protected":false},"author":2,"featured_media":0,"parent":9488,"menu_order":3,"comment_status":"open","ping_status":"open","template":"","meta":{"footnotes":""},"class_list":["post-9564","page","type-page","status-publish","hentry"],"_links":{"self":[{"href":"https:\/\/www.mates.it\/es\/wp-json\/wp\/v2\/pages\/9564","targetHints":{"allow":["GET"]}}],"collection":[{"href":"https:\/\/www.mates.it\/es\/wp-json\/wp\/v2\/pages"}],"about":[{"href":"https:\/\/www.mates.it\/es\/wp-json\/wp\/v2\/types\/page"}],"author":[{"embeddable":true,"href":"https:\/\/www.mates.it\/es\/wp-json\/wp\/v2\/users\/2"}],"replies":[{"embeddable":true,"href":"https:\/\/www.mates.it\/es\/wp-json\/wp\/v2\/comments?post=9564"}],"version-history":[{"count":0,"href":"https:\/\/www.mates.it\/es\/wp-json\/wp\/v2\/pages\/9564\/revisions"}],"up":[{"embeddable":true,"href":"https:\/\/www.mates.it\/es\/wp-json\/wp\/v2\/pages\/9488"}],"wp:attachment":[{"href":"https:\/\/www.mates.it\/es\/wp-json\/wp\/v2\/media?parent=9564"}],"curies":[{"name":"wp","href":"https:\/\/api.w.org\/{rel}","templated":true}]}}