{"id":9565,"date":"2016-08-03T16:10:26","date_gmt":"2016-08-03T14:10:26","guid":{"rendered":"https:\/\/www.mates.it\/prodotti\/ausiliari-di-processo\/feltri-aeratori\/agujereado\/"},"modified":"2023-06-28T18:51:55","modified_gmt":"2023-06-28T16:51:55","slug":"punzonados","status":"publish","type":"page","link":"https:\/\/www.mates.it\/es\/productos\/materiales-de_proceso\/mantas-absorcion\/punzonados\/","title":{"rendered":"Punzonados"},"content":{"rendered":"<div  class='flex_column av-av_three_fifth-7714eba142aeda1f8b5272a3c372b279 av_three_fifth  avia-builder-el-0  el_before_av_two_fifth  avia-builder-el-first  first flex_column_div  '     ><p>\n<style type=\"text\/css\" data-created_by=\"avia_inline_auto\" id=\"style-css-av-ljfyccmf-3b02ba3bca8e941168135d71a6b99893\">\n#top .av-special-heading.av-ljfyccmf-3b02ba3bca8e941168135d71a6b99893{\npadding-bottom:10px;\n}\nbody .av-special-heading.av-ljfyccmf-3b02ba3bca8e941168135d71a6b99893 .av-special-heading-tag .heading-char{\nfont-size:25px;\n}\n.av-special-heading.av-ljfyccmf-3b02ba3bca8e941168135d71a6b99893 .av-subheading{\nfont-size:15px;\n}\n<\/style>\n<div  class='av-special-heading av-ljfyccmf-3b02ba3bca8e941168135d71a6b99893 av-special-heading-h1  avia-builder-el-1  el_before_av_textblock  avia-builder-el-first  custom-h1-title'><h1 class='av-special-heading-tag '  >Punzonados<\/h1><div class=\"special-heading-border\"><div class=\"special-heading-inner-border\"><\/div><\/div><\/div><br \/>\n<section  class='av_textblock_section av-ljfycx36-5d8cd80d8ec7fb68f7f9b766c162bec4 '  ><div class='avia_textblock' ><p>La gama de fieltros punzonados est\u00e1 compuesta por tejidos no tejidos que proceden de flocados de poli\u00e9ster de primera calidad capaces de adaptarse a las formas m\u00e1s complejas del laminado y, al mismo tiempo, garantizar una excelente resistencia frente a altas temperaturas. Se diferencian de los tejidos compactados por su alta capacidad intr\u00ednseca de adaptarse a pr\u00e1cticamente todas las formas (drapeabilidad), dada por una extraordinaria suavidad al tacto. Su gran propiedad de permeabilidad a los vapores de solventes les permite ser utilizados con los principales sistemas de resinas, en procesos de vac\u00edo y autoclave. Dado que no est\u00e1n tratados para el desprendimiento, deben mantenerse separados del laminado mediante una pel\u00edcula de liberaci\u00f3n. Las estrechas relaciones que hemos consolidado a lo largo de los a\u00f1os con los principales productores del sector nos permiten ofrecer los mejores fieltros punzonados al mejor precio.<\/p>\n<\/div><\/section><\/p><\/div><div  class='flex_column av-av_two_fifth-f1c518e9ff58e869f80c8f093487abc9 av_two_fifth  avia-builder-el-3  el_after_av_three_fifth  el_before_av_hr  flex_column_div  '     ><style type=\"text\/css\" data-created_by=\"avia_inline_auto\" id=\"style-css-av-ljfyec4s-e56d99fadd5709dad25c46cafa522c36\">\n#top .togglecontainer.av-ljfyec4s-e56d99fadd5709dad25c46cafa522c36 h4.toggler{\nfont-size:14px;\n}\n#top .togglecontainer.av-ljfyec4s-e56d99fadd5709dad25c46cafa522c36 h4.toggler.activeTitle{\ncolor:#ffffff;\nborder-color:#ffffff;\nbackground-color:#2682d3;\n}\n<\/style>\n<div  class='togglecontainer av-ljfyec4s-e56d99fadd5709dad25c46cafa522c36  avia-builder-el-4  avia-builder-el-no-sibling  accordion_product toggle_close_all hasCurrentStyle' >\n<section class='av_toggle_section av-ljfye80t-35311e547adec7c40e95593b43b55156' ><div role=\"tablist\" class=\"single_toggle\" data-tags=\"{Todo} \"  ><h4 id='toggle-toggle-id-1' data-fake-id='#toggle-id-1' class='toggler  activeTitle av-title-above '  role='tab' tabindex='0' aria-controls='toggle-id-1' data-slide-speed=\"200\" data-title=\"Ventajas\" data-title-open=\"\" data-aria_collapsed=\"Click to expand: Ventajas\" data-aria_expanded=\"Click to collapse: Ventajas\">Ventajas<span class=\"toggle_icon\"><span class=\"vert_icon\"><\/span><span class=\"hor_icon\"><\/span><\/span><\/h4><div id='toggle-id-1' aria-labelledby='toggle-toggle-id-1' role='region' class='toggle_wrap  active_tc av-title-above' style='display:block;' ><div class='toggle_content invers-color ' ><ul class=\"customlist1\">\n<li>Alta capacidad de drapeado<\/li>\n<li>Alto flujo de aire<\/li>\n<li>Compatible con las principales resinas<\/li>\n<li>Resistencia a la temperatura<\/li>\n<\/ul>\n<\/div><\/div><\/div><\/section>\n<section class='av_toggle_section av-ljfyeb06-4b7fc57d6b914067503fb0a6ed12e5f7' ><div role=\"tablist\" class=\"single_toggle\" data-tags=\"{Todo} \"  ><h4 id='toggle-toggle-id-2' data-fake-id='#toggle-id-2' class='toggler  av-title-above '  role='tab' tabindex='0' aria-controls='toggle-id-2' data-slide-speed=\"200\" data-title=\"Tipos\" data-title-open=\"\" data-aria_collapsed=\"Click to expand: Tipos\" data-aria_expanded=\"Click to collapse: Tipos\">Tipos<span class=\"toggle_icon\"><span class=\"vert_icon\"><\/span><span class=\"hor_icon\"><\/span><\/span><\/h4><div id='toggle-id-2' aria-labelledby='toggle-toggle-id-2' role='region' class='toggle_wrap  av-title-above'  ><div class='toggle_content invers-color ' ><ul class=\"customlist2\">\n<li><a href=\"https:\/\/fileserver.mates.it\/Prodotti\/5_Ausiliari\/TDS\/Feltri%20aeratori\/AER140_DS.pdf\" target=\"_blank\" rel=\"noopener\">AER 140<\/a><\/li>\n<li><a href=\"https:\/\/fileserver.mates.it\/Prodotti\/5_Ausiliari\/TDS\/Feltri%20aeratori\/AER160_DS.pdf\" target=\"_blank\" rel=\"noopener\">AER 160<\/a><\/li>\n<li><a href=\"https:\/\/fileserver.mates.it\/Prodotti\/5_Ausiliari\/TDS\/Feltri%20aeratori\/AER230_DS.pdf\" target=\"_blank\" rel=\"noopener\">AER 230<\/a><\/li>\n<li><a href=\"https:\/\/fileserver.mates.it\/Prodotti\/5_Ausiliari\/TDS\/Feltri%20aeratori\/AER340_DS.pdf\" target=\"_blank\" rel=\"noopener\">AER 340<\/a><\/li>\n<\/ul>\n<\/div><\/div><\/div><\/section>\n<\/div><\/div><div  class='hr av-av_hr-91d7ccd583a503147498e120fee2ff9b hr-default  avia-builder-el-5  el_after_av_two_fifth  avia-builder-el-last '><span class='hr-inner '><span class=\"hr-inner-style\"><\/span><\/span><\/div><\/p>\n","protected":false},"excerpt":{"rendered":"<p>La gama de fieltros punzonados est\u00e1 compuesta por tejidos no tejidos que proceden de flocados de poli\u00e9ster de primera calidad capaces de adaptarse a las formas m\u00e1s complejas.<\/p>\n","protected":false},"author":2,"featured_media":0,"parent":9492,"menu_order":1,"comment_status":"open","ping_status":"open","template":"","meta":{"footnotes":""},"class_list":["post-9565","page","type-page","status-publish","hentry"],"_links":{"self":[{"href":"https:\/\/www.mates.it\/es\/wp-json\/wp\/v2\/pages\/9565","targetHints":{"allow":["GET"]}}],"collection":[{"href":"https:\/\/www.mates.it\/es\/wp-json\/wp\/v2\/pages"}],"about":[{"href":"https:\/\/www.mates.it\/es\/wp-json\/wp\/v2\/types\/page"}],"author":[{"embeddable":true,"href":"https:\/\/www.mates.it\/es\/wp-json\/wp\/v2\/users\/2"}],"replies":[{"embeddable":true,"href":"https:\/\/www.mates.it\/es\/wp-json\/wp\/v2\/comments?post=9565"}],"version-history":[{"count":0,"href":"https:\/\/www.mates.it\/es\/wp-json\/wp\/v2\/pages\/9565\/revisions"}],"up":[{"embeddable":true,"href":"https:\/\/www.mates.it\/es\/wp-json\/wp\/v2\/pages\/9492"}],"wp:attachment":[{"href":"https:\/\/www.mates.it\/es\/wp-json\/wp\/v2\/media?parent=9565"}],"curies":[{"name":"wp","href":"https:\/\/api.w.org\/{rel}","templated":true}]}}