{"id":9566,"date":"2016-08-03T16:13:30","date_gmt":"2016-08-03T14:13:30","guid":{"rendered":"https:\/\/www.mates.it\/prodotti\/ausiliari-di-processo\/feltri-aeratori\/comprimido\/"},"modified":"2025-04-15T23:26:25","modified_gmt":"2025-04-15T21:26:25","slug":"comprimido","status":"publish","type":"page","link":"https:\/\/www.mates.it\/es\/productos\/materiales-de_proceso\/mantas-absorcion\/comprimido\/","title":{"rendered":"Comprimido"},"content":{"rendered":"<div  class='flex_column av-av_three_fifth-7714eba142aeda1f8b5272a3c372b279 av_three_fifth  avia-builder-el-0  el_before_av_two_fifth  avia-builder-el-first  first flex_column_div  '     ><p>\n<style type=\"text\/css\" data-created_by=\"avia_inline_auto\" id=\"style-css-av-ljfytyjq-30ef57c2e41b58ba7f4b148704915fda\">\n#top .av-special-heading.av-ljfytyjq-30ef57c2e41b58ba7f4b148704915fda{\npadding-bottom:10px;\n}\nbody .av-special-heading.av-ljfytyjq-30ef57c2e41b58ba7f4b148704915fda .av-special-heading-tag .heading-char{\nfont-size:25px;\n}\n.av-special-heading.av-ljfytyjq-30ef57c2e41b58ba7f4b148704915fda .av-subheading{\nfont-size:15px;\n}\n<\/style>\n<div  class='av-special-heading av-ljfytyjq-30ef57c2e41b58ba7f4b148704915fda av-special-heading-h1  avia-builder-el-1  el_before_av_textblock  avia-builder-el-first  custom-h1-title'><h1 class='av-special-heading-tag '  >Comprimido<\/h1><div class=\"special-heading-border\"><div class=\"special-heading-inner-border\"><\/div><\/div><\/div><br \/>\n<section  class='av_textblock_section av-ljfyta8h-c437136c09154411adc3d14aa096bb99 '  ><div class='avia_textblock' ><p>Los fieltros compactados tambi\u00e9n se producen mediante el proceso de punzonado de las escamas de poli\u00e9ster, pero se someten a un segundo procesamiento. Se vuelven a compactar a m\u00e1quina sin ayuda de colas o ligantes qu\u00edmicos que puedan contaminar el producto. Este proceso es capaz de producir telas no tejidas con una compacidad \u00fanica en su tipo, capaz de desarrollar la mejor resistencia a la compresi\u00f3n dada por presiones externas. Durante la fase de trabajo es posible encontrar una mejor propagaci\u00f3n del flujo de aire en su interior, eliminando as\u00ed el riesgo de colapso del fieltro. Sin embargo, la mayor compacidad del producto modifica su capacidad de drapeado, que en todo caso sigue siendo \u00f3ptima para pr\u00e1cticamente todos los procesos productivos en el sector de los materiales pl\u00e1sticos reforzados, en la industria del vidrio y en todos los campos en los que se suelen utilizar tejidos punzonados.<\/p>\n<\/div><\/section><\/p><\/div>\n<div  class='flex_column av-av_two_fifth-f1c518e9ff58e869f80c8f093487abc9 av_two_fifth  avia-builder-el-3  el_after_av_three_fifth  el_before_av_hr  flex_column_div  '     ><style type=\"text\/css\" data-created_by=\"avia_inline_auto\" id=\"style-css-av-ljfytt65-dac831e70a2b3539fa6e9ce09f84aee9\">\n#top .togglecontainer.av-ljfytt65-dac831e70a2b3539fa6e9ce09f84aee9 h4.toggler{\nfont-size:14px;\n}\n#top .togglecontainer.av-ljfytt65-dac831e70a2b3539fa6e9ce09f84aee9 h4.toggler.activeTitle{\ncolor:#ffffff;\nborder-color:#ffffff;\nbackground-color:#2682d3;\n}\n<\/style>\n<div  class='togglecontainer av-ljfytt65-dac831e70a2b3539fa6e9ce09f84aee9  avia-builder-el-4  avia-builder-el-no-sibling  accordion_product toggle_close_all hasCurrentStyle' >\n<section class='av_toggle_section av-ljfytp3s-b4e1a897b6a8f0d5a21cbc4964b3de48' ><div role=\"tablist\" class=\"single_toggle\" data-tags=\"{Todo} \"  ><h4 id='toggle-toggle-id-1' data-fake-id='#toggle-id-1' class='toggler  activeTitle av-title-above '  role='tab' tabindex='0' aria-controls='toggle-id-1' data-slide-speed=\"200\" data-title=\"Ventajas\" data-title-open=\"\" data-aria_collapsed=\"Click to expand: Ventajas\" data-aria_expanded=\"Click to collapse: Ventajas\">Ventajas<span class=\"toggle_icon\"><span class=\"vert_icon\"><\/span><span class=\"hor_icon\"><\/span><\/span><\/h4><div id='toggle-id-1' aria-labelledby='toggle-toggle-id-1' role='region' class='toggle_wrap  active_tc av-title-above' style='display:block;' ><div class='toggle_content invers-color ' ><ul class=\"customlist1\">\n<li>M\u00e1xima compacidad<\/li>\n<li>Buena capacidad de drapeado<\/li>\n<li>Flujo de aire muy alto<\/li>\n<li>Resistencia a la temperatura<\/li>\n<\/ul>\n<\/div><\/div><\/div><\/section>\n<section class='av_toggle_section av-ljfyts21-4cc0a535dce6a5ddec163dde04f9572e' ><div role=\"tablist\" class=\"single_toggle\" data-tags=\"{Todo} \"  ><h4 id='toggle-toggle-id-2' data-fake-id='#toggle-id-2' class='toggler  av-title-above '  role='tab' tabindex='0' aria-controls='toggle-id-2' data-slide-speed=\"200\" data-title=\"Tipos\" data-title-open=\"\" data-aria_collapsed=\"Click to expand: Tipos\" data-aria_expanded=\"Click to collapse: Tipos\">Tipos<span class=\"toggle_icon\"><span class=\"vert_icon\"><\/span><span class=\"hor_icon\"><\/span><\/span><\/h4><div id='toggle-id-2' aria-labelledby='toggle-toggle-id-2' role='region' class='toggle_wrap  av-title-above'  ><div class='toggle_content invers-color ' ><ul class=\"customlist2\">\n<li><a href=\"https:\/\/fileserver.mates.it\/Prodotti\/5_Ausiliari\/TDS\/Feltri%20aeratori\/AER100_DS.pdf\" target=\"_blank\" rel=\"noopener\">AER 100<\/a><\/li>\n<li><a href=\"https:\/\/fileserver.mates.it\/Prodotti\/5_Ausiliari\/TDS\/Feltri%20aeratori\/AER120_DS.pdf\" target=\"_blank\" rel=\"noopener\">AER 120<\/a><\/li>\n<li><a href=\"https:\/\/fileserver.mates.it\/Prodotti\/5_Ausiliari\/TDS\/Feltri%20aeratori\/AER180_DS.pdf\" target=\"_blank\" rel=\"noopener\">AER 180<\/a><\/li>\n<li><a href=\"https:\/\/fileserver.mates.it\/Prodotti\/5_Ausiliari\/TDS\/Feltri%20aeratori\/AER300_DS.pdf\" target=\"_blank\" rel=\"noopener\">AER 300<\/a><\/li>\n<\/ul>\n<\/div><\/div><\/div><\/section>\n<\/div><\/div><div  class='hr av-av_hr-91d7ccd583a503147498e120fee2ff9b hr-default  avia-builder-el-5  el_after_av_two_fifth  avia-builder-el-last '><span class='hr-inner '><span class=\"hr-inner-style\"><\/span><\/span><\/div><\/p>\n","protected":false},"excerpt":{"rendered":"<p>Los fieltros compactados tambi\u00e9n se producen mediante el proceso de punzonado de las escamas de poli\u00e9ster, pero se someten a un segundo procesamiento.<\/p>\n","protected":false},"author":2,"featured_media":0,"parent":9492,"menu_order":2,"comment_status":"open","ping_status":"open","template":"","meta":{"footnotes":""},"class_list":["post-9566","page","type-page","status-publish","hentry"],"_links":{"self":[{"href":"https:\/\/www.mates.it\/es\/wp-json\/wp\/v2\/pages\/9566","targetHints":{"allow":["GET"]}}],"collection":[{"href":"https:\/\/www.mates.it\/es\/wp-json\/wp\/v2\/pages"}],"about":[{"href":"https:\/\/www.mates.it\/es\/wp-json\/wp\/v2\/types\/page"}],"author":[{"embeddable":true,"href":"https:\/\/www.mates.it\/es\/wp-json\/wp\/v2\/users\/2"}],"replies":[{"embeddable":true,"href":"https:\/\/www.mates.it\/es\/wp-json\/wp\/v2\/comments?post=9566"}],"version-history":[{"count":0,"href":"https:\/\/www.mates.it\/es\/wp-json\/wp\/v2\/pages\/9566\/revisions"}],"up":[{"embeddable":true,"href":"https:\/\/www.mates.it\/es\/wp-json\/wp\/v2\/pages\/9492"}],"wp:attachment":[{"href":"https:\/\/www.mates.it\/es\/wp-json\/wp\/v2\/media?parent=9566"}],"curies":[{"name":"wp","href":"https:\/\/api.w.org\/{rel}","templated":true}]}}