{"id":9567,"date":"2016-08-04T10:00:58","date_gmt":"2016-08-04T08:00:58","guid":{"rendered":"https:\/\/www.mates.it\/prodotti\/ausiliari-di-processo\/mezzi-di-flusso\/mallas-de-drenaje\/"},"modified":"2026-05-07T07:28:45","modified_gmt":"2026-05-07T05:28:45","slug":"mallas-de-distribucion","status":"publish","type":"page","link":"https:\/\/www.mates.it\/es\/productos\/materiales-de_proceso\/medios-de-flujo\/mallas-de-distribucion\/","title":{"rendered":"Mallas de distribuci\u00f3n"},"content":{"rendered":"<div  class='flex_column av-av_three_fifth-7714eba142aeda1f8b5272a3c372b279 av_three_fifth  avia-builder-el-0  el_before_av_two_fifth  avia-builder-el-first  first flex_column_div  '     ><p>\n<style type=\"text\/css\" data-created_by=\"avia_inline_auto\" id=\"style-css-av-ljg0axfm-e8cb5525cb4fc594643e244b2c5b9148\">\n#top .av-special-heading.av-ljg0axfm-e8cb5525cb4fc594643e244b2c5b9148{\npadding-bottom:10px;\n}\nbody .av-special-heading.av-ljg0axfm-e8cb5525cb4fc594643e244b2c5b9148 .av-special-heading-tag .heading-char{\nfont-size:25px;\n}\n.av-special-heading.av-ljg0axfm-e8cb5525cb4fc594643e244b2c5b9148 .av-subheading{\nfont-size:15px;\n}\n<\/style>\n<div  class='av-special-heading av-ljg0axfm-e8cb5525cb4fc594643e244b2c5b9148 av-special-heading-h1  avia-builder-el-1  el_before_av_textblock  avia-builder-el-first  custom-h1-title'><h1 class='av-special-heading-tag '  >Mallas de distribuci\u00f3n<\/h1><div class=\"special-heading-border\"><div class=\"special-heading-inner-border\"><\/div><\/div><\/div><br \/>\n<section  class='av_textblock_section av-ljg0bseu-a2412ca08e8e737fdce097222e251b43 '  ><div class='avia_textblock' ><p>La malla de distribuci\u00f3n es un producto consumible espec\u00edfico para acelerar el flujo de la resina en el interior de la bolsa de vac\u00edo, favoreciendo una correcta impregnaci\u00f3n de los tejidos en procesos como la infusi\u00f3n o en procesos denominados VARTM (Vacuum Assisted Resin Transfer Moulding). La malla es muy \u00fatil en zonas con un elevado n\u00famero de capas, posicionadas en bordes y zonas alejadas del molde o en toda la superficie del mismo, para moldes grandes y\/o para infusiones con resina de viscosidad media. Hemos seleccionado los mejores tipos de mallas de infusi\u00f3n, diferentes en drapeado, velocidad de flujo y posible acoplamiento con nuestras pel\u00edculas perforadas, por lo tanto, envases listos para usar que logran asegurar un aumento de velocidad en la producci\u00f3n de un producto compuesto.<\/p>\n<\/div><\/section><\/p><\/div>\n<div  class='flex_column av-av_two_fifth-f1c518e9ff58e869f80c8f093487abc9 av_two_fifth  avia-builder-el-3  el_after_av_three_fifth  el_before_av_hr  flex_column_div  '     ><style type=\"text\/css\" data-created_by=\"avia_inline_auto\" id=\"style-css-av-ljg0cc2a-afb5841d9776a5c08c408233199b3fb4\">\n#top .togglecontainer.av-ljg0cc2a-afb5841d9776a5c08c408233199b3fb4 h4.toggler{\nfont-size:14px;\n}\n#top .togglecontainer.av-ljg0cc2a-afb5841d9776a5c08c408233199b3fb4 h4.toggler.activeTitle{\ncolor:#ffffff;\nborder-color:#ffffff;\nbackground-color:#2682d3;\n}\n<\/style>\n<div  class='togglecontainer av-ljg0cc2a-afb5841d9776a5c08c408233199b3fb4  avia-builder-el-4  avia-builder-el-no-sibling  accordion_product toggle_close_all hasCurrentStyle' >\n<section class='av_toggle_section av-ljg0c8pa-0721b0ce751650015ae06d446d00af94' ><div role=\"tablist\" class=\"single_toggle\" data-tags=\"{Todo} \"  ><h4 id='toggle-toggle-id-1' data-fake-id='#toggle-id-1' class='toggler  activeTitle av-title-above '  role='tab' tabindex='0' aria-controls='toggle-id-1' data-slide-speed=\"200\" data-title=\"Ventajas\" data-title-open=\"\" data-aria_collapsed=\"Click to expand: Ventajas\" data-aria_expanded=\"Click to collapse: Ventajas\">Ventajas<span class=\"toggle_icon\"><span class=\"vert_icon\"><\/span><span class=\"hor_icon\"><\/span><\/span><\/h4><div id='toggle-id-1' aria-labelledby='toggle-toggle-id-1' role='region' class='toggle_wrap  active_tc av-title-above' style='display:block;' ><div class='toggle_content invers-color ' ><ul class=\"customlist1\">\n<li>Acelera tu flujo<\/li>\n<li>Especificaciones para inyecciones\/infusiones<\/li>\n<li>Diferentes tipos<\/li>\n<li>M\u00e1xima modularidad<\/li>\n<\/ul>\n<\/div><\/div><\/div><\/section>\n<section class='av_toggle_section av-ljg0cb6w-d31f847949fdffc38cfe45b14f220362' ><div role=\"tablist\" class=\"single_toggle\" data-tags=\"{Todo} \"  ><h4 id='toggle-toggle-id-2' data-fake-id='#toggle-id-2' class='toggler  av-title-above '  role='tab' tabindex='0' aria-controls='toggle-id-2' data-slide-speed=\"200\" data-title=\"Tipos\" data-title-open=\"\" data-aria_collapsed=\"Click to expand: Tipos\" data-aria_expanded=\"Click to collapse: Tipos\">Tipos<span class=\"toggle_icon\"><span class=\"vert_icon\"><\/span><span class=\"hor_icon\"><\/span><\/span><\/h4><div id='toggle-id-2' aria-labelledby='toggle-toggle-id-2' role='region' class='toggle_wrap  av-title-above'  ><div class='toggle_content invers-color ' ><ul class=\"customlist2\">\n<li><a href=\"https:\/\/fileserver.mates.it\/Prodotti\/5_Ausiliari\/TDS\/Mezzi%20di%20flusso\/RD100_DS.pdf\" target=\"_blank\" rel=\"noopener noreferrer\">RD 100<\/a><\/li>\n<li><a href=\"https:\/\/fileserver.mates.it\/Prodotti\/5_Ausiliari\/TDS\/Mezzi%20di%20flusso\/RD140_DS.pdf\" target=\"_blank\" rel=\"noopener noreferrer\">RD 140<\/a><\/li>\n<\/ul>\n<\/div><\/div><\/div><\/section>\n<\/div><\/div><div  class='hr av-av_hr-91d7ccd583a503147498e120fee2ff9b hr-default  avia-builder-el-5  el_after_av_two_fifth  avia-builder-el-last '><span class='hr-inner '><span class=\"hr-inner-style\"><\/span><\/span><\/div><\/p>\n","protected":false},"excerpt":{"rendered":"<p>La malla de distribuci\u00f3n es un producto consumible espec\u00edfico para acelerar el flujo de la resina en el interior de la bolsa de vac\u00edo, favoreciendo una correcta impregnaci\u00f3n de las fibras.<\/p>\n","protected":false},"author":2,"featured_media":0,"parent":9490,"menu_order":1,"comment_status":"open","ping_status":"open","template":"","meta":{"footnotes":""},"class_list":["post-9567","page","type-page","status-publish","hentry"],"_links":{"self":[{"href":"https:\/\/www.mates.it\/es\/wp-json\/wp\/v2\/pages\/9567","targetHints":{"allow":["GET"]}}],"collection":[{"href":"https:\/\/www.mates.it\/es\/wp-json\/wp\/v2\/pages"}],"about":[{"href":"https:\/\/www.mates.it\/es\/wp-json\/wp\/v2\/types\/page"}],"author":[{"embeddable":true,"href":"https:\/\/www.mates.it\/es\/wp-json\/wp\/v2\/users\/2"}],"replies":[{"embeddable":true,"href":"https:\/\/www.mates.it\/es\/wp-json\/wp\/v2\/comments?post=9567"}],"version-history":[{"count":1,"href":"https:\/\/www.mates.it\/es\/wp-json\/wp\/v2\/pages\/9567\/revisions"}],"predecessor-version":[{"id":21311,"href":"https:\/\/www.mates.it\/es\/wp-json\/wp\/v2\/pages\/9567\/revisions\/21311"}],"up":[{"embeddable":true,"href":"https:\/\/www.mates.it\/es\/wp-json\/wp\/v2\/pages\/9490"}],"wp:attachment":[{"href":"https:\/\/www.mates.it\/es\/wp-json\/wp\/v2\/media?parent=9567"}],"curies":[{"name":"wp","href":"https:\/\/api.w.org\/{rel}","templated":true}]}}