{"id":9569,"date":"2016-08-04T10:19:29","date_gmt":"2016-08-04T08:19:29","guid":{"rendered":"https:\/\/www.mates.it\/prodotti\/ausiliari-di-processo\/mezzi-di-flusso\/tubo-de-espirales\/"},"modified":"2023-10-14T14:40:15","modified_gmt":"2023-10-14T12:40:15","slug":"tubos-espirales","status":"publish","type":"page","link":"https:\/\/www.mates.it\/es\/productos\/materiales-de_proceso\/medios-de-flujo\/tubos-espirales\/","title":{"rendered":"Tubos espirales"},"content":{"rendered":"<\/p>\n<div  class='flex_column av-av_three_fifth-7714eba142aeda1f8b5272a3c372b279 av_three_fifth  avia-builder-el-0  el_before_av_two_fifth  avia-builder-el-first  first flex_column_div  '     ><p>\n<style type=\"text\/css\" data-created_by=\"avia_inline_auto\" id=\"style-css-av-ljg2h1bs-7e4ad922160b2ceb616eb427635e0110\">\n#top .av-special-heading.av-ljg2h1bs-7e4ad922160b2ceb616eb427635e0110{\npadding-bottom:10px;\n}\nbody .av-special-heading.av-ljg2h1bs-7e4ad922160b2ceb616eb427635e0110 .av-special-heading-tag .heading-char{\nfont-size:25px;\n}\n.av-special-heading.av-ljg2h1bs-7e4ad922160b2ceb616eb427635e0110 .av-subheading{\nfont-size:15px;\n}\n<\/style>\n<div  class='av-special-heading av-ljg2h1bs-7e4ad922160b2ceb616eb427635e0110 av-special-heading-h1  avia-builder-el-1  el_before_av_textblock  avia-builder-el-first  custom-h1-title'><h1 class='av-special-heading-tag '  >Tubos espirales<\/h1><div class=\"special-heading-border\"><div class=\"special-heading-inner-border\"><\/div><\/div><\/div><br \/>\n<section  class='av_textblock_section av-ljg2gcca-049c8bd896b0c452b3da205ca0ca96e0 '  ><div class='avia_textblock' ><p>Los tubos de drenaje en espiral se utilizan normalmente en procesos de infusi\u00f3n al vac\u00edo. La estructura de este producto permite optimizar el flujo de la resina hacia el per\u00edmetro y puntos dif\u00edciles del molde, dirigiendo la depresi\u00f3n que luego ser\u00e1 rellenada y reemplazada por el fluido. Este tipo de drenaje podr\u00eda marcar levemente la superficie interna del producto en laminados con un elevado n\u00famero de pieles. Hemos seleccionado los mejores tipos de ganancia en espiral, diferentes en tama\u00f1o y di\u00e1metro final (por lo tanto en t\u00e9rminos de capacidad), envases listos para usar que son capaces de garantizar un aumento de velocidad en la producci\u00f3n de un producto compuesto, adaptable a la dimensiones del molde y a las necesidades del proceso.<\/p>\n<\/div><\/section><\/p><\/div><div  class='flex_column av-av_two_fifth-f1c518e9ff58e869f80c8f093487abc9 av_two_fifth  avia-builder-el-3  el_after_av_three_fifth  el_before_av_hr  flex_column_div  '     ><style type=\"text\/css\" data-created_by=\"avia_inline_auto\" id=\"style-css-av-ljg2gvt3-42e9178120bb222e1584d049721747fb\">\n#top .togglecontainer.av-ljg2gvt3-42e9178120bb222e1584d049721747fb h4.toggler{\nfont-size:14px;\n}\n#top .togglecontainer.av-ljg2gvt3-42e9178120bb222e1584d049721747fb h4.toggler.activeTitle{\ncolor:#ffffff;\nborder-color:#ffffff;\nbackground-color:#2682d3;\n}\n<\/style>\n<div  class='togglecontainer av-ljg2gvt3-42e9178120bb222e1584d049721747fb  avia-builder-el-4  avia-builder-el-no-sibling  accordion_product toggle_close_all hasCurrentStyle' >\n<section class='av_toggle_section av-ljg2grl0-d7b0a955bbe875dceb649505190913b9' ><div role=\"tablist\" class=\"single_toggle\" data-tags=\"{Todo} \"  ><h4 id='toggle-toggle-id-1' data-fake-id='#toggle-id-1' class='toggler  activeTitle av-title-above '  role='tab' tabindex='0' aria-controls='toggle-id-1' data-slide-speed=\"200\" data-title=\"Ventajas\" data-title-open=\"\" data-aria_collapsed=\"Click to expand: Ventajas\" data-aria_expanded=\"Click to collapse: Ventajas\">Ventajas<span class=\"toggle_icon\"><span class=\"vert_icon\"><\/span><span class=\"hor_icon\"><\/span><\/span><\/h4><div id='toggle-id-1' aria-labelledby='toggle-toggle-id-1' role='region' class='toggle_wrap  active_tc av-title-above' style='display:block;' ><div class='toggle_content invers-color ' ><ul class=\"customlist1\">\n<li>Mayor flujo<\/li>\n<li>Desplazamiento de alta velocidad<\/li>\n<li>Diferentes tipos<\/li>\n<li>Compatible con todas las resinas.<\/li>\n<\/ul>\n<\/div><\/div><\/div><\/section>\n<section class='av_toggle_section av-ljg2gufj-f633f813f66491731fdc18b64132c46a' ><div role=\"tablist\" class=\"single_toggle\" data-tags=\"{Todo} \"  ><h4 id='toggle-toggle-id-2' data-fake-id='#toggle-id-2' class='toggler  av-title-above '  role='tab' tabindex='0' aria-controls='toggle-id-2' data-slide-speed=\"200\" data-title=\"Tipos\" data-title-open=\"\" data-aria_collapsed=\"Click to expand: Tipos\" data-aria_expanded=\"Click to collapse: Tipos\">Tipos<span class=\"toggle_icon\"><span class=\"vert_icon\"><\/span><span class=\"hor_icon\"><\/span><\/span><\/h4><div id='toggle-id-2' aria-labelledby='toggle-toggle-id-2' role='region' class='toggle_wrap  av-title-above'  ><div class='toggle_content invers-color ' ><ul class=\"customlist2\">\n<li><a href=\"https:\/\/fileserver.mates.it\/Prodotti\/5_Ausiliari\/TDS\/Mezzi%20di%20flusso\/SD_DS.pdf\" target=\"_blank\" rel=\"noopener\">SD Series<\/a><\/li>\n<\/ul>\n<\/div><\/div><\/div><\/section>\n<\/div><\/div><div  class='hr av-av_hr-91d7ccd583a503147498e120fee2ff9b hr-default  avia-builder-el-5  el_after_av_two_fifth  avia-builder-el-last '><span class='hr-inner '><span class=\"hr-inner-style\"><\/span><\/span><\/div><\/p>\n","protected":false},"excerpt":{"rendered":"<p>Los tubos espirales de drenaje de ganancia se utilizan normalmente en procesos de infusi\u00f3n al vac\u00edo, permiten optimizar el flujo de la resina hacia el per\u00edmetro y puntos dif\u00edciles.<\/p>\n","protected":false},"author":2,"featured_media":0,"parent":9490,"menu_order":3,"comment_status":"open","ping_status":"open","template":"","meta":{"footnotes":""},"class_list":["post-9569","page","type-page","status-publish","hentry"],"_links":{"self":[{"href":"https:\/\/www.mates.it\/es\/wp-json\/wp\/v2\/pages\/9569","targetHints":{"allow":["GET"]}}],"collection":[{"href":"https:\/\/www.mates.it\/es\/wp-json\/wp\/v2\/pages"}],"about":[{"href":"https:\/\/www.mates.it\/es\/wp-json\/wp\/v2\/types\/page"}],"author":[{"embeddable":true,"href":"https:\/\/www.mates.it\/es\/wp-json\/wp\/v2\/users\/2"}],"replies":[{"embeddable":true,"href":"https:\/\/www.mates.it\/es\/wp-json\/wp\/v2\/comments?post=9569"}],"version-history":[{"count":0,"href":"https:\/\/www.mates.it\/es\/wp-json\/wp\/v2\/pages\/9569\/revisions"}],"up":[{"embeddable":true,"href":"https:\/\/www.mates.it\/es\/wp-json\/wp\/v2\/pages\/9490"}],"wp:attachment":[{"href":"https:\/\/www.mates.it\/es\/wp-json\/wp\/v2\/media?parent=9569"}],"curies":[{"name":"wp","href":"https:\/\/api.w.org\/{rel}","templated":true}]}}