{"id":9570,"date":"2016-08-04T12:10:50","date_gmt":"2016-08-04T10:10:50","guid":{"rendered":"https:\/\/www.mates.it\/prodotti\/ausiliari-di-processo\/sigillanti-nastri\/selladores-de-butilo\/"},"modified":"2023-10-03T23:33:11","modified_gmt":"2023-10-03T21:33:11","slug":"masillas-de-cierre","status":"publish","type":"page","link":"https:\/\/www.mates.it\/es\/productos\/materiales-de_proceso\/selladores-cintas\/masillas-de-cierre\/","title":{"rendered":"Masillas de cierre"},"content":{"rendered":"<div  class='flex_column av-av_three_fifth-7714eba142aeda1f8b5272a3c372b279 av_three_fifth  avia-builder-el-0  el_before_av_two_fifth  avia-builder-el-first  first flex_column_div  '     ><p>\n<style type=\"text\/css\" data-created_by=\"avia_inline_auto\" id=\"style-css-av-ljg3yu5e-97b73a6d5fc15e5b28281b32f58706f6\">\n#top .av-special-heading.av-ljg3yu5e-97b73a6d5fc15e5b28281b32f58706f6{\npadding-bottom:10px;\n}\nbody .av-special-heading.av-ljg3yu5e-97b73a6d5fc15e5b28281b32f58706f6 .av-special-heading-tag .heading-char{\nfont-size:25px;\n}\n.av-special-heading.av-ljg3yu5e-97b73a6d5fc15e5b28281b32f58706f6 .av-subheading{\nfont-size:15px;\n}\n<\/style>\n<div  class='av-special-heading av-ljg3yu5e-97b73a6d5fc15e5b28281b32f58706f6 av-special-heading-h1  avia-builder-el-1  el_before_av_textblock  avia-builder-el-first  custom-h1-title'><h1 class='av-special-heading-tag '  >Masillas de cierre<\/h1><div class=\"special-heading-border\"><div class=\"special-heading-inner-border\"><\/div><\/div><\/div><br \/>\n<section  class='av_textblock_section av-ljg3x90b-702070b40f344c2d9fc91ecc31ab6751 '  ><div class='avia_textblock' ><p>Una amplia gama de las mejores masillas de cierre de butilo en versi\u00f3n preformada, espec\u00edficamente dise\u00f1adas para cerrar f\u00e1cilmente cualquier tipo de bolsa de vac\u00edo, en base a las necesidades individuales de las empresas l\u00edderes del sector. Utilizables, seg\u00fan su tipolog\u00eda, en todos los principales procesos productivos implantados en el mundo de los materiales compuestos avanzados, se caracterizan por un elevado m\u00f3dulo, elevada resistencia a la tracci\u00f3n y elevada adherencia a cualquier superficie. Tambi\u00e9n se pueden utilizar para crear sellos temporales. La gran versatilidad de esta familia de productos simplifica considerablemente el trabajo del operario gracias tambi\u00e9n a su f\u00e1cil aplicaci\u00f3n y retirada a temperatura ambiente, dejando limpias las superficies de los moldes. Las masillas de cierre se clasifican principalmente por espesor, ancho, capacidad adhesiva y temperatura m\u00e1xima de funcionamiento.<\/p>\n<\/div><\/section><\/p><\/div>\n<div  class='flex_column av-av_two_fifth-f1c518e9ff58e869f80c8f093487abc9 av_two_fifth  avia-builder-el-3  el_after_av_three_fifth  el_before_av_hr  flex_column_div  '     ><style type=\"text\/css\" data-created_by=\"avia_inline_auto\" id=\"style-css-av-ljg3yjry-d936735baf0cd32faf1f7172563bc3df\">\n#top .togglecontainer.av-ljg3yjry-d936735baf0cd32faf1f7172563bc3df h4.toggler{\nfont-size:14px;\n}\n#top .togglecontainer.av-ljg3yjry-d936735baf0cd32faf1f7172563bc3df h4.toggler.activeTitle{\ncolor:#ffffff;\nborder-color:#ffffff;\nbackground-color:#2682d3;\n}\n<\/style>\n<div  class='togglecontainer av-ljg3yjry-d936735baf0cd32faf1f7172563bc3df  avia-builder-el-4  avia-builder-el-no-sibling  accordion_product toggle_close_all hasCurrentStyle' >\n<section class='av_toggle_section av-ljg3xre2-dd9edd5a0cbc7edb2d1313d1f4cafeb9' ><div role=\"tablist\" class=\"single_toggle\" data-tags=\"{Todo} \"  ><h4 id='toggle-toggle-id-1' data-fake-id='#toggle-id-1' class='toggler  activeTitle av-title-above '  role='tab' tabindex='0' aria-controls='toggle-id-1' data-slide-speed=\"200\" data-title=\"M-SEAL\" data-title-open=\"\" data-aria_collapsed=\"Click to expand: M-SEAL\" data-aria_expanded=\"Click to collapse: M-SEAL\">M-SEAL<span class=\"toggle_icon\"><span class=\"vert_icon\"><\/span><span class=\"hor_icon\"><\/span><\/span><\/h4><div id='toggle-id-1' aria-labelledby='toggle-toggle-id-1' role='region' class='toggle_wrap  active_tc av-title-above' style='display:block;' ><div class='toggle_content invers-color ' ><ul class=\"customlist1\">\n<li><a href=\"https:\/\/fileserver.mates.it\/Prodotti\/5_Ausiliari\/TDS\/Sigillanti_Nastri\/MS_NERO_DS.pdf\" target=\"_blank\" rel=\"noopener noreferrer\">Negro<\/a><\/li>\n<li><a href=\"https:\/\/fileserver.mates.it\/Prodotti\/5_Ausiliari\/TDS\/Sigillanti_Nastri\/MS_BIANCO_DS.pdf\" target=\"_blank\" rel=\"noopener noreferrer\">Blanco<\/a><\/li>\n<\/ul>\n<\/div><\/div><\/div><\/section>\n<section class='av_toggle_section av-ljg3y9j2-fe339ea5314e73b914f3bbc7a96a59d3' ><div role=\"tablist\" class=\"single_toggle\" data-tags=\"{Todo} \"  ><h4 id='toggle-toggle-id-2' data-fake-id='#toggle-id-2' class='toggler  av-title-above '  role='tab' tabindex='0' aria-controls='toggle-id-2' data-slide-speed=\"200\" data-title=\"M-SEAL ECO\" data-title-open=\"\" data-aria_collapsed=\"Click to expand: M-SEAL ECO\" data-aria_expanded=\"Click to collapse: M-SEAL ECO\">M-SEAL ECO<span class=\"toggle_icon\"><span class=\"vert_icon\"><\/span><span class=\"hor_icon\"><\/span><\/span><\/h4><div id='toggle-id-2' aria-labelledby='toggle-toggle-id-2' role='region' class='toggle_wrap  av-title-above'  ><div class='toggle_content invers-color ' ><ul class=\"customlist2\">\n<li><a href=\"https:\/\/fileserver.mates.it\/Prodotti\/5_Ausiliari\/TDS\/Sigillanti_Nastri\/MS_ECO_NERO_DS.pdf\" target=\"_blank\" rel=\"noopener noreferrer\">Negro<\/a><\/li>\n<li><a href=\"https:\/\/fileserver.mates.it\/Prodotti\/5_Ausiliari\/TDS\/Sigillanti_Nastri\/MS_ECO_GRIGIO_DS.pdf\" target=\"_blank\" rel=\"noopener noreferrer\">Gris<\/a><\/li>\n<\/ul>\n<\/div><\/div><\/div><\/section>\n<section class='av_toggle_section av-ljg3yiwa-d170bc56c7a787cb0f59b75f4aec4bf5' ><div role=\"tablist\" class=\"single_toggle\" data-tags=\"{Todo} \"  ><h4 id='toggle-toggle-id-3' data-fake-id='#toggle-id-3' class='toggler  av-title-above '  role='tab' tabindex='0' aria-controls='toggle-id-3' data-slide-speed=\"200\" data-title=\"M-SEAL HT\" data-title-open=\"\" data-aria_collapsed=\"Click to expand: M-SEAL HT\" data-aria_expanded=\"Click to collapse: M-SEAL HT\">M-SEAL HT<span class=\"toggle_icon\"><span class=\"vert_icon\"><\/span><span class=\"hor_icon\"><\/span><\/span><\/h4><div id='toggle-id-3' aria-labelledby='toggle-toggle-id-3' role='region' class='toggle_wrap  av-title-above'  ><div class='toggle_content invers-color ' ><ul>\n<li><a href=\"https:\/\/fileserver.mates.it\/Prodotti\/5_Ausiliari\/TDS\/Sigillanti_Nastri\/MS_HT_NERO_DS.pdf\" target=\"_blank\" rel=\"noopener noreferrer\">Negro<\/a><\/li>\n<li><a href=\"https:\/\/fileserver.mates.it\/Prodotti\/5_Ausiliari\/TDS\/Sigillanti_Nastri\/MS_HT_GIALLO_DS.pdf\" target=\"_blank\" rel=\"noopener noreferrer\">Amarillo<\/a><\/li>\n<\/ul>\n<\/div><\/div><\/div><\/section>\n<\/div><\/div><div  class='hr av-av_hr-91d7ccd583a503147498e120fee2ff9b hr-default  avia-builder-el-5  el_after_av_two_fifth  avia-builder-el-last '><span class='hr-inner '><span class=\"hr-inner-style\"><\/span><\/span><\/div><\/p>\n","protected":false},"excerpt":{"rendered":"<p>Una amplia gama de las mejores masillas de cierre de butilo en versi\u00f3n preformada, espec\u00edficamente dise\u00f1adas para cerrar f\u00e1cilmente cualquier tipo de bolsa de vac\u00edo, en funci\u00f3n de las necesidades individuales.<\/p>\n","protected":false},"author":2,"featured_media":0,"parent":9496,"menu_order":1,"comment_status":"open","ping_status":"open","template":"","meta":{"footnotes":""},"class_list":["post-9570","page","type-page","status-publish","hentry"],"_links":{"self":[{"href":"https:\/\/www.mates.it\/es\/wp-json\/wp\/v2\/pages\/9570","targetHints":{"allow":["GET"]}}],"collection":[{"href":"https:\/\/www.mates.it\/es\/wp-json\/wp\/v2\/pages"}],"about":[{"href":"https:\/\/www.mates.it\/es\/wp-json\/wp\/v2\/types\/page"}],"author":[{"embeddable":true,"href":"https:\/\/www.mates.it\/es\/wp-json\/wp\/v2\/users\/2"}],"replies":[{"embeddable":true,"href":"https:\/\/www.mates.it\/es\/wp-json\/wp\/v2\/comments?post=9570"}],"version-history":[{"count":0,"href":"https:\/\/www.mates.it\/es\/wp-json\/wp\/v2\/pages\/9570\/revisions"}],"up":[{"embeddable":true,"href":"https:\/\/www.mates.it\/es\/wp-json\/wp\/v2\/pages\/9496"}],"wp:attachment":[{"href":"https:\/\/www.mates.it\/es\/wp-json\/wp\/v2\/media?parent=9570"}],"curies":[{"name":"wp","href":"https:\/\/api.w.org\/{rel}","templated":true}]}}