{"id":9572,"date":"2016-08-04T16:57:22","date_gmt":"2016-08-04T14:57:22","guid":{"rendered":"https:\/\/www.mates.it\/prodotti\/ausiliari-di-processo\/sigillanti-nastri\/flash-tapes-e\/"},"modified":"2023-06-28T21:48:17","modified_gmt":"2023-06-28T19:48:17","slug":"cintas-adhesivas","status":"publish","type":"page","link":"https:\/\/www.mates.it\/es\/productos\/materiales-de_proceso\/selladores-cintas\/cintas-adhesivas\/","title":{"rendered":"Cintas adhesivas"},"content":{"rendered":"<div  class='flex_column av-av_three_fifth-7714eba142aeda1f8b5272a3c372b279 av_three_fifth  avia-builder-el-0  el_before_av_two_fifth  avia-builder-el-first  first flex_column_div  '     ><p>\n<style type=\"text\/css\" data-created_by=\"avia_inline_auto\" id=\"style-css-av-ljg4p5mn-7b714a5c2c3caeac00f06018eaafbd9a\">\n#top .av-special-heading.av-ljg4p5mn-7b714a5c2c3caeac00f06018eaafbd9a{\npadding-bottom:10px;\n}\nbody .av-special-heading.av-ljg4p5mn-7b714a5c2c3caeac00f06018eaafbd9a .av-special-heading-tag .heading-char{\nfont-size:25px;\n}\n.av-special-heading.av-ljg4p5mn-7b714a5c2c3caeac00f06018eaafbd9a .av-subheading{\nfont-size:15px;\n}\n<\/style>\n<div  class='av-special-heading av-ljg4p5mn-7b714a5c2c3caeac00f06018eaafbd9a av-special-heading-h1  avia-builder-el-1  el_before_av_textblock  avia-builder-el-first  custom-h1-title'><h1 class='av-special-heading-tag '  >Cintas adhesivas<\/h1><div class=\"special-heading-border\"><div class=\"special-heading-inner-border\"><\/div><\/div><\/div><br \/>\n<section  class='av_textblock_section av-ljg4oxgo-cbfb2f8080e78ed1ba2fee97d69962c6 '  ><div class='avia_textblock' ><p>Cinta adhesiva en base poli\u00e9ster con adhesivo de silicona para colocaci\u00f3n semipermanente a altas temperaturas sin p\u00e9rdida de residuos en la superficie. Gracias al pegamento a base de silicona, estas cintas tambi\u00e9n est\u00e1n garantizadas para su uso a altas temperaturas con una exposici\u00f3n m\u00e1xima superior a 200 \u00b0C. Normalmente se utiliza en una variedad de procesos compuestos, incluida la infusi\u00f3n de resina y el moldeado de telas preimpregnadas. Producidos en diferentes tipos, se utilizan para fijar consumibles dentro del molde durante las fases de preformado, para enmascarar moldes y modelos o como agente de desmoldeo en mandriles cil\u00edndricos. Tambi\u00e9n seleccionado por numerosos talleres de carrocer\u00eda para la preparaci\u00f3n del coche para la fase de cocci\u00f3n de pintura a altas temperaturas.<\/p>\n<\/div><\/section><\/p><\/div><div  class='flex_column av-av_two_fifth-f1c518e9ff58e869f80c8f093487abc9 av_two_fifth  avia-builder-el-3  el_after_av_three_fifth  el_before_av_hr  flex_column_div  '     ><style type=\"text\/css\" data-created_by=\"avia_inline_auto\" id=\"style-css-av-ljg4pntz-ed254ebf69abb878628d8e3ce066ce01\">\n#top .togglecontainer.av-ljg4pntz-ed254ebf69abb878628d8e3ce066ce01 h4.toggler{\nfont-size:14px;\n}\n#top .togglecontainer.av-ljg4pntz-ed254ebf69abb878628d8e3ce066ce01 h4.toggler.activeTitle{\ncolor:#ffffff;\nborder-color:#ffffff;\nbackground-color:#2682d3;\n}\n<\/style>\n<div  class='togglecontainer av-ljg4pntz-ed254ebf69abb878628d8e3ce066ce01  avia-builder-el-4  avia-builder-el-no-sibling  accordion_product toggle_close_all hasCurrentStyle' >\n<section class='av_toggle_section av-ljg4phk8-4ecaac2b6a013584588a4afa90c7c889' ><div role=\"tablist\" class=\"single_toggle\" data-tags=\"{Todo} \"  ><h4 id='toggle-toggle-id-1' data-fake-id='#toggle-id-1' class='toggler  activeTitle av-title-above '  role='tab' tabindex='0' aria-controls='toggle-id-1' data-slide-speed=\"200\" data-title=\"Ventajas\" data-title-open=\"\" data-aria_collapsed=\"Click to expand: Ventajas\" data-aria_expanded=\"Click to collapse: Ventajas\">Ventajas<span class=\"toggle_icon\"><span class=\"vert_icon\"><\/span><span class=\"hor_icon\"><\/span><\/span><\/h4><div id='toggle-id-1' aria-labelledby='toggle-toggle-id-1' role='region' class='toggle_wrap  active_tc av-title-above' style='display:block;' ><div class='toggle_content invers-color ' ><ul class=\"customlist1\">\n<li>F\u00e1cil extracci\u00f3n de cinta<\/li>\n<li>No dejan residuos<\/li>\n<li>Espec\u00edficos de los principales procesos<\/li>\n<li>Alta adherencia sobre superficies.<\/li>\n<\/ul>\n<\/div><\/div><\/div><\/section>\n<section class='av_toggle_section av-ljg4pn2j-6c611c1a21a2ddaa22aa06cdd2a91c01' ><div role=\"tablist\" class=\"single_toggle\" data-tags=\"{Todo} \"  ><h4 id='toggle-toggle-id-2' data-fake-id='#toggle-id-2' class='toggler  av-title-above '  role='tab' tabindex='0' aria-controls='toggle-id-2' data-slide-speed=\"200\" data-title=\"Tipos\" data-title-open=\"\" data-aria_collapsed=\"Click to expand: Tipos\" data-aria_expanded=\"Click to collapse: Tipos\">Tipos<span class=\"toggle_icon\"><span class=\"vert_icon\"><\/span><span class=\"hor_icon\"><\/span><\/span><\/h4><div id='toggle-id-2' aria-labelledby='toggle-toggle-id-2' role='region' class='toggle_wrap  av-title-above'  ><div class='toggle_content invers-color ' ><ul class=\"customlist2\">\n<li><a href=\"https:\/\/fileserver.mates.it\/Prodotti\/5_Ausiliari\/TDS\/Sigillanti_Nastri\/FT_V_DS.pdf\" target=\"_blank\" rel=\"noopener\">FT 170<\/a><\/li>\n<li><a href=\"https:\/\/fileserver.mates.it\/Prodotti\/5_Ausiliari\/TDS\/Sigillanti_Nastri\/FT_R_DS.pdf\" target=\"_blank\" rel=\"noopener\">FT 200<\/a><\/li>\n<\/ul>\n<\/div><\/div><\/div><\/section>\n<\/div><\/div><div  class='hr av-av_hr-91d7ccd583a503147498e120fee2ff9b hr-default  avia-builder-el-5  el_after_av_two_fifth  avia-builder-el-last '><span class='hr-inner '><span class=\"hr-inner-style\"><\/span><\/span><\/div><\/p>\n","protected":false},"excerpt":{"rendered":"<p>Tap\u00f3n adhesivo a base de poli\u00e9ster con adhesivo de silicona para colocaci\u00f3n semipermanente a altas temperaturas sin p\u00e9rdida de residuos en la superficie.<\/p>\n","protected":false},"author":2,"featured_media":0,"parent":9496,"menu_order":2,"comment_status":"open","ping_status":"open","template":"","meta":{"footnotes":""},"class_list":["post-9572","page","type-page","status-publish","hentry"],"_links":{"self":[{"href":"https:\/\/www.mates.it\/es\/wp-json\/wp\/v2\/pages\/9572","targetHints":{"allow":["GET"]}}],"collection":[{"href":"https:\/\/www.mates.it\/es\/wp-json\/wp\/v2\/pages"}],"about":[{"href":"https:\/\/www.mates.it\/es\/wp-json\/wp\/v2\/types\/page"}],"author":[{"embeddable":true,"href":"https:\/\/www.mates.it\/es\/wp-json\/wp\/v2\/users\/2"}],"replies":[{"embeddable":true,"href":"https:\/\/www.mates.it\/es\/wp-json\/wp\/v2\/comments?post=9572"}],"version-history":[{"count":0,"href":"https:\/\/www.mates.it\/es\/wp-json\/wp\/v2\/pages\/9572\/revisions"}],"up":[{"embeddable":true,"href":"https:\/\/www.mates.it\/es\/wp-json\/wp\/v2\/pages\/9496"}],"wp:attachment":[{"href":"https:\/\/www.mates.it\/es\/wp-json\/wp\/v2\/media?parent=9572"}],"curies":[{"name":"wp","href":"https:\/\/api.w.org\/{rel}","templated":true}]}}