{"id":9574,"date":"2016-08-05T12:53:01","date_gmt":"2016-08-05T10:53:01","guid":{"rendered":"https:\/\/www.mates.it\/prodotti\/strumenti-attrezzature\/tubi-raccordi-attacchi\/tubos\/"},"modified":"2023-06-29T23:01:35","modified_gmt":"2023-06-29T21:01:35","slug":"tubos","status":"publish","type":"page","link":"https:\/\/www.mates.it\/es\/productos\/herramientas-utensilios\/tubos-ataques\/tubos\/","title":{"rendered":"Tubos"},"content":{"rendered":"<div  class='flex_column av-av_three_fifth-7714eba142aeda1f8b5272a3c372b279 av_three_fifth  avia-builder-el-0  el_before_av_two_fifth  avia-builder-el-first  first flex_column_div  '     ><p>\n<style type=\"text\/css\" data-created_by=\"avia_inline_auto\" id=\"style-css-av-ljhmr7yk-3be1dd4de755eb72e3d95f627cc05581\">\n#top .av-special-heading.av-ljhmr7yk-3be1dd4de755eb72e3d95f627cc05581{\npadding-bottom:10px;\n}\nbody .av-special-heading.av-ljhmr7yk-3be1dd4de755eb72e3d95f627cc05581 .av-special-heading-tag .heading-char{\nfont-size:25px;\n}\n.av-special-heading.av-ljhmr7yk-3be1dd4de755eb72e3d95f627cc05581 .av-subheading{\nfont-size:15px;\n}\n<\/style>\n<div  class='av-special-heading av-ljhmr7yk-3be1dd4de755eb72e3d95f627cc05581 av-special-heading-h1  avia-builder-el-1  el_before_av_textblock  avia-builder-el-first  custom-h1-title'><h1 class='av-special-heading-tag '  >Tubos<\/h1><div class=\"special-heading-border\"><div class=\"special-heading-inner-border\"><\/div><\/div><\/div><br \/>\n<section  class='av_textblock_section av-ljhmrlr4-9eaac77730db45f51b20d0e1339d83f9 '  ><div class='avia_textblock' ><p>Tubos simples o premontados, en polietileno de alta densidad o en silicona, en versi\u00f3n cl\u00e1sica o reforzada con trenza interna en fibra aram\u00eddica. Estos art\u00edculos tienen un rango de operaci\u00f3n que var\u00eda de 80 \u00b0C a 250 \u00b0C, son fundamentales para la creaci\u00f3n de una l\u00ednea de vac\u00edo correcta as\u00ed como para realizar infusiones estables y confiables. Se pueden utilizar en los procesos m\u00e1s extendidos para la producci\u00f3n de composites avanzados como al vac\u00edo y en autoclaves de alta presi\u00f3n. Controlamos por muestra las diferentes caracter\u00edsticas de cualquier tipo de tubo, con temperatura m\u00e1xima de ejercicio, presi\u00f3n y sellado al vac\u00edo. Solo as\u00ed es posible elaborar productos de calidad adaptados a todo el proceso productivo.<\/p>\n<div style=\"width: 100%;\"><\/div>\n<\/div><\/section><\/p><\/div><div  class='flex_column av-av_two_fifth-f1c518e9ff58e869f80c8f093487abc9 av_two_fifth  avia-builder-el-3  el_after_av_three_fifth  el_before_av_hr  flex_column_div  '     ><style type=\"text\/css\" data-created_by=\"avia_inline_auto\" id=\"style-css-av-ljhmrx97-659b38ae696a155322f3861549483b71\">\n#top .togglecontainer.av-ljhmrx97-659b38ae696a155322f3861549483b71 h4.toggler{\nfont-size:14px;\n}\n#top .togglecontainer.av-ljhmrx97-659b38ae696a155322f3861549483b71 h4.toggler.activeTitle{\ncolor:#ffffff;\nborder-color:#ffffff;\nbackground-color:#2682d3;\n}\n<\/style>\n<div  class='togglecontainer av-ljhmrx97-659b38ae696a155322f3861549483b71  avia-builder-el-4  avia-builder-el-no-sibling  accordion_product toggle_close_all hasCurrentStyle' >\n<section class='av_toggle_section av-ljhmrt8c-b0243932bc2bdd76275ed7349cbbec05' ><div role=\"tablist\" class=\"single_toggle\" data-tags=\"{Todo} \"  ><h4 id='toggle-toggle-id-1' data-fake-id='#toggle-id-1' class='toggler  activeTitle av-title-above '  role='tab' tabindex='0' aria-controls='toggle-id-1' data-slide-speed=\"200\" data-title=\"Silicona\" data-title-open=\"\" data-aria_collapsed=\"Click to expand: Silicona\" data-aria_expanded=\"Click to collapse: Silicona\">Silicona<span class=\"toggle_icon\"><span class=\"vert_icon\"><\/span><span class=\"hor_icon\"><\/span><\/span><\/h4><div id='toggle-id-1' aria-labelledby='toggle-toggle-id-1' role='region' class='toggle_wrap  active_tc av-title-above' style='display:block;' ><div class='toggle_content invers-color ' ><ul class=\"customlist1\">\n<li><a href=\"https:\/\/fileserver.mates.it\/Prodotti\/7_Attrezzature\/TDS\/Mates\/Tubi_Raccordi_Attacchi\/T-HT.pdf\" target=\"_blank\" rel=\"noopener\">HT<\/a><\/li>\n<li><a href=\"https:\/\/fileserver.mates.it\/Prodotti\/7_Attrezzature\/TDS\/Mates\/Tubi_Raccordi_Attacchi\/T-HP.pdf\" target=\"_blank\" rel=\"noopener\">HP<\/a><\/li>\n<\/ul>\n<\/div><\/div><\/div><\/section>\n<section class='av_toggle_section av-ljhmrw85-8bb5d8b36dc5acfac7ccaf6050d6e991' ><div role=\"tablist\" class=\"single_toggle\" data-tags=\"{Todo} \"  ><h4 id='toggle-toggle-id-2' data-fake-id='#toggle-id-2' class='toggler  av-title-above '  role='tab' tabindex='0' aria-controls='toggle-id-2' data-slide-speed=\"200\" data-title=\"Polietileno\" data-title-open=\"\" data-aria_collapsed=\"Click to expand: Polietileno\" data-aria_expanded=\"Click to collapse: Polietileno\">Polietileno<span class=\"toggle_icon\"><span class=\"vert_icon\"><\/span><span class=\"hor_icon\"><\/span><\/span><\/h4><div id='toggle-id-2' aria-labelledby='toggle-toggle-id-2' role='region' class='toggle_wrap  av-title-above'  ><div class='toggle_content invers-color ' ><ul class=\"customlist2\">\n<li><a href=\"https:\/\/fileserver.mates.it\/Prodotti\/7_Attrezzature\/TDS\/Mates\/Tubi_Raccordi_Attacchi\/T-LDPE.pdf\" target=\"_blank\" rel=\"noopener\">LDPE<\/a><\/li>\n<\/ul>\n<\/div><\/div><\/div><\/section>\n<\/div><\/div><div  class='hr av-av_hr-91d7ccd583a503147498e120fee2ff9b hr-default  avia-builder-el-5  el_after_av_two_fifth  avia-builder-el-last '><span class='hr-inner '><span class=\"hr-inner-style\"><\/span><\/span><\/div><\/p>\n","protected":false},"excerpt":{"rendered":"<p>Tubos simples o premontados, en polietileno de alta densidad o en silicona, en versi\u00f3n cl\u00e1sica o reforzada con trenza interna en fibra aram\u00eddica.<\/p>\n","protected":false},"author":2,"featured_media":0,"parent":9515,"menu_order":1,"comment_status":"open","ping_status":"open","template":"","meta":{"footnotes":""},"class_list":["post-9574","page","type-page","status-publish","hentry"],"_links":{"self":[{"href":"https:\/\/www.mates.it\/es\/wp-json\/wp\/v2\/pages\/9574","targetHints":{"allow":["GET"]}}],"collection":[{"href":"https:\/\/www.mates.it\/es\/wp-json\/wp\/v2\/pages"}],"about":[{"href":"https:\/\/www.mates.it\/es\/wp-json\/wp\/v2\/types\/page"}],"author":[{"embeddable":true,"href":"https:\/\/www.mates.it\/es\/wp-json\/wp\/v2\/users\/2"}],"replies":[{"embeddable":true,"href":"https:\/\/www.mates.it\/es\/wp-json\/wp\/v2\/comments?post=9574"}],"version-history":[{"count":0,"href":"https:\/\/www.mates.it\/es\/wp-json\/wp\/v2\/pages\/9574\/revisions"}],"up":[{"embeddable":true,"href":"https:\/\/www.mates.it\/es\/wp-json\/wp\/v2\/pages\/9515"}],"wp:attachment":[{"href":"https:\/\/www.mates.it\/es\/wp-json\/wp\/v2\/media?parent=9574"}],"curies":[{"name":"wp","href":"https:\/\/api.w.org\/{rel}","templated":true}]}}