{"id":9575,"date":"2016-08-05T12:53:21","date_gmt":"2016-08-05T10:53:21","guid":{"rendered":"https:\/\/www.mates.it\/prodotti\/strumenti-attrezzature\/tubi-raccordi-attacchi\/conectores-y-grifos\/"},"modified":"2023-06-30T23:46:58","modified_gmt":"2023-06-30T21:46:58","slug":"conectores-y-grifos","status":"publish","type":"page","link":"https:\/\/www.mates.it\/es\/productos\/herramientas-utensilios\/tubos-ataques\/conectores-y-grifos\/","title":{"rendered":"Acoplamientos \/ Grifos"},"content":{"rendered":"<div  class='flex_column av-av_three_fifth-7714eba142aeda1f8b5272a3c372b279 av_three_fifth  avia-builder-el-0  el_before_av_two_fifth  avia-builder-el-first  first flex_column_div  '     ><p>\n<style type=\"text\/css\" data-created_by=\"avia_inline_auto\" id=\"style-css-av-ljj3t9uu-e759837612410a01a7a36b91a25fcde9\">\n#top .av-special-heading.av-ljj3t9uu-e759837612410a01a7a36b91a25fcde9{\npadding-bottom:10px;\n}\nbody .av-special-heading.av-ljj3t9uu-e759837612410a01a7a36b91a25fcde9 .av-special-heading-tag .heading-char{\nfont-size:25px;\n}\n.av-special-heading.av-ljj3t9uu-e759837612410a01a7a36b91a25fcde9 .av-subheading{\nfont-size:15px;\n}\n<\/style>\n<div  class='av-special-heading av-ljj3t9uu-e759837612410a01a7a36b91a25fcde9 av-special-heading-h1  avia-builder-el-1  el_before_av_textblock  avia-builder-el-first  custom-h1-title'><h1 class='av-special-heading-tag '  >Acoplamientos \/ Grifos<\/h1><div class=\"special-heading-border\"><div class=\"special-heading-inner-border\"><\/div><\/div><\/div><br \/>\n<section  class='av_textblock_section av-ljj3t1ll-2c22879cf4209a7551f045e90c9d7241 '  ><div class='avia_textblock' ><p>Acoplamientos y reductores \u00fatiles para conectar tuber\u00edas, racores u otros accesorios que componen la l\u00ednea de vac\u00edo y caracterizan el proceso. Una serie de racores para los m\u00e1s diversos tipos de procesos de producci\u00f3n de componentes compuestos, perfectamente compatibles entre s\u00ed y con todos los dem\u00e1s auxiliares. Para ofrecer un paquete completo, Mates decidi\u00f3 seleccionar una gama de grifos y v\u00e1lvulas de bola \u00fatiles para regular o interrumpir completamente el flujo de fluidos. Disponibles tanto en pl\u00e1stico como en lat\u00f3n, pueden utilizarse en diferentes sectores. Perfectamente compatibles entre s\u00ed y con todos los dem\u00e1s auxiliares a la venta, estos art\u00edculos completan nuestra l\u00ednea de accesorios para procesos de fabricaci\u00f3n de compuestos.<\/p>\n<div style=\"width: 100%;\"><\/div>\n<\/div><\/section><\/p><\/div><div  class='flex_column av-av_two_fifth-f1c518e9ff58e869f80c8f093487abc9 av_two_fifth  avia-builder-el-3  el_after_av_three_fifth  el_before_av_hr  flex_column_div  '     ><style type=\"text\/css\" data-created_by=\"avia_inline_auto\" id=\"style-css-av-ljj3u4qb-b26c5591406b8d529613b2532094bb01\">\n#top .togglecontainer.av-ljj3u4qb-b26c5591406b8d529613b2532094bb01 h4.toggler{\nfont-size:14px;\n}\n#top .togglecontainer.av-ljj3u4qb-b26c5591406b8d529613b2532094bb01 h4.toggler.activeTitle{\ncolor:#ffffff;\nborder-color:#ffffff;\nbackground-color:#2682d3;\n}\n<\/style>\n<div  class='togglecontainer av-ljj3u4qb-b26c5591406b8d529613b2532094bb01  avia-builder-el-4  avia-builder-el-no-sibling  accordion_product toggle_close_all hasCurrentStyle' >\n<section class='av_toggle_section av-ljj3tn27-7324384f836454da03176bacff07a07c' ><div role=\"tablist\" class=\"single_toggle\" data-tags=\"{Todo} \"  ><h4 id='toggle-toggle-id-1' data-fake-id='#toggle-id-1' class='toggler  activeTitle av-title-above '  role='tab' tabindex='0' aria-controls='toggle-id-1' data-slide-speed=\"200\" data-title=\"Ventajas\" data-title-open=\"\" data-aria_collapsed=\"Click to expand: Ventajas\" data-aria_expanded=\"Click to collapse: Ventajas\">Ventajas<span class=\"toggle_icon\"><span class=\"vert_icon\"><\/span><span class=\"hor_icon\"><\/span><\/span><\/h4><div id='toggle-id-1' aria-labelledby='toggle-toggle-id-1' role='region' class='toggle_wrap  active_tc av-title-above' style='display:block;' ><div class='toggle_content invers-color ' ><ul class=\"customlist1\">\n<li>Amplia gama de productos<\/li>\n<li>\u00datiles para todos los procesos de producci\u00f3n<\/li>\n<li>Perfecta compatibilidad<\/li>\n<li>Utilizables en diferentes sectores<\/li>\n<\/ul>\n<\/div><\/div><\/div><\/section>\n<section class='av_toggle_section av-ljj3u2kr-9e8077ebcfcdbecfdd213ae9a1ff8f81' ><div role=\"tablist\" class=\"single_toggle\" data-tags=\"{Todo} \"  ><h4 id='toggle-toggle-id-2' data-fake-id='#toggle-id-2' class='toggler  av-title-above '  role='tab' tabindex='0' aria-controls='toggle-id-2' data-slide-speed=\"200\" data-title=\"Tipos\" data-title-open=\"\" data-aria_collapsed=\"Click to expand: Tipos\" data-aria_expanded=\"Click to collapse: Tipos\">Tipos<span class=\"toggle_icon\"><span class=\"vert_icon\"><\/span><span class=\"hor_icon\"><\/span><\/span><\/h4><div id='toggle-id-2' aria-labelledby='toggle-toggle-id-2' role='region' class='toggle_wrap  av-title-above'  ><div class='toggle_content invers-color ' ><ul class=\"customlist2\">\n<li><a href=\"https:\/\/fileserver.mates.it\/Prodotti\/7_Attrezzature\/TDS\/Mates\/Tubi_Raccordi_Attacchi\/FIT-HDPE.pdf\" target=\"_blank\" rel=\"noopener\">Acoplamientos de infusi\u00f3n<\/a><\/li>\n<li><a href=\"https:\/\/fileserver.mates.it\/Prodotti\/7_Attrezzature\/TDS\/Mates\/Tubi_Raccordi_Attacchi\/TAP-HDPE.pdf\" target=\"_blank\" rel=\"noopener\">Grifos<\/a><\/li>\n<\/ul>\n<\/div><\/div><\/div><\/section>\n<\/div><\/div><div  class='hr av-av_hr-91d7ccd583a503147498e120fee2ff9b hr-default  avia-builder-el-5  el_after_av_two_fifth  avia-builder-el-last '><span class='hr-inner '><span class=\"hr-inner-style\"><\/span><\/span><\/div><\/p>\n","protected":false},"excerpt":{"rendered":"<p>Acoplamientos y reducciones \u00fatiles para conectar tubos, racores u otros accesorios que componen la l\u00ednea de vac\u00edo y caracterizan el proceso de producci\u00f3n de componentes de composite.<\/p>\n","protected":false},"author":2,"featured_media":0,"parent":9515,"menu_order":3,"comment_status":"open","ping_status":"open","template":"","meta":{"footnotes":""},"class_list":["post-9575","page","type-page","status-publish","hentry"],"_links":{"self":[{"href":"https:\/\/www.mates.it\/es\/wp-json\/wp\/v2\/pages\/9575","targetHints":{"allow":["GET"]}}],"collection":[{"href":"https:\/\/www.mates.it\/es\/wp-json\/wp\/v2\/pages"}],"about":[{"href":"https:\/\/www.mates.it\/es\/wp-json\/wp\/v2\/types\/page"}],"author":[{"embeddable":true,"href":"https:\/\/www.mates.it\/es\/wp-json\/wp\/v2\/users\/2"}],"replies":[{"embeddable":true,"href":"https:\/\/www.mates.it\/es\/wp-json\/wp\/v2\/comments?post=9575"}],"version-history":[{"count":0,"href":"https:\/\/www.mates.it\/es\/wp-json\/wp\/v2\/pages\/9575\/revisions"}],"up":[{"embeddable":true,"href":"https:\/\/www.mates.it\/es\/wp-json\/wp\/v2\/pages\/9515"}],"wp:attachment":[{"href":"https:\/\/www.mates.it\/es\/wp-json\/wp\/v2\/media?parent=9575"}],"curies":[{"name":"wp","href":"https:\/\/api.w.org\/{rel}","templated":true}]}}