{"id":9576,"date":"2016-08-05T12:53:50","date_gmt":"2016-08-05T10:53:50","guid":{"rendered":"https:\/\/www.mates.it\/prodotti\/strumenti-attrezzature\/tubi-raccordi-attacchi\/conexiones-enlaces\/"},"modified":"2023-06-30T23:15:38","modified_gmt":"2023-06-30T21:15:38","slug":"tomas-valvulas","status":"publish","type":"page","link":"https:\/\/www.mates.it\/es\/productos\/herramientas-utensilios\/tubos-ataques\/tomas-valvulas\/","title":{"rendered":"Tomas \/ V\u00e1lvulas"},"content":{"rendered":"<div  class='flex_column av-av_three_fifth-7714eba142aeda1f8b5272a3c372b279 av_three_fifth  avia-builder-el-0  el_before_av_two_fifth  avia-builder-el-first  first flex_column_div  '     ><p>\n<style type=\"text\/css\" data-created_by=\"avia_inline_auto\" id=\"style-css-av-ljj2njoy-36a4d651cd62750e7baf40dcfdbf2729\">\n#top .av-special-heading.av-ljj2njoy-36a4d651cd62750e7baf40dcfdbf2729{\npadding-bottom:10px;\n}\nbody .av-special-heading.av-ljj2njoy-36a4d651cd62750e7baf40dcfdbf2729 .av-special-heading-tag .heading-char{\nfont-size:25px;\n}\n.av-special-heading.av-ljj2njoy-36a4d651cd62750e7baf40dcfdbf2729 .av-subheading{\nfont-size:15px;\n}\n<\/style>\n<div  class='av-special-heading av-ljj2njoy-36a4d651cd62750e7baf40dcfdbf2729 av-special-heading-h1  avia-builder-el-1  el_before_av_textblock  avia-builder-el-first  custom-h1-title'><h1 class='av-special-heading-tag '  >Tomas \/ V\u00e1lvulas<\/h1><div class=\"special-heading-border\"><div class=\"special-heading-inner-border\"><\/div><\/div><\/div><br \/>\n<section  class='av_textblock_section av-ljj2ogte-85af371d278a92ab47d1186de69b135a '  ><div class='avia_textblock' ><p>Mates siempre ha comercializado los mejores tipos de conexi\u00f3n entre una bolsa de vac\u00edo, tubular o de hoja, y las v\u00e1lvulas de vac\u00edo u otros auxiliares que se le apliquen. Una serie de racores para los m\u00e1s diversos tipos de proceso de producci\u00f3n de compuestos, perfectamente compatibles entre s\u00ed y adaptables gracias a nuestra l\u00ednea de conectores y enchufes. Adem\u00e1s, hemos seleccionado los mejores acoplamientos r\u00e1pidos, tambi\u00e9n conocidos como conectores de bola, ampliamente utilizados en los principales procesos de producci\u00f3n de composites reforzados con fibra, as\u00ed como en otros tipos de plantas, como la industria qu\u00edmica, para el paso de fluidos que van desde el aire y el agua hasta fluidos altamente agresivos. Tambi\u00e9n est\u00e1n disponibles racores de paso libre, racores r\u00e1pidos y cualquier otro que pueda satisfacer las necesidades de cualquier industria.<\/p>\n<div style=\"width: 100%;\"><\/div>\n<\/div><\/section><\/p><\/div><div  class='flex_column av-av_two_fifth-f1c518e9ff58e869f80c8f093487abc9 av_two_fifth  avia-builder-el-3  el_after_av_three_fifth  el_before_av_hr  flex_column_div  '     ><style type=\"text\/css\" data-created_by=\"avia_inline_auto\" id=\"style-css-av-ljj2pv2x-da3d075bdb6e93ce87cea20cc1531027\">\n#top .togglecontainer.av-ljj2pv2x-da3d075bdb6e93ce87cea20cc1531027 h4.toggler{\nfont-size:14px;\n}\n#top .togglecontainer.av-ljj2pv2x-da3d075bdb6e93ce87cea20cc1531027 h4.toggler.activeTitle{\ncolor:#ffffff;\nborder-color:#ffffff;\nbackground-color:#2682d3;\n}\n<\/style>\n<div  class='togglecontainer av-ljj2pv2x-da3d075bdb6e93ce87cea20cc1531027  avia-builder-el-4  avia-builder-el-no-sibling  accordion_product toggle_close_all hasCurrentStyle' >\n<section class='av_toggle_section av-ljj2p783-85a4b078c57559170e833d0cb35b1d8d' ><div role=\"tablist\" class=\"single_toggle\" data-tags=\"{Todo} \"  ><h4 id='toggle-toggle-id-1' data-fake-id='#toggle-id-1' class='toggler  activeTitle av-title-above '  role='tab' tabindex='0' aria-controls='toggle-id-1' data-slide-speed=\"200\" data-title=\"Ventajas\" data-title-open=\"\" data-aria_collapsed=\"Click to expand: Ventajas\" data-aria_expanded=\"Click to collapse: Ventajas\">Ventajas<span class=\"toggle_icon\"><span class=\"vert_icon\"><\/span><span class=\"hor_icon\"><\/span><\/span><\/h4><div id='toggle-id-1' aria-labelledby='toggle-toggle-id-1' role='region' class='toggle_wrap  active_tc av-title-above' style='display:block;' ><div class='toggle_content invers-color ' ><ul class=\"customlist1\">\n<li>Controles peri\u00f3dicos de calidad<\/li>\n<li>Aplicados a los principales procesos<\/li>\n<li>Selecci\u00f3n entre los l\u00edderes del sector<\/li>\n<li>Gama en constante evoluci\u00f3n<\/li>\n<\/ul>\n<\/div><\/div><\/div><\/section>\n<section class='av_toggle_section av-ljj2pu5m-f6ca550ec7a4410183e271a256a058b5' ><div role=\"tablist\" class=\"single_toggle\" data-tags=\"{Todo} \"  ><h4 id='toggle-toggle-id-2' data-fake-id='#toggle-id-2' class='toggler  av-title-above '  role='tab' tabindex='0' aria-controls='toggle-id-2' data-slide-speed=\"200\" data-title=\"Tipos\" data-title-open=\"\" data-aria_collapsed=\"Click to expand: Tipos\" data-aria_expanded=\"Click to collapse: Tipos\">Tipos<span class=\"toggle_icon\"><span class=\"vert_icon\"><\/span><span class=\"hor_icon\"><\/span><\/span><\/h4><div id='toggle-id-2' aria-labelledby='toggle-toggle-id-2' role='region' class='toggle_wrap  av-title-above'  ><div class='toggle_content invers-color ' ><ul class=\"customlist2\">\n<li><a href=\"https:\/\/fileserver.mates.it\/Prodotti\/7_Attrezzature\/TDS\/Mates\/Tubi_Raccordi_Attacchi\/V-CON.pdf\" target=\"_blank\" rel=\"noopener noreferrer\">V\u00e1lvulas de vac\u00edo<\/a><\/li>\n<li><a href=\"https:\/\/fileserver.mates.it\/Prodotti\/7_Attrezzature\/TDS\/Mates\/Tubi_Raccordi_Attacchi\/I-CON.pdf\" target=\"_blank\" rel=\"noopener\">Conectores de infusi\u00f3n<\/a><\/li>\n<li><a href=\"https:\/\/fileserver.mates.it\/Prodotti\/7_Attrezzature\/TDS\/Mates\/Tubi_Raccordi_Attacchi\/Q-LINK.pdf\" target=\"_blank\" rel=\"noopener noreferrer\">Acoplamientos r\u00e1pidos<\/a><\/li>\n<\/ul>\n<\/div><\/div><\/div><\/section>\n<\/div><\/div><div  class='hr av-av_hr-91d7ccd583a503147498e120fee2ff9b hr-default  avia-builder-el-5  el_after_av_two_fifth  avia-builder-el-last '><span class='hr-inner '><span class=\"hr-inner-style\"><\/span><\/span><\/div><\/p>\n","protected":false},"excerpt":{"rendered":"<p>Mates siempre ha comercializado los mejores tipos de conexi\u00f3n entre una bolsa de vac\u00edo y las v\u00e1lvulas de vac\u00edo u otros auxiliares que se le apliquen, conexiones para los m\u00e1s diversos tipos de procesos.<\/p>\n","protected":false},"author":2,"featured_media":0,"parent":9515,"menu_order":2,"comment_status":"open","ping_status":"open","template":"","meta":{"footnotes":""},"class_list":["post-9576","page","type-page","status-publish","hentry"],"_links":{"self":[{"href":"https:\/\/www.mates.it\/es\/wp-json\/wp\/v2\/pages\/9576","targetHints":{"allow":["GET"]}}],"collection":[{"href":"https:\/\/www.mates.it\/es\/wp-json\/wp\/v2\/pages"}],"about":[{"href":"https:\/\/www.mates.it\/es\/wp-json\/wp\/v2\/types\/page"}],"author":[{"embeddable":true,"href":"https:\/\/www.mates.it\/es\/wp-json\/wp\/v2\/users\/2"}],"replies":[{"embeddable":true,"href":"https:\/\/www.mates.it\/es\/wp-json\/wp\/v2\/comments?post=9576"}],"version-history":[{"count":0,"href":"https:\/\/www.mates.it\/es\/wp-json\/wp\/v2\/pages\/9576\/revisions"}],"up":[{"embeddable":true,"href":"https:\/\/www.mates.it\/es\/wp-json\/wp\/v2\/pages\/9515"}],"wp:attachment":[{"href":"https:\/\/www.mates.it\/es\/wp-json\/wp\/v2\/media?parent=9576"}],"curies":[{"name":"wp","href":"https:\/\/api.w.org\/{rel}","templated":true}]}}