{"id":9584,"date":"2016-09-18T16:08:48","date_gmt":"2016-09-18T14:08:48","guid":{"rendered":"https:\/\/www.mates.it\/prodotti\/strumenti-attrezzature\/maquinaria-equipo\/"},"modified":"2023-07-01T00:03:12","modified_gmt":"2023-06-30T22:03:12","slug":"maquinaria-instalaciones","status":"publish","type":"page","link":"https:\/\/www.mates.it\/es\/productos\/herramientas-utensilios\/maquinaria-instalaciones\/","title":{"rendered":"Maquinaria \/ Instalaciones"},"content":{"rendered":"\n<style type=\"text\/css\" data-created_by=\"avia_inline_auto\" id=\"style-css-av-av_image-160996b0f4039265c05dbcc7d6e95b66\">\n.avia-image-container.av-av_image-160996b0f4039265c05dbcc7d6e95b66 img.avia_image{\nbox-shadow:none;\n}\n.avia-image-container.av-av_image-160996b0f4039265c05dbcc7d6e95b66 .av-image-caption-overlay-center{\ncolor:#ffffff;\n}\n<\/style>\n<div  class='avia-image-container av-av_image-160996b0f4039265c05dbcc7d6e95b66 av-styling- avia-align-center  avia-builder-el-0  el_before_av_hr  avia-builder-el-first '  ><div class=\"avia-image-container-inner\"><div class=\"avia-image-overlay-wrap\"><img decoding=\"async\" fetchpriority=\"high\" class=\"wp-image- avia-img-lazy-loading-not- avia_image \" src=\"https:\/\/www.mates.it\/wp-content\/uploads\/Macchinari-Impianti.jpg\" alt=\"\" title=\"\"><\/div><\/div><\/div>\n<div  class='hr av-av_hr-91d7ccd583a503147498e120fee2ff9b hr-default  avia-builder-el-1  el_after_av_image  el_before_av_three_fifth '><span class='hr-inner '><span class=\"hr-inner-style\"><\/span><\/span><\/div>\n<div  class='flex_column av-av_three_fifth-7714eba142aeda1f8b5272a3c372b279 av_three_fifth  avia-builder-el-2  el_after_av_hr  el_before_av_two_fifth  first flex_column_div  '     ><p>\n<style type=\"text\/css\" data-created_by=\"avia_inline_auto\" id=\"style-css-av-ljj4ekib-46c58a79e2799731ea4a558ded09eac4\">\n#top .av-special-heading.av-ljj4ekib-46c58a79e2799731ea4a558ded09eac4{\npadding-bottom:10px;\n}\nbody .av-special-heading.av-ljj4ekib-46c58a79e2799731ea4a558ded09eac4 .av-special-heading-tag .heading-char{\nfont-size:25px;\n}\n.av-special-heading.av-ljj4ekib-46c58a79e2799731ea4a558ded09eac4 .av-subheading{\nfont-size:15px;\n}\n<\/style>\n<div  class='av-special-heading av-ljj4ekib-46c58a79e2799731ea4a558ded09eac4 av-special-heading-h1  avia-builder-el-3  el_before_av_textblock  avia-builder-el-first  custom-h1-title'><h1 class='av-special-heading-tag '  >Maquinaria \/ Instalaciones<\/h1><div class=\"special-heading-border\"><div class=\"special-heading-inner-border\"><\/div><\/div><\/div><br \/>\n<section  class='av_textblock_section av-ljj4ed0e-01ba30e9528dc72d9be0dcb367eb4af3 '  ><div class='avia_textblock' ><p>Nuestra principal ambici\u00f3n no es ser un proveedor gen\u00e9rico, sino un socio fiable capaz de ofrecer un servicio completo antes, durante y despu\u00e9s del suministro de nuestros productos. Conscientes de que un suministro gen\u00e9rico y poco personalizado nunca es capaz de resolver un problema espec\u00edfico de la mejor manera posible, estructuramos cada proyecto partiendo de las especificaciones del cliente para satisfacer, de la mejor manera posible, las ambiciones y expectativas individuales. Por este motivo, hemos seleccionado los mejores sistemas tecnol\u00f3gicos y soluciones industriales que ofrece el mercado nacional e internacional: maquinaria y equipos capaces de transformar de la mejor manera posible el material a procesar. Adem\u00e1s, para mantener eficientes y actualizadas en el tiempo incluso las plantas m\u00e1s antiguas, proponemos revisiones globales o de \u00e1reas espec\u00edficas (el\u00e9ctrica, neum\u00e1tica, hidr\u00e1ulica).<\/p>\n<\/div><\/section><\/p><\/div><div  class='flex_column av-av_two_fifth-f1c518e9ff58e869f80c8f093487abc9 av_two_fifth  avia-builder-el-5  el_after_av_three_fifth  el_before_av_hr  flex_column_div  '     ><style type=\"text\/css\" data-created_by=\"avia_inline_auto\" id=\"style-css-av-ljj4f13a-caafbd04cadee37eb3ed69628de07799\">\n#top .togglecontainer.av-ljj4f13a-caafbd04cadee37eb3ed69628de07799 h4.toggler{\nfont-size:14px;\n}\n#top .togglecontainer.av-ljj4f13a-caafbd04cadee37eb3ed69628de07799 h4.toggler.activeTitle{\ncolor:#ffffff;\nborder-color:#ffffff;\nbackground-color:#2682d3;\n}\n<\/style>\n<div  class='togglecontainer av-ljj4f13a-caafbd04cadee37eb3ed69628de07799  avia-builder-el-6  avia-builder-el-no-sibling  accordion_product toggle_close_all hasCurrentStyle' >\n<section class='av_toggle_section av-ljj4exhq-e613ec2afaaf4a29c062cfa488fbcfd3' ><div role=\"tablist\" class=\"single_toggle\" data-tags=\"{Todo} \"  ><h4 id='toggle-toggle-id-1' data-fake-id='#toggle-id-1' class='toggler  activeTitle av-title-above '  role='tab' tabindex='0' aria-controls='toggle-id-1' data-slide-speed=\"200\" data-title=\"Ventajas\" data-title-open=\"\" data-aria_collapsed=\"Click to expand: Ventajas\" data-aria_expanded=\"Click to collapse: Ventajas\">Ventajas<span class=\"toggle_icon\"><span class=\"vert_icon\"><\/span><span class=\"hor_icon\"><\/span><\/span><\/h4><div id='toggle-id-1' aria-labelledby='toggle-toggle-id-1' role='region' class='toggle_wrap  active_tc av-title-above' style='display:block;' ><div class='toggle_content invers-color ' ><ul class=\"customlist1\">\n<li>M\u00e1xima repetibilidad del proceso<\/li>\n<li>Aplicable a todos los procesos<\/li>\n<li>An\u00e1lisis preliminar del proyecto<\/li>\n<li>Mantenimiento programado<\/li>\n<\/ul>\n<\/div><\/div><\/div><\/section>\n<section class='av_toggle_section av-ljj4f0l2-5bd9ead404fd3aa8fde819d6142ada42' ><div role=\"tablist\" class=\"single_toggle\" data-tags=\"{Todo} \"  ><h4 id='toggle-toggle-id-2' data-fake-id='#toggle-id-2' class='toggler  av-title-above '  role='tab' tabindex='0' aria-controls='toggle-id-2' data-slide-speed=\"200\" data-title=\"Tipos\" data-title-open=\"\" data-aria_collapsed=\"Click to expand: Tipos\" data-aria_expanded=\"Click to collapse: Tipos\">Tipos<span class=\"toggle_icon\"><span class=\"vert_icon\"><\/span><span class=\"hor_icon\"><\/span><\/span><\/h4><div id='toggle-id-2' aria-labelledby='toggle-toggle-id-2' role='region' class='toggle_wrap  av-title-above'  ><div class='toggle_content invers-color ' ><li class=\"page_item page-item-9511\"><a href=\"https:\/\/www.mates.it\/es\/productos\/herramientas-utensilios\/maquinaria-instalaciones\/tecnologias-de-vacio\/\">Tecnolog\u00edas de vac\u00edo<\/a><\/li>\n<li class=\"page_item page-item-9510\"><a href=\"https:\/\/www.mates.it\/es\/productos\/herramientas-utensilios\/maquinaria-instalaciones\/autoclaves-hornos\/\">Autoclaves \/ Hornos<\/a><\/li>\n<li class=\"page_item page-item-9586\"><a href=\"https:\/\/www.mates.it\/es\/productos\/herramientas-utensilios\/maquinaria-instalaciones\/maquinas-de-impregnacion\/\">M\u00e1quinas de impregnaci\u00f3n<\/a><\/li>\n<li class=\"page_item page-item-9587\"><a href=\"https:\/\/www.mates.it\/es\/productos\/herramientas-utensilios\/maquinaria-instalaciones\/sistemas-de-dispensacion\/\">Sistemas de dispensaci\u00f3n<\/a><\/li>\n\n<\/div><\/div><\/div><\/section>\n<\/div><\/div><div  class='hr av-av_hr-91d7ccd583a503147498e120fee2ff9b hr-default  avia-builder-el-7  el_after_av_two_fifth  avia-builder-el-last '><span class='hr-inner '><span class=\"hr-inner-style\"><\/span><\/span><\/div><\/p>\n","protected":false},"excerpt":{"rendered":"<p>Nuestra principal ambici\u00f3n no es ser un proveedor gen\u00e9rico, sino un socio fiable capaz de ofrecer el mejor servicio antes, durante y despu\u00e9s de la entrega.<\/p>\n","protected":false},"author":2,"featured_media":7659,"parent":9395,"menu_order":3,"comment_status":"open","ping_status":"open","template":"","meta":{"footnotes":""},"class_list":["post-9584","page","type-page","status-publish","has-post-thumbnail","hentry"],"_links":{"self":[{"href":"https:\/\/www.mates.it\/es\/wp-json\/wp\/v2\/pages\/9584","targetHints":{"allow":["GET"]}}],"collection":[{"href":"https:\/\/www.mates.it\/es\/wp-json\/wp\/v2\/pages"}],"about":[{"href":"https:\/\/www.mates.it\/es\/wp-json\/wp\/v2\/types\/page"}],"author":[{"embeddable":true,"href":"https:\/\/www.mates.it\/es\/wp-json\/wp\/v2\/users\/2"}],"replies":[{"embeddable":true,"href":"https:\/\/www.mates.it\/es\/wp-json\/wp\/v2\/comments?post=9584"}],"version-history":[{"count":0,"href":"https:\/\/www.mates.it\/es\/wp-json\/wp\/v2\/pages\/9584\/revisions"}],"up":[{"embeddable":true,"href":"https:\/\/www.mates.it\/es\/wp-json\/wp\/v2\/pages\/9395"}],"wp:featuredmedia":[{"embeddable":true,"href":"https:\/\/www.mates.it\/es\/wp-json\/wp\/v2\/media\/7659"}],"wp:attachment":[{"href":"https:\/\/www.mates.it\/es\/wp-json\/wp\/v2\/media?parent=9584"}],"curies":[{"name":"wp","href":"https:\/\/api.w.org\/{rel}","templated":true}]}}