{"id":9586,"date":"2016-09-18T16:33:06","date_gmt":"2016-09-18T14:33:06","guid":{"rendered":"https:\/\/www.mates.it\/prodotti\/strumenti-attrezzature\/macchinari-impianti\/maquinas-de-impregnacion\/"},"modified":"2023-07-01T21:47:10","modified_gmt":"2023-07-01T19:47:10","slug":"maquinas-de-impregnacion","status":"publish","type":"page","link":"https:\/\/www.mates.it\/es\/productos\/herramientas-utensilios\/maquinaria-instalaciones\/maquinas-de-impregnacion\/","title":{"rendered":"M\u00e1quinas de impregnaci\u00f3n"},"content":{"rendered":"<div  class='flex_column av-av_three_fifth-7714eba142aeda1f8b5272a3c372b279 av_three_fifth  avia-builder-el-0  el_before_av_two_fifth  avia-builder-el-first  first flex_column_div  '     ><p>\n<style type=\"text\/css\" data-created_by=\"avia_inline_auto\" id=\"style-css-av-ljkezs8t-fc38bf6c84a3a6b926b68ab81f6d9c46\">\n#top .av-special-heading.av-ljkezs8t-fc38bf6c84a3a6b926b68ab81f6d9c46{\npadding-bottom:10px;\n}\nbody .av-special-heading.av-ljkezs8t-fc38bf6c84a3a6b926b68ab81f6d9c46 .av-special-heading-tag .heading-char{\nfont-size:25px;\n}\n.av-special-heading.av-ljkezs8t-fc38bf6c84a3a6b926b68ab81f6d9c46 .av-subheading{\nfont-size:15px;\n}\n<\/style>\n<div  class='av-special-heading av-ljkezs8t-fc38bf6c84a3a6b926b68ab81f6d9c46 av-special-heading-h1  avia-builder-el-1  el_before_av_textblock  avia-builder-el-first  custom-h1-title'><h1 class='av-special-heading-tag '  >M\u00e1quinas de impregnaci\u00f3n<\/h1><div class=\"special-heading-border\"><div class=\"special-heading-inner-border\"><\/div><\/div><\/div><br \/>\n<section  class='av_textblock_section av-ljkeybsz-52b1f0a121841dde5bc15909ee8cae9e '  ><div class='avia_textblock' ><p>La preimpregnaci\u00f3n de refuerzo es una t\u00e9cnica que se utiliza a menudo para el procesado de tejidos complejos y fibras de gran tama\u00f1o para la industria naval, para la producci\u00f3n de l\u00e1minas planas o para el procesado en la industria de la construcci\u00f3n. Mediante una m\u00e1quina de impregnaci\u00f3n, se aplica resina al tejido, que pasa por un ba\u00f1o de resina y luego es exprimido por rodillos ajustables que controlan el contenido de resina en el laminado. Controlar el contenido de resina con estas impregnadoras ayudar\u00e1 a reducir el desperdicio de resina, as\u00ed como a acelerar el proceso de laminado. Disponible en diferentes alturas y configuraciones, en versiones autom\u00e1tica y manual. Gracias a unos divisores especiales, tambi\u00e9n es posible utilizar cintas peque\u00f1as montadas en m\u00e1quinas de impregnaci\u00f3n grandes.<\/p>\n<div style=\"width: 100%;\"><\/div>\n<\/div><\/section><\/p><\/div><div  class='flex_column av-av_two_fifth-f1c518e9ff58e869f80c8f093487abc9 av_two_fifth  avia-builder-el-3  el_after_av_three_fifth  el_before_av_hr  flex_column_div  '     ><style type=\"text\/css\" data-created_by=\"avia_inline_auto\" id=\"style-css-av-ljkezb72-6adb2b3e86b77b0656e4bdf3394b204d\">\n#top .togglecontainer.av-ljkezb72-6adb2b3e86b77b0656e4bdf3394b204d h4.toggler{\nfont-size:14px;\n}\n#top .togglecontainer.av-ljkezb72-6adb2b3e86b77b0656e4bdf3394b204d h4.toggler.activeTitle{\ncolor:#ffffff;\nborder-color:#ffffff;\nbackground-color:#2682d3;\n}\n<\/style>\n<div  class='togglecontainer av-ljkezb72-6adb2b3e86b77b0656e4bdf3394b204d  avia-builder-el-4  avia-builder-el-no-sibling  accordion_product toggle_close_all hasCurrentStyle' >\n<section class='av_toggle_section av-ljkeyyul-25746157e9aeb586f9b01a628f0a381d' ><div role=\"tablist\" class=\"single_toggle\" data-tags=\"{Todo} \"  ><h4 id='toggle-toggle-id-1' data-fake-id='#toggle-id-1' class='toggler  activeTitle av-title-above '  role='tab' tabindex='0' aria-controls='toggle-id-1' data-slide-speed=\"200\" data-title=\"Ventajas\" data-title-open=\"\" data-aria_collapsed=\"Click to expand: Ventajas\" data-aria_expanded=\"Click to collapse: Ventajas\">Ventajas<span class=\"toggle_icon\"><span class=\"vert_icon\"><\/span><span class=\"hor_icon\"><\/span><\/span><\/h4><div id='toggle-id-1' aria-labelledby='toggle-toggle-id-1' role='region' class='toggle_wrap  active_tc av-title-above' style='display:block;' ><div class='toggle_content invers-color ' ><ul>\n<li>Reduce el desperdicio de materia prima<\/li>\n<li>Aumenta la velocidad del proceso<\/li>\n<li>Acceso a listas de precios favorables<\/li>\n<li>Garant\u00eda de producto<\/li>\n<\/ul>\n<\/div><\/div><\/div><\/section>\n<section class='av_toggle_section av-ljkez9xs-cb8d0738da570602cb35c9960e173976' ><div role=\"tablist\" class=\"single_toggle\" data-tags=\"{Todo} \"  ><h4 id='toggle-toggle-id-2' data-fake-id='#toggle-id-2' class='toggler  av-title-above '  role='tab' tabindex='0' aria-controls='toggle-id-2' data-slide-speed=\"200\" data-title=\"Tipos\" data-title-open=\"\" data-aria_collapsed=\"Click to expand: Tipos\" data-aria_expanded=\"Click to collapse: Tipos\">Tipos<span class=\"toggle_icon\"><span class=\"vert_icon\"><\/span><span class=\"hor_icon\"><\/span><\/span><\/h4><div id='toggle-id-2' aria-labelledby='toggle-toggle-id-2' role='region' class='toggle_wrap  av-title-above'  ><div class='toggle_content invers-color ' ><ul class=\"customlist2\">\n<li>Manuales<\/li>\n<li>Autom\u00e1tico<\/li>\n<\/ul>\n<\/div><\/div><\/div><\/section>\n<\/div><\/div><div  class='hr av-av_hr-91d7ccd583a503147498e120fee2ff9b hr-default  avia-builder-el-5  el_after_av_two_fifth  avia-builder-el-last '><span class='hr-inner '><span class=\"hr-inner-style\"><\/span><\/span><\/div><\/p>\n","protected":false},"excerpt":{"rendered":"<p>La preimpregnaci\u00f3n de refuerzos es una t\u00e9cnica que se utiliza a menudo para procesar tejidos complejos y fibras de gran tama\u00f1o para la industria naval.<\/p>\n","protected":false},"author":2,"featured_media":0,"parent":9584,"menu_order":3,"comment_status":"open","ping_status":"open","template":"","meta":{"footnotes":""},"class_list":["post-9586","page","type-page","status-publish","hentry"],"_links":{"self":[{"href":"https:\/\/www.mates.it\/es\/wp-json\/wp\/v2\/pages\/9586","targetHints":{"allow":["GET"]}}],"collection":[{"href":"https:\/\/www.mates.it\/es\/wp-json\/wp\/v2\/pages"}],"about":[{"href":"https:\/\/www.mates.it\/es\/wp-json\/wp\/v2\/types\/page"}],"author":[{"embeddable":true,"href":"https:\/\/www.mates.it\/es\/wp-json\/wp\/v2\/users\/2"}],"replies":[{"embeddable":true,"href":"https:\/\/www.mates.it\/es\/wp-json\/wp\/v2\/comments?post=9586"}],"version-history":[{"count":0,"href":"https:\/\/www.mates.it\/es\/wp-json\/wp\/v2\/pages\/9586\/revisions"}],"up":[{"embeddable":true,"href":"https:\/\/www.mates.it\/es\/wp-json\/wp\/v2\/pages\/9584"}],"wp:attachment":[{"href":"https:\/\/www.mates.it\/es\/wp-json\/wp\/v2\/media?parent=9586"}],"curies":[{"name":"wp","href":"https:\/\/api.w.org\/{rel}","templated":true}]}}