{"id":9588,"date":"2016-09-18T17:10:00","date_gmt":"2016-09-18T15:10:00","guid":{"rendered":"https:\/\/www.mates.it\/prodotti\/strumenti-attrezzature\/sistemas-de-herramientas\/"},"modified":"2023-07-02T22:53:34","modified_gmt":"2023-07-02T20:53:34","slug":"sistemas-de-moldeado","status":"publish","type":"page","link":"https:\/\/www.mates.it\/es\/productos\/herramientas-utensilios\/sistemas-de-moldeado\/","title":{"rendered":"Sistemas de moldeado"},"content":{"rendered":"\n<style type=\"text\/css\" data-created_by=\"avia_inline_auto\" id=\"style-css-av-av_image-fc0ac47404acd4432646800b14c1d550\">\n.avia-image-container.av-av_image-fc0ac47404acd4432646800b14c1d550 img.avia_image{\nbox-shadow:none;\n}\n.avia-image-container.av-av_image-fc0ac47404acd4432646800b14c1d550 .av-image-caption-overlay-center{\ncolor:#ffffff;\n}\n<\/style>\n<div  class='avia-image-container av-av_image-fc0ac47404acd4432646800b14c1d550 av-styling- avia-align-center  avia-builder-el-0  el_before_av_hr  avia-builder-el-first '  ><div class=\"avia-image-container-inner\"><div class=\"avia-image-overlay-wrap\"><img decoding=\"async\" fetchpriority=\"high\" class=\"wp-image- avia-img-lazy-loading-not- avia_image \" src=\"https:\/\/www.mates.it\/wp-content\/uploads\/2016\/09\/Tooling-systems.jpg\" alt=\"\" title=\"\"><\/div><\/div><\/div>\n<div  class='hr av-av_hr-91d7ccd583a503147498e120fee2ff9b hr-default  avia-builder-el-1  el_after_av_image  el_before_av_three_fifth '><span class='hr-inner '><span class=\"hr-inner-style\"><\/span><\/span><\/div>\n<div  class='flex_column av-av_three_fifth-7714eba142aeda1f8b5272a3c372b279 av_three_fifth  avia-builder-el-2  el_after_av_hr  el_before_av_two_fifth  first flex_column_div  '     ><p>\n<style type=\"text\/css\" data-created_by=\"avia_inline_auto\" id=\"style-css-av-ljlwrz6w-e1b88c9f3962f40073fce0d24f890962\">\n#top .av-special-heading.av-ljlwrz6w-e1b88c9f3962f40073fce0d24f890962{\npadding-bottom:10px;\n}\nbody .av-special-heading.av-ljlwrz6w-e1b88c9f3962f40073fce0d24f890962 .av-special-heading-tag .heading-char{\nfont-size:25px;\n}\n.av-special-heading.av-ljlwrz6w-e1b88c9f3962f40073fce0d24f890962 .av-subheading{\nfont-size:15px;\n}\n<\/style>\n<div  class='av-special-heading av-ljlwrz6w-e1b88c9f3962f40073fce0d24f890962 av-special-heading-h1  avia-builder-el-3  el_before_av_textblock  avia-builder-el-first  custom-h1-title'><h1 class='av-special-heading-tag '  >Sistemas de moldeado<\/h1><div class=\"special-heading-border\"><div class=\"special-heading-inner-border\"><\/div><\/div><\/div><br \/>\n<section  class='av_textblock_section av-ljlws98v-11bb33548cc644d6fca832d36eae4f59 '  ><div class='avia_textblock' ><p>Mates dispone de una amplia gama de placas de moldeo y modelos de diferentes tipos, densidades, grosores y dimensiones. Los tableros de poliuretano o resina epoxi tambi\u00e9n se caracterizan por sus diferentes densidades, lo que permite satisfacer las necesidades de utillaje m\u00e1s variadas. Son muy utilizadas gracias a su sencilla mecanizaci\u00f3n con la herramienta y a la precisi\u00f3n del acabado, caracter\u00edstica que permite la m\u00e1xima fidelidad en la reproducci\u00f3n del dise\u00f1o. Para completar la oferta, tambi\u00e9n disponemos de resinas epoxi espec\u00edficas para fundici\u00f3n, agentes de soplado, gelcoats para moldes, ceras espesas y cualquier otro art\u00edculo adecuado, producido y formulado exclusivamente para la producci\u00f3n de modelos y moldes de alta tecnolog\u00eda.<\/p>\n<\/div><\/section><\/p><\/div><div  class='flex_column av-av_two_fifth-f1c518e9ff58e869f80c8f093487abc9 av_two_fifth  avia-builder-el-5  el_after_av_three_fifth  el_before_av_hr  flex_column_div  '     ><style type=\"text\/css\" data-created_by=\"avia_inline_auto\" id=\"style-css-av-ljlwt6ot-6927cbf9ae79905c2684cec80109c76d\">\n#top .togglecontainer.av-ljlwt6ot-6927cbf9ae79905c2684cec80109c76d h4.toggler{\nfont-size:14px;\n}\n#top .togglecontainer.av-ljlwt6ot-6927cbf9ae79905c2684cec80109c76d h4.toggler.activeTitle{\ncolor:#ffffff;\nborder-color:#ffffff;\nbackground-color:#2682d3;\n}\n<\/style>\n<div  class='togglecontainer av-ljlwt6ot-6927cbf9ae79905c2684cec80109c76d  avia-builder-el-6  avia-builder-el-no-sibling  accordion_product toggle_close_all hasCurrentStyle' >\n<section class='av_toggle_section av-ljlwsmxg-231b856ab7af0c2119c6e043620b098c' ><div role=\"tablist\" class=\"single_toggle\" data-tags=\"{Todo} \"  ><h4 id='toggle-toggle-id-1' data-fake-id='#toggle-id-1' class='toggler  activeTitle av-title-above '  role='tab' tabindex='0' aria-controls='toggle-id-1' data-slide-speed=\"200\" data-title=\"Ventajas\" data-title-open=\"\" data-aria_collapsed=\"Click to expand: Ventajas\" data-aria_expanded=\"Click to collapse: Ventajas\">Ventajas<span class=\"toggle_icon\"><span class=\"vert_icon\"><\/span><span class=\"hor_icon\"><\/span><\/span><\/h4><div id='toggle-id-1' aria-labelledby='toggle-toggle-id-1' role='region' class='toggle_wrap  active_tc av-title-above' style='display:block;' ><div class='toggle_content invers-color ' ><ul class=\"customlist1\">\n<li>Mejor acabado superficial<\/li>\n<li>Fabricante certificado<\/li>\n<li>Listas de precios favorables<\/li>\n<li>Gama en constante evoluci\u00f3n<\/li>\n<\/ul>\n<\/div><\/div><\/div><\/section>\n<section class='av_toggle_section av-ljlwt5ni-b72e063a3c5dc7b7d35faaa38dfffc45' ><div role=\"tablist\" class=\"single_toggle\" data-tags=\"{Todo} \"  ><h4 id='toggle-toggle-id-2' data-fake-id='#toggle-id-2' class='toggler  av-title-above '  role='tab' tabindex='0' aria-controls='toggle-id-2' data-slide-speed=\"200\" data-title=\"Tipos\" data-title-open=\"\" data-aria_collapsed=\"Click to expand: Tipos\" data-aria_expanded=\"Click to collapse: Tipos\">Tipos<span class=\"toggle_icon\"><span class=\"vert_icon\"><\/span><span class=\"hor_icon\"><\/span><\/span><\/h4><div id='toggle-id-2' aria-labelledby='toggle-toggle-id-2' role='region' class='toggle_wrap  av-title-above'  ><div class='toggle_content invers-color ' ><ul class=\"customlist2\">\n<li><a href=\"https:\/\/fileserver.mates.it\/Prodotti\/2_Matrici\/Brochure\/Elantas\/Tooling_Resins_Elan-tech.pdf\" target=\"_blank\" rel=\"noopener noreferrer\">Resinas<\/a><\/li>\n<li><a href=\"https:\/\/fileserver.mates.it\/Prodotti\/7_Attrezzature\/Brochure\/Elantas\/Modelling_%26_Tooling_Boards_IT_EN_02.2016.pdf\" target=\"_blank\" rel=\"noopener noreferrer\">Placas mecanizables<\/a><\/li>\n<\/ul>\n<\/div><\/div><\/div><\/section>\n<\/div><\/div><div  class='hr av-av_hr-91d7ccd583a503147498e120fee2ff9b hr-default  avia-builder-el-7  el_after_av_two_fifth  avia-builder-el-last '><span class='hr-inner '><span class=\"hr-inner-style\"><\/span><\/span><\/div><\/p>\n","protected":false},"excerpt":{"rendered":"<p>Mates dispone de una amplia gama de placas para la fabricaci\u00f3n de moldes y modelos caracterizadas por diferentes densidades, que permiten satisfacer las m\u00e1s variadas exigencias de elaboraci\u00f3n.<\/p>\n","protected":false},"author":2,"featured_media":7363,"parent":9395,"menu_order":5,"comment_status":"open","ping_status":"open","template":"","meta":{"footnotes":""},"class_list":["post-9588","page","type-page","status-publish","has-post-thumbnail","hentry"],"_links":{"self":[{"href":"https:\/\/www.mates.it\/es\/wp-json\/wp\/v2\/pages\/9588","targetHints":{"allow":["GET"]}}],"collection":[{"href":"https:\/\/www.mates.it\/es\/wp-json\/wp\/v2\/pages"}],"about":[{"href":"https:\/\/www.mates.it\/es\/wp-json\/wp\/v2\/types\/page"}],"author":[{"embeddable":true,"href":"https:\/\/www.mates.it\/es\/wp-json\/wp\/v2\/users\/2"}],"replies":[{"embeddable":true,"href":"https:\/\/www.mates.it\/es\/wp-json\/wp\/v2\/comments?post=9588"}],"version-history":[{"count":0,"href":"https:\/\/www.mates.it\/es\/wp-json\/wp\/v2\/pages\/9588\/revisions"}],"up":[{"embeddable":true,"href":"https:\/\/www.mates.it\/es\/wp-json\/wp\/v2\/pages\/9395"}],"wp:featuredmedia":[{"embeddable":true,"href":"https:\/\/www.mates.it\/es\/wp-json\/wp\/v2\/media\/7363"}],"wp:attachment":[{"href":"https:\/\/www.mates.it\/es\/wp-json\/wp\/v2\/media?parent=9588"}],"curies":[{"name":"wp","href":"https:\/\/api.w.org\/{rel}","templated":true}]}}