{"id":9592,"date":"2016-10-09T14:38:45","date_gmt":"2016-10-09T12:38:45","guid":{"rendered":"https:\/\/www.mates.it\/mates_es\/"},"modified":"2026-03-08T21:26:46","modified_gmt":"2026-03-08T20:26:46","slug":"quienes-somos","status":"publish","type":"page","link":"https:\/\/www.mates.it\/es\/quienes-somos\/","title":{"rendered":"QUI\u00c9NES SOMOS"},"content":{"rendered":"\n<style type=\"text\/css\" data-created_by=\"avia_inline_auto\" id=\"style-css-av-lkwdqda5-619f1da73ac37d342c53b4378a09999c\">\n#top .av-special-heading.av-lkwdqda5-619f1da73ac37d342c53b4378a09999c{\npadding-bottom:10px;\n}\nbody .av-special-heading.av-lkwdqda5-619f1da73ac37d342c53b4378a09999c .av-special-heading-tag .heading-char{\nfont-size:25px;\n}\n.av-special-heading.av-lkwdqda5-619f1da73ac37d342c53b4378a09999c .av-subheading{\nfont-size:15px;\n}\n<\/style>\n<div  class='av-special-heading av-lkwdqda5-619f1da73ac37d342c53b4378a09999c av-special-heading-h1  avia-builder-el-0  el_before_av_textblock  avia-builder-el-first  custom-h1-title'><h1 class='av-special-heading-tag '  >Qui\u00e9nes somos<\/h1><div class=\"special-heading-border\"><div class=\"special-heading-inner-border\"><\/div><\/div><\/div>\n<section  class='av_textblock_section av-lksrr3z3-dcab89d7683a0567e05d352a202c9acc '  ><div class='avia_textblock' ><p>Mates siempre ha estado activa en el desarrollo, producci\u00f3n y distribuci\u00f3n de los mejores art\u00edculos y equipos utilizados en la producci\u00f3n de componentes avanzados de materiales compuestos. Galardonada por la industria, ha crecido y se ha convertido en la referencia en innovaci\u00f3n y calidad de productos.<br \/>\nDe hecho, la gama de productos que maneja se ha ampliado constantemente a medida que se han ido perfeccionando nuevas tecnolog\u00edas para la construcci\u00f3n con materiales compuestos, ofreciendo una serie de servicios espec\u00edficos para satisfacer todas las necesidades concretas de los clientes.<br \/>\nLa asistencia t\u00e9cnica se presta directamente, incluyendo numerosas pruebas de productos espec\u00edficos y una cooperaci\u00f3n constante con los clientes finales para apoyarles en la aplicaci\u00f3n de los principales procesos de producci\u00f3n o para cualquier personalizaci\u00f3n. Nos esforzamos por crear soluciones a medida para satisfacer las necesidades espec\u00edficas de cada cliente, manteniendo un enfoque constante en la innovaci\u00f3n, la eficiencia y la sostenibilidad.<br \/>\nMates es miembro de Assocompositi desde su fundaci\u00f3n en 2005.<\/p>\n<\/div><\/section>\n<div  class='flex_column av-6hap2w-9612aec35f2d55d411c946861081c353 av_one_third  avia-builder-el-2  el_after_av_textblock  el_before_av_three_fifth  first flex_column_div  column-top-margin'     ><style type=\"text\/css\" data-created_by=\"avia_inline_auto\" id=\"style-css-av-4q9bjs-a7f37550eb6f7bbf4296aef4fbb41acd\">\n.avia-image-container.av-4q9bjs-a7f37550eb6f7bbf4296aef4fbb41acd img.avia_image{\nbox-shadow:none;\n}\n.avia-image-container.av-4q9bjs-a7f37550eb6f7bbf4296aef4fbb41acd .av-image-caption-overlay-center{\ncolor:#ffffff;\n}\n<\/style>\n<div  class='avia-image-container av-4q9bjs-a7f37550eb6f7bbf4296aef4fbb41acd av-styling- avia-align-center  avia-builder-el-3  avia-builder-el-no-sibling '  ><div class=\"avia-image-container-inner\"><div class=\"avia-image-overlay-wrap\"><img decoding=\"async\" fetchpriority=\"high\" class=\"wp-image-21246 avia-img-lazy-loading-not-21246 avia_image \" src=\"https:\/\/www.mates.it\/wp-content\/uploads\/assocompositi_logo-1-300x100.png\" alt=\"\" title=\"assocompositi_logo\" height=\"100\" width=\"300\" srcset=\"https:\/\/www.mates.it\/wp-content\/uploads\/assocompositi_logo-1-300x100.png 300w, https:\/\/www.mates.it\/wp-content\/uploads\/assocompositi_logo-1-768x256.png 768w, https:\/\/www.mates.it\/wp-content\/uploads\/assocompositi_logo-1-705x235.png 705w, https:\/\/www.mates.it\/wp-content\/uploads\/assocompositi_logo-1.png 929w\" sizes=\"(max-width: 300px) 100vw, 300px\"><\/div><\/div><\/div><\/div>\n<div  class='flex_column av-2z2l48-711fa57806f9341d31d3f23dbb7e06d4 av_three_fifth  avia-builder-el-4  el_after_av_one_third  el_before_av_hr  flex_column_div  column-top-margin'     ><section  class='av_textblock_section av-mmhzkn4g-328acd9f6bd465f0c9c48c3c82e301cc '  ><div class='avia_textblock' ><p>Assocompositi re\u00fane a m\u00e1s de 100 miembros que operan en el sector de los materiales compuestos en Italia a todos los niveles: una amplia red de industrias, instituciones de investigaci\u00f3n, profesionales y estudiantes.<\/p>\n<\/div><\/section><\/div><div  class='hr av-3zt154-4e4832c1337cfd1dc36f57b64a215e79 hr-default  avia-builder-el-6  el_after_av_three_fifth  el_before_av_textblock '><span class='hr-inner '><span class=\"hr-inner-style\"><\/span><\/span><\/div><\/p>\n<section  class='av_textblock_section av-289fqw-bed418495751d72d866446334ce307ec '  ><div class='avia_textblock' ><div class=\"flex-container container-align-start\"><div class=\"flex-cell cell-1of3 medium-cell-1of2 small-cell-1of1\">\n<article class=\"post-entry slide-entry-overview slide-loop-1 slide-parity-odd real-thumbnail post-format-standard\"\n   itemscope=\"itemscope\" itemtype=\"https:\/\/schema.org\/CreativeWork\">\n   <a href=\"https:\/\/www.mates.it\/es\/quienes-somos\/empresa\/\" title=\"https:\/\/www.mates.it\/es\/quienes-somos\/empresa\/\" class=\"attachment-portfolio wp-post-image\"\n      alt=\"Empresa\"><img decoding=\"async\" src=\"https:\/\/www.mates.it\/wp-content\/uploads\/2016\/11\/mates_sede.jpg\" class=\" attachment-portfolio size-portfolio wp-post-image\" alt=\"Empresa\" title=\"\"><\/a>\n   <div class=\"slide-content\">\n      <header class=\"entry-content-header\">\n         <h6 class=\"slide-entry-title entry-title\" itemprop=\"headline\"><a\n            href=\"https:\/\/www.mates.it\/es\/quienes-somos\/empresa\/\"\n            title=\"New electric cars are getting really fast\">Empresa<\/a><\/h6>\n         <span class=\"av-vertical-delimiter\"><\/span>\n      <\/header>\n      <div class=\"slide-entry-excerpt entry-content\" itemprop=\"text\">\n\t\t  <p>Fundada en Mil\u00e1n y activa en el mercado desde hace m\u00e1s de 40 a\u00f1os, Mates es capaz de garantizar un servicio \u00fanico e innovador, suministrando productos de alto valor a\u00f1adido y adaptados a la necesidad espec\u00edfica.<\/p>\n \n\t\t  <a href=\"https:\/\/www.mates.it\/es\/quienes-somos\/empresa\/\" class=\"avia-button avia-icon_select-yes-left-icon avia-size-small avia-position-left avia-color-theme-color-subtle\">\n\t\t\t  M\u00e1s informaci\u00f3n &raquo;\n\t\t  <\/a> \n      <\/div>\n   <\/div>\n   <footer class=\"entry-footer\"><\/footer>\n<\/article>\n\n<\/div><div class=\"flex-cell cell-1of3 medium-cell-1of2 small-cell-1of1\">\n<article class=\"post-entry slide-entry-overview slide-loop-1 slide-parity-odd real-thumbnail post-format-standard\"\n   itemscope=\"itemscope\" itemtype=\"https:\/\/schema.org\/CreativeWork\">\n   <a href=\"https:\/\/www.mates.it\/es\/quienes-somos\/servicios-ofrecidos\/\" title=\"https:\/\/www.mates.it\/es\/quienes-somos\/servicios-ofrecidos\/\" class=\"attachment-portfolio wp-post-image\"\n      alt=\"Servicios ofrecidos\"><img decoding=\"async\" src=\"https:\/\/www.mates.it\/wp-content\/uploads\/2016\/10\/Asssistenza-pre-post-vendita.jpg\" class=\" attachment-portfolio size-portfolio wp-post-image\" alt=\"Servicios ofrecidos\" title=\"\"><\/a>\n   <div class=\"slide-content\">\n      <header class=\"entry-content-header\">\n         <h6 class=\"slide-entry-title entry-title\" itemprop=\"headline\"><a\n            href=\"https:\/\/www.mates.it\/es\/quienes-somos\/servicios-ofrecidos\/\"\n            title=\"New electric cars are getting really fast\">Servicios ofrecidos<\/a><\/h6>\n         <span class=\"av-vertical-delimiter\"><\/span>\n      <\/header>\n      <div class=\"slide-entry-excerpt entry-content\" itemprop=\"text\">\n\t\t  <p>Para garantizar una total transparencia, una asistencia t\u00e9cnica y un servicio al cliente de alta calidad, Mates siempre ha ofrecido una completa gama de servicios cuidadosamente dise\u00f1ados para satisfacer todas las necesidades individuales.<\/p>\n \n\t\t  <a href=\"https:\/\/www.mates.it\/es\/quienes-somos\/servicios-ofrecidos\/\" class=\"avia-button avia-icon_select-yes-left-icon avia-size-small avia-position-left avia-color-theme-color-subtle\">\n\t\t\t  M\u00e1s informaci\u00f3n &raquo;\n\t\t  <\/a> \n      <\/div>\n   <\/div>\n   <footer class=\"entry-footer\"><\/footer>\n<\/article>\n\n<\/div><div class=\"flex-cell cell-1of3 medium-cell-1of2 small-cell-1of1\">\n<article class=\"post-entry slide-entry-overview slide-loop-1 slide-parity-odd real-thumbnail post-format-standard\"\n   itemscope=\"itemscope\" itemtype=\"https:\/\/schema.org\/CreativeWork\">\n   <a href=\"https:\/\/www.mates.it\/es\/quienes-somos\/contacto\/\" title=\"https:\/\/www.mates.it\/es\/quienes-somos\/contacto\/\" class=\"attachment-portfolio wp-post-image\"\n      alt=\"Contacto\"><img decoding=\"async\" src=\"https:\/\/www.mates.it\/wp-content\/uploads\/mates_persone.png\" class=\" attachment-portfolio size-portfolio wp-post-image\" alt=\"Contacto\" title=\"\"><\/a>\n   <div class=\"slide-content\">\n      <header class=\"entry-content-header\">\n         <h6 class=\"slide-entry-title entry-title\" itemprop=\"headline\"><a\n            href=\"https:\/\/www.mates.it\/es\/quienes-somos\/contacto\/\"\n            title=\"New electric cars are getting really fast\">Contacto<\/a><\/h6>\n         <span class=\"av-vertical-delimiter\"><\/span>\n      <\/header>\n      <div class=\"slide-entry-excerpt entry-content\" itemprop=\"text\">\n\t\t  <p>En esta secci\u00f3n encontrar\u00e1 los datos de contacto. No dude en ponerse en contacto con nuestro personal para cualquier problema t\u00e9cnico o log\u00edstico o para obtener informaci\u00f3n general sobre productos y procesos.<\/p>\n \n\t\t  <a href=\"https:\/\/www.mates.it\/es\/quienes-somos\/contacto\/\" class=\"avia-button avia-icon_select-yes-left-icon avia-size-small avia-position-left avia-color-theme-color-subtle\">\n\t\t\t  M\u00e1s informaci\u00f3n &raquo;\n\t\t  <\/a> \n      <\/div>\n   <\/div>\n   <footer class=\"entry-footer\"><\/footer>\n<\/article>\n\n<\/div><\/div\">\n<\/div><\/section>\n","protected":false},"excerpt":{"rendered":"<p>Mates siempre ha participado activamente en el desarrollo, la producci\u00f3n y la distribuci\u00f3n de los mejores art\u00edculos y equipos utilizados en la producci\u00f3n de componentes avanzados de materiales compuestos.<\/p>\n","protected":false},"author":1,"featured_media":7631,"parent":0,"menu_order":5,"comment_status":"open","ping_status":"open","template":"","meta":{"footnotes":""},"class_list":["post-9592","page","type-page","status-publish","has-post-thumbnail","hentry"],"_links":{"self":[{"href":"https:\/\/www.mates.it\/es\/wp-json\/wp\/v2\/pages\/9592","targetHints":{"allow":["GET"]}}],"collection":[{"href":"https:\/\/www.mates.it\/es\/wp-json\/wp\/v2\/pages"}],"about":[{"href":"https:\/\/www.mates.it\/es\/wp-json\/wp\/v2\/types\/page"}],"author":[{"embeddable":true,"href":"https:\/\/www.mates.it\/es\/wp-json\/wp\/v2\/users\/1"}],"replies":[{"embeddable":true,"href":"https:\/\/www.mates.it\/es\/wp-json\/wp\/v2\/comments?post=9592"}],"version-history":[{"count":4,"href":"https:\/\/www.mates.it\/es\/wp-json\/wp\/v2\/pages\/9592\/revisions"}],"predecessor-version":[{"id":21264,"href":"https:\/\/www.mates.it\/es\/wp-json\/wp\/v2\/pages\/9592\/revisions\/21264"}],"wp:featuredmedia":[{"embeddable":true,"href":"https:\/\/www.mates.it\/es\/wp-json\/wp\/v2\/media\/7631"}],"wp:attachment":[{"href":"https:\/\/www.mates.it\/es\/wp-json\/wp\/v2\/media?parent=9592"}],"curies":[{"name":"wp","href":"https:\/\/api.w.org\/{rel}","templated":true}]}}