{"id":9594,"date":"2016-10-09T14:45:41","date_gmt":"2016-10-09T12:45:41","guid":{"rendered":"https:\/\/www.mates.it\/supporto\/la-compania\/"},"modified":"2023-12-12T23:29:25","modified_gmt":"2023-12-12T22:29:25","slug":"empresa","status":"publish","type":"page","link":"https:\/\/www.mates.it\/es\/quienes-somos\/empresa\/","title":{"rendered":"Empresa"},"content":{"rendered":"<\/p>\n<div  class='flex_column av-av_one_full-7714eba142aeda1f8b5272a3c372b279 av_one_full  avia-builder-el-0  el_before_av_hr  avia-builder-el-first  first flex_column_div  '     ><p>\n<style type=\"text\/css\" data-created_by=\"avia_inline_auto\" id=\"style-css-av-lksscj9c-cf660efa071d194d04bb326a7ca5f22f\">\n#top .av-special-heading.av-lksscj9c-cf660efa071d194d04bb326a7ca5f22f{\npadding-bottom:10px;\n}\nbody .av-special-heading.av-lksscj9c-cf660efa071d194d04bb326a7ca5f22f .av-special-heading-tag .heading-char{\nfont-size:25px;\n}\n.av-special-heading.av-lksscj9c-cf660efa071d194d04bb326a7ca5f22f .av-subheading{\nfont-size:15px;\n}\n<\/style>\n<div  class='av-special-heading av-lksscj9c-cf660efa071d194d04bb326a7ca5f22f av-special-heading-h1  avia-builder-el-1  el_before_av_textblock  avia-builder-el-first  custom-h1-title'><h1 class='av-special-heading-tag '  >Empresa<\/h1><div class=\"special-heading-border\"><div class=\"special-heading-inner-border\"><\/div><\/div><\/div><br \/>\n<section  class='av_textblock_section av-lkssceao-bc0dc87af3e7e6cc62d476c03c2ed521 '  ><div class='avia_textblock' ><p>Fundada en Mil\u00e1n y activa en el mercado desde hace m\u00e1s de 40 a\u00f1os, Mates responde hoy a las caracter\u00edsticas de calidad, innovaci\u00f3n y flexibilidad exigidas por los clientes, con una s\u00f3lida estructura capaz de reunir a profesionales con competencias espec\u00edficas. Con una red de unos 15 distribuidores en todo el mundo, como en Australia, \u00c1frica, Europa y Am\u00e9rica, m\u00e1s de 1.500 clientes activos y una cartera con las mejores marcas del sector, Mates es uno de los actores dominantes en el sector de los compuestos avanzados.<br \/>\nGracias a un modelo de negocio \u00fanico y al desarrollo interno de l\u00edneas enteras de productos, trabajando directamente con distribuidores y clientes clave, Mates es capaz de garantizar un servicio \u00fanico e innovador, proporcionando productos de alto valor a\u00f1adido y adaptados a la necesidad espec\u00edfica. La gama se ha ampliado constantemente a medida que se han ido perfeccionando las nuevas tecnolog\u00edas para la construcci\u00f3n con materiales compuestos, lo que ha dado como resultado un cat\u00e1logo de productos, siempre disponible y con un plazo medio de entrega de 48 horas, de aproximadamente 3.100 art\u00edculos.<br \/>\nLa sede central se encuentra en Segrate, a pocos kil\u00f3metros del aeropuerto de Linate y del HUB ferroviario comercial m\u00e1s importante de Mil\u00e1n. Adem\u00e1s, Segrate pertenece a la zona urbana de Mil\u00e1n Este, por lo que se encuentra en el centro de las principales rutas comerciales de mercanc\u00edas que atraviesan el pa\u00eds. Esta posici\u00f3n log\u00edstica estrat\u00e9gica permite minimizar los inconvenientes e ineficiencias causados por la falta de instalaciones adecuadas.<\/p>\n<\/div><\/section><\/p><\/div>\n<div  class='hr av-av_hr-91d7ccd583a503147498e120fee2ff9b hr-default  avia-builder-el-3  el_after_av_one_full  el_before_av_one_fifth '><span class='hr-inner '><span class=\"hr-inner-style\"><\/span><\/span><\/div>\n<div  class='flex_column av-av_one_fifth-7714eba142aeda1f8b5272a3c372b279 av_one_fifth  avia-builder-el-4  el_after_av_hr  el_before_av_one_fifth  first flex_column_div  '     ><div  class=\"avia-animated-number av-lkssd2ae-c3615609de38e462fd60144a176a8e6f av-force-default-color avia_animate_when_visible  avia-builder-el-5  avia-builder-el-no-sibling  \" data-timer=\"3000\"><strong class=\"heading avia-animated-number-title\"><span class=\"avia-single-number __av-single-number\" data-number_format=\"\" data-number=\"1978\" data-start_from=\"0\">1978<\/span><\/strong><div class=\"avia-animated-number-content\"><p>La fundaci\u00f3n<\/p>\n<\/div><\/div><\/div><div  class='flex_column av-av_one_fifth-f1c518e9ff58e869f80c8f093487abc9 av_one_fifth  avia-builder-el-6  el_after_av_one_fifth  el_before_av_one_fifth  flex_column_div  '     ><div  class=\"avia-animated-number av-lksscsdr-f94e25a4293550d6ed4bf55467c039f2 av-force-default-color avia_animate_when_visible  avia-builder-el-7  avia-builder-el-no-sibling  \" data-timer=\"3000\"><strong class=\"heading avia-animated-number-title\"><span class=\"avia-single-number __av-single-number\" data-number_format=\".\" data-number=\"3064\" data-start_from=\"0\">3064<\/span><\/strong><div class=\"avia-animated-number-content\"><p>Productos en stock<\/p>\n<\/div><\/div><\/div><\/p>\n<div  class='flex_column av-av_one_fifth-f1c518e9ff58e869f80c8f093487abc9 av_one_fifth  avia-builder-el-8  el_after_av_one_fifth  el_before_av_one_fifth  flex_column_div  '     ><div  class=\"avia-animated-number av-lksscxks-22ae2a12b43dd369065c097915a4a120 av-force-default-color avia_animate_when_visible  avia-builder-el-9  avia-builder-el-no-sibling  \" data-timer=\"3000\"><strong class=\"heading avia-animated-number-title\"><span class=\"avia-single-number __av-single-number\" data-number_format=\".\" data-number=\"48\" data-start_from=\"0\">48<\/span><span class=\"avia-no-number\"> \/ <\/span><span class=\"avia-single-number __av-single-number\" data-number_format=\".\" data-number=\"72\" data-start_from=\"0\">72<\/span><span class=\"avia-no-number\"> h<\/span><\/strong><div class=\"avia-animated-number-content\"><p>Cumplimiento medio<\/p>\n<\/div><\/div><\/div>\n<div  class='flex_column av-av_one_fifth-f1c518e9ff58e869f80c8f093487abc9 av_one_fifth  avia-builder-el-10  el_after_av_one_fifth  el_before_av_one_fifth  flex_column_div  '     ><div  class=\"avia-animated-number av-lkssd6sv-6bf35e9d69f923157f6cd3eb6a3a5f0b av-force-default-color avia_animate_when_visible  avia-builder-el-11  avia-builder-el-no-sibling  \" data-timer=\"3000\"><strong class=\"heading avia-animated-number-title\"><span class=\"avia-single-number __av-single-number\" data-number_format=\".\" data-number=\"1675\" data-start_from=\"0\">1675<\/span><\/strong><div class=\"avia-animated-number-content\"><p>Clientes activos<\/p>\n<\/div><\/div><\/div><div  class='flex_column av-av_one_fifth-f1c518e9ff58e869f80c8f093487abc9 av_one_fifth  avia-builder-el-12  el_after_av_one_fifth  el_before_av_hr  flex_column_div  '     ><div  class=\"avia-animated-number av-lkssdb6e-65ca2f4616cf79f657dfbdfde651d9eb av-force-default-color avia_animate_when_visible  avia-builder-el-13  avia-builder-el-no-sibling  \" data-timer=\"3000\"><strong class=\"heading avia-animated-number-title\"><span class=\"avia-single-number __av-single-number\" data-number_format=\".\" data-number=\"23\" data-start_from=\"0\">23<\/span><\/strong><div class=\"avia-animated-number-content\"><p>Pa\u00edses cubiertos<\/p>\n<\/div><\/div><\/div><div  class='hr av-av_hr-91d7ccd583a503147498e120fee2ff9b hr-default  avia-builder-el-14  el_after_av_one_fifth  el_before_av_textblock '><span class='hr-inner '><span class=\"hr-inner-style\"><\/span><\/span><\/div><\/p>\n<section  class='av_textblock_section av-av_textblock-7a1af7d8f9790576b1769c0a9f0449ed '  ><div class='avia_textblock' ><div class=\"flex-container container-align-start\"><div class=\"flex-cell cell-1of3 medium-cell-1of2 small-cell-1of1\">\n<article class=\"post-entry slide-entry-overview slide-loop-1 slide-parity-odd real-thumbnail post-format-standard\"\n   itemscope=\"itemscope\" itemtype=\"https:\/\/schema.org\/CreativeWork\">\n   <a href=\"https:\/\/www.mates.it\/es\/quienes-somos\/empresa\/historia\/\" title=\"https:\/\/www.mates.it\/es\/quienes-somos\/empresa\/historia\/\" class=\"attachment-portfolio wp-post-image\"\n      alt=\"Historia\"><img decoding=\"async\" src=\"https:\/\/www.mates.it\/wp-content\/uploads\/mates_storia.png\" class=\" attachment-portfolio size-portfolio wp-post-image\" alt=\"Historia\" title=\"\"><\/a>\n   <div class=\"slide-content\">\n      <header class=\"entry-content-header\">\n         <h6 class=\"slide-entry-title entry-title\" itemprop=\"headline\"><a\n            href=\"https:\/\/www.mates.it\/es\/quienes-somos\/empresa\/historia\/\"\n            title=\"New electric cars are getting really fast\">Historia<\/a><\/h6>\n         <span class=\"av-vertical-delimiter\"><\/span>\n      <\/header>\n      <div class=\"slide-entry-excerpt entry-content\" itemprop=\"text\">\n\t\t  <p>Fundada en Mil\u00e1n en 1978 por Massimiliano Antonini, Mates fue una de las primeras empresas de Italia en desarrollar y comercializar productos para la producci\u00f3n de componentes de material compuesto.<\/p>\n \n\t\t  <a href=\"https:\/\/www.mates.it\/es\/quienes-somos\/empresa\/historia\/\" class=\"avia-button avia-icon_select-yes-left-icon avia-size-small avia-position-left avia-color-theme-color-subtle\">\n\t\t\t  M\u00e1s informaci\u00f3n &raquo;\n\t\t  <\/a> \n      <\/div>\n   <\/div>\n   <footer class=\"entry-footer\"><\/footer>\n<\/article>\n\n<\/div><div class=\"flex-cell cell-1of3 medium-cell-1of2 small-cell-1of1\">\n<article class=\"post-entry slide-entry-overview slide-loop-1 slide-parity-odd real-thumbnail post-format-standard\"\n   itemscope=\"itemscope\" itemtype=\"https:\/\/schema.org\/CreativeWork\">\n   <a href=\"https:\/\/www.mates.it\/es\/quienes-somos\/empresa\/personas\/\" title=\"https:\/\/www.mates.it\/es\/quienes-somos\/empresa\/personas\/\" class=\"attachment-portfolio wp-post-image\"\n      alt=\"Personas\"><img decoding=\"async\" src=\"https:\/\/www.mates.it\/wp-content\/uploads\/mates_persone.png\" class=\" attachment-portfolio size-portfolio wp-post-image\" alt=\"Personas\" title=\"\"><\/a>\n   <div class=\"slide-content\">\n      <header class=\"entry-content-header\">\n         <h6 class=\"slide-entry-title entry-title\" itemprop=\"headline\"><a\n            href=\"https:\/\/www.mates.it\/es\/quienes-somos\/empresa\/personas\/\"\n            title=\"New electric cars are getting really fast\">Personas<\/a><\/h6>\n         <span class=\"av-vertical-delimiter\"><\/span>\n      <\/header>\n      <div class=\"slide-entry-excerpt entry-content\" itemprop=\"text\">\n\t\t  <p>Las personas son la clave de cualquier \u00e9xito, para una empresa son el recurso estrat\u00e9gico m\u00e1s importante. Mates cree firmemente en esta verdad e invierte constantemente en el valor y la profesionalidad de su personal.<\/p>\n \n\t\t  <a href=\"https:\/\/www.mates.it\/es\/quienes-somos\/empresa\/personas\/\" class=\"avia-button avia-icon_select-yes-left-icon avia-size-small avia-position-left avia-color-theme-color-subtle\">\n\t\t\t  M\u00e1s informaci\u00f3n &raquo;\n\t\t  <\/a> \n      <\/div>\n   <\/div>\n   <footer class=\"entry-footer\"><\/footer>\n<\/article>\n\n<\/div><div class=\"flex-cell cell-1of3 medium-cell-1of2 small-cell-1of1\">\n<article class=\"post-entry slide-entry-overview slide-loop-1 slide-parity-odd real-thumbnail post-format-standard\"\n   itemscope=\"itemscope\" itemtype=\"https:\/\/schema.org\/CreativeWork\">\n   <a href=\"https:\/\/www.mates.it\/es\/quienes-somos\/empresa\/certificaciones\/\" title=\"https:\/\/www.mates.it\/es\/quienes-somos\/empresa\/certificaciones\/\" class=\"attachment-portfolio wp-post-image\"\n      alt=\"Certificaciones\"><img decoding=\"async\" src=\"https:\/\/www.mates.it\/wp-content\/uploads\/supporto_certificazioni.png\" class=\" attachment-portfolio size-portfolio wp-post-image\" alt=\"Certificaciones\" title=\"\"><\/a>\n   <div class=\"slide-content\">\n      <header class=\"entry-content-header\">\n         <h6 class=\"slide-entry-title entry-title\" itemprop=\"headline\"><a\n            href=\"https:\/\/www.mates.it\/es\/quienes-somos\/empresa\/certificaciones\/\"\n            title=\"New electric cars are getting really fast\">Certificaciones<\/a><\/h6>\n         <span class=\"av-vertical-delimiter\"><\/span>\n      <\/header>\n      <div class=\"slide-entry-excerpt entry-content\" itemprop=\"text\">\n\t\t  <p>Descubra las certificaciones de calidad ISO 9001 y EN 9120 de Mates, as\u00ed como su sistema de control y trazabilidad de materiales basado en proveedores certificados y normas internacionales.<\/p>\n \n\t\t  <a href=\"https:\/\/www.mates.it\/es\/quienes-somos\/empresa\/certificaciones\/\" class=\"avia-button avia-icon_select-yes-left-icon avia-size-small avia-position-left avia-color-theme-color-subtle\">\n\t\t\t  M\u00e1s informaci\u00f3n &raquo;\n\t\t  <\/a> \n      <\/div>\n   <\/div>\n   <footer class=\"entry-footer\"><\/footer>\n<\/article>\n\n<\/div><div class=\"flex-cell cell-1of3 medium-cell-1of2 small-cell-1of1\">\n<article class=\"post-entry slide-entry-overview slide-loop-1 slide-parity-odd real-thumbnail post-format-standard\"\n   itemscope=\"itemscope\" itemtype=\"https:\/\/schema.org\/CreativeWork\">\n   <a href=\"https:\/\/www.mates.it\/es\/quienes-somos\/empresa\/clientes\/\" title=\"https:\/\/www.mates.it\/es\/quienes-somos\/empresa\/clientes\/\" class=\"attachment-portfolio wp-post-image\"\n      alt=\"Clientes\"><img decoding=\"async\" src=\"https:\/\/www.mates.it\/wp-content\/uploads\/mates_clienti.png\" class=\" attachment-portfolio size-portfolio wp-post-image\" alt=\"Clientes\" title=\"\"><\/a>\n   <div class=\"slide-content\">\n      <header class=\"entry-content-header\">\n         <h6 class=\"slide-entry-title entry-title\" itemprop=\"headline\"><a\n            href=\"https:\/\/www.mates.it\/es\/quienes-somos\/empresa\/clientes\/\"\n            title=\"New electric cars are getting really fast\">Clientes<\/a><\/h6>\n         <span class=\"av-vertical-delimiter\"><\/span>\n      <\/header>\n      <div class=\"slide-entry-excerpt entry-content\" itemprop=\"text\">\n\t\t  <p>Estamos orgullosos de haber establecido relaciones de colaboraci\u00f3n con una amplia gama de clientes de sectores clave, como la automoci\u00f3n, la marina, el aeroespacial, la energ\u00eda e\u00f3lica, as\u00ed como las industrias del vidrio y la construcci\u00f3n.<\/p>\n \n\t\t  <a href=\"https:\/\/www.mates.it\/es\/quienes-somos\/empresa\/clientes\/\" class=\"avia-button avia-icon_select-yes-left-icon avia-size-small avia-position-left avia-color-theme-color-subtle\">\n\t\t\t  M\u00e1s informaci\u00f3n &raquo;\n\t\t  <\/a> \n      <\/div>\n   <\/div>\n   <footer class=\"entry-footer\"><\/footer>\n<\/article>\n\n<\/div><div class=\"flex-cell cell-1of3 medium-cell-1of2 small-cell-1of1\">\n<article class=\"post-entry slide-entry-overview slide-loop-1 slide-parity-odd real-thumbnail post-format-standard\"\n   itemscope=\"itemscope\" itemtype=\"https:\/\/schema.org\/CreativeWork\">\n   <a href=\"https:\/\/www.mates.it\/es\/quienes-somos\/empresa\/proveedores\/\" title=\"https:\/\/www.mates.it\/es\/quienes-somos\/empresa\/proveedores\/\" class=\"attachment-portfolio wp-post-image\"\n      alt=\"Proveedores\"><img decoding=\"async\" src=\"https:\/\/www.mates.it\/wp-content\/uploads\/mates_fornitori.png\" class=\" attachment-portfolio size-portfolio wp-post-image\" alt=\"Proveedores\" title=\"\"><\/a>\n   <div class=\"slide-content\">\n      <header class=\"entry-content-header\">\n         <h6 class=\"slide-entry-title entry-title\" itemprop=\"headline\"><a\n            href=\"https:\/\/www.mates.it\/es\/quienes-somos\/empresa\/proveedores\/\"\n            title=\"New electric cars are getting really fast\">Proveedores<\/a><\/h6>\n         <span class=\"av-vertical-delimiter\"><\/span>\n      <\/header>\n      <div class=\"slide-entry-excerpt entry-content\" itemprop=\"text\">\n\t\t  <p>Mates colabora activamente con una extensa red de socios comerciales l\u00edderes, desempe\u00f1ando un papel clave en el suministro de productos y servicios dedicados a los materiales compuestos avanzados.<\/p>\n \n\t\t  <a href=\"https:\/\/www.mates.it\/es\/quienes-somos\/empresa\/proveedores\/\" class=\"avia-button avia-icon_select-yes-left-icon avia-size-small avia-position-left avia-color-theme-color-subtle\">\n\t\t\t  M\u00e1s informaci\u00f3n &raquo;\n\t\t  <\/a> \n      <\/div>\n   <\/div>\n   <footer class=\"entry-footer\"><\/footer>\n<\/article>\n\n<\/div><\/div\">\n<\/div><\/section>\n<div  class='hr av-av_hr-91d7ccd583a503147498e120fee2ff9b hr-default'><span class='hr-inner '><span class=\"hr-inner-style\"><\/span><\/span><\/div>\n<div  class='flex_column av-av_one_full-7714eba142aeda1f8b5272a3c372b279 av_one_full  avia-builder-el-0  avia-builder-el-no-sibling  first flex_column_div  '     ><div  class='avia-button-wrap av-lkssfdkv-db9c63df1653947e6c1df0852f30c6ff-wrap avia-button-left '><a href='https:\/\/www.mates.it\/wp-content\/uploads\/Brochure_Mates_web.pdf'  class='avia-button av-lkssfdkv-db9c63df1653947e6c1df0852f30c6ff av-link-btn avia-icon_select-yes-left-icon avia-size-small avia-position-left avia-color-theme-color'  target=\"_blank\"  rel=\"noopener noreferrer\"  aria-label=\"    Mates \u00ae Brochure\"><span class='avia_button_icon avia_button_icon_left avia-iconfont avia-font-entypo-fontello' data-av_icon='\ue82d' data-av_iconfont='entypo-fontello' ><\/span><span class='avia_iconbox_title' >    Mates \u00ae Brochure<\/span><\/a><\/div><\/div>\n","protected":false},"excerpt":{"rendered":"<p>Fundada en Mil\u00e1n y activa en el mercado desde hace m\u00e1s de 40 a\u00f1os, Mates es capaz de garantizar un servicio \u00fanico e innovador, suministrando productos de alto valor a\u00f1adido y adaptados a la necesidad espec\u00edfica.<\/p>\n","protected":false},"author":2,"featured_media":7483,"parent":9592,"menu_order":1,"comment_status":"open","ping_status":"closed","template":"","meta":{"footnotes":""},"class_list":["post-9594","page","type-page","status-publish","has-post-thumbnail","hentry"],"_links":{"self":[{"href":"https:\/\/www.mates.it\/es\/wp-json\/wp\/v2\/pages\/9594","targetHints":{"allow":["GET"]}}],"collection":[{"href":"https:\/\/www.mates.it\/es\/wp-json\/wp\/v2\/pages"}],"about":[{"href":"https:\/\/www.mates.it\/es\/wp-json\/wp\/v2\/types\/page"}],"author":[{"embeddable":true,"href":"https:\/\/www.mates.it\/es\/wp-json\/wp\/v2\/users\/2"}],"replies":[{"embeddable":true,"href":"https:\/\/www.mates.it\/es\/wp-json\/wp\/v2\/comments?post=9594"}],"version-history":[{"count":0,"href":"https:\/\/www.mates.it\/es\/wp-json\/wp\/v2\/pages\/9594\/revisions"}],"up":[{"embeddable":true,"href":"https:\/\/www.mates.it\/es\/wp-json\/wp\/v2\/pages\/9592"}],"wp:featuredmedia":[{"embeddable":true,"href":"https:\/\/www.mates.it\/es\/wp-json\/wp\/v2\/media\/7483"}],"wp:attachment":[{"href":"https:\/\/www.mates.it\/es\/wp-json\/wp\/v2\/media?parent=9594"}],"curies":[{"name":"wp","href":"https:\/\/api.w.org\/{rel}","templated":true}]}}