{"id":9600,"date":"2016-10-09T14:57:01","date_gmt":"2016-10-09T12:57:01","guid":{"rendered":"https:\/\/www.mates.it\/supporto\/la-societa\/el-equipo\/"},"modified":"2023-11-04T14:38:17","modified_gmt":"2023-11-04T13:38:17","slug":"personas","status":"publish","type":"page","link":"https:\/\/www.mates.it\/es\/quienes-somos\/empresa\/personas\/","title":{"rendered":"Personas"},"content":{"rendered":"<div  class='flex_column av-av_one_full-7714eba142aeda1f8b5272a3c372b279 av_one_full  avia-builder-el-0  el_before_av_hr  avia-builder-el-first  first flex_column_div  '     ><p>\n<style type=\"text\/css\" data-created_by=\"avia_inline_auto\" id=\"style-css-av-lm13dpkk-db837af8631d402d72dea78a1ecfb891\">\n#top .av-special-heading.av-lm13dpkk-db837af8631d402d72dea78a1ecfb891{\npadding-bottom:10px;\n}\nbody .av-special-heading.av-lm13dpkk-db837af8631d402d72dea78a1ecfb891 .av-special-heading-tag .heading-char{\nfont-size:25px;\n}\n.av-special-heading.av-lm13dpkk-db837af8631d402d72dea78a1ecfb891 .av-subheading{\nfont-size:15px;\n}\n<\/style>\n<div  class='av-special-heading av-lm13dpkk-db837af8631d402d72dea78a1ecfb891 av-special-heading-h1  avia-builder-el-1  el_before_av_textblock  avia-builder-el-first  custom-h1-title'><h1 class='av-special-heading-tag '  >Personas<\/h1><div class=\"special-heading-border\"><div class=\"special-heading-inner-border\"><\/div><\/div><\/div><br \/>\n<section  class='av_textblock_section av-lm13dmuv-b9b7b00f168e6d00b0c37d07045ffc30 '  ><div class='avia_textblock' ><p>Las personas son la clave de cualquier \u00e9xito, para una empresa son el recurso estrat\u00e9gico m\u00e1s importante. Mates cree firmemente en esta verdad e invierte constantemente en el valor y la profesionalidad de su personal, la variedad de su experiencia y el desarrollo de su cultura con cursos de actualizaci\u00f3n continua, talleres de motivaci\u00f3n y formaci\u00f3n t\u00e9cnica interna constante. A cambio, gana un esp\u00edritu de pertenencia y cooperaci\u00f3n que constituye un valioso factor de crecimiento para toda la organizaci\u00f3n.<\/p>\n<p>Un equipo de personas llenas de pasi\u00f3n y entusiasmo por su trabajo es la raz\u00f3n principal por la que nuestros clientes nos recomiendan a otros. Las diferentes competencias profesionales dentro del grupo permiten a Mates ofrecer soluciones diversificadas e innovadoras para satisfacer todas las necesidades y permitir al cliente obtener los mejores resultados posibles.<\/p>\n<p>Todos aportan su experiencia y conocimientos para alcanzar un objetivo com\u00fan. Somos una familia y nuestra colaboraci\u00f3n nos permite afrontar los retos con determinaci\u00f3n y creatividad. La dedicaci\u00f3n a la excelencia y la calidad se refleja en todos los aspectos del trabajo del equipo de Mates.<\/p>\n<\/div><\/section><\/p><\/div>\n<div  class='hr av-av_hr-91d7ccd583a503147498e120fee2ff9b hr-default  avia-builder-el-3  el_after_av_one_full  el_before_av_one_half '><span class='hr-inner '><span class=\"hr-inner-style\"><\/span><\/span><\/div>\n<div  class='flex_column av-av_one_half-7714eba142aeda1f8b5272a3c372b279 av_one_half  avia-builder-el-4  el_after_av_hr  el_before_av_one_half  first flex_column_div  '     ><section  class='av_textblock_section av-lm13e0pv-7935d3e1cd8546c0f18dd22ff54e7495 '  ><div class='avia_textblock' ><h6>TRABAJA CON NOSOTROS<\/h6>\n<p>Sigue nuestras p\u00e1ginas sociales para estar al d\u00eda de los nuevos puestos vacantes. Puede enviar una autocandidatura rellenando los campos siguientes, adjuntando su CV (tama\u00f1o m\u00e1ximo 2 MB) y aceptando los t\u00e9rminos y condiciones.<\/p>\n<\/div><\/section><br \/>\n\n<style type=\"text\/css\" data-created_by=\"avia_inline_auto\" id=\"style-css-av-av_hr-5d331869860e04c36bf4a1e20c4c4dfb\">\n#top .hr.av-av_hr-5d331869860e04c36bf4a1e20c4c4dfb{\nmargin-top:10px;\nmargin-bottom:10px;\n}\n.hr.av-av_hr-5d331869860e04c36bf4a1e20c4c4dfb .hr-inner{\nwidth:50px;\n}\n<\/style>\n<div  class='hr av-av_hr-5d331869860e04c36bf4a1e20c4c4dfb hr-custom  avia-builder-el-6  el_after_av_textblock  el_before_av_codeblock  hr-center hr-icon-no'><span class='hr-inner inner-border-av-border-none'><span class=\"hr-inner-style\"><\/span><\/span><\/div><br \/>\n<\/p><\/div><div  class='flex_column av-av_one_half-776923162c92d83497802fbc6ee5cf68 av_one_half  avia-builder-el-8  el_after_av_one_half  el_before_av_hr  flex_column_div  '     ><p><div  class='avia-button-wrap av-lm6qecv2-c54b03ea65762379557ea9fc818937ed-wrap avia-button-left  avia-builder-el-9  el_before_av_hr  avia-builder-el-first '><a href=\"https:\/\/it.linkedin.com\/company\/mates-italiana-srl\" class=\"avia-button av-lm6qecv2-c54b03ea65762379557ea9fc818937ed av-link-btn avia-icon_select-yes-right-icon avia-size-x-large avia-position-left avia-color-theme-color\" target=\"_blank\" rel=\"noopener noreferrer\" aria-label=\"Mantente al d\u00eda con LinkedIn       |     \"><span class='avia_iconbox_title' >Mantente al d\u00eda con LinkedIn       |     <\/span><span class='avia_button_icon avia_button_icon_right avia-iconfont avia-font-entypo-fontello' data-av_icon='\ue8fc' data-av_iconfont='entypo-fontello' ><\/span><\/a><\/div><br \/>\n\n<style type=\"text\/css\" data-created_by=\"avia_inline_auto\" id=\"style-css-av-av_hr-5d331869860e04c36bf4a1e20c4c4dfb\">\n#top .hr.av-av_hr-5d331869860e04c36bf4a1e20c4c4dfb{\nmargin-top:10px;\nmargin-bottom:10px;\n}\n.hr.av-av_hr-5d331869860e04c36bf4a1e20c4c4dfb .hr-inner{\nwidth:50px;\n}\n<\/style>\n<div  class='hr av-av_hr-5d331869860e04c36bf4a1e20c4c4dfb hr-custom  avia-builder-el-10  el_after_av_button  el_before_av_timeline  hr-center hr-icon-no'><span class='hr-inner inner-border-av-border-none'><span class=\"hr-inner-style\"><\/span><\/span><\/div><br \/>\n<div  id=\"avia-timeline-1\"  class='avia-timeline-container av-lm13exoi-687d6fdbd6aa9783113db10eb0e024fc av-slideshow-ui  avia-builder-el-11  el_after_av_hr  avia-builder-el-last ' ><ul class='avia-timeline avia-timeline-vertical av-milestone-placement-left avia-timeline- avia_animate_when_almost_visible'>\n<li  class='av-milestone av-lm13ec60-1f1d1d54b489a0ddaca35f47e77b9944 av-animated-generic fade-in av-milestone-valign-baseline av-milestone-odd'><h2 class='av-milestone-date ' id='milestone-11' ><strong>11<span class='av-milestone-indicator'><\/span><\/strong><\/h2><div class=\"av-milestone-icon-wrap\"><span class='av-milestone-icon milestone_icon avia-font-entypo-fontello'><span class='av-milestone-icon-inner milestone_inner'><i class='milestone-char avia-iconfont avia-font-entypo-fontello' data-av_icon='\ue8bb' data-av_iconfont='entypo-fontello' ><\/i><\/span><\/span><\/div><article class='av-milestone-content-wrap'><div class='av-milestone-contentbox'><header class=\"entry-content-header\" aria-label=\"Milestone: Ventas\"><h4 class='av-milestone-title '>Ventas<\/h4><\/header><div class='av-milestone-content'><p>Jefe de zona<br \/>\nAgente de zona<br \/>\nMarketing<br \/>\nT\u00e9cnico<br \/>\nAtenci\u00f3n al cliente<\/p>\n<\/div><\/div><footer class='av-milestone-article-footer entry-footer'><\/footer><\/article><\/li>\n<li  class='av-milestone av-lm13emwp-885a4a19a2e1991c7f69fb9803ac4ef5 av-animated-generic fade-in av-milestone-valign-baseline av-milestone-even'><h2 class='av-milestone-date ' id='milestone-5' ><strong>5<span class='av-milestone-indicator'><\/span><\/strong><\/h2><div class=\"av-milestone-icon-wrap\"><span class='av-milestone-icon milestone_icon avia-font-entypo-fontello'><span class='av-milestone-icon-inner milestone_inner'><i class='milestone-char avia-iconfont avia-font-entypo-fontello' data-av_icon='\ue8ab' data-av_iconfont='entypo-fontello' ><\/i><\/span><\/span><\/div><article class='av-milestone-content-wrap'><div class='av-milestone-contentbox'><header class=\"entry-content-header\" aria-label=\"Milestone: Gesti\u00f3n\"><h4 class='av-milestone-title '>Gesti\u00f3n<\/h4><\/header><div class='av-milestone-content'><p>Backoffice<br \/>\nAdministraci\u00f3n<br \/>\nImpuestos<br \/>\nCompras<br \/>\nServicios generales<\/p>\n<\/div><\/div><footer class='av-milestone-article-footer entry-footer'><\/footer><\/article><\/li>\n<li  class='av-milestone av-lm13ex31-d3265e140ccf032362c68b1c3b1d4d14 av-animated-generic fade-in av-milestone-valign-baseline av-milestone-odd'><h2 class='av-milestone-date ' id='milestone-5' ><strong>5<span class='av-milestone-indicator'><\/span><\/strong><\/h2><div class=\"av-milestone-icon-wrap\"><span class='av-milestone-icon milestone_icon avia-font-entypo-fontello'><span class='av-milestone-icon-inner milestone_inner'><i class='milestone-char avia-iconfont avia-font-entypo-fontello' data-av_icon='\ue859' data-av_iconfont='entypo-fontello' ><\/i><\/span><\/span><\/div><article class='av-milestone-content-wrap'><div class='av-milestone-contentbox'><header class=\"entry-content-header\" aria-label=\"Milestone: Log\u00edstica\"><h4 class='av-milestone-title '>Log\u00edstica<\/h4><\/header><div class='av-milestone-content'><p>Operador de departamento<br \/>\nCoordinador<br \/>\nCalidad<br \/>\nProducci\u00f3n<br \/>\nConductor<\/p>\n<\/div><\/div><footer class='av-milestone-article-footer entry-footer'><\/footer><\/article><\/li>\n<\/ul><\/div><\/p><\/div><\/p>\n<div  class='hr av-av_hr-91d7ccd583a503147498e120fee2ff9b hr-default  avia-builder-el-12  el_after_av_one_half  el_before_av_one_full '><span class='hr-inner '><span class=\"hr-inner-style\"><\/span><\/span><\/div>\n<div  class='flex_column av-av_one_full-7714eba142aeda1f8b5272a3c372b279 av_one_full  avia-builder-el-13  el_after_av_hr  avia-builder-el-last  first flex_column_div  '     ><p>\n<style type=\"text\/css\" data-created_by=\"avia_inline_auto\" id=\"style-css-av-av_image-23428799a6dbc117eb67c3ef45911880\">\n.avia-image-container.av-av_image-23428799a6dbc117eb67c3ef45911880 img.avia_image{\nbox-shadow:none;\n}\n.avia-image-container.av-av_image-23428799a6dbc117eb67c3ef45911880 .av-image-caption-overlay-center{\ncolor:#ffffff;\n}\n<\/style>\n<div  class='avia-image-container av-av_image-23428799a6dbc117eb67c3ef45911880 av-styling- avia-align-center  avia-builder-el-14  el_before_av_hr  avia-builder-el-first '  ><div class=\"avia-image-container-inner\"><div class=\"avia-image-overlay-wrap\"><img decoding=\"async\" fetchpriority=\"high\" class='wp-image-17529 avia-img-lazy-loading-not-17529 avia_image ' src=\"https:\/\/www.mates.it\/wp-content\/uploads\/mates_persone.png\" alt='mates_persone' title='mates_persone'  height=\"325\" width=\"1500\" srcset=\"https:\/\/www.mates.it\/wp-content\/uploads\/mates_persone.png 1500w, https:\/\/www.mates.it\/wp-content\/uploads\/mates_persone-300x65.png 300w, https:\/\/www.mates.it\/wp-content\/uploads\/mates_persone-1030x223.png 1030w, https:\/\/www.mates.it\/wp-content\/uploads\/mates_persone-768x166.png 768w, https:\/\/www.mates.it\/wp-content\/uploads\/mates_persone-705x153.png 705w\" sizes=\"(max-width: 1500px) 100vw, 1500px\" \/><\/div><\/div><\/div><br \/>\n<div  class='hr av-av_hr-91d7ccd583a503147498e120fee2ff9b hr-default  avia-builder-el-15  el_after_av_image  avia-builder-el-last '><span class='hr-inner '><span class=\"hr-inner-style\"><\/span><\/span><\/div><\/p><\/div>\n","protected":false},"excerpt":{"rendered":"<p>Las personas son la clave de cualquier \u00e9xito, para una empresa son el recurso estrat\u00e9gico m\u00e1s importante. Mates cree firmemente en esta verdad e invierte constantemente en el valor y la profesionalidad de su personal.<\/p>\n","protected":false},"author":2,"featured_media":17529,"parent":9594,"menu_order":2,"comment_status":"open","ping_status":"open","template":"","meta":{"footnotes":""},"class_list":["post-9600","page","type-page","status-publish","has-post-thumbnail","hentry"],"_links":{"self":[{"href":"https:\/\/www.mates.it\/es\/wp-json\/wp\/v2\/pages\/9600","targetHints":{"allow":["GET"]}}],"collection":[{"href":"https:\/\/www.mates.it\/es\/wp-json\/wp\/v2\/pages"}],"about":[{"href":"https:\/\/www.mates.it\/es\/wp-json\/wp\/v2\/types\/page"}],"author":[{"embeddable":true,"href":"https:\/\/www.mates.it\/es\/wp-json\/wp\/v2\/users\/2"}],"replies":[{"embeddable":true,"href":"https:\/\/www.mates.it\/es\/wp-json\/wp\/v2\/comments?post=9600"}],"version-history":[{"count":0,"href":"https:\/\/www.mates.it\/es\/wp-json\/wp\/v2\/pages\/9600\/revisions"}],"up":[{"embeddable":true,"href":"https:\/\/www.mates.it\/es\/wp-json\/wp\/v2\/pages\/9594"}],"wp:featuredmedia":[{"embeddable":true,"href":"https:\/\/www.mates.it\/es\/wp-json\/wp\/v2\/media\/17529"}],"wp:attachment":[{"href":"https:\/\/www.mates.it\/es\/wp-json\/wp\/v2\/media?parent=9600"}],"curies":[{"name":"wp","href":"https:\/\/api.w.org\/{rel}","templated":true}]}}