{"id":9604,"date":"2016-10-09T15:58:34","date_gmt":"2016-10-09T13:58:34","guid":{"rendered":"https:\/\/www.mates.it\/supporto\/la-societa\/nuestros-clientes\/"},"modified":"2023-11-15T18:48:03","modified_gmt":"2023-11-15T17:48:03","slug":"clientes","status":"publish","type":"page","link":"https:\/\/www.mates.it\/es\/quienes-somos\/empresa\/clientes\/","title":{"rendered":"Clientes"},"content":{"rendered":"<div  class='flex_column av-18mf4zo-1c1ab9cee7dcc1896f1f2c7ce2fc0d82 av_one_full  avia-builder-el-0  avia-builder-el-no-sibling  first flex_column_div  '     ><p>\n<style type=\"text\/css\" data-created_by=\"avia_inline_auto\" id=\"style-css-av-lm13lg9z-ee99c8e58d4e9297f880695d4220aab7\">\n#top .av-special-heading.av-lm13lg9z-ee99c8e58d4e9297f880695d4220aab7{\npadding-bottom:10px;\n}\nbody .av-special-heading.av-lm13lg9z-ee99c8e58d4e9297f880695d4220aab7 .av-special-heading-tag .heading-char{\nfont-size:25px;\n}\n.av-special-heading.av-lm13lg9z-ee99c8e58d4e9297f880695d4220aab7 .av-subheading{\nfont-size:15px;\n}\n<\/style>\n<div  class='av-special-heading av-lm13lg9z-ee99c8e58d4e9297f880695d4220aab7 av-special-heading-h1  avia-builder-el-1  el_before_av_textblock  avia-builder-el-first  custom-h1-title'><h1 class='av-special-heading-tag '  >Clientes<\/h1><div class=\"special-heading-border\"><div class=\"special-heading-inner-border\"><\/div><\/div><\/div><br \/>\n<section  class='av_textblock_section av-lm13lpdk-94090181d08ba160b7d3a08185062fa9 '  ><div class='avia_textblock' ><p>Estamos orgullosos de haber establecido colaboraciones con una amplia gama de clientes que operan en sectores clave, como la automoci\u00f3n, la n\u00e1utica, la industria aeroespacial, la energ\u00eda e\u00f3lica, as\u00ed como la industria del vidrio y el sector de la construcci\u00f3n. Nuestros productos y soluciones se han convertido en esenciales para potenciar la expansi\u00f3n de sus actividades. Mantenemos un di\u00e1logo permanente con nuestros clientes para comprender sus realidades y retos diarios, con el fin de construir, desarrollar y optimizar las soluciones a su disposici\u00f3n.<br \/>\nSi desea unirse a la creciente lista de nuestros clientes satisfechos, le invitamos a ponerse en contacto con nosotros. Ser\u00e1 un placer hablar de sus necesidades espec\u00edficas. Estamos aqu\u00ed para guiarle hacia el \u00e9xito y construir una asociaci\u00f3n s\u00f3lida y duradera.<\/p>\n<\/div><\/section><br \/>\n<div  class='hr av-1622dms-19ac2998d759feb553a35bc10e3aaba5 hr-default  avia-builder-el-3  el_after_av_textblock  el_before_av_partner '><span class='hr-inner '><span class=\"hr-inner-style\"><\/span><\/span><\/div><br \/>\n\n<style type=\"text\/css\" data-created_by=\"avia_inline_auto\" id=\"style-css-av-14yehb8-91aa01944c0cdea4469906d5ef7618bf\">\n.avia-logo-element-container.av-14yehb8-91aa01944c0cdea4469906d5ef7618bf .av-partner-fake-img{\nbackground-size:cover;\n}\n<\/style>\n<div  class='avia-logo-element-container av-14yehb8-91aa01944c0cdea4469906d5ef7618bf avia-logo-grid avia-content-slider avia-smallarrow-slider avia-content-grid-active noHover avia-content-slider-odd  avia-builder-el-4  el_after_av_hr  el_before_av_hr  avia-content-slider1' ><div class='avia-smallarrow-slider-heading  no-logo-slider-heading '><div class='new-special-heading'>&nbsp;<\/div><\/div><div class=\"avia-content-slider-inner\"><div class=\"slide-entry-wrap\"><div data-avia-tooltip=\"Automotive \/ Aerospace\" class='slide-entry av-13f1dro-cd533a9477a953c746e80d95e8510f87 flex_column no_margin av_one_fifth real-thumbnail post-entry slide-entry-overview slide-loop-1 slide-parity-odd  first'><a href=\"https:\/\/www.gruppoadler.it\/\" data-rel=\"slide-1\" class=\"slide-image\" title=\"\" target=\"_blank\" rel=\"noopener noreferrer\"><span class='av-partner-fake-img' style='padding-bottom:50%; background-image:url(https:\/\/www.mates.it\/wp-content\/uploads\/adler.jpg);'><\/span><\/a><\/div><div data-avia-tooltip=\"Aerospace\" class='slide-entry av-10xwksk-742c826e177f3948102f222c4a0ca330 flex_column no_margin av_one_fifth real-thumbnail post-entry slide-entry-overview slide-loop-2 slide-parity-even  '><a href=\"https:\/\/www.airbus.com\/en\" data-rel=\"slide-1\" class=\"slide-image\" title=\"\" target=\"_blank\" rel=\"noopener noreferrer\"><span class='av-partner-fake-img' style='padding-bottom:50%; background-image:url(https:\/\/www.mates.it\/wp-content\/uploads\/airbus-2.jpg);'><\/span><\/a><\/div><div data-avia-tooltip=\"Automotive\" class='slide-entry av-z9t2zo-e51b7808c0dd222ddb68c4e847e6ea7e flex_column no_margin av_one_fifth real-thumbnail post-entry slide-entry-overview slide-loop-3 slide-parity-odd  '><a href=\"http:\/\/www.akrapovic.it\/\" data-rel=\"slide-1\" class=\"slide-image\" title=\"\" target=\"_blank\" rel=\"noopener noreferrer\"><span class='av-partner-fake-img' style='padding-bottom:50%; background-image:url(https:\/\/www.mates.it\/wp-content\/uploads\/akrapovic-2.jpg);'><\/span><\/a><\/div><div data-avia-tooltip=\"Marine\" class='slide-entry av-y88ufo-f7871fc0efe0d1f0e315383ee5e6c6fd flex_column no_margin av_one_fifth real-thumbnail post-entry slide-entry-overview slide-loop-4 slide-parity-even  '><a href=\"http:\/\/https:\/\/azimutyachts.com\/it\/\" data-rel=\"slide-1\" class=\"slide-image\" title=\"\" target=\"_blank\" rel=\"noopener noreferrer\"><span class='av-partner-fake-img' style='padding-bottom:50%; background-image:url(https:\/\/www.mates.it\/wp-content\/uploads\/azimut.jpg);'><\/span><\/a><\/div><div data-avia-tooltip=\"Research\" class='slide-entry av-vozitw-8be85ceee0294cbbd9ac04007b890f9d flex_column no_margin av_one_fifth real-thumbnail post-entry slide-entry-overview slide-loop-5 slide-parity-odd  '><a href=\"https:\/\/www.cetma.it\/\" data-rel=\"slide-1\" class=\"slide-image\" title=\"\" target=\"_blank\" rel=\"noopener noreferrer\"><span class='av-partner-fake-img' style='padding-bottom:50%; background-image:url(https:\/\/www.mates.it\/wp-content\/uploads\/cetma.jpg);'><\/span><\/a><\/div><\/div><div class=\"slide-entry-wrap\"><div data-avia-tooltip=\"Research\" class='slide-entry av-u27e9w-999909ccbdead3c36c74f26821833aa4 flex_column no_margin av_one_fifth real-thumbnail post-entry slide-entry-overview slide-loop-6 slide-parity-odd  first'><a href=\"https:\/\/www.cira.it\/it\" data-rel=\"slide-1\" class=\"slide-image\" title=\"\" target=\"_blank\" rel=\"noopener noreferrer\"><span class='av-partner-fake-img' style='padding-bottom:50%; background-image:url(https:\/\/www.mates.it\/wp-content\/uploads\/cira.jpg);'><\/span><\/a><\/div><div data-avia-tooltip=\"Marine\" class='slide-entry av-sv36n8-f37e0aa4154cba93aeb6654e63463563 flex_column no_margin av_one_fifth real-thumbnail post-entry slide-entry-overview slide-loop-7 slide-parity-even  '><a href=\"https:\/\/www.cranchi.com\/it\" data-rel=\"slide-1\" class=\"slide-image\" title=\"\" target=\"_blank\" rel=\"noopener noreferrer\"><span class='av-partner-fake-img' style='padding-bottom:50%; background-image:url(https:\/\/www.mates.it\/wp-content\/uploads\/cranchi-2.jpg);'><\/span><\/a><\/div><div data-avia-tooltip=\"Automotive\" class='slide-entry av-rfc6qs-1f5e55d2024429ee64b4ce215b537b30 flex_column no_margin av_one_fifth real-thumbnail post-entry slide-entry-overview slide-loop-8 slide-parity-odd  '><a href=\"https:\/\/www.dallara.it\/it\" data-rel=\"slide-1\" class=\"slide-image\" title=\"\" target=\"_blank\" rel=\"noopener noreferrer\"><span class='av-partner-fake-img' style='padding-bottom:50%; background-image:url(https:\/\/www.mates.it\/wp-content\/uploads\/dallara.jpg);'><\/span><\/a><\/div><div data-avia-tooltip=\"Marine\" class='slide-entry av-qc5v50-b961a03804504516c526f42e2a01fd40 flex_column no_margin av_one_fifth real-thumbnail post-entry slide-entry-overview slide-loop-9 slide-parity-even  '><a href=\"https:\/\/www.ferrettigroup.com\/\" data-rel=\"slide-1\" class=\"slide-image\" title=\"\" target=\"_blank\" rel=\"noopener noreferrer\"><span class='av-partner-fake-img' style='padding-bottom:50%; background-image:url(https:\/\/www.mates.it\/wp-content\/uploads\/ferretti.jpg);'><\/span><\/a><\/div><div data-avia-tooltip=\"Automotive\" class='slide-entry av-nrolqs-58e0de86dbf980bd828e4a5d4a91be71 flex_column no_margin av_one_fifth real-thumbnail post-entry slide-entry-overview slide-loop-10 slide-parity-odd  '><a href=\"https:\/\/www.lamborghini.com\/it-en\" data-rel=\"slide-1\" class=\"slide-image\" title=\"\" target=\"_blank\" rel=\"noopener noreferrer\"><span class='av-partner-fake-img' style='padding-bottom:50%; background-image:url(https:\/\/www.mates.it\/wp-content\/uploads\/lamborghini-2.jpg);'><\/span><\/a><\/div><\/div><div class=\"slide-entry-wrap\"><div data-avia-tooltip=\"Aerospace \/ Defence\" class='slide-entry av-lucock-019d3bd384b3229170021e83a98c7ade flex_column no_margin av_one_fifth real-thumbnail post-entry slide-entry-overview slide-loop-11 slide-parity-odd  first'><a href=\"https:\/\/www.leonardo.com\/it\/\" data-rel=\"slide-1\" class=\"slide-image\" title=\"\" target=\"_blank\" rel=\"noopener noreferrer\"><span class='av-partner-fake-img' style='padding-bottom:50%; background-image:url(https:\/\/www.mates.it\/wp-content\/uploads\/leonardo.jpg);'><\/span><\/a><\/div><div data-avia-tooltip=\"Aerospace \/ Defence\" class='slide-entry av-l3mbac-7151212e54c4923ba7d767b71e5aa306 flex_column no_margin av_one_fifth real-thumbnail post-entry slide-entry-overview slide-loop-12 slide-parity-even  '><a href=\"https:\/\/www.magroup.net\/it\/\" data-rel=\"slide-1\" class=\"slide-image\" title=\"\" target=\"_blank\" rel=\"noopener noreferrer\"><span class='av-partner-fake-img' style='padding-bottom:50%; background-image:url(https:\/\/www.mates.it\/wp-content\/uploads\/magroup.jpg);'><\/span><\/a><\/div><div data-avia-tooltip=\"Automotive\" class='slide-entry av-iq4gtg-cf11cd9b9d385045b7c74a151ec8143d flex_column no_margin av_one_fifth real-thumbnail post-entry slide-entry-overview slide-loop-13 slide-parity-odd  '><a href=\"https:\/\/www.maserati.com\/it\/it\" data-rel=\"slide-1\" class=\"slide-image\" title=\"\" target=\"_blank\" rel=\"noopener noreferrer\"><span class='av-partner-fake-img' style='padding-bottom:50%; background-image:url(https:\/\/www.mates.it\/wp-content\/uploads\/maserati.jpg);'><\/span><\/a><\/div><div data-avia-tooltip=\"Wind Energy \/ Renewables\" class='slide-entry av-h823dg-c847e250caea818374162d168ee2d8bf flex_column no_margin av_one_fifth real-thumbnail post-entry slide-entry-overview slide-loop-14 slide-parity-even  '><a href=\"https:\/\/www.nordex-online.com\/en\/\" data-rel=\"slide-1\" class=\"slide-image\" title=\"\" target=\"_blank\" rel=\"noopener noreferrer\"><span class='av-partner-fake-img' style='padding-bottom:50%; background-image:url(https:\/\/www.mates.it\/wp-content\/uploads\/nordex.jpg);'><\/span><\/a><\/div><div data-avia-tooltip=\"Marine\" class='slide-entry av-ft8qw4-0e89545551dfa01150bb6a086251ef41 flex_column no_margin av_one_fifth real-thumbnail post-entry slide-entry-overview slide-loop-15 slide-parity-odd  '><a href=\"https:\/\/www.osculati.com\/it\/\" data-rel=\"slide-1\" class=\"slide-image\" title=\"\" target=\"_blank\" rel=\"noopener noreferrer\"><span class='av-partner-fake-img' style='padding-bottom:50%; background-image:url(https:\/\/www.mates.it\/wp-content\/uploads\/osculati.jpg);'><\/span><\/a><\/div><\/div><div class=\"slide-entry-wrap\"><div data-avia-tooltip=\"Automotive\" class='slide-entry av-ejyy1w-b36965e00cf3445cc91ad246b9185cc2 flex_column no_margin av_one_fifth real-thumbnail post-entry slide-entry-overview slide-loop-16 slide-parity-odd  first'><a href=\"https:\/\/www.pagani.com\/it\/\" data-rel=\"slide-1\" class=\"slide-image\" title=\"\" target=\"_blank\" rel=\"noopener noreferrer\"><span class='av-partner-fake-img' style='padding-bottom:50%; background-image:url(https:\/\/www.mates.it\/wp-content\/uploads\/pagani.jpg);'><\/span><\/a><\/div><div data-avia-tooltip=\"Marine\" class='slide-entry av-bw1ss4-b11f2a5bb424981f5f0f42068a5c8c2c flex_column no_margin av_one_fifth real-thumbnail post-entry slide-entry-overview slide-loop-17 slide-parity-even  '><a href=\"https:\/\/www.palumbogroup.it\/\" data-rel=\"slide-1\" class=\"slide-image\" title=\"\" target=\"_blank\" rel=\"noopener noreferrer\"><span class='av-partner-fake-img' style='padding-bottom:50%; background-image:url(https:\/\/www.mates.it\/wp-content\/uploads\/palumbo.jpg);'><\/span><\/a><\/div><div data-avia-tooltip=\"Marine\" class='slide-entry av-bfty9g-6b306995bc79124e334dd22c0464b78a flex_column no_margin av_one_fifth real-thumbnail post-entry slide-entry-overview slide-loop-18 slide-parity-odd  '><a href=\"https:\/\/www.persico.com\/\" data-rel=\"slide-1\" class=\"slide-image\" title=\"\" target=\"_blank\" rel=\"noopener noreferrer\"><span class='av-partner-fake-img' style='padding-bottom:50%; background-image:url(https:\/\/www.mates.it\/wp-content\/uploads\/persico-1.jpg);'><\/span><\/a><\/div><div data-avia-tooltip=\"Automotive\" class='slide-entry av-93a6n8-9ace7d4d2dc713279c8c4fe361f96e94 flex_column no_margin av_one_fifth real-thumbnail post-entry slide-entry-overview slide-loop-19 slide-parity-even  '><a href=\"https:\/\/www.sparco-official.com\/it\/\" data-rel=\"slide-1\" class=\"slide-image\" title=\"\" target=\"_blank\" rel=\"noopener noreferrer\"><span class='av-partner-fake-img' style='padding-bottom:50%; background-image:url(https:\/\/www.mates.it\/wp-content\/uploads\/sparco-2.jpg);'><\/span><\/a><\/div><div data-avia-tooltip=\"Leisure time\" class='slide-entry av-87uxc4-7f46a36948e3b95dd1d8cdcfdabec7b3 flex_column no_margin av_one_fifth real-thumbnail post-entry slide-entry-overview slide-loop-20 slide-parity-odd post-entry-last '><a href=\"https:\/\/www.zamperla.com\/\" data-rel=\"slide-1\" class=\"slide-image\" title=\"\" target=\"_blank\" rel=\"noopener noreferrer\"><span class='av-partner-fake-img' style='padding-bottom:50%; background-image:url(https:\/\/www.mates.it\/wp-content\/uploads\/zamperla.jpg);'><\/span><\/a><\/div><\/div><\/div><\/div><br \/>\n<div  class='hr av-5poec4-11003828f759e411ae99165e0da1ea2c hr-default  avia-builder-el-5  el_after_av_partner  el_before_av_image '><span class='hr-inner '><span class=\"hr-inner-style\"><\/span><\/span><\/div><br \/>\n\n<style type=\"text\/css\" data-created_by=\"avia_inline_auto\" id=\"style-css-av-4lvkjo-dcdb817320104ac6f622a82c0e0504be\">\n.avia-image-container.av-4lvkjo-dcdb817320104ac6f622a82c0e0504be img.avia_image{\nbox-shadow:none;\n}\n.avia-image-container.av-4lvkjo-dcdb817320104ac6f622a82c0e0504be .av-image-caption-overlay-center{\ncolor:#ffffff;\n}\n<\/style>\n<div  class='avia-image-container av-4lvkjo-dcdb817320104ac6f622a82c0e0504be av-styling- avia-align-center  avia-builder-el-6  el_after_av_hr  el_before_av_hr '  ><div class=\"avia-image-container-inner\"><div class=\"avia-image-overlay-wrap\"><img decoding=\"async\" fetchpriority=\"high\" class='wp-image-17519 avia-img-lazy-loading-not-17519 avia_image ' src=\"https:\/\/www.mates.it\/wp-content\/uploads\/mates_clienti.png\" alt='mates_clienti' title='mates_clienti'  height=\"325\" width=\"1500\" srcset=\"https:\/\/www.mates.it\/wp-content\/uploads\/mates_clienti.png 1500w, https:\/\/www.mates.it\/wp-content\/uploads\/mates_clienti-300x65.png 300w, https:\/\/www.mates.it\/wp-content\/uploads\/mates_clienti-1030x223.png 1030w, https:\/\/www.mates.it\/wp-content\/uploads\/mates_clienti-768x166.png 768w, https:\/\/www.mates.it\/wp-content\/uploads\/mates_clienti-705x153.png 705w\" sizes=\"(max-width: 1500px) 100vw, 1500px\" \/><\/div><\/div><\/div><br \/>\n<div  class='hr av-23ottw-2944b8960d03e2ddb7cb1ba19dad4b1c hr-default  avia-builder-el-7  el_after_av_image  avia-builder-el-last '><span class='hr-inner '><span class=\"hr-inner-style\"><\/span><\/span><\/div><\/p><\/div>\n","protected":false},"excerpt":{"rendered":"<p>Estamos orgullosos de haber establecido relaciones de colaboraci\u00f3n con una amplia gama de clientes de sectores clave, como la automoci\u00f3n, la marina, el aeroespacial, la energ\u00eda e\u00f3lica, as\u00ed como las industrias del vidrio y la construcci\u00f3n.<\/p>\n","protected":false},"author":2,"featured_media":17519,"parent":9594,"menu_order":4,"comment_status":"open","ping_status":"closed","template":"","meta":{"footnotes":""},"class_list":["post-9604","page","type-page","status-publish","has-post-thumbnail","hentry"],"_links":{"self":[{"href":"https:\/\/www.mates.it\/es\/wp-json\/wp\/v2\/pages\/9604","targetHints":{"allow":["GET"]}}],"collection":[{"href":"https:\/\/www.mates.it\/es\/wp-json\/wp\/v2\/pages"}],"about":[{"href":"https:\/\/www.mates.it\/es\/wp-json\/wp\/v2\/types\/page"}],"author":[{"embeddable":true,"href":"https:\/\/www.mates.it\/es\/wp-json\/wp\/v2\/users\/2"}],"replies":[{"embeddable":true,"href":"https:\/\/www.mates.it\/es\/wp-json\/wp\/v2\/comments?post=9604"}],"version-history":[{"count":0,"href":"https:\/\/www.mates.it\/es\/wp-json\/wp\/v2\/pages\/9604\/revisions"}],"up":[{"embeddable":true,"href":"https:\/\/www.mates.it\/es\/wp-json\/wp\/v2\/pages\/9594"}],"wp:featuredmedia":[{"embeddable":true,"href":"https:\/\/www.mates.it\/es\/wp-json\/wp\/v2\/media\/17519"}],"wp:attachment":[{"href":"https:\/\/www.mates.it\/es\/wp-json\/wp\/v2\/media?parent=9604"}],"curies":[{"name":"wp","href":"https:\/\/api.w.org\/{rel}","templated":true}]}}