{"id":9613,"date":"2017-02-11T01:58:02","date_gmt":"2017-02-11T00:58:02","guid":{"rendered":"https:\/\/www.mates.it\/prodotti\/materiali-anima-core\/naturals-e\/"},"modified":"2023-06-27T15:37:30","modified_gmt":"2023-06-27T13:37:30","slug":"naturales","status":"publish","type":"page","link":"https:\/\/www.mates.it\/es\/productos\/nucleos-estructurales\/naturales\/","title":{"rendered":"Naturales"},"content":{"rendered":"\n<style type=\"text\/css\" data-created_by=\"avia_inline_auto\" id=\"style-css-av-av_image-2044c8dd411aab2ecabda640625fd300\">\n.avia-image-container.av-av_image-2044c8dd411aab2ecabda640625fd300 img.avia_image{\nbox-shadow:none;\n}\n.avia-image-container.av-av_image-2044c8dd411aab2ecabda640625fd300 .av-image-caption-overlay-center{\ncolor:#ffffff;\n}\n<\/style>\n<div  class='avia-image-container av-av_image-2044c8dd411aab2ecabda640625fd300 av-styling- avia-align-center  avia-builder-el-0  el_before_av_hr  avia-builder-el-first '  ><div class=\"avia-image-container-inner\"><div class=\"avia-image-overlay-wrap\"><img decoding=\"async\" fetchpriority=\"high\" class=\"wp-image- avia-img-lazy-loading-not- avia_image \" src=\"https:\/\/www.mates.it\/wp-content\/uploads\/Naturali.jpg\" alt=\"\" title=\"\"><\/div><\/div><\/div>\n<div  class='hr av-av_hr-91d7ccd583a503147498e120fee2ff9b hr-default  avia-builder-el-1  el_after_av_image  el_before_av_three_fifth '><span class='hr-inner '><span class=\"hr-inner-style\"><\/span><\/span><\/div>\n<div  class='flex_column av-av_three_fifth-7714eba142aeda1f8b5272a3c372b279 av_three_fifth  avia-builder-el-2  el_after_av_hr  el_before_av_two_fifth  first flex_column_div  '     ><p>\n<style type=\"text\/css\" data-created_by=\"avia_inline_auto\" id=\"style-css-av-ljec0tvf-af30cecf965eb1dce9086dcdfb902550\">\n#top .av-special-heading.av-ljec0tvf-af30cecf965eb1dce9086dcdfb902550{\npadding-bottom:10px;\n}\nbody .av-special-heading.av-ljec0tvf-af30cecf965eb1dce9086dcdfb902550 .av-special-heading-tag .heading-char{\nfont-size:25px;\n}\n.av-special-heading.av-ljec0tvf-af30cecf965eb1dce9086dcdfb902550 .av-subheading{\nfont-size:15px;\n}\n<\/style>\n<div  class='av-special-heading av-ljec0tvf-af30cecf965eb1dce9086dcdfb902550 av-special-heading-h1  avia-builder-el-3  el_before_av_textblock  avia-builder-el-first  custom-h1-title'><h1 class='av-special-heading-tag '  >Naturales<\/h1><div class=\"special-heading-border\"><div class=\"special-heading-inner-border\"><\/div><\/div><\/div><br \/>\n<section  class='av_textblock_section av-ljec06h0-5636bf828e818146dbaf30db31917842 '  ><div class='avia_textblock' ><p>Los n\u00facleos estructurales naturales se obtienen a partir de maderas espec\u00edficas con alta resistencia mec\u00e1nica y bajo peso espec\u00edfico, como el corcho y la madera de balsa. Suelen estar dotados de una excelente resistencia qu\u00edmica y un comportamiento neutro con las variaciones de temperatura. La baja conductividad t\u00e9rmica de este tipo de n\u00facleos les confiere un gran potencial, incluida la resistencia al fuego. Se utilizan en sectores como el transporte, en estructuras de veh\u00edculos ferroviarios y de carretera, ocio e infraestructuras por su excelente capacidad de aislamiento termoac\u00fastico, as\u00ed como para la construcci\u00f3n de embarcaciones (n\u00e1utica).<br \/>\nCada n\u00facleo natural tiene sus propias caracter\u00edsticas t\u00e9cnicas y est\u00e1 dise\u00f1ado para procesos espec\u00edficos, por lo que recomendamos leer atentamente las fichas de producto.<\/p>\n<\/div><\/section><\/p><\/div><div  class='flex_column av-av_two_fifth-f1c518e9ff58e869f80c8f093487abc9 av_two_fifth  avia-builder-el-5  el_after_av_three_fifth  el_before_av_hr  flex_column_div  '     ><style type=\"text\/css\" data-created_by=\"avia_inline_auto\" id=\"style-css-av-av_toggle_container-aa303faae9b53071bb573d27bc7412b5\">\n#top .togglecontainer.av-av_toggle_container-aa303faae9b53071bb573d27bc7412b5 h4.toggler{\nfont-size:14px;\n}\n#top .togglecontainer.av-av_toggle_container-aa303faae9b53071bb573d27bc7412b5 h4.toggler.activeTitle{\ncolor:#ffffff;\nborder-color:#ffffff;\nbackground-color:#2682d3;\n}\n<\/style>\n<div  class='togglecontainer av-av_toggle_container-aa303faae9b53071bb573d27bc7412b5  avia-builder-el-6  avia-builder-el-no-sibling  accordion_product toggle_close_all hasCurrentStyle' >\n<section class='av_toggle_section av-av_toggle-6e4ae570b30acaa98427b4ce2a62edbf' ><div role=\"tablist\" class=\"single_toggle\" data-tags=\"{Todo} \"  ><h4 id='toggle-toggle-id-1' data-fake-id='#toggle-id-1' class='toggler  activeTitle av-title-above '  role='tab' tabindex='0' aria-controls='toggle-id-1' data-slide-speed=\"200\" data-title=\"Vantaggi\" data-title-open=\"\" data-aria_collapsed=\"Click to expand: Vantaggi\" data-aria_expanded=\"Click to collapse: Vantaggi\">Vantaggi<span class=\"toggle_icon\"><span class=\"vert_icon\"><\/span><span class=\"hor_icon\"><\/span><\/span><\/h4><div id='toggle-id-1' aria-labelledby='toggle-toggle-id-1' role='region' class='toggle_wrap  active_tc av-title-above' style='display:block;' ><div class='toggle_content invers-color ' ><ul class=\"customlist1\">\n<li>Basso impatto ambientale<\/li>\n<li>Peso specifico ridotto<\/li>\n<li>Bassa conducibilit\u00e0 termica<\/li>\n<li>Resistenza chimica<\/li>\n<\/ul>\n<\/div><\/div><\/div><\/section>\n<section class='av_toggle_section av-av_toggle-b79e33d3ca84147842177338144796a3' ><div role=\"tablist\" class=\"single_toggle\" data-tags=\"{Todo} \"  ><h4 id='toggle-toggle-id-2' data-fake-id='#toggle-id-2' class='toggler  av-title-above '  role='tab' tabindex='0' aria-controls='toggle-id-2' data-slide-speed=\"200\" data-title=\"Tipologie\" data-title-open=\"\" data-aria_collapsed=\"Click to expand: Tipologie\" data-aria_expanded=\"Click to collapse: Tipologie\">Tipologie<span class=\"toggle_icon\"><span class=\"vert_icon\"><\/span><span class=\"hor_icon\"><\/span><\/span><\/h4><div id='toggle-id-2' aria-labelledby='toggle-toggle-id-2' role='region' class='toggle_wrap  av-title-above'  ><div class='toggle_content invers-color ' ><li class=\"page_item page-item-9555\"><a href=\"https:\/\/www.mates.it\/es\/productos\/nucleos-estructurales\/naturales\/corcho\/\">Corcho<\/a><\/li>\n<li class=\"page_item page-item-9557\"><a href=\"https:\/\/www.mates.it\/es\/productos\/nucleos-estructurales\/naturales\/balsa-e\/\">Balsa<\/a><\/li>\n\n<\/div><\/div><\/div><\/section>\n<\/div><\/div><\/p>\n<div  class='hr av-av_hr-91d7ccd583a503147498e120fee2ff9b hr-default  avia-builder-el-7  el_after_av_two_fifth  avia-builder-el-last '><span class='hr-inner '><span class=\"hr-inner-style\"><\/span><\/span><\/div>\n","protected":false},"excerpt":{"rendered":"<p>Los n\u00facleos estructurales naturales se obtienen a partir de maderas espec\u00edficas de alta resistencia mec\u00e1nica y bajo peso espec\u00edfico, como el corcho y la madera de balsa.<\/p>\n","protected":false},"author":2,"featured_media":7515,"parent":9391,"menu_order":3,"comment_status":"open","ping_status":"open","template":"","meta":{"footnotes":""},"class_list":["post-9613","page","type-page","status-publish","has-post-thumbnail","hentry"],"_links":{"self":[{"href":"https:\/\/www.mates.it\/es\/wp-json\/wp\/v2\/pages\/9613","targetHints":{"allow":["GET"]}}],"collection":[{"href":"https:\/\/www.mates.it\/es\/wp-json\/wp\/v2\/pages"}],"about":[{"href":"https:\/\/www.mates.it\/es\/wp-json\/wp\/v2\/types\/page"}],"author":[{"embeddable":true,"href":"https:\/\/www.mates.it\/es\/wp-json\/wp\/v2\/users\/2"}],"replies":[{"embeddable":true,"href":"https:\/\/www.mates.it\/es\/wp-json\/wp\/v2\/comments?post=9613"}],"version-history":[{"count":0,"href":"https:\/\/www.mates.it\/es\/wp-json\/wp\/v2\/pages\/9613\/revisions"}],"up":[{"embeddable":true,"href":"https:\/\/www.mates.it\/es\/wp-json\/wp\/v2\/pages\/9391"}],"wp:featuredmedia":[{"embeddable":true,"href":"https:\/\/www.mates.it\/es\/wp-json\/wp\/v2\/media\/7515"}],"wp:attachment":[{"href":"https:\/\/www.mates.it\/es\/wp-json\/wp\/v2\/media?parent=9613"}],"curies":[{"name":"wp","href":"https:\/\/api.w.org\/{rel}","templated":true}]}}