{"id":9620,"date":"2018-12-25T01:25:21","date_gmt":"2018-12-25T00:25:21","guid":{"rendered":"https:\/\/www.mates.it\/unidireccional-v\/"},"modified":"2023-06-24T15:28:20","modified_gmt":"2023-06-24T13:28:20","slug":"unidireccional-v","status":"publish","type":"page","link":"https:\/\/www.mates.it\/es\/productos\/tejidos-refuerzos\/fibra-de-vidrio\/unidireccional-v\/","title":{"rendered":"Unidireccional"},"content":{"rendered":"<div  class='flex_column av-av_three_fifth-7714eba142aeda1f8b5272a3c372b279 av_three_fifth  avia-builder-el-0  el_before_av_two_fifth  avia-builder-el-first  first flex_column_div  '     ><p>\n<style type=\"text\/css\" data-created_by=\"avia_inline_auto\" id=\"style-css-av-lja1ddeh-27267f9953db34ebd2af328ba605dd6c\">\n#top .av-special-heading.av-lja1ddeh-27267f9953db34ebd2af328ba605dd6c{\npadding-bottom:10px;\n}\nbody .av-special-heading.av-lja1ddeh-27267f9953db34ebd2af328ba605dd6c .av-special-heading-tag .heading-char{\nfont-size:25px;\n}\n.av-special-heading.av-lja1ddeh-27267f9953db34ebd2af328ba605dd6c .av-subheading{\nfont-size:15px;\n}\n<\/style>\n<div  class='av-special-heading av-lja1ddeh-27267f9953db34ebd2af328ba605dd6c av-special-heading-h1  avia-builder-el-1  el_before_av_textblock  avia-builder-el-first  custom-h1-title'><h1 class='av-special-heading-tag '  >Unidireccional<\/h1><div class=\"special-heading-border\"><div class=\"special-heading-inner-border\"><\/div><\/div><\/div><br \/>\n<section  class='av_textblock_section av-lja1d5lk-fcfb5e9c3a1f03f200c991313df61d71 '  ><div class='avia_textblock' ><p>Los tejidos de vidrio unidireccionales est\u00e1n compuestos por fibras orientadas en una sola direcci\u00f3n y, por tanto, trabajan en una sola direcci\u00f3n. Suelen aplicarse en la misma direcci\u00f3n que las tensiones para obtener una resistencia determinada por la mitad del tejido utilizado normalmente, reduciendo as\u00ed el peso total.<\/p>\n<div style=\"width: 100%;\"><\/div>\n<\/div><\/section><\/p><\/div><div  class='flex_column av-av_two_fifth-f1c518e9ff58e869f80c8f093487abc9 av_two_fifth  avia-builder-el-3  el_after_av_three_fifth  el_before_av_hr  flex_column_div  '     ><style type=\"text\/css\" data-created_by=\"avia_inline_auto\" id=\"style-css-av-av_toggle_container-aa303faae9b53071bb573d27bc7412b5\">\n#top .togglecontainer.av-av_toggle_container-aa303faae9b53071bb573d27bc7412b5 h4.toggler{\nfont-size:14px;\n}\n#top .togglecontainer.av-av_toggle_container-aa303faae9b53071bb573d27bc7412b5 h4.toggler.activeTitle{\ncolor:#ffffff;\nborder-color:#ffffff;\nbackground-color:#2682d3;\n}\n<\/style>\n<div  class='togglecontainer av-av_toggle_container-aa303faae9b53071bb573d27bc7412b5  avia-builder-el-4  avia-builder-el-no-sibling  accordion_product toggle_close_all hasCurrentStyle' >\n<section class='av_toggle_section av-av_toggle-298ecf67a245297cd1035d88a67421dd' ><div role=\"tablist\" class=\"single_toggle\" data-tags=\"{Todo} \"  ><h4 id='toggle-toggle-id-1' data-fake-id='#toggle-id-1' class='toggler  activeTitle av-title-above '  role='tab' tabindex='0' aria-controls='toggle-id-1' data-slide-speed=\"200\" data-title=\"Selcom\" data-title-open=\"\" data-aria_collapsed=\"Click to expand: Selcom\" data-aria_expanded=\"Click to collapse: Selcom\">Selcom<span class=\"toggle_icon\"><span class=\"vert_icon\"><\/span><span class=\"hor_icon\"><\/span><\/span><\/h4><div id='toggle-id-1' aria-labelledby='toggle-toggle-id-1' role='region' class='toggle_wrap  active_tc av-title-above' style='display:block;' ><div class='toggle_content invers-color ' ><ul class=\"customlist1\">\n<li><a href=\"https:\/\/fileserver.mates.it\/Prodotti\/1_Rinforzi\/TDS\/Vetro\/UD\/Selcom\/UNIE640.pdf\" target=\"_blank\" rel=\"noopener\">UNIE640<\/a><\/li>\n<li><a href=\"https:\/\/fileserver.mates.it\/Prodotti\/1_Rinforzi\/TDS\/Vetro\/UD\/Selcom\/UNIE800.pdf\" target=\"_blank\" rel=\"noopener\">UNIE800<\/a><\/li>\n<li><a href=\"https:\/\/fileserver.mates.it\/Prodotti\/1_Rinforzi\/TDS\/Vetro\/UD\/Selcom\/UNIE1000.pdf\" target=\"_blank\" rel=\"noopener\">UNIE1000<\/a><\/li>\n<li><a href=\"https:\/\/fileserver.mates.it\/Prodotti\/1_Rinforzi\/TDS\/Vetro\/UD\/Selcom\/UNIE1200.pdf\" target=\"_blank\" rel=\"noopener\">UNIE1200<\/a><\/li>\n<\/ul>\n<\/div><\/div><\/div><\/section>\n<section class='av_toggle_section av-av_toggle-749c6a3b8cef8d4a7e6ae78136e4ccf4' ><div role=\"tablist\" class=\"single_toggle\" data-tags=\"{Todo} \"  ><h4 id='toggle-toggle-id-2' data-fake-id='#toggle-id-2' class='toggler  av-title-above '  role='tab' tabindex='0' aria-controls='toggle-id-2' data-slide-speed=\"200\" data-title=\"Hexcel \u00ae\" data-title-open=\"\" data-aria_collapsed=\"Click to expand: Hexcel \u00ae\" data-aria_expanded=\"Click to collapse: Hexcel \u00ae\">Hexcel \u00ae<span class=\"toggle_icon\"><span class=\"vert_icon\"><\/span><span class=\"hor_icon\"><\/span><\/span><\/h4><div id='toggle-id-2' aria-labelledby='toggle-toggle-id-2' role='region' class='toggle_wrap  av-title-above'  ><div class='toggle_content invers-color ' ><ul class=\"customlist2\">\n<li><a href=\"https:\/\/fileserver.mates.it\/Prodotti\/1_Rinforzi\/TDS\/Vetro\/UD\/FGE121.pdf\" target=\"_blank\" rel=\"noopener\">FGE121<\/a><\/li>\n<li><a href=\"https:\/\/fileserver.mates.it\/Prodotti\/1_Rinforzi\/TDS\/Vetro\/UD\/FGE122.pdf\" target=\"_blank\" rel=\"noopener\">FGE122<\/a><\/li>\n<li><a href=\"https:\/\/fileserver.mates.it\/Prodotti\/1_Rinforzi\/TDS\/Vetro\/UD\/FGE221.pdf\" target=\"_blank\" rel=\"noopener\">FGE221<\/a><\/li>\n<\/ul>\n<\/div><\/div><\/div><\/section>\n<\/div><\/div><\/p>\n<div  class='hr av-av_hr-91d7ccd583a503147498e120fee2ff9b hr-default  avia-builder-el-5  el_after_av_two_fifth  avia-builder-el-last '><span class='hr-inner '><span class=\"hr-inner-style\"><\/span><\/span><\/div>\n","protected":false},"excerpt":{"rendered":"<p>Los tejidos de vidrio unidireccionales est\u00e1n compuestos por fibras orientadas en una sola direcci\u00f3n y, por tanto, trabajan en una sola direcci\u00f3n. Suelen aplicarse en la misma direcci\u00f3n que las tensiones<\/p>\n","protected":false},"author":2,"featured_media":0,"parent":9464,"menu_order":3,"comment_status":"open","ping_status":"closed","template":"","meta":{"footnotes":""},"class_list":["post-9620","page","type-page","status-publish","hentry"],"_links":{"self":[{"href":"https:\/\/www.mates.it\/es\/wp-json\/wp\/v2\/pages\/9620","targetHints":{"allow":["GET"]}}],"collection":[{"href":"https:\/\/www.mates.it\/es\/wp-json\/wp\/v2\/pages"}],"about":[{"href":"https:\/\/www.mates.it\/es\/wp-json\/wp\/v2\/types\/page"}],"author":[{"embeddable":true,"href":"https:\/\/www.mates.it\/es\/wp-json\/wp\/v2\/users\/2"}],"replies":[{"embeddable":true,"href":"https:\/\/www.mates.it\/es\/wp-json\/wp\/v2\/comments?post=9620"}],"version-history":[{"count":0,"href":"https:\/\/www.mates.it\/es\/wp-json\/wp\/v2\/pages\/9620\/revisions"}],"up":[{"embeddable":true,"href":"https:\/\/www.mates.it\/es\/wp-json\/wp\/v2\/pages\/9464"}],"wp:attachment":[{"href":"https:\/\/www.mates.it\/es\/wp-json\/wp\/v2\/media?parent=9620"}],"curies":[{"name":"wp","href":"https:\/\/api.w.org\/{rel}","templated":true}]}}