{"id":9625,"date":"2019-08-28T22:20:10","date_gmt":"2019-08-28T20:20:10","guid":{"rendered":"https:\/\/www.mates.it\/prodotti\/resine-adesivi-chimici\/adesivi-collanti\/strutturali\/poliuretano\/"},"modified":"2023-06-27T13:24:55","modified_gmt":"2023-06-27T11:24:55","slug":"poliuretano","status":"publish","type":"page","link":"https:\/\/www.mates.it\/es\/productos\/resinas-adhesivos-quimicos\/adhesivos\/poliuretano\/","title":{"rendered":"Poliuretano"},"content":{"rendered":"<div  class='flex_column av-av_three_fifth-7714eba142aeda1f8b5272a3c372b279 av_three_fifth  avia-builder-el-0  el_before_av_two_fifth  avia-builder-el-first  first flex_column_div  '     ><p>\n<style type=\"text\/css\" data-created_by=\"avia_inline_auto\" id=\"style-css-av-ljbs52le-7672ac0b0a9d532db8f98f5ee0fa7657\">\n#top .av-special-heading.av-ljbs52le-7672ac0b0a9d532db8f98f5ee0fa7657{\npadding-bottom:10px;\n}\nbody .av-special-heading.av-ljbs52le-7672ac0b0a9d532db8f98f5ee0fa7657 .av-special-heading-tag .heading-char{\nfont-size:25px;\n}\n.av-special-heading.av-ljbs52le-7672ac0b0a9d532db8f98f5ee0fa7657 .av-subheading{\nfont-size:15px;\n}\n<\/style>\n<div  class='av-special-heading av-ljbs52le-7672ac0b0a9d532db8f98f5ee0fa7657 av-special-heading-h1  avia-builder-el-1  el_before_av_textblock  avia-builder-el-first  custom-h1-title'><h1 class='av-special-heading-tag '  >Poliuretano<\/h1><div class=\"special-heading-border\"><div class=\"special-heading-inner-border\"><\/div><\/div><\/div><br \/>\n<section  class='av_textblock_section av-ljbs4xm7-196425fbf1c336d414dee163817967dc '  ><div class='avia_textblock' ><p>Los adhesivos de poliuretano se caracterizan por una excelente resistencia al impacto y una buena adhesi\u00f3n a la mayor\u00eda de los pl\u00e1sticos. Buena adhesi\u00f3n a la madera, el hormig\u00f3n y el caucho. Tienen poca resistencia a los disolventes y a las altas temperaturas. Pertenecen a la familia de adhesivos estructurales dise\u00f1ados para uniones ligeramente m\u00e1s flexibles, con capacidad para rellenar huecos y alta resistencia t\u00e9rmica y qu\u00edmica. Este tipo de resina es buena para superficies medianas y grandes.<\/p>\n<div style=\"width: 100%;\"><\/div>\n<\/div><\/section><\/p><\/div>\n<div  class='flex_column av-av_two_fifth-f1c518e9ff58e869f80c8f093487abc9 av_two_fifth  avia-builder-el-3  el_after_av_three_fifth  el_before_av_hr  flex_column_div  '     ><style type=\"text\/css\" data-created_by=\"avia_inline_auto\" id=\"style-css-av-lje7akns-d74b2336309e8824d784d46d583fe3c7\">\n#top .togglecontainer.av-lje7akns-d74b2336309e8824d784d46d583fe3c7 h4.toggler{\nfont-size:14px;\n}\n#top .togglecontainer.av-lje7akns-d74b2336309e8824d784d46d583fe3c7 h4.toggler.activeTitle{\ncolor:#ffffff;\nborder-color:#ffffff;\nbackground-color:#2682d3;\n}\n<\/style>\n<div  class='togglecontainer av-lje7akns-d74b2336309e8824d784d46d583fe3c7  avia-builder-el-4  avia-builder-el-no-sibling  accordion_product toggle_close_all hasCurrentStyle' >\n<section class='av_toggle_section av-lje7ak4m-5a0fa857085c26ece733cca5a8ce6fe2' ><div role=\"tablist\" class=\"single_toggle\" data-tags=\"{Todo} \"  ><h4 id='toggle-toggle-id-1' data-fake-id='#toggle-id-1' class='toggler  activeTitle av-title-above '  role='tab' tabindex='0' aria-controls='toggle-id-1' data-slide-speed=\"200\" data-title=\"Elan-tech \u00ae\" data-title-open=\"\" data-aria_collapsed=\"Click to expand: Elan-tech \u00ae\" data-aria_expanded=\"Click to collapse: Elan-tech \u00ae\">Elan-tech \u00ae<span class=\"toggle_icon\"><span class=\"vert_icon\"><\/span><span class=\"hor_icon\"><\/span><\/span><\/h4><div id='toggle-id-1' aria-labelledby='toggle-toggle-id-1' role='region' class='toggle_wrap  active_tc av-title-above' style='display:block;' ><div class='toggle_content invers-color ' ><ul>\n<li><a href=\"https:\/\/fileserver.mates.it\/Prodotti\/2_Matrici\/TDS\/Adesivi\/Elantas\/_EN\/Elan-tech_PU8505A_PU8505B_ADHPU8505_ing.pdf\" target=\"_blank\" rel=\"noopener\">ADH PU 8505<\/a><\/li>\n<\/ul>\n<\/div><\/div><\/div><\/section>\n<section class='av_toggle_section av-av_toggle-30c53d58ee9894c788463f4ee77db204' ><div role=\"tablist\" class=\"single_toggle\" data-tags=\"{Todo} \"  ><h4 id='toggle-toggle-id-2' data-fake-id='#toggle-id-2' class='toggler  av-title-above '  role='tab' tabindex='0' aria-controls='toggle-id-2' data-slide-speed=\"200\" data-title=\" Scotch-Weld \u2122\" data-title-open=\"\" data-aria_collapsed=\"Click to expand:  Scotch-Weld \u2122\" data-aria_expanded=\"Click to collapse:  Scotch-Weld \u2122\"> Scotch-Weld \u2122<span class=\"toggle_icon\"><span class=\"vert_icon\"><\/span><span class=\"hor_icon\"><\/span><\/span><\/h4><div id='toggle-id-2' aria-labelledby='toggle-toggle-id-2' role='region' class='toggle_wrap  av-title-above'  ><div class='toggle_content invers-color ' ><ul>\n<li><a href=\"https:\/\/fileserver.mates.it\/Prodotti\/2_Matrici\/TDS\/Adesivi\/3M\/DP620NS_TDS.pdf\" target=\"_blank\" rel=\"noopener noreferrer\">DP620 NS<\/a><\/li>\n<li><a href=\"https:\/\/fileserver.mates.it\/Prodotti\/2_Matrici\/TDS\/Adesivi\/3M\/DP6310NS_TDS.pdf\" target=\"_blank\" rel=\"noopener noreferrer\">DP6310 NS<\/a><\/li>\n<li><a href=\"https:\/\/fileserver.mates.it\/Prodotti\/2_Matrici\/TDS\/Adesivi\/3M\/DP6330NS_TDS.pdf\" target=\"_blank\" rel=\"noopener noreferrer\">DP6330 NS<\/a><\/li>\n<\/ul>\n<\/div><\/div><\/div><\/section>\n<\/div><\/div><div  class='hr av-av_hr-91d7ccd583a503147498e120fee2ff9b hr-default  avia-builder-el-5  el_after_av_two_fifth  el_before_av_one_full '><span class='hr-inner '><span class=\"hr-inner-style\"><\/span><\/span><\/div><\/p>\n<div  class='flex_column av-av_one_full-7714eba142aeda1f8b5272a3c372b279 av_one_full  avia-builder-el-6  el_after_av_hr  avia-builder-el-last  first flex_column_div  '     ><p><div  class='avia-button-wrap av-av_button-7e039a8ce048b22318e2a8369f19aafb-wrap avia-button-left  avia-builder-el-7  el_before_av_button  avia-builder-el-first '><a href=\"https:\/\/fileserver.mates.it\/Prodotti\/2_Matrici\/Brochure\/Elantas\/Composite_Resins_Elan-tech_Epoxy_Resins_and_Structural_Adhesives_-_.pdf\" class=\"avia-button av-av_button-7e039a8ce048b22318e2a8369f19aafb av-link-btn avia-icon_select-yes-left-icon avia-size-small avia-position-left avia-color-theme-color\" target=\"_blank\" rel=\"noopener noreferrer\" aria-label=\"  Elan-tech \u00ae Product selector\"><span class='avia_button_icon avia_button_icon_left avia-iconfont avia-font-entypo-fontello' data-av_icon='\ue82d' data-av_iconfont='entypo-fontello' ><\/span><span class='avia_iconbox_title' >  Elan-tech \u00ae Product selector<\/span><\/a><\/div><br \/>\n<div  class='avia-button-wrap av-av_button-1c72ff2a07eeaa2a78afab0d6d354c14-wrap avia-button-left  avia-builder-el-8  el_after_av_button  el_before_av_button '><a href=\"https:\/\/fileserver.mates.it\/Prodotti\/2_Matrici\/Brochure\/3M\/Adesivi_Strutturali_EPX_it_9_2017.pdf\" class=\"avia-button av-av_button-1c72ff2a07eeaa2a78afab0d6d354c14 av-link-btn avia-icon_select-yes-left-icon avia-size-small avia-position-left avia-color-theme-color\" target=\"_blank\" rel=\"noopener noreferrer\" aria-label=\"  3M \u00ae Product selector\"><span class='avia_button_icon avia_button_icon_left avia-iconfont avia-font-entypo-fontello' data-av_icon='\ue82d' data-av_iconfont='entypo-fontello' ><\/span><span class='avia_iconbox_title' >  3M \u00ae Product selector<\/span><\/a><\/div><br \/>\n<div  class='avia-button-wrap av-av_button-a0d25d4ccc4992e9c1219bd3dc25b776-wrap avia-button-left  avia-builder-el-9  el_after_av_button  avia-builder-el-last '><a href=\"https:\/\/fileserver.mates.it\/Prodotti\/2_Matrici\/Brochure\/3M\/DP8405_DP8805_DP8810_brochure_3M.pdf\" class=\"avia-button av-av_button-a0d25d4ccc4992e9c1219bd3dc25b776 av-link-btn avia-icon_select-yes-left-icon avia-size-small avia-position-left avia-color-theme-color\" target=\"_blank\" rel=\"noopener noreferrer\" aria-label=\"   DP Scotch-Weld \u2122\"><span class='avia_button_icon avia_button_icon_left avia-iconfont avia-font-entypo-fontello' data-av_icon='\ue82d' data-av_iconfont='entypo-fontello' ><\/span><span class='avia_iconbox_title' >   DP Scotch-Weld \u2122<\/span><\/a><\/div><\/p><\/div>\n","protected":false},"excerpt":{"rendered":"<p>Los adhesivos de poliuretano se caracterizan por una excelente resistencia al impacto y una buena adhesi\u00f3n a la mayor\u00eda de los pl\u00e1sticos. Buena adhesi\u00f3n a la madera, el hormig\u00f3n y el caucho.<\/p>\n","protected":false},"author":2,"featured_media":0,"parent":9468,"menu_order":3,"comment_status":"open","ping_status":"open","template":"","meta":{"footnotes":""},"class_list":["post-9625","page","type-page","status-publish","hentry"],"_links":{"self":[{"href":"https:\/\/www.mates.it\/es\/wp-json\/wp\/v2\/pages\/9625","targetHints":{"allow":["GET"]}}],"collection":[{"href":"https:\/\/www.mates.it\/es\/wp-json\/wp\/v2\/pages"}],"about":[{"href":"https:\/\/www.mates.it\/es\/wp-json\/wp\/v2\/types\/page"}],"author":[{"embeddable":true,"href":"https:\/\/www.mates.it\/es\/wp-json\/wp\/v2\/users\/2"}],"replies":[{"embeddable":true,"href":"https:\/\/www.mates.it\/es\/wp-json\/wp\/v2\/comments?post=9625"}],"version-history":[{"count":0,"href":"https:\/\/www.mates.it\/es\/wp-json\/wp\/v2\/pages\/9625\/revisions"}],"up":[{"embeddable":true,"href":"https:\/\/www.mates.it\/es\/wp-json\/wp\/v2\/pages\/9468"}],"wp:attachment":[{"href":"https:\/\/www.mates.it\/es\/wp-json\/wp\/v2\/media?parent=9625"}],"curies":[{"name":"wp","href":"https:\/\/api.w.org\/{rel}","templated":true}]}}