{"id":21145,"date":"2026-02-07T17:56:48","date_gmt":"2026-02-07T16:56:48","guid":{"rendered":"https:\/\/www.mates.it\/?page_id=21145"},"modified":"2026-02-07T17:56:48","modified_gmt":"2026-02-07T16:56:48","slug":"canaux-barrieres","status":"publish","type":"page","link":"https:\/\/www.mates.it\/fr\/produits\/materiaux-de-procede\/moyens-de-flux\/canaux-barrieres\/","title":{"rendered":"Canaux \/ Barri\u00e8res"},"content":{"rendered":"<div  class='flex_column av-av_three_fifth-7714eba142aeda1f8b5272a3c372b279 av_three_fifth  avia-builder-el-0  el_before_av_two_fifth  avia-builder-el-first  first flex_column_div  '     ><p>\n<style type=\"text\/css\" data-created_by=\"avia_inline_auto\" id=\"style-css-av-mlck0pqq-49380d541bb5020e1d919fef1d1a2b9a\">\n#top .av-special-heading.av-mlck0pqq-49380d541bb5020e1d919fef1d1a2b9a{\npadding-bottom:10px;\n}\nbody .av-special-heading.av-mlck0pqq-49380d541bb5020e1d919fef1d1a2b9a .av-special-heading-tag .heading-char{\nfont-size:25px;\n}\n.av-special-heading.av-mlck0pqq-49380d541bb5020e1d919fef1d1a2b9a .av-subheading{\nfont-size:15px;\n}\n<\/style>\n<div  class='av-special-heading av-mlck0pqq-49380d541bb5020e1d919fef1d1a2b9a av-special-heading-h1  avia-builder-el-1  el_before_av_textblock  avia-builder-el-first  custom-h1-title'><h1 class='av-special-heading-tag '  >Canaux \/ Barri\u00e8res<\/h1><div class=\"special-heading-border\"><div class=\"special-heading-inner-border\"><\/div><\/div><\/div><br \/>\n<section  class='av_textblock_section av-mlck0wlx-76bc9246ba25e9ef6e511319dea72941 '  ><div class='avia_textblock' ><p>Les barri\u00e8res d&rsquo;\u00e9coulement et les canaux d&rsquo;infusion sont des aides au processus con\u00e7ues pour garantir un maintien correct du vide et un contr\u00f4le efficace de l&rsquo;\u00e9coulement de la r\u00e9sine pendant toutes les \u00e9tapes des processus d&rsquo;infusion sous vide et de moulage par transfert de r\u00e9sine (RTM). Compatibles avec les r\u00e9sines polyester, vinylester et \u00e9poxy, ils optimisent l&rsquo;\u00e9coulement des fluides, r\u00e9duisant ainsi les d\u00e9chets, les temps d&rsquo;infusion et le risque de bulles ou de marques sur le stratifi\u00e9. Gr\u00e2ce \u00e0 leurs structures flexibles et pr\u00e9-coupl\u00e9es, ils s&rsquo;adaptent \u00e0 diff\u00e9rents types de moules, avec ou sans brides, garantissant une installation rapide et une grande fiabilit\u00e9, m\u00eame dans des applications industrielles complexes et \u00e0 grande \u00e9chelle.<\/p>\n<\/div><\/section><\/p><\/div><div  class='flex_column av-av_two_fifth-f1c518e9ff58e869f80c8f093487abc9 av_two_fifth  avia-builder-el-3  el_after_av_three_fifth  el_before_av_hr  flex_column_div  '     ><style type=\"text\/css\" data-created_by=\"avia_inline_auto\" id=\"style-css-av-mlck2tc2-4a1d5b9ef00207ce7bd66834ea28cb67\">\n#top .togglecontainer.av-mlck2tc2-4a1d5b9ef00207ce7bd66834ea28cb67 h4.toggler{\nfont-size:14px;\n}\n#top .togglecontainer.av-mlck2tc2-4a1d5b9ef00207ce7bd66834ea28cb67 h4.toggler.activeTitle{\ncolor:#ffffff;\nborder-color:#ffffff;\nbackground-color:#2682d3;\n}\n<\/style>\n<div  class='togglecontainer av-mlck2tc2-4a1d5b9ef00207ce7bd66834ea28cb67  avia-builder-el-4  avia-builder-el-no-sibling  accordion_product toggle_close_all hasCurrentStyle' >\n<section class='av_toggle_section av-mlck1jus-0467154cecc6580aa6cbbe018d04c107' ><div role=\"tablist\" class=\"single_toggle\" data-tags=\"{Tout} \"  ><h4 id='toggle-toggle-id-1' data-fake-id='#toggle-id-1' class='toggler  activeTitle av-title-above '  role='tab' tabindex='0' aria-controls='toggle-id-1' data-slide-speed=\"200\" data-title=\"Avantages\" data-title-open=\"\" data-aria_collapsed=\"Cliquez pour \u00e9tendre : Avantages\" data-aria_expanded=\"Cliquez pour r\u00e9duire : Avantages\">Avantages<span class=\"toggle_icon\"><span class=\"vert_icon\"><\/span><span class=\"hor_icon\"><\/span><\/span><\/h4><div id='toggle-id-1' aria-labelledby='toggle-toggle-id-1' role='region' class='toggle_wrap  active_tc av-title-above' style='display:block;' ><div class='toggle_content invers-color ' ><ul class=\"customlist1\">\n<li>Directionnalit\u00e9 du flux<\/li>\n<li>Sp\u00e9cifications pour les injections \/ infusions<\/li>\n<li>R\u00e9duction des d\u00e9chets de r\u00e9sine<\/li>\n<li>Modularit\u00e9 maximale<\/li>\n<\/ul>\n<\/div><\/div><\/div><\/section>\n<section class='av_toggle_section av-mlck2rjy-30ba20610962e595620cb530d9415ef3' ><div role=\"tablist\" class=\"single_toggle\" data-tags=\"{Tout} \"  ><h4 id='toggle-toggle-id-2' data-fake-id='#toggle-id-2' class='toggler  av-title-above '  role='tab' tabindex='0' aria-controls='toggle-id-2' data-slide-speed=\"200\" data-title=\"Types de produit\" data-title-open=\"\" data-aria_collapsed=\"Cliquez pour \u00e9tendre : Types de produit\" data-aria_expanded=\"Cliquez pour r\u00e9duire : Types de produit\">Types de produit<span class=\"toggle_icon\"><span class=\"vert_icon\"><\/span><span class=\"hor_icon\"><\/span><\/span><\/h4><div id='toggle-id-2' aria-labelledby='toggle-toggle-id-2' role='region' class='toggle_wrap  av-title-above'  ><div class='toggle_content invers-color ' ><ul class=\"customlist2\">\n<li><a href=\"https:\/\/fileserver.mates.it\/Prodotti\/5_Ausiliari\/TDS\/Mezzi%20di%20flusso\/CI_DS.pdf\" target=\"_blank\" rel=\"noopener\">CI Series<\/a><\/li>\n<li><a href=\"https:\/\/fileserver.mates.it\/Prodotti\/5_Ausiliari\/TDS\/Mezzi%20di%20flusso\/RS_DS.pdf\" target=\"_blank\" rel=\"noopener noreferrer\">RS Series<\/a><\/li>\n<\/ul>\n<\/div><\/div><\/div><\/section>\n<\/div><\/div><div  class='hr av-av_hr-91d7ccd583a503147498e120fee2ff9b hr-default  avia-builder-el-5  el_after_av_two_fifth  avia-builder-el-last '><span class='hr-inner '><span class=\"hr-inner-style\"><\/span><\/span><\/div><\/p>\n","protected":false},"excerpt":{"rendered":"","protected":false},"author":2,"featured_media":0,"parent":9244,"menu_order":2,"comment_status":"open","ping_status":"open","template":"","meta":{"footnotes":""},"class_list":["post-21145","page","type-page","status-publish","hentry"],"_links":{"self":[{"href":"https:\/\/www.mates.it\/fr\/wp-json\/wp\/v2\/pages\/21145","targetHints":{"allow":["GET"]}}],"collection":[{"href":"https:\/\/www.mates.it\/fr\/wp-json\/wp\/v2\/pages"}],"about":[{"href":"https:\/\/www.mates.it\/fr\/wp-json\/wp\/v2\/types\/page"}],"author":[{"embeddable":true,"href":"https:\/\/www.mates.it\/fr\/wp-json\/wp\/v2\/users\/2"}],"replies":[{"embeddable":true,"href":"https:\/\/www.mates.it\/fr\/wp-json\/wp\/v2\/comments?post=21145"}],"version-history":[{"count":1,"href":"https:\/\/www.mates.it\/fr\/wp-json\/wp\/v2\/pages\/21145\/revisions"}],"predecessor-version":[{"id":21146,"href":"https:\/\/www.mates.it\/fr\/wp-json\/wp\/v2\/pages\/21145\/revisions\/21146"}],"up":[{"embeddable":true,"href":"https:\/\/www.mates.it\/fr\/wp-json\/wp\/v2\/pages\/9244"}],"wp:attachment":[{"href":"https:\/\/www.mates.it\/fr\/wp-json\/wp\/v2\/media?parent=21145"}],"curies":[{"name":"wp","href":"https:\/\/api.w.org\/{rel}","templated":true}]}}