{"id":9141,"date":"2015-07-08T14:31:57","date_gmt":"2015-07-08T12:31:57","guid":{"rendered":"https:\/\/www.mates.it\/prodotti\/resines-adhesifs-chimiques\/"},"modified":"2023-10-14T14:41:19","modified_gmt":"2023-10-14T12:41:19","slug":"resines-adhesifs-chimiques","status":"publish","type":"page","link":"https:\/\/www.mates.it\/fr\/produits\/resines-adhesifs-chimiques\/","title":{"rendered":"Matrices"},"content":{"rendered":"<\/p>\n\n<style type=\"text\/css\" data-created_by=\"avia_inline_auto\" id=\"style-css-av-ljbkpjsu-e09cd08999efed0ea9e8012f13441802\">\n#top .av-special-heading.av-ljbkpjsu-e09cd08999efed0ea9e8012f13441802{\npadding-bottom:10px;\n}\nbody .av-special-heading.av-ljbkpjsu-e09cd08999efed0ea9e8012f13441802 .av-special-heading-tag .heading-char{\nfont-size:25px;\n}\n.av-special-heading.av-ljbkpjsu-e09cd08999efed0ea9e8012f13441802 .av-subheading{\nfont-size:15px;\n}\n<\/style>\n<div  class='av-special-heading av-ljbkpjsu-e09cd08999efed0ea9e8012f13441802 av-special-heading-h1  avia-builder-el-0  el_before_av_textblock  avia-builder-el-first  custom-h1-title'><h1 class='av-special-heading-tag '  >Matrices<\/h1><div class=\"special-heading-border\"><div class=\"special-heading-inner-border\"><\/div><\/div><\/div>\n<section  class='av_textblock_section av-ljbkp0so-aeb902add39ab9d582f2c74070125e86 '  ><div class='avia_textblock' ><p>Les r\u00e9sines sont utilis\u00e9es pour l&rsquo;impr\u00e9gnation manuelle de fibres de renforcement, pour l&rsquo;infusion ou l&rsquo;injection et pour le remplissage ou le moulage. Elles sont utilis\u00e9es comme matrices dans la fabrication de mod\u00e8les, de moules et de produits finis.<br \/>\nLes gelcoats sont issus des m\u00eames bases chimiques que les r\u00e9sines. Elles sont compos\u00e9es d&rsquo;une r\u00e9sine m\u00e9lang\u00e9e \u00e0 des charges inertes et \u00e9ventuellement \u00e0 des pigments qui donnent la couleur et la consistance, ainsi qu&rsquo;\u00e0 un agent qui conf\u00e8re la thixotropie n\u00e9cessaire ; les skincoats, les basecoats, les topcoats et les primers d\u00e9rivent normalement toujours des m\u00eames bases, mais sont r\u00e9ajust\u00e9s en fonction de l&rsquo;utilisation finale et des caract\u00e9ristiques que le produit doit avoir.<br \/>\nLes adh\u00e9sifs sont consid\u00e9r\u00e9s comme fondamentaux pour la plupart des processus industriels, tant dans le domaine des composites que dans d&rsquo;autres domaines (m\u00e9taux, construction, industrie) et peuvent \u00eatre divis\u00e9s en diff\u00e9rentes cat\u00e9gories telles que les adh\u00e9sifs structurels, les adh\u00e9sifs en spray et les adh\u00e9sifs en film.<\/p>\n<\/div><\/section>\n<div  class='hr av-av_hr-91d7ccd583a503147498e120fee2ff9b hr-default  avia-builder-el-2  el_after_av_textblock  el_before_av_textblock '><span class='hr-inner '><span class=\"hr-inner-style\"><\/span><\/span><\/div>\n<section  class='av_textblock_section av-av_textblock-7a1af7d8f9790576b1769c0a9f0449ed '  ><div class='avia_textblock' ><div class=\"flex-container container-align-start\"><div class=\"flex-cell cell-1of3 medium-cell-1of2 small-cell-1of1\">\n<article class=\"post-entry slide-entry-overview slide-loop-1 slide-parity-odd real-thumbnail post-format-standard\"\n   itemscope=\"itemscope\" itemtype=\"https:\/\/schema.org\/CreativeWork\">\n   <a href=\"https:\/\/www.mates.it\/fr\/produits\/resines-adhesifs-chimiques\/resines\/\" title=\"https:\/\/www.mates.it\/fr\/produits\/resines-adhesifs-chimiques\/resines\/\" class=\"attachment-portfolio wp-post-image\"\n      alt=\"R\u00e9sines\"><img decoding=\"async\" src=\"https:\/\/www.mates.it\/wp-content\/uploads\/2016\/06\/Impregnazione.jpg\" class=\" attachment-portfolio size-portfolio wp-post-image\" alt=\"R\u00e9sines\" title=\"\"><\/a>\n   <div class=\"slide-content\">\n      <header class=\"entry-content-header\">\n         <h6 class=\"slide-entry-title entry-title\" itemprop=\"headline\"><a\n            href=\"https:\/\/www.mates.it\/fr\/produits\/resines-adhesifs-chimiques\/resines\/\"\n            title=\"New electric cars are getting really fast\">R\u00e9sines<\/a><\/h6>\n         <span class=\"av-vertical-delimiter\"><\/span>\n      <\/header>\n      <div class=\"slide-entry-excerpt entry-content\" itemprop=\"text\">\n\t\t  <p>Un large \u00e9ventail de r\u00e9sines est s\u00e9lectionn\u00e9 sur un march\u00e9 qui se d\u00e9veloppe constamment selon des normes de qualit\u00e9 de plus en plus \u00e9lev\u00e9es. Les r\u00e9sines sont utilis\u00e9es pour l&rsquo;impr\u00e9gnation des fibres de renforcement.<\/p>\n \n\t\t  <a href=\"https:\/\/www.mates.it\/fr\/produits\/resines-adhesifs-chimiques\/resines\/\" class=\"avia-button avia-icon_select-yes-left-icon avia-size-small avia-position-left avia-color-theme-color-subtle\">\n\t\t\t  Voir plus &raquo;\n\t\t  <\/a> \n      <\/div>\n   <\/div>\n   <footer class=\"entry-footer\"><\/footer>\n<\/article>\n\n<\/div><div class=\"flex-cell cell-1of3 medium-cell-1of2 small-cell-1of1\">\n<article class=\"post-entry slide-entry-overview slide-loop-1 slide-parity-odd real-thumbnail post-format-standard\"\n   itemscope=\"itemscope\" itemtype=\"https:\/\/schema.org\/CreativeWork\">\n   <a href=\"https:\/\/www.mates.it\/fr\/produits\/resines-adhesifs-chimiques\/adhesifs-colles\/\" title=\"https:\/\/www.mates.it\/fr\/produits\/resines-adhesifs-chimiques\/adhesifs-colles\/\" class=\"attachment-portfolio wp-post-image\"\n      alt=\"Adh\u00e9sifs \/ Colles\"><img decoding=\"async\" src=\"https:\/\/www.mates.it\/wp-content\/uploads\/2016\/06\/Adesivi-collanti.jpg\" class=\" attachment-portfolio size-portfolio wp-post-image\" alt=\"Adh\u00e9sifs \/ Colles\" title=\"\"><\/a>\n   <div class=\"slide-content\">\n      <header class=\"entry-content-header\">\n         <h6 class=\"slide-entry-title entry-title\" itemprop=\"headline\"><a\n            href=\"https:\/\/www.mates.it\/fr\/produits\/resines-adhesifs-chimiques\/adhesifs-colles\/\"\n            title=\"New electric cars are getting really fast\">Adh\u00e9sifs \/ Colles<\/a><\/h6>\n         <span class=\"av-vertical-delimiter\"><\/span>\n      <\/header>\n      <div class=\"slide-entry-excerpt entry-content\" itemprop=\"text\">\n\t\t  <p>Les adh\u00e9sifs vont des colles et mastics \u00e9poxy classiques aux adh\u00e9sifs structuraux innovants \u00e0 base de m\u00e9thacrylate (MMA). Les adh\u00e9sifs structuraux sont capables de r\u00e9sister \u00e0 de fortes contraintes m\u00e9caniques.<\/p>\n \n\t\t  <a href=\"https:\/\/www.mates.it\/fr\/produits\/resines-adhesifs-chimiques\/adhesifs-colles\/\" class=\"avia-button avia-icon_select-yes-left-icon avia-size-small avia-position-left avia-color-theme-color-subtle\">\n\t\t\t  Voir plus &raquo;\n\t\t  <\/a> \n      <\/div>\n   <\/div>\n   <footer class=\"entry-footer\"><\/footer>\n<\/article>\n\n<\/div><div class=\"flex-cell cell-1of3 medium-cell-1of2 small-cell-1of1\">\n<article class=\"post-entry slide-entry-overview slide-loop-1 slide-parity-odd real-thumbnail post-format-standard\"\n   itemscope=\"itemscope\" itemtype=\"https:\/\/schema.org\/CreativeWork\">\n   <a href=\"https:\/\/www.mates.it\/fr\/produits\/resines-adhesifs-chimiques\/gelcoat-fonds\/\" title=\"https:\/\/www.mates.it\/fr\/produits\/resines-adhesifs-chimiques\/gelcoat-fonds\/\" class=\"attachment-portfolio wp-post-image\"\n      alt=\"Gelcoat \/ Fonds\"><img decoding=\"async\" src=\"https:\/\/www.mates.it\/wp-content\/uploads\/2016\/06\/Gel-coat.jpg\" class=\" attachment-portfolio size-portfolio wp-post-image\" alt=\"Gelcoat \/ Fonds\" title=\"\"><\/a>\n   <div class=\"slide-content\">\n      <header class=\"entry-content-header\">\n         <h6 class=\"slide-entry-title entry-title\" itemprop=\"headline\"><a\n            href=\"https:\/\/www.mates.it\/fr\/produits\/resines-adhesifs-chimiques\/gelcoat-fonds\/\"\n            title=\"New electric cars are getting really fast\">Gelcoat \/ Fonds<\/a><\/h6>\n         <span class=\"av-vertical-delimiter\"><\/span>\n      <\/header>\n      <div class=\"slide-entry-excerpt entry-content\" itemprop=\"text\">\n\t\t  <p>Les gelcoats et les primaires sont compos\u00e9s d&rsquo;une r\u00e9sine, qui d\u00e9termine la base, de charges inertes et de pigments, qui donnent la couleur et la consistance, ainsi que d&rsquo;un agent qui apporte la thixotropie n\u00e9cessaire.<\/p>\n \n\t\t  <a href=\"https:\/\/www.mates.it\/fr\/produits\/resines-adhesifs-chimiques\/gelcoat-fonds\/\" class=\"avia-button avia-icon_select-yes-left-icon avia-size-small avia-position-left avia-color-theme-color-subtle\">\n\t\t\t  Voir plus &raquo;\n\t\t  <\/a> \n      <\/div>\n   <\/div>\n   <footer class=\"entry-footer\"><\/footer>\n<\/article>\n\n<\/div><div class=\"flex-cell cell-1of3 medium-cell-1of2 small-cell-1of1\">\n<article class=\"post-entry slide-entry-overview slide-loop-1 slide-parity-odd real-thumbnail post-format-standard\"\n   itemscope=\"itemscope\" itemtype=\"https:\/\/schema.org\/CreativeWork\">\n   <a href=\"https:\/\/www.mates.it\/fr\/produits\/resines-adhesifs-chimiques\/chimiques-inertes\/\" title=\"https:\/\/www.mates.it\/fr\/produits\/resines-adhesifs-chimiques\/chimiques-inertes\/\" class=\"attachment-portfolio wp-post-image\"\n      alt=\"Chimiques \/ Inertes\"><img decoding=\"async\" src=\"https:\/\/www.mates.it\/wp-content\/uploads\/2016\/06\/Chimici.jpg\" class=\" attachment-portfolio size-portfolio wp-post-image\" alt=\"Chimiques \/ Inertes\" title=\"\"><\/a>\n   <div class=\"slide-content\">\n      <header class=\"entry-content-header\">\n         <h6 class=\"slide-entry-title entry-title\" itemprop=\"headline\"><a\n            href=\"https:\/\/www.mates.it\/fr\/produits\/resines-adhesifs-chimiques\/chimiques-inertes\/\"\n            title=\"New electric cars are getting really fast\">Chimiques \/ Inertes<\/a><\/h6>\n         <span class=\"av-vertical-delimiter\"><\/span>\n      <\/header>\n      <div class=\"slide-entry-excerpt entry-content\" itemprop=\"text\">\n\t\t  <p>Nous sommes en mesure d&rsquo;offrir une large gamme de charges inertes et de produits chimiques, y compris des solvants et des diluants utiles pour chaque processus, ainsi que des \u00e9paississants et des acc\u00e9l\u00e9rateurs.<\/p>\n \n\t\t  <a href=\"https:\/\/www.mates.it\/fr\/produits\/resines-adhesifs-chimiques\/chimiques-inertes\/\" class=\"avia-button avia-icon_select-yes-left-icon avia-size-small avia-position-left avia-color-theme-color-subtle\">\n\t\t\t  Voir plus &raquo;\n\t\t  <\/a> \n      <\/div>\n   <\/div>\n   <footer class=\"entry-footer\"><\/footer>\n<\/article>\n\n<\/div><div class=\"flex-cell cell-1of3 medium-cell-1of2 small-cell-1of1\">\n<article class=\"post-entry slide-entry-overview slide-loop-1 slide-parity-odd real-thumbnail post-format-standard\"\n   itemscope=\"itemscope\" itemtype=\"https:\/\/schema.org\/CreativeWork\">\n   <a href=\"https:\/\/www.mates.it\/fr\/produits\/resines-adhesifs-chimiques\/auxiliaires-resines\/\" title=\"https:\/\/www.mates.it\/fr\/produits\/resines-adhesifs-chimiques\/auxiliaires-resines\/\" class=\"attachment-portfolio wp-post-image\"\n      alt=\"Auxiliaires &#8211; Resines\"><img decoding=\"async\" src=\"https:\/\/www.mates.it\/wp-content\/uploads\/2016\/09\/Lay-up-manuale.jpg\" class=\" attachment-portfolio size-portfolio wp-post-image\" alt=\"Auxiliaires &#8211; Resines\" title=\"\"><\/a>\n   <div class=\"slide-content\">\n      <header class=\"entry-content-header\">\n         <h6 class=\"slide-entry-title entry-title\" itemprop=\"headline\"><a\n            href=\"https:\/\/www.mates.it\/fr\/produits\/resines-adhesifs-chimiques\/auxiliaires-resines\/\"\n            title=\"New electric cars are getting really fast\">Auxiliaires &#8211; Resines<\/a><\/h6>\n         <span class=\"av-vertical-delimiter\"><\/span>\n      <\/header>\n      <div class=\"slide-entry-excerpt entry-content\" itemprop=\"text\">\n\t\t  <p>Une gamme compl\u00e8te d&rsquo;outils s\u00e9lectionn\u00e9s pour l&rsquo;impr\u00e9gnation des tissus techniques \u00e0 faible, moyen ou haut grammage tels que spatules, brosses, rouleaux et brise-bulles.<\/p>\n \n\t\t  <a href=\"https:\/\/www.mates.it\/fr\/produits\/resines-adhesifs-chimiques\/auxiliaires-resines\/\" class=\"avia-button avia-icon_select-yes-left-icon avia-size-small avia-position-left avia-color-theme-color-subtle\">\n\t\t\t  Voir plus &raquo;\n\t\t  <\/a> \n      <\/div>\n   <\/div>\n   <footer class=\"entry-footer\"><\/footer>\n<\/article>\n\n<\/div><\/div\">\n<\/div><\/section>\n","protected":false},"excerpt":{"rendered":"<p>Les r\u00e9sines sont utilis\u00e9es pour l&rsquo;impr\u00e9gnation manuelle de fibres de renforcement, pour l&rsquo;infusion ou l&rsquo;injection et pour le remplissage ou le moulage. Elles sont utilis\u00e9es comme matrices dans la fabrication de mod\u00e8les, de moules et de produits finis.<\/p>\n","protected":false},"author":1,"featured_media":7253,"parent":9155,"menu_order":2,"comment_status":"closed","ping_status":"closed","template":"","meta":{"footnotes":""},"class_list":["post-9141","page","type-page","status-publish","has-post-thumbnail","hentry"],"_links":{"self":[{"href":"https:\/\/www.mates.it\/fr\/wp-json\/wp\/v2\/pages\/9141","targetHints":{"allow":["GET"]}}],"collection":[{"href":"https:\/\/www.mates.it\/fr\/wp-json\/wp\/v2\/pages"}],"about":[{"href":"https:\/\/www.mates.it\/fr\/wp-json\/wp\/v2\/types\/page"}],"author":[{"embeddable":true,"href":"https:\/\/www.mates.it\/fr\/wp-json\/wp\/v2\/users\/1"}],"replies":[{"embeddable":true,"href":"https:\/\/www.mates.it\/fr\/wp-json\/wp\/v2\/comments?post=9141"}],"version-history":[{"count":0,"href":"https:\/\/www.mates.it\/fr\/wp-json\/wp\/v2\/pages\/9141\/revisions"}],"up":[{"embeddable":true,"href":"https:\/\/www.mates.it\/fr\/wp-json\/wp\/v2\/pages\/9155"}],"wp:featuredmedia":[{"embeddable":true,"href":"https:\/\/www.mates.it\/fr\/wp-json\/wp\/v2\/media\/7253"}],"wp:attachment":[{"href":"https:\/\/www.mates.it\/fr\/wp-json\/wp\/v2\/media?parent=9141"}],"curies":[{"name":"wp","href":"https:\/\/api.w.org\/{rel}","templated":true}]}}