{"id":9143,"date":"2015-07-08T14:33:31","date_gmt":"2015-07-08T12:33:31","guid":{"rendered":"https:\/\/www.mates.it\/prodotti\/agents-de-demoulage\/"},"modified":"2023-10-14T14:41:34","modified_gmt":"2023-10-14T12:41:34","slug":"agents-de-demoulage","status":"publish","type":"page","link":"https:\/\/www.mates.it\/fr\/produits\/agents-de-demoulage\/","title":{"rendered":"Agents de d\u00e9moulage"},"content":{"rendered":"<\/p>\n\n<style type=\"text\/css\" data-created_by=\"avia_inline_auto\" id=\"style-css-av-ljcz7yct-804776d1ba42bb405d47b6d83cf6021a\">\n#top .av-special-heading.av-ljcz7yct-804776d1ba42bb405d47b6d83cf6021a{\npadding-bottom:10px;\n}\nbody .av-special-heading.av-ljcz7yct-804776d1ba42bb405d47b6d83cf6021a .av-special-heading-tag .heading-char{\nfont-size:25px;\n}\n.av-special-heading.av-ljcz7yct-804776d1ba42bb405d47b6d83cf6021a .av-subheading{\nfont-size:15px;\n}\n<\/style>\n<div  class='av-special-heading av-ljcz7yct-804776d1ba42bb405d47b6d83cf6021a av-special-heading-h1  avia-builder-el-0  el_before_av_textblock  avia-builder-el-first  custom-h1-title'><h1 class='av-special-heading-tag '  >Agents de d\u00e9moulage<\/h1><div class=\"special-heading-border\"><div class=\"special-heading-inner-border\"><\/div><\/div><\/div>\n<section  class='av_textblock_section av-ljcz8bq5-15a02c9cc537587f92c48dd9e99efc73 '  ><div class='avia_textblock' ><p>Les agents de d\u00e9moulage sont la barri\u00e8re \u00e0 placer entre le moule et le stratifi\u00e9 afin d&rsquo;\u00e9viter la coh\u00e9sion et le collage irr\u00e9versible des deux pi\u00e8ces entre elles. G\u00e9n\u00e9ralement, on distingue quatre grands types d&rsquo;agents de d\u00e9moulage : les agents de d\u00e9moulage \u00e0 base de cire, les agents de d\u00e9moulage filmog\u00e8nes, les agents de d\u00e9moulage semi-permanents et ceux en film. Les films de d\u00e9moulage ont diverses utilisations, bas\u00e9es sur les besoins personnels et la cr\u00e9ativit\u00e9, mais n&rsquo;oubliez pas qu&rsquo;\u00e9tant des films et donc ne suivant pas parfaitement tous les types de surfaces courbes, ils laissent de nombreuses traces sur la surface finale. Les trois autres types d&rsquo;agents de d\u00e9moulage ont leurs propres utilisations, pr\u00e9cis\u00e9es dans la description de chaque produit.<\/p>\n<p>Les agents de d\u00e9moulage semi-permanents sont utilis\u00e9s pour gagner du temps dans les productions \u00e0 grand nombre de pi\u00e8ces. Ils sont \u00e9galement tr\u00e8s efficaces sur les moules m\u00e9talliques et sont d\u00e9finis comme semi-permanents car ils n\u00e9cessitent toujours une restauration tous les 50 \u00e0 100 moules. Leur installation et leur restauration p\u00e9riodique sont des op\u00e9rations qui n\u00e9cessitent un soin et un nettoyage parfait des surfaces, afin d&rsquo;\u00e9viter les probl\u00e8mes de d\u00e9collement.<\/p>\n<\/div><\/section>\n<div  class='hr av-av_hr-91d7ccd583a503147498e120fee2ff9b hr-default  avia-builder-el-2  el_after_av_textblock  el_before_av_textblock '><span class='hr-inner '><span class=\"hr-inner-style\"><\/span><\/span><\/div>\n<section  class='av_textblock_section av-av_textblock-7a1af7d8f9790576b1769c0a9f0449ed '  ><div class='avia_textblock' ><div class=\"flex-container container-align-start\"><div class=\"flex-cell cell-1of3 medium-cell-1of2 small-cell-1of1\">\n<article class=\"post-entry slide-entry-overview slide-loop-1 slide-parity-odd real-thumbnail post-format-standard\"\n   itemscope=\"itemscope\" itemtype=\"https:\/\/schema.org\/CreativeWork\">\n   <a href=\"https:\/\/www.mates.it\/fr\/produits\/agents-de-demoulage\/film-formant\/\" title=\"https:\/\/www.mates.it\/fr\/produits\/agents-de-demoulage\/film-formant\/\" class=\"attachment-portfolio wp-post-image\"\n      alt=\"Film formant\"><img decoding=\"async\" src=\"https:\/\/www.mates.it\/wp-content\/uploads\/2016\/06\/Filmogeni.jpg\" class=\" attachment-portfolio size-portfolio wp-post-image\" alt=\"Film formant\" title=\"\"><\/a>\n   <div class=\"slide-content\">\n      <header class=\"entry-content-header\">\n         <h6 class=\"slide-entry-title entry-title\" itemprop=\"headline\"><a\n            href=\"https:\/\/www.mates.it\/fr\/produits\/agents-de-demoulage\/film-formant\/\"\n            title=\"New electric cars are getting really fast\">Film formant<\/a><\/h6>\n         <span class=\"av-vertical-delimiter\"><\/span>\n      <\/header>\n      <div class=\"slide-entry-excerpt entry-content\" itemprop=\"text\">\n\t\t  <p>Les agents de d\u00e9moulage cr\u00e9ent un film plastique sur la surface trait\u00e9e, permettant un d\u00e9tachement parfait m\u00eame sur les moules sans une excellente finition. <\/p>\n \n\t\t  <a href=\"https:\/\/www.mates.it\/fr\/produits\/agents-de-demoulage\/film-formant\/\" class=\"avia-button avia-icon_select-yes-left-icon avia-size-small avia-position-left avia-color-theme-color-subtle\">\n\t\t\t  Voir plus &raquo;\n\t\t  <\/a> \n      <\/div>\n   <\/div>\n   <footer class=\"entry-footer\"><\/footer>\n<\/article>\n\n<\/div><div class=\"flex-cell cell-1of3 medium-cell-1of2 small-cell-1of1\">\n<article class=\"post-entry slide-entry-overview slide-loop-1 slide-parity-odd real-thumbnail post-format-standard\"\n   itemscope=\"itemscope\" itemtype=\"https:\/\/schema.org\/CreativeWork\">\n   <a href=\"https:\/\/www.mates.it\/fr\/produits\/agents-de-demoulage\/semi-permanents\/\" title=\"https:\/\/www.mates.it\/fr\/produits\/agents-de-demoulage\/semi-permanents\/\" class=\"attachment-portfolio wp-post-image\"\n      alt=\"Semi permanents\"><img decoding=\"async\" src=\"https:\/\/www.mates.it\/wp-content\/uploads\/2016\/06\/Semipermanenti.jpg\" class=\" attachment-portfolio size-portfolio wp-post-image\" alt=\"Semi permanents\" title=\"\"><\/a>\n   <div class=\"slide-content\">\n      <header class=\"entry-content-header\">\n         <h6 class=\"slide-entry-title entry-title\" itemprop=\"headline\"><a\n            href=\"https:\/\/www.mates.it\/fr\/produits\/agents-de-demoulage\/semi-permanents\/\"\n            title=\"New electric cars are getting really fast\">Semi permanents<\/a><\/h6>\n         <span class=\"av-vertical-delimiter\"><\/span>\n      <\/header>\n      <div class=\"slide-entry-excerpt entry-content\" itemprop=\"text\">\n\t\t  <p>Les agents de d\u00e9moulage filmog\u00e8nes cr\u00e9ent un film plastique sur la surface trait\u00e9e, permettant un d\u00e9collement parfait m\u00eame sur des moules sans excellente finition.<\/p>\n \n\t\t  <a href=\"https:\/\/www.mates.it\/fr\/produits\/agents-de-demoulage\/semi-permanents\/\" class=\"avia-button avia-icon_select-yes-left-icon avia-size-small avia-position-left avia-color-theme-color-subtle\">\n\t\t\t  Voir plus &raquo;\n\t\t  <\/a> \n      <\/div>\n   <\/div>\n   <footer class=\"entry-footer\"><\/footer>\n<\/article>\n\n<\/div><div class=\"flex-cell cell-1of3 medium-cell-1of2 small-cell-1of1\">\n<article class=\"post-entry slide-entry-overview slide-loop-1 slide-parity-odd real-thumbnail post-format-standard\"\n   itemscope=\"itemscope\" itemtype=\"https:\/\/schema.org\/CreativeWork\">\n   <a href=\"https:\/\/www.mates.it\/fr\/produits\/agents-de-demoulage\/cire-de-demoulage\/\" title=\"https:\/\/www.mates.it\/fr\/produits\/agents-de-demoulage\/cire-de-demoulage\/\" class=\"attachment-portfolio wp-post-image\"\n      alt=\"Cire de d\u00e9moulage\"><img decoding=\"async\" src=\"https:\/\/www.mates.it\/wp-content\/uploads\/2016\/06\/Cerosi.jpg\" class=\" attachment-portfolio size-portfolio wp-post-image\" alt=\"Cire de d\u00e9moulage\" title=\"\"><\/a>\n   <div class=\"slide-content\">\n      <header class=\"entry-content-header\">\n         <h6 class=\"slide-entry-title entry-title\" itemprop=\"headline\"><a\n            href=\"https:\/\/www.mates.it\/fr\/produits\/agents-de-demoulage\/cire-de-demoulage\/\"\n            title=\"New electric cars are getting really fast\">Cire de d\u00e9moulage<\/a><\/h6>\n         <span class=\"av-vertical-delimiter\"><\/span>\n      <\/header>\n      <div class=\"slide-entry-excerpt entry-content\" itemprop=\"text\">\n\t\t  <p>Les agents de d\u00e9moulage \u00e0 base de cire laissent une couche de cire sur la surface, garantissant un d\u00e9tachement s\u00fbr m\u00eame sur des surfaces imparfaites et rugueuses, id\u00e9al pour les moules de taille moyenne \u00e0 petite.<\/p>\n \n\t\t  <a href=\"https:\/\/www.mates.it\/fr\/produits\/agents-de-demoulage\/cire-de-demoulage\/\" class=\"avia-button avia-icon_select-yes-left-icon avia-size-small avia-position-left avia-color-theme-color-subtle\">\n\t\t\t  Voir plus &raquo;\n\t\t  <\/a> \n      <\/div>\n   <\/div>\n   <footer class=\"entry-footer\"><\/footer>\n<\/article>\n\n<\/div><\/div\">\n<\/div><\/section>\n","protected":false},"excerpt":{"rendered":"<p>Les agents de d\u00e9moulage sont la barri\u00e8re \u00e0 placer entre le moule et le stratifi\u00e9 afin d&rsquo;\u00e9viter la coh\u00e9sion et le collage irr\u00e9versible des deux pi\u00e8ces entre elles. G\u00e9n\u00e9ralement, quatre types principaux peuvent \u00eatre distingu\u00e9s.<\/p>\n","protected":false},"author":1,"featured_media":7257,"parent":9155,"menu_order":3,"comment_status":"closed","ping_status":"closed","template":"","meta":{"footnotes":""},"class_list":["post-9143","page","type-page","status-publish","has-post-thumbnail","hentry"],"_links":{"self":[{"href":"https:\/\/www.mates.it\/fr\/wp-json\/wp\/v2\/pages\/9143","targetHints":{"allow":["GET"]}}],"collection":[{"href":"https:\/\/www.mates.it\/fr\/wp-json\/wp\/v2\/pages"}],"about":[{"href":"https:\/\/www.mates.it\/fr\/wp-json\/wp\/v2\/types\/page"}],"author":[{"embeddable":true,"href":"https:\/\/www.mates.it\/fr\/wp-json\/wp\/v2\/users\/1"}],"replies":[{"embeddable":true,"href":"https:\/\/www.mates.it\/fr\/wp-json\/wp\/v2\/comments?post=9143"}],"version-history":[{"count":0,"href":"https:\/\/www.mates.it\/fr\/wp-json\/wp\/v2\/pages\/9143\/revisions"}],"up":[{"embeddable":true,"href":"https:\/\/www.mates.it\/fr\/wp-json\/wp\/v2\/pages\/9155"}],"wp:featuredmedia":[{"embeddable":true,"href":"https:\/\/www.mates.it\/fr\/wp-json\/wp\/v2\/media\/7257"}],"wp:attachment":[{"href":"https:\/\/www.mates.it\/fr\/wp-json\/wp\/v2\/media?parent=9143"}],"curies":[{"name":"wp","href":"https:\/\/api.w.org\/{rel}","templated":true}]}}