{"id":9145,"date":"2015-07-08T14:33:34","date_gmt":"2015-07-08T12:33:34","guid":{"rendered":"https:\/\/www.mates.it\/prodotti\/materiaux-dames\/"},"modified":"2023-06-26T21:51:12","modified_gmt":"2023-06-26T19:51:12","slug":"materiaux-dame","status":"publish","type":"page","link":"https:\/\/www.mates.it\/fr\/produits\/materiaux-dame\/","title":{"rendered":"Mat\u00e9riaux d&rsquo;ame"},"content":{"rendered":"\n<style type=\"text\/css\" data-created_by=\"avia_inline_auto\" id=\"style-css-av-ljd9x1r9-787662eb99e51187160ee9a3717303ed\">\n#top .av-special-heading.av-ljd9x1r9-787662eb99e51187160ee9a3717303ed{\npadding-bottom:10px;\n}\nbody .av-special-heading.av-ljd9x1r9-787662eb99e51187160ee9a3717303ed .av-special-heading-tag .heading-char{\nfont-size:25px;\n}\n.av-special-heading.av-ljd9x1r9-787662eb99e51187160ee9a3717303ed .av-subheading{\nfont-size:15px;\n}\n<\/style>\n<div  class='av-special-heading av-ljd9x1r9-787662eb99e51187160ee9a3717303ed av-special-heading-h1  avia-builder-el-0  el_before_av_textblock  avia-builder-el-first  custom-h1-title'><h1 class='av-special-heading-tag '  >Mat\u00e9riaux d\u2019ame<\/h1><div class=\"special-heading-border\"><div class=\"special-heading-inner-border\"><\/div><\/div><\/div>\n<section  class='av_textblock_section av-ljd9w5xp-ac1606ffe8fe0f6992894d896246c06a '  ><div class='avia_textblock' ><p>Les noyaux structuraux pour le traitement des sandwichs deviennent de plus en plus importants sur le march\u00e9 des mat\u00e9riaux composites. Mates a toujours propos\u00e9 une gamme compl\u00e8te de noyaux avec diff\u00e9rentes caract\u00e9ristiques techniques (r\u00e9sistance au feu, \u00e0 la temp\u00e9rature, aux chocs et \u00e0 la pression) capables de satisfaire pleinement les besoins de ses clients de r\u00e9f\u00e9rence. Gr\u00e2ce \u00e0 ce type de produit, il est possible de cr\u00e9er des produits performants avec une plus grande \u00e9paisseur (donc une plus grande r\u00e9sistance \u00e0 la flexion), sans toutefois compromettre le poids final du stratifi\u00e9.<br \/>\nLes noyaux structuraux peuvent \u00eatre principalement divis\u00e9s en quatre macro-cat\u00e9gories : expans\u00e9, nid d&rsquo;abeille, naturel et aiguillet\u00e9. Selon les besoins et le type de laminage (sous vide, laminage \u00e0 la main, infusion, etc.), nous recommandons l&rsquo;utilisation de diff\u00e9rents produits dont les modes d&rsquo;utilisation sont enti\u00e8rement expliqu\u00e9s dans les diff\u00e9rentes cat\u00e9gories.<\/p>\n<\/div><\/section>\n<div  class='hr av-av_hr-91d7ccd583a503147498e120fee2ff9b hr-default  avia-builder-el-2  el_after_av_textblock  el_before_av_textblock '><span class='hr-inner '><span class=\"hr-inner-style\"><\/span><\/span><\/div>\n<section  class='av_textblock_section av-av_textblock-7a1af7d8f9790576b1769c0a9f0449ed '  ><div class='avia_textblock' ><div class=\"flex-container container-align-start\"><div class=\"flex-cell cell-1of3 medium-cell-1of2 small-cell-1of1\">\n<article class=\"post-entry slide-entry-overview slide-loop-1 slide-parity-odd real-thumbnail post-format-standard\"\n   itemscope=\"itemscope\" itemtype=\"https:\/\/schema.org\/CreativeWork\">\n   <a href=\"https:\/\/www.mates.it\/fr\/produits\/materiaux-dame\/mousses\/\" title=\"https:\/\/www.mates.it\/fr\/produits\/materiaux-dame\/mousses\/\" class=\"attachment-portfolio wp-post-image\"\n      alt=\"Mousses\"><img decoding=\"async\" src=\"https:\/\/www.mates.it\/wp-content\/uploads\/2016\/06\/Cellula-chiusa.jpg\" class=\" attachment-portfolio size-portfolio wp-post-image\" alt=\"Mousses\" title=\"\"><\/a>\n   <div class=\"slide-content\">\n      <header class=\"entry-content-header\">\n         <h6 class=\"slide-entry-title entry-title\" itemprop=\"headline\"><a\n            href=\"https:\/\/www.mates.it\/fr\/produits\/materiaux-dame\/mousses\/\"\n            title=\"New electric cars are getting really fast\">Mousses<\/a><\/h6>\n         <span class=\"av-vertical-delimiter\"><\/span>\n      <\/header>\n      <div class=\"slide-entry-excerpt entry-content\" itemprop=\"text\">\n\t\t  <p>Les mousses sont g\u00e9n\u00e9ralement utilis\u00e9es comme structure interne dans la cr\u00e9ation de produits composites n\u00e9cessitant des performances structurelles maximales avec une absorption de r\u00e9sine minimale.<\/p>\n \n\t\t  <a href=\"https:\/\/www.mates.it\/fr\/produits\/materiaux-dame\/mousses\/\" class=\"avia-button avia-icon_select-yes-left-icon avia-size-small avia-position-left avia-color-theme-color-subtle\">\n\t\t\t  Voir plus &raquo;\n\t\t  <\/a> \n      <\/div>\n   <\/div>\n   <footer class=\"entry-footer\"><\/footer>\n<\/article>\n\n<\/div><div class=\"flex-cell cell-1of3 medium-cell-1of2 small-cell-1of1\">\n<article class=\"post-entry slide-entry-overview slide-loop-1 slide-parity-odd real-thumbnail post-format-standard\"\n   itemscope=\"itemscope\" itemtype=\"https:\/\/schema.org\/CreativeWork\">\n   <a href=\"https:\/\/www.mates.it\/fr\/produits\/materiaux-dame\/alveolaires\/\" title=\"https:\/\/www.mates.it\/fr\/produits\/materiaux-dame\/alveolaires\/\" class=\"attachment-portfolio wp-post-image\"\n      alt=\"Alv\u00e9olaires\"><img decoding=\"async\" src=\"https:\/\/www.mates.it\/wp-content\/uploads\/2016\/06\/Cellula-aperta.jpg\" class=\" attachment-portfolio size-portfolio wp-post-image\" alt=\"Alv\u00e9olaires\" title=\"\"><\/a>\n   <div class=\"slide-content\">\n      <header class=\"entry-content-header\">\n         <h6 class=\"slide-entry-title entry-title\" itemprop=\"headline\"><a\n            href=\"https:\/\/www.mates.it\/fr\/produits\/materiaux-dame\/alveolaires\/\"\n            title=\"New electric cars are getting really fast\">Alv\u00e9olaires<\/a><\/h6>\n         <span class=\"av-vertical-delimiter\"><\/span>\n      <\/header>\n      <div class=\"slide-entry-excerpt entry-content\" itemprop=\"text\">\n\t\t  <p>Les noyaux structurels alv\u00e9olaires sont g\u00e9n\u00e9ralement utilis\u00e9s comme structure interne dans la construction de produits composites o\u00f9 le confinement maximal du poids final est un facteur d&rsquo;importance fondamentale.<\/p>\n \n\t\t  <a href=\"https:\/\/www.mates.it\/fr\/produits\/materiaux-dame\/alveolaires\/\" class=\"avia-button avia-icon_select-yes-left-icon avia-size-small avia-position-left avia-color-theme-color-subtle\">\n\t\t\t  Voir plus &raquo;\n\t\t  <\/a> \n      <\/div>\n   <\/div>\n   <footer class=\"entry-footer\"><\/footer>\n<\/article>\n\n<\/div><div class=\"flex-cell cell-1of3 medium-cell-1of2 small-cell-1of1\">\n<article class=\"post-entry slide-entry-overview slide-loop-1 slide-parity-odd real-thumbnail post-format-standard\"\n   itemscope=\"itemscope\" itemtype=\"https:\/\/schema.org\/CreativeWork\">\n   <a href=\"https:\/\/www.mates.it\/fr\/produits\/materiaux-dame\/naturels\/\" title=\"https:\/\/www.mates.it\/fr\/produits\/materiaux-dame\/naturels\/\" class=\"attachment-portfolio wp-post-image\"\n      alt=\"Naturels\"><img decoding=\"async\" src=\"https:\/\/www.mates.it\/wp-content\/uploads\/Naturali.jpg\" class=\" attachment-portfolio size-portfolio wp-post-image\" alt=\"Naturels\" title=\"\"><\/a>\n   <div class=\"slide-content\">\n      <header class=\"entry-content-header\">\n         <h6 class=\"slide-entry-title entry-title\" itemprop=\"headline\"><a\n            href=\"https:\/\/www.mates.it\/fr\/produits\/materiaux-dame\/naturels\/\"\n            title=\"New electric cars are getting really fast\">Naturels<\/a><\/h6>\n         <span class=\"av-vertical-delimiter\"><\/span>\n      <\/header>\n      <div class=\"slide-entry-excerpt entry-content\" itemprop=\"text\">\n\t\t  <p>Les noyaux structurels naturels sont obtenus \u00e0 partir de bois sp\u00e9cifiques pr\u00e9sentant une r\u00e9sistance m\u00e9canique \u00e9lev\u00e9e et un faible poids sp\u00e9cifique, tels que le li\u00e8ge et le balsa.<\/p>\n \n\t\t  <a href=\"https:\/\/www.mates.it\/fr\/produits\/materiaux-dame\/naturels\/\" class=\"avia-button avia-icon_select-yes-left-icon avia-size-small avia-position-left avia-color-theme-color-subtle\">\n\t\t\t  Voir plus &raquo;\n\t\t  <\/a> \n      <\/div>\n   <\/div>\n   <footer class=\"entry-footer\"><\/footer>\n<\/article>\n\n<\/div><div class=\"flex-cell cell-1of3 medium-cell-1of2 small-cell-1of1\">\n<article class=\"post-entry slide-entry-overview slide-loop-1 slide-parity-odd real-thumbnail post-format-standard\"\n   itemscope=\"itemscope\" itemtype=\"https:\/\/schema.org\/CreativeWork\">\n   <a href=\"https:\/\/www.mates.it\/fr\/produits\/materiaux-dame\/aiguilletes\/\" title=\"https:\/\/www.mates.it\/fr\/produits\/materiaux-dame\/aiguilletes\/\" class=\"attachment-portfolio wp-post-image\"\n      alt=\"Aiguillet\u00e9s\"><img decoding=\"async\" src=\"https:\/\/www.mates.it\/wp-content\/uploads\/2016\/06\/Coremat.jpg\" class=\" attachment-portfolio size-portfolio wp-post-image\" alt=\"Aiguillet\u00e9s\" title=\"\"><\/a>\n   <div class=\"slide-content\">\n      <header class=\"entry-content-header\">\n         <h6 class=\"slide-entry-title entry-title\" itemprop=\"headline\"><a\n            href=\"https:\/\/www.mates.it\/fr\/produits\/materiaux-dame\/aiguilletes\/\"\n            title=\"New electric cars are getting really fast\">Aiguillet\u00e9s<\/a><\/h6>\n         <span class=\"av-vertical-delimiter\"><\/span>\n      <\/header>\n      <div class=\"slide-entry-excerpt entry-content\" itemprop=\"text\">\n\t\t  <p>Les noyaux structuraux aiguillet\u00e9s souples sont g\u00e9n\u00e9ralement utilis\u00e9s comme structure interne dans la fabrication de produits composites de petites dimensions ou de formes complexes.<\/p>\n \n\t\t  <a href=\"https:\/\/www.mates.it\/fr\/produits\/materiaux-dame\/aiguilletes\/\" class=\"avia-button avia-icon_select-yes-left-icon avia-size-small avia-position-left avia-color-theme-color-subtle\">\n\t\t\t  Voir plus &raquo;\n\t\t  <\/a> \n      <\/div>\n   <\/div>\n   <footer class=\"entry-footer\"><\/footer>\n<\/article>\n\n<\/div><\/div\">\n<\/div><\/section>\n","protected":false},"excerpt":{"rendered":"<p>Les noyaux structuraux pour l&rsquo;usinage des sandwichs prennent de plus en plus d&rsquo;importance sur le march\u00e9 des mat\u00e9riaux composites, ils sont capables de satisfaire tous les besoins.<\/p>\n","protected":false},"author":1,"featured_media":7277,"parent":9155,"menu_order":4,"comment_status":"closed","ping_status":"closed","template":"","meta":{"footnotes":""},"class_list":["post-9145","page","type-page","status-publish","has-post-thumbnail","hentry"],"_links":{"self":[{"href":"https:\/\/www.mates.it\/fr\/wp-json\/wp\/v2\/pages\/9145","targetHints":{"allow":["GET"]}}],"collection":[{"href":"https:\/\/www.mates.it\/fr\/wp-json\/wp\/v2\/pages"}],"about":[{"href":"https:\/\/www.mates.it\/fr\/wp-json\/wp\/v2\/types\/page"}],"author":[{"embeddable":true,"href":"https:\/\/www.mates.it\/fr\/wp-json\/wp\/v2\/users\/1"}],"replies":[{"embeddable":true,"href":"https:\/\/www.mates.it\/fr\/wp-json\/wp\/v2\/comments?post=9145"}],"version-history":[{"count":0,"href":"https:\/\/www.mates.it\/fr\/wp-json\/wp\/v2\/pages\/9145\/revisions"}],"up":[{"embeddable":true,"href":"https:\/\/www.mates.it\/fr\/wp-json\/wp\/v2\/pages\/9155"}],"wp:featuredmedia":[{"embeddable":true,"href":"https:\/\/www.mates.it\/fr\/wp-json\/wp\/v2\/media\/7277"}],"wp:attachment":[{"href":"https:\/\/www.mates.it\/fr\/wp-json\/wp\/v2\/media?parent=9145"}],"curies":[{"name":"wp","href":"https:\/\/api.w.org\/{rel}","templated":true}]}}