{"id":9147,"date":"2015-07-08T14:33:38","date_gmt":"2015-07-08T12:33:38","guid":{"rendered":"https:\/\/www.mates.it\/prodotti\/materiaux-de-process\/"},"modified":"2023-06-28T00:26:31","modified_gmt":"2023-06-27T22:26:31","slug":"materiaux-de-procede","status":"publish","type":"page","link":"https:\/\/www.mates.it\/fr\/produits\/materiaux-de-procede\/","title":{"rendered":"Mat\u00e9riaux de proc\u00e9d\u00e9"},"content":{"rendered":"\n<style type=\"text\/css\" data-created_by=\"avia_inline_auto\" id=\"style-css-av-ljeha4d4-f435a92694b54c3e629d7b0b1c6bd1fd\">\n#top .av-special-heading.av-ljeha4d4-f435a92694b54c3e629d7b0b1c6bd1fd{\npadding-bottom:10px;\n}\nbody .av-special-heading.av-ljeha4d4-f435a92694b54c3e629d7b0b1c6bd1fd .av-special-heading-tag .heading-char{\nfont-size:25px;\n}\n.av-special-heading.av-ljeha4d4-f435a92694b54c3e629d7b0b1c6bd1fd .av-subheading{\nfont-size:15px;\n}\n<\/style>\n<div  class='av-special-heading av-ljeha4d4-f435a92694b54c3e629d7b0b1c6bd1fd av-special-heading-h1  avia-builder-el-0  el_before_av_textblock  avia-builder-el-first  custom-h1-title'><h1 class='av-special-heading-tag '  >Mat\u00e9riaux de proc\u00e9d\u00e9<\/h1><div class=\"special-heading-border\"><div class=\"special-heading-inner-border\"><\/div><\/div><\/div>\n<section  class='av_textblock_section av-ljeh8xdh-db6dd34737a2371b062e066dd93d49b2 '  ><div class='avia_textblock' ><p>Une large gamme de consommables auxiliaires con\u00e7us pour la production de composites avanc\u00e9s. Utilisables dans les processus de production de moulage \u00e0 haute, moyenne et basse temp\u00e9rature, ils sont applicables et indispensables \u00e0 la r\u00e9ussite de tous les types de traitement. Cela inclut les sacs sous vide, les films de d\u00e9moulage, les tissus pelables, les mastics d&rsquo;\u00e9tanch\u00e9it\u00e9 en butyle et tout ce qui est mis au rebut apr\u00e8s utilisation.<br \/>\nMates a r\u00e9ussi \u00e0 s\u00e9lectionner les meilleurs produits disponibles sur le march\u00e9, \u00e0 des prix extr\u00eamement comp\u00e9titifs. Chacun de nos produits est destin\u00e9 \u00e0 une utilisation sp\u00e9cifique, ce qui nous permet de couvrir les diff\u00e9rents proc\u00e9d\u00e9s de fabrication des composites tels que le RTM, l&rsquo;autoclave et l&rsquo;infusion. Nous vous rappelons que nous proposons des produits parfaitement compatibles entre eux, soigneusement test\u00e9s et soumis \u00e0 des contraintes continues et \u00e9lev\u00e9es, en laboratoire et chez certains de nos principaux clients.<\/p>\n<\/div><\/section>\n<div  class='hr av-av_hr-91d7ccd583a503147498e120fee2ff9b hr-default  avia-builder-el-2  el_after_av_textblock  el_before_av_textblock '><span class='hr-inner '><span class=\"hr-inner-style\"><\/span><\/span><\/div>\n<section  class='av_textblock_section av-av_textblock-7a1af7d8f9790576b1769c0a9f0449ed '  ><div class='avia_textblock' ><div class=\"flex-container container-align-start\"><div class=\"flex-cell cell-1of3 medium-cell-1of2 small-cell-1of1\">\n<article class=\"post-entry slide-entry-overview slide-loop-1 slide-parity-odd real-thumbnail post-format-standard\"\n   itemscope=\"itemscope\" itemtype=\"https:\/\/schema.org\/CreativeWork\">\n   <a href=\"https:\/\/www.mates.it\/fr\/produits\/materiaux-de-procede\/sacs-sous-vide\/\" title=\"https:\/\/www.mates.it\/fr\/produits\/materiaux-de-procede\/sacs-sous-vide\/\" class=\"attachment-portfolio wp-post-image\"\n      alt=\"Films de mise sous vide\"><img decoding=\"async\" src=\"https:\/\/www.mates.it\/wp-content\/uploads\/2016\/06\/Sacchi-da-vuoto.jpg\" class=\" attachment-portfolio size-portfolio wp-post-image\" alt=\"Films de mise sous vide\" title=\"\"><\/a>\n   <div class=\"slide-content\">\n      <header class=\"entry-content-header\">\n         <h6 class=\"slide-entry-title entry-title\" itemprop=\"headline\"><a\n            href=\"https:\/\/www.mates.it\/fr\/produits\/materiaux-de-procede\/sacs-sous-vide\/\"\n            title=\"New electric cars are getting really fast\">Films de mise sous vide<\/a><\/h6>\n         <span class=\"av-vertical-delimiter\"><\/span>\n      <\/header>\n      <div class=\"slide-entry-excerpt entry-content\" itemprop=\"text\">\n\t\t  <p>Le formage sous vide du stratifi\u00e9 est tr\u00e8s important pour la production de composants ayant des performances m\u00e9caniques \u00e9lev\u00e9es, une grande r\u00e9sistance \u00e0 la traction et le meilleur effet esth\u00e9tique.<\/p>\n \n\t\t  <a href=\"https:\/\/www.mates.it\/fr\/produits\/materiaux-de-procede\/sacs-sous-vide\/\" class=\"avia-button avia-icon_select-yes-left-icon avia-size-small avia-position-left avia-color-theme-color-subtle\">\n\t\t\t  Voir plus &raquo;\n\t\t  <\/a> \n      <\/div>\n   <\/div>\n   <footer class=\"entry-footer\"><\/footer>\n<\/article>\n\n<\/div><div class=\"flex-cell cell-1of3 medium-cell-1of2 small-cell-1of1\">\n<article class=\"post-entry slide-entry-overview slide-loop-1 slide-parity-odd real-thumbnail post-format-standard\"\n   itemscope=\"itemscope\" itemtype=\"https:\/\/schema.org\/CreativeWork\">\n   <a href=\"https:\/\/www.mates.it\/fr\/produits\/materiaux-de-procede\/films-separateurs\/\" title=\"https:\/\/www.mates.it\/fr\/produits\/materiaux-de-procede\/films-separateurs\/\" class=\"attachment-portfolio wp-post-image\"\n      alt=\"Films s\u00e9parateurs\"><img decoding=\"async\" src=\"https:\/\/www.mates.it\/wp-content\/uploads\/2016\/06\/Film-distaccanti.jpg\" class=\" attachment-portfolio size-portfolio wp-post-image\" alt=\"Films s\u00e9parateurs\" title=\"\"><\/a>\n   <div class=\"slide-content\">\n      <header class=\"entry-content-header\">\n         <h6 class=\"slide-entry-title entry-title\" itemprop=\"headline\"><a\n            href=\"https:\/\/www.mates.it\/fr\/produits\/materiaux-de-procede\/films-separateurs\/\"\n            title=\"New electric cars are getting really fast\">Films s\u00e9parateurs<\/a><\/h6>\n         <span class=\"av-vertical-delimiter\"><\/span>\n      <\/header>\n      <div class=\"slide-entry-excerpt entry-content\" itemprop=\"text\">\n\t\t  <p>Large gamme de films separateurs fabriqu\u00e9s avec des mat\u00e9riaux pr\u00e9trait\u00e9s et donc adapt\u00e9s au d\u00e9tachement de la r\u00e9sine, sp\u00e9cifiques pour le traitement \u00e0 basse, moyenne ou haute temp\u00e9rature, fiabilit\u00e9 maximale.<\/p>\n \n\t\t  <a href=\"https:\/\/www.mates.it\/fr\/produits\/materiaux-de-procede\/films-separateurs\/\" class=\"avia-button avia-icon_select-yes-left-icon avia-size-small avia-position-left avia-color-theme-color-subtle\">\n\t\t\t  Voir plus &raquo;\n\t\t  <\/a> \n      <\/div>\n   <\/div>\n   <footer class=\"entry-footer\"><\/footer>\n<\/article>\n\n<\/div><div class=\"flex-cell cell-1of3 medium-cell-1of2 small-cell-1of1\">\n<article class=\"post-entry slide-entry-overview slide-loop-1 slide-parity-odd real-thumbnail post-format-standard\"\n   itemscope=\"itemscope\" itemtype=\"https:\/\/schema.org\/CreativeWork\">\n   <a href=\"https:\/\/www.mates.it\/fr\/produits\/materiaux-de-procede\/tissus-darrachage\/\" title=\"https:\/\/www.mates.it\/fr\/produits\/materiaux-de-procede\/tissus-darrachage\/\" class=\"attachment-portfolio wp-post-image\"\n      alt=\"Tissus d\u2019arrachage\"><img decoding=\"async\" src=\"https:\/\/www.mates.it\/wp-content\/uploads\/2016\/06\/Peelply.jpg\" class=\" attachment-portfolio size-portfolio wp-post-image\" alt=\"Tissus d\u2019arrachage\" title=\"\"><\/a>\n   <div class=\"slide-content\">\n      <header class=\"entry-content-header\">\n         <h6 class=\"slide-entry-title entry-title\" itemprop=\"headline\"><a\n            href=\"https:\/\/www.mates.it\/fr\/produits\/materiaux-de-procede\/tissus-darrachage\/\"\n            title=\"New electric cars are getting really fast\">Tissus d\u2019arrachage<\/a><\/h6>\n         <span class=\"av-vertical-delimiter\"><\/span>\n      <\/header>\n      <div class=\"slide-entry-excerpt entry-content\" itemprop=\"text\">\n\t\t  <p>Ce type de tissu \u00e0 base de fibres de nylon est capable d&rsquo;\u00e9liminer l&rsquo;exc\u00e8s de r\u00e9sine du stratifi\u00e9, am\u00e9liorant ainsi les valeurs m\u00e9caniques du composant fini.<\/p>\n \n\t\t  <a href=\"https:\/\/www.mates.it\/fr\/produits\/materiaux-de-procede\/tissus-darrachage\/\" class=\"avia-button avia-icon_select-yes-left-icon avia-size-small avia-position-left avia-color-theme-color-subtle\">\n\t\t\t  Voir plus &raquo;\n\t\t  <\/a> \n      <\/div>\n   <\/div>\n   <footer class=\"entry-footer\"><\/footer>\n<\/article>\n\n<\/div><div class=\"flex-cell cell-1of3 medium-cell-1of2 small-cell-1of1\">\n<article class=\"post-entry slide-entry-overview slide-loop-1 slide-parity-odd real-thumbnail post-format-standard\"\n   itemscope=\"itemscope\" itemtype=\"https:\/\/schema.org\/CreativeWork\">\n   <a href=\"https:\/\/www.mates.it\/fr\/produits\/materiaux-de-procede\/feutres-drainants\/\" title=\"https:\/\/www.mates.it\/fr\/produits\/materiaux-de-procede\/feutres-drainants\/\" class=\"attachment-portfolio wp-post-image\"\n      alt=\"Feutres drainants\"><img decoding=\"async\" src=\"https:\/\/www.mates.it\/wp-content\/uploads\/2016\/06\/Feltri-aeratori.jpg\" class=\" attachment-portfolio size-portfolio wp-post-image\" alt=\"Feutres drainants\" title=\"\"><\/a>\n   <div class=\"slide-content\">\n      <header class=\"entry-content-header\">\n         <h6 class=\"slide-entry-title entry-title\" itemprop=\"headline\"><a\n            href=\"https:\/\/www.mates.it\/fr\/produits\/materiaux-de-procede\/feutres-drainants\/\"\n            title=\"New electric cars are getting really fast\">Feutres drainants<\/a><\/h6>\n         <span class=\"av-vertical-delimiter\"><\/span>\n      <\/header>\n      <div class=\"slide-entry-excerpt entry-content\" itemprop=\"text\">\n\t\t  <p>Le feutre drainant est un produit utilis\u00e9 par la majorit\u00e9 de nos clients, indispensable pour un bon traitement sous vide \u00e0 pression ambiante ou en autoclave.<\/p>\n \n\t\t  <a href=\"https:\/\/www.mates.it\/fr\/produits\/materiaux-de-procede\/feutres-drainants\/\" class=\"avia-button avia-icon_select-yes-left-icon avia-size-small avia-position-left avia-color-theme-color-subtle\">\n\t\t\t  Voir plus &raquo;\n\t\t  <\/a> \n      <\/div>\n   <\/div>\n   <footer class=\"entry-footer\"><\/footer>\n<\/article>\n\n<\/div><div class=\"flex-cell cell-1of3 medium-cell-1of2 small-cell-1of1\">\n<article class=\"post-entry slide-entry-overview slide-loop-1 slide-parity-odd real-thumbnail post-format-standard\"\n   itemscope=\"itemscope\" itemtype=\"https:\/\/schema.org\/CreativeWork\">\n   <a href=\"https:\/\/www.mates.it\/fr\/produits\/materiaux-de-procede\/moyens-de-flux\/\" title=\"https:\/\/www.mates.it\/fr\/produits\/materiaux-de-procede\/moyens-de-flux\/\" class=\"attachment-portfolio wp-post-image\"\n      alt=\"Moyens de flux\"><img decoding=\"async\" src=\"https:\/\/www.mates.it\/wp-content\/uploads\/2016\/06\/Mezzi-di-flusso.jpg\" class=\" attachment-portfolio size-portfolio wp-post-image\" alt=\"Moyens de flux\" title=\"\"><\/a>\n   <div class=\"slide-content\">\n      <header class=\"entry-content-header\">\n         <h6 class=\"slide-entry-title entry-title\" itemprop=\"headline\"><a\n            href=\"https:\/\/www.mates.it\/fr\/produits\/materiaux-de-procede\/moyens-de-flux\/\"\n            title=\"New electric cars are getting really fast\">Moyens de flux<\/a><\/h6>\n         <span class=\"av-vertical-delimiter\"><\/span>\n      <\/header>\n      <div class=\"slide-entry-excerpt entry-content\" itemprop=\"text\">\n\t\t  <p>S\u00e9lection de produits sp\u00e9cifiques pour la propagation de fluides \u00e0 viscosit\u00e9 variable dans des moules ferm\u00e9s, aidant \u00e0 obtenir une impr\u00e9gnation correcte et compl\u00e8te du stratifi\u00e9.<\/p>\n \n\t\t  <a href=\"https:\/\/www.mates.it\/fr\/produits\/materiaux-de-procede\/moyens-de-flux\/\" class=\"avia-button avia-icon_select-yes-left-icon avia-size-small avia-position-left avia-color-theme-color-subtle\">\n\t\t\t  Voir plus &raquo;\n\t\t  <\/a> \n      <\/div>\n   <\/div>\n   <footer class=\"entry-footer\"><\/footer>\n<\/article>\n\n<\/div><div class=\"flex-cell cell-1of3 medium-cell-1of2 small-cell-1of1\">\n<article class=\"post-entry slide-entry-overview slide-loop-1 slide-parity-odd real-thumbnail post-format-standard\"\n   itemscope=\"itemscope\" itemtype=\"https:\/\/schema.org\/CreativeWork\">\n   <a href=\"https:\/\/www.mates.it\/fr\/produits\/materiaux-de-procede\/scellants-rubans\/\" title=\"https:\/\/www.mates.it\/fr\/produits\/materiaux-de-procede\/scellants-rubans\/\" class=\"attachment-portfolio wp-post-image\"\n      alt=\"Scellants \/ Rubans\"><img decoding=\"async\" src=\"https:\/\/www.mates.it\/wp-content\/uploads\/2016\/06\/Sigillanti-Nastri.jpg\" class=\" attachment-portfolio size-portfolio wp-post-image\" alt=\"Scellants \/ Rubans\" title=\"\"><\/a>\n   <div class=\"slide-content\">\n      <header class=\"entry-content-header\">\n         <h6 class=\"slide-entry-title entry-title\" itemprop=\"headline\"><a\n            href=\"https:\/\/www.mates.it\/fr\/produits\/materiaux-de-procede\/scellants-rubans\/\"\n            title=\"New electric cars are getting really fast\">Scellants \/ Rubans<\/a><\/h6>\n         <span class=\"av-vertical-delimiter\"><\/span>\n      <\/header>\n      <div class=\"slide-entry-excerpt entry-content\" itemprop=\"text\">\n\t\t  <p>Pour cr\u00e9er des produits \u00e0 fort contenu technologique, nous avons s\u00e9lectionn\u00e9 une gamme de mastics butyle, test\u00e9s cycliquement pour garantir une fiabilit\u00e9 maximale.<\/p>\n \n\t\t  <a href=\"https:\/\/www.mates.it\/fr\/produits\/materiaux-de-procede\/scellants-rubans\/\" class=\"avia-button avia-icon_select-yes-left-icon avia-size-small avia-position-left avia-color-theme-color-subtle\">\n\t\t\t  Voir plus &raquo;\n\t\t  <\/a> \n      <\/div>\n   <\/div>\n   <footer class=\"entry-footer\"><\/footer>\n<\/article>\n\n<\/div><\/div\">\n<\/div><\/section>\n<div  class='hr av-av_hr-91d7ccd583a503147498e120fee2ff9b hr-default'><span class='hr-inner '><span class=\"hr-inner-style\"><\/span><\/span><\/div>\n<div  class='avia-button-wrap av-av_button-e366634b7efee8c9d18f92a033b95735-wrap avia-button-left '><a href=\"https:\/\/fileserver.mates.it\/Prodotti\/5_Ausiliari\/Brochure\/ausiliari_mates_low.pdf\" class=\"avia-button av-av_button-e366634b7efee8c9d18f92a033b95735 av-link-btn avia-icon_select-yes-left-icon avia-size-small avia-position-left avia-color-theme-color\" target=\"_blank\" rel=\"noopener noreferrer\" aria-label=\"  Mates \u00ae Products catalogue\"><span class='avia_button_icon avia_button_icon_left avia-iconfont avia-font-entypo-fontello' data-av_icon='\ue82d' data-av_iconfont='entypo-fontello' ><\/span><span class='avia_iconbox_title' >  Mates \u00ae Products catalogue<\/span><\/a><\/div>\n","protected":false},"excerpt":{"rendered":"<p>Une large gamme de consommables con\u00e7us pour la production de composites avanc\u00e9s. Ils peuvent \u00eatre utilis\u00e9s dans les processus de production de moulage \u00e0 haute, moyenne et basse temp\u00e9rature.<\/p>\n","protected":false},"author":1,"featured_media":7289,"parent":9155,"menu_order":5,"comment_status":"closed","ping_status":"closed","template":"","meta":{"footnotes":""},"class_list":["post-9147","page","type-page","status-publish","has-post-thumbnail","hentry"],"_links":{"self":[{"href":"https:\/\/www.mates.it\/fr\/wp-json\/wp\/v2\/pages\/9147","targetHints":{"allow":["GET"]}}],"collection":[{"href":"https:\/\/www.mates.it\/fr\/wp-json\/wp\/v2\/pages"}],"about":[{"href":"https:\/\/www.mates.it\/fr\/wp-json\/wp\/v2\/types\/page"}],"author":[{"embeddable":true,"href":"https:\/\/www.mates.it\/fr\/wp-json\/wp\/v2\/users\/1"}],"replies":[{"embeddable":true,"href":"https:\/\/www.mates.it\/fr\/wp-json\/wp\/v2\/comments?post=9147"}],"version-history":[{"count":0,"href":"https:\/\/www.mates.it\/fr\/wp-json\/wp\/v2\/pages\/9147\/revisions"}],"up":[{"embeddable":true,"href":"https:\/\/www.mates.it\/fr\/wp-json\/wp\/v2\/pages\/9155"}],"wp:featuredmedia":[{"embeddable":true,"href":"https:\/\/www.mates.it\/fr\/wp-json\/wp\/v2\/media\/7289"}],"wp:attachment":[{"href":"https:\/\/www.mates.it\/fr\/wp-json\/wp\/v2\/media?parent=9147"}],"curies":[{"name":"wp","href":"https:\/\/api.w.org\/{rel}","templated":true}]}}