{"id":9149,"date":"2015-07-08T15:33:41","date_gmt":"2015-07-08T13:33:41","guid":{"rendered":"https:\/\/www.mates.it\/prodotti\/outils-equipements\/"},"modified":"2023-06-29T21:43:08","modified_gmt":"2023-06-29T19:43:08","slug":"outillage-accessoires","status":"publish","type":"page","link":"https:\/\/www.mates.it\/fr\/produits\/outillage-accessoires\/","title":{"rendered":"Outillage \/ Accessoires"},"content":{"rendered":"\n<style type=\"text\/css\" data-created_by=\"avia_inline_auto\" id=\"style-css-av-ljhjwsy1-84532b0c3d63e9b17a9e5a8e6bc9435c\">\n#top .av-special-heading.av-ljhjwsy1-84532b0c3d63e9b17a9e5a8e6bc9435c{\npadding-bottom:10px;\n}\nbody .av-special-heading.av-ljhjwsy1-84532b0c3d63e9b17a9e5a8e6bc9435c .av-special-heading-tag .heading-char{\nfont-size:25px;\n}\n.av-special-heading.av-ljhjwsy1-84532b0c3d63e9b17a9e5a8e6bc9435c .av-subheading{\nfont-size:15px;\n}\n<\/style>\n<div  class='av-special-heading av-ljhjwsy1-84532b0c3d63e9b17a9e5a8e6bc9435c av-special-heading-h1  avia-builder-el-0  el_before_av_textblock  avia-builder-el-first  custom-h1-title'><h1 class='av-special-heading-tag '  >Outillage \/ Accessoires<\/h1><div class=\"special-heading-border\"><div class=\"special-heading-inner-border\"><\/div><\/div><\/div>\n<section  class='av_textblock_section av-ljhjxihc-56ac40f47b31101d08fbc071af879393 '  ><div class='avia_textblock' ><p>Pour obtenir le meilleur r\u00e9sultat final, il est n\u00e9cessaire de travailler avec des accessoires et des outils sp\u00e9cifiques qui sont corrects et adapt\u00e9s au travail \u00e0 effectuer. Notre soci\u00e9t\u00e9 s&rsquo;efforce constamment de mettre sur le march\u00e9 une gamme d&rsquo;outils et d&rsquo;\u00e9quipements soigneusement s\u00e9lectionn\u00e9s pour leur qualit\u00e9, leur fiabilit\u00e9 et leur valeur intrins\u00e8que. Un excellent r\u00e9sultat final est \u00e9galement obtenu en utilisant les bons outils pour le travail.<br \/>\nTous les produits de cette cat\u00e9gorie sont soumis \u00e0 des contr\u00f4les r\u00e9guliers et constants dans notre laboratoire afin de v\u00e9rifier qu&rsquo;ils r\u00e9pondent aux caract\u00e9ristiques techniques garanties par le fabricant. Ce n&rsquo;est qu&rsquo;ainsi que nous pouvons maintenir nos niveaux actuels de fiabilit\u00e9, pour le plus grand b\u00e9n\u00e9fice de l&rsquo;utilisateur final.<\/p>\n<\/div><\/section>\n<div  class='hr av-av_hr-91d7ccd583a503147498e120fee2ff9b hr-default  avia-builder-el-2  el_after_av_textblock  el_before_av_textblock '><span class='hr-inner '><span class=\"hr-inner-style\"><\/span><\/span><\/div>\n<section  class='av_textblock_section av-av_textblock-7a1af7d8f9790576b1769c0a9f0449ed '  ><div class='avia_textblock' ><div class=\"flex-container container-align-start\"><div class=\"flex-cell cell-1of3 medium-cell-1of2 small-cell-1of1\">\n<article class=\"post-entry slide-entry-overview slide-loop-1 slide-parity-odd real-thumbnail post-format-standard\"\n   itemscope=\"itemscope\" itemtype=\"https:\/\/schema.org\/CreativeWork\">\n   <a href=\"https:\/\/www.mates.it\/fr\/produits\/outillage-accessoires\/mesure-controle\/\" title=\"https:\/\/www.mates.it\/fr\/produits\/outillage-accessoires\/mesure-controle\/\" class=\"attachment-portfolio wp-post-image\"\n      alt=\"Mesure \/ Contr\u00f4le\"><img decoding=\"async\" src=\"https:\/\/www.mates.it\/wp-content\/uploads\/2016\/06\/Misura-Controllo.jpg\" class=\" attachment-portfolio size-portfolio wp-post-image\" alt=\"Mesure \/ Contr\u00f4le\" title=\"\"><\/a>\n   <div class=\"slide-content\">\n      <header class=\"entry-content-header\">\n         <h6 class=\"slide-entry-title entry-title\" itemprop=\"headline\"><a\n            href=\"https:\/\/www.mates.it\/fr\/produits\/outillage-accessoires\/mesure-controle\/\"\n            title=\"New electric cars are getting really fast\">Mesure \/ Contr\u00f4le<\/a><\/h6>\n         <span class=\"av-vertical-delimiter\"><\/span>\n      <\/header>\n      <div class=\"slide-entry-excerpt entry-content\" itemprop=\"text\">\n\t\t  <p>Dans le cadre d&rsquo;un traitement de haute technologie, il est essentiel de surveiller de pr\u00e8s certains param\u00e8tres, qui peuvent varier du rapport de m\u00e9lange \u00e0 la temp\u00e9rature.<\/p>\n \n\t\t  <a href=\"https:\/\/www.mates.it\/fr\/produits\/outillage-accessoires\/mesure-controle\/\" class=\"avia-button avia-icon_select-yes-left-icon avia-size-small avia-position-left avia-color-theme-color-subtle\">\n\t\t\t  Voir plus &raquo;\n\t\t  <\/a> \n      <\/div>\n   <\/div>\n   <footer class=\"entry-footer\"><\/footer>\n<\/article>\n\n<\/div><div class=\"flex-cell cell-1of3 medium-cell-1of2 small-cell-1of1\">\n<article class=\"post-entry slide-entry-overview slide-loop-1 slide-parity-odd real-thumbnail post-format-standard\"\n   itemscope=\"itemscope\" itemtype=\"https:\/\/schema.org\/CreativeWork\">\n   <a href=\"https:\/\/www.mates.it\/fr\/produits\/outillage-accessoires\/tubes-raccords-connexions\/\" title=\"https:\/\/www.mates.it\/fr\/produits\/outillage-accessoires\/tubes-raccords-connexions\/\" class=\"attachment-portfolio wp-post-image\"\n      alt=\"Tubes \/ Raccords \/ Connexions\"><img decoding=\"async\" src=\"https:\/\/www.mates.it\/wp-content\/uploads\/2016\/06\/Tubi-Raccordi-Attacchi.jpg\" class=\" attachment-portfolio size-portfolio wp-post-image\" alt=\"Tubes \/ Raccords \/ Connexions\" title=\"\"><\/a>\n   <div class=\"slide-content\">\n      <header class=\"entry-content-header\">\n         <h6 class=\"slide-entry-title entry-title\" itemprop=\"headline\"><a\n            href=\"https:\/\/www.mates.it\/fr\/produits\/outillage-accessoires\/tubes-raccords-connexions\/\"\n            title=\"New electric cars are getting really fast\">Tubes \/ Raccords \/ Connexions<\/a><\/h6>\n         <span class=\"av-vertical-delimiter\"><\/span>\n      <\/header>\n      <div class=\"slide-entry-excerpt entry-content\" itemprop=\"text\">\n\t\t  <p>Un large choix de flexibles utiles pour la cr\u00e9ation d&rsquo;un circuit de vide ou pour la propagation de fluides, pouvant \u00eatre utilis\u00e9s dans les proc\u00e9d\u00e9s les plus courants de production de composites avanc\u00e9s.<\/p>\n \n\t\t  <a href=\"https:\/\/www.mates.it\/fr\/produits\/outillage-accessoires\/tubes-raccords-connexions\/\" class=\"avia-button avia-icon_select-yes-left-icon avia-size-small avia-position-left avia-color-theme-color-subtle\">\n\t\t\t  Voir plus &raquo;\n\t\t  <\/a> \n      <\/div>\n   <\/div>\n   <footer class=\"entry-footer\"><\/footer>\n<\/article>\n\n<\/div><div class=\"flex-cell cell-1of3 medium-cell-1of2 small-cell-1of1\">\n<article class=\"post-entry slide-entry-overview slide-loop-1 slide-parity-odd real-thumbnail post-format-standard\"\n   itemscope=\"itemscope\" itemtype=\"https:\/\/schema.org\/CreativeWork\">\n   <a href=\"https:\/\/www.mates.it\/fr\/produits\/outillage-accessoires\/machines-equipements\/\" title=\"https:\/\/www.mates.it\/fr\/produits\/outillage-accessoires\/machines-equipements\/\" class=\"attachment-portfolio wp-post-image\"\n      alt=\"Machines \/ Equipements\"><img decoding=\"async\" src=\"https:\/\/www.mates.it\/wp-content\/uploads\/Macchinari-Impianti.jpg\" class=\" attachment-portfolio size-portfolio wp-post-image\" alt=\"Machines \/ Equipements\" title=\"\"><\/a>\n   <div class=\"slide-content\">\n      <header class=\"entry-content-header\">\n         <h6 class=\"slide-entry-title entry-title\" itemprop=\"headline\"><a\n            href=\"https:\/\/www.mates.it\/fr\/produits\/outillage-accessoires\/machines-equipements\/\"\n            title=\"New electric cars are getting really fast\">Machines \/ Equipements<\/a><\/h6>\n         <span class=\"av-vertical-delimiter\"><\/span>\n      <\/header>\n      <div class=\"slide-entry-excerpt entry-content\" itemprop=\"text\">\n\t\t  <p>Notre ambition premi\u00e8re n&rsquo;est pas d&rsquo;\u00eatre un fournisseur g\u00e9n\u00e9rique mais d&rsquo;\u00eatre un partenaire fiable capable d&rsquo;offrir le meilleur service avant, pendant et apr\u00e8s la livraison.<\/p>\n \n\t\t  <a href=\"https:\/\/www.mates.it\/fr\/produits\/outillage-accessoires\/machines-equipements\/\" class=\"avia-button avia-icon_select-yes-left-icon avia-size-small avia-position-left avia-color-theme-color-subtle\">\n\t\t\t  Voir plus &raquo;\n\t\t  <\/a> \n      <\/div>\n   <\/div>\n   <footer class=\"entry-footer\"><\/footer>\n<\/article>\n\n<\/div><div class=\"flex-cell cell-1of3 medium-cell-1of2 small-cell-1of1\">\n<article class=\"post-entry slide-entry-overview slide-loop-1 slide-parity-odd real-thumbnail post-format-standard\"\n   itemscope=\"itemscope\" itemtype=\"https:\/\/schema.org\/CreativeWork\">\n   <a href=\"https:\/\/www.mates.it\/fr\/produits\/outillage-accessoires\/equipement-protection\/\" title=\"https:\/\/www.mates.it\/fr\/produits\/outillage-accessoires\/equipement-protection\/\" class=\"attachment-portfolio wp-post-image\"\n      alt=\"\u00c9quipement protection\"><img decoding=\"async\" src=\"https:\/\/www.mates.it\/wp-content\/uploads\/2016\/06\/Dispositivi-di-sicurezza.jpg\" class=\" attachment-portfolio size-portfolio wp-post-image\" alt=\"\u00c9quipement protection\" title=\"\"><\/a>\n   <div class=\"slide-content\">\n      <header class=\"entry-content-header\">\n         <h6 class=\"slide-entry-title entry-title\" itemprop=\"headline\"><a\n            href=\"https:\/\/www.mates.it\/fr\/produits\/outillage-accessoires\/equipement-protection\/\"\n            title=\"New electric cars are getting really fast\">\u00c9quipement protection<\/a><\/h6>\n         <span class=\"av-vertical-delimiter\"><\/span>\n      <\/header>\n      <div class=\"slide-entry-excerpt entry-content\" itemprop=\"text\">\n\t\t  <p>Les \u00e9quipements de protection individuelle (EPI) sont des produits qui ont pour fonction de prot\u00e9ger la personne qui les porte ou en tout cas les emporte avec eux des risques pour la sant\u00e9 et la s\u00e9curit\u00e9.<\/p>\n \n\t\t  <a href=\"https:\/\/www.mates.it\/fr\/produits\/outillage-accessoires\/equipement-protection\/\" class=\"avia-button avia-icon_select-yes-left-icon avia-size-small avia-position-left avia-color-theme-color-subtle\">\n\t\t\t  Voir plus &raquo;\n\t\t  <\/a> \n      <\/div>\n   <\/div>\n   <footer class=\"entry-footer\"><\/footer>\n<\/article>\n\n<\/div><div class=\"flex-cell cell-1of3 medium-cell-1of2 small-cell-1of1\">\n<article class=\"post-entry slide-entry-overview slide-loop-1 slide-parity-odd real-thumbnail post-format-standard\"\n   itemscope=\"itemscope\" itemtype=\"https:\/\/schema.org\/CreativeWork\">\n   <a href=\"https:\/\/www.mates.it\/fr\/produits\/outillage-accessoires\/systemes-de-moulage\/\" title=\"https:\/\/www.mates.it\/fr\/produits\/outillage-accessoires\/systemes-de-moulage\/\" class=\"attachment-portfolio wp-post-image\"\n      alt=\"Syst\u00e8mes de moulage\"><img decoding=\"async\" src=\"https:\/\/www.mates.it\/wp-content\/uploads\/2016\/09\/Tooling-systems.jpg\" class=\" attachment-portfolio size-portfolio wp-post-image\" alt=\"Syst\u00e8mes de moulage\" title=\"\"><\/a>\n   <div class=\"slide-content\">\n      <header class=\"entry-content-header\">\n         <h6 class=\"slide-entry-title entry-title\" itemprop=\"headline\"><a\n            href=\"https:\/\/www.mates.it\/fr\/produits\/outillage-accessoires\/systemes-de-moulage\/\"\n            title=\"New electric cars are getting really fast\">Syst\u00e8mes de moulage<\/a><\/h6>\n         <span class=\"av-vertical-delimiter\"><\/span>\n      <\/header>\n      <div class=\"slide-entry-excerpt entry-content\" itemprop=\"text\">\n\t\t  <p>Mates dispose d&rsquo;une vaste gamme de panneaux pour la fabrication de moules et de mod\u00e8les, caract\u00e9ris\u00e9s par des densit\u00e9s diff\u00e9rentes, permettant de r\u00e9pondre aux exigences de traitement les plus vari\u00e9es.<\/p>\n \n\t\t  <a href=\"https:\/\/www.mates.it\/fr\/produits\/outillage-accessoires\/systemes-de-moulage\/\" class=\"avia-button avia-icon_select-yes-left-icon avia-size-small avia-position-left avia-color-theme-color-subtle\">\n\t\t\t  Voir plus &raquo;\n\t\t  <\/a> \n      <\/div>\n   <\/div>\n   <footer class=\"entry-footer\"><\/footer>\n<\/article>\n\n<\/div><\/div\">\n<\/div><\/section>\n","protected":false},"excerpt":{"rendered":"<p>Un excellent r\u00e9sultat final est \u00e9galement obtenu gr\u00e2ce \u00e0 l&rsquo;utilisation d&rsquo;outils adapt\u00e9s, soigneusement s\u00e9lectionn\u00e9 pour sa qualit\u00e9, sa fiabilit\u00e9 et sa valeur intrins\u00e8que.<\/p>\n","protected":false},"author":1,"featured_media":7357,"parent":9155,"menu_order":7,"comment_status":"open","ping_status":"open","template":"","meta":{"footnotes":""},"class_list":["post-9149","page","type-page","status-publish","has-post-thumbnail","hentry"],"_links":{"self":[{"href":"https:\/\/www.mates.it\/fr\/wp-json\/wp\/v2\/pages\/9149","targetHints":{"allow":["GET"]}}],"collection":[{"href":"https:\/\/www.mates.it\/fr\/wp-json\/wp\/v2\/pages"}],"about":[{"href":"https:\/\/www.mates.it\/fr\/wp-json\/wp\/v2\/types\/page"}],"author":[{"embeddable":true,"href":"https:\/\/www.mates.it\/fr\/wp-json\/wp\/v2\/users\/1"}],"replies":[{"embeddable":true,"href":"https:\/\/www.mates.it\/fr\/wp-json\/wp\/v2\/comments?post=9149"}],"version-history":[{"count":0,"href":"https:\/\/www.mates.it\/fr\/wp-json\/wp\/v2\/pages\/9149\/revisions"}],"up":[{"embeddable":true,"href":"https:\/\/www.mates.it\/fr\/wp-json\/wp\/v2\/pages\/9155"}],"wp:featuredmedia":[{"embeddable":true,"href":"https:\/\/www.mates.it\/fr\/wp-json\/wp\/v2\/media\/7357"}],"wp:attachment":[{"href":"https:\/\/www.mates.it\/fr\/wp-json\/wp\/v2\/media?parent=9149"}],"curies":[{"name":"wp","href":"https:\/\/api.w.org\/{rel}","templated":true}]}}