{"id":9151,"date":"2015-07-16T09:43:22","date_gmt":"2015-07-16T07:43:22","guid":{"rendered":"https:\/\/www.mates.it\/prodotti\/tessuti-rinforzi\/fibre-de-carbone\/"},"modified":"2023-12-15T20:44:29","modified_gmt":"2023-12-15T19:44:29","slug":"fibre-de-carbone","status":"publish","type":"page","link":"https:\/\/www.mates.it\/fr\/produits\/tissus-renforts\/fibre-de-carbone\/","title":{"rendered":"Fibre de carbone"},"content":{"rendered":"<\/p>\n\n<style type=\"text\/css\" data-created_by=\"avia_inline_auto\" id=\"style-css-av-lj98nafg-e603004bb83e4ab954ce428dc1c5e2c8\">\n.avia-image-container.av-lj98nafg-e603004bb83e4ab954ce428dc1c5e2c8 img.avia_image{\nbox-shadow:none;\n}\n.avia-image-container.av-lj98nafg-e603004bb83e4ab954ce428dc1c5e2c8 .av-image-caption-overlay-center{\ncolor:#ffffff;\n}\n<\/style>\n<div  class='avia-image-container av-lj98nafg-e603004bb83e4ab954ce428dc1c5e2c8 av-styling- avia-align-center  avia-builder-el-0  el_before_av_hr  avia-builder-el-first '  ><div class=\"avia-image-container-inner\"><div class=\"avia-image-overlay-wrap\"><img decoding=\"async\" fetchpriority=\"high\" class=\"wp-image-7217 avia-img-lazy-loading-not-7217 avia_image \" src=\"https:\/\/www.mates.it\/wp-content\/uploads\/2016\/05\/Fibra-di-carbonio.jpg\" alt=\"\" title=\"Fibra di carbonio\" height=\"190\" width=\"1000\" srcset=\"https:\/\/www.mates.it\/wp-content\/uploads\/2016\/05\/Fibra-di-carbonio.jpg 1000w, https:\/\/www.mates.it\/wp-content\/uploads\/2016\/05\/Fibra-di-carbonio-300x57.jpg 300w, https:\/\/www.mates.it\/wp-content\/uploads\/2016\/05\/Fibra-di-carbonio-768x146.jpg 768w\" sizes=\"(max-width: 1000px) 100vw, 1000px\"><\/div><\/div><\/div>\n<div  class='hr av-av_hr-91d7ccd583a503147498e120fee2ff9b hr-default  avia-builder-el-1  el_after_av_image  el_before_av_three_fifth '><span class='hr-inner '><span class=\"hr-inner-style\"><\/span><\/span><\/div>\n<div  class='flex_column av-av_three_fifth-7714eba142aeda1f8b5272a3c372b279 av_three_fifth  avia-builder-el-2  el_after_av_hr  el_before_av_two_fifth  first flex_column_div  '     ><p>\n<style type=\"text\/css\" data-created_by=\"avia_inline_auto\" id=\"style-css-av-lj98new0-5ac80539cd579e5e068d19cb38387e2c\">\n#top .av-special-heading.av-lj98new0-5ac80539cd579e5e068d19cb38387e2c{\npadding-bottom:10px;\n}\nbody .av-special-heading.av-lj98new0-5ac80539cd579e5e068d19cb38387e2c .av-special-heading-tag .heading-char{\nfont-size:25px;\n}\n.av-special-heading.av-lj98new0-5ac80539cd579e5e068d19cb38387e2c .av-subheading{\nfont-size:15px;\n}\n<\/style>\n<div  class='av-special-heading av-lj98new0-5ac80539cd579e5e068d19cb38387e2c av-special-heading-h1  avia-builder-el-3  el_before_av_textblock  avia-builder-el-first  custom-h1-title'><h1 class='av-special-heading-tag '  >Fibre de carbone<\/h1><div class=\"special-heading-border\"><div class=\"special-heading-inner-border\"><\/div><\/div><\/div><br \/>\n<section  class='av_textblock_section av-lj98nmab-475851e5d0813059099053a9754afde4 '  ><div class='avia_textblock' ><p>La fibre de carbone est principalement utilis\u00e9e pour renforcer les mat\u00e9riaux composites, en particulier les polym\u00e8res. Elle est \u00e9galement utilis\u00e9e pour ajouter une valeur esth\u00e9tique \u00e0 divers produits de consommation. Ses caract\u00e9ristiques comprennent une r\u00e9sistance m\u00e9canique \u00e9lev\u00e9e, une faible densit\u00e9, une capacit\u00e9 d&rsquo;isolation thermique, une r\u00e9sistance aux variations de temp\u00e9rature et \u00e0 l&rsquo;effet des produits chimiques, ainsi que de bonnes propri\u00e9t\u00e9s ignifuges. Par ailleurs, le mat\u00e9riau pr\u00e9sente souvent une anisotropie marqu\u00e9e, c&rsquo;est-\u00e0-dire que ses propri\u00e9t\u00e9s m\u00e9caniques ont une direction privil\u00e9gi\u00e9e. Le tissu de carbone, la fibre de carbone ou le tissu de carbone sont autant de noms utilis\u00e9s pour d\u00e9crire le renforcement en fibre de carbone mis en \u0153uvre dans de nombreux composites avanc\u00e9s d&rsquo;aujourd&rsquo;hui.<\/p>\n<\/div><\/section><\/p><\/div>\n<div  class='flex_column av-av_two_fifth-f1c518e9ff58e869f80c8f093487abc9 av_two_fifth  avia-builder-el-5  el_after_av_three_fifth  el_before_av_hr  flex_column_div  '     ><style type=\"text\/css\" data-created_by=\"avia_inline_auto\" id=\"style-css-av-lj98o0do-8c1ebaaf9c7e2d32223b8c6387114d8b\">\n#top .togglecontainer.av-lj98o0do-8c1ebaaf9c7e2d32223b8c6387114d8b h4.toggler{\nfont-size:14px;\n}\n#top .togglecontainer.av-lj98o0do-8c1ebaaf9c7e2d32223b8c6387114d8b h4.toggler.activeTitle{\ncolor:#ffffff;\nborder-color:#ffffff;\nbackground-color:#2682d3;\n}\n<\/style>\n<div  class='togglecontainer av-lj98o0do-8c1ebaaf9c7e2d32223b8c6387114d8b  avia-builder-el-6  avia-builder-el-no-sibling  accordion_product toggle_close_all hasCurrentStyle' >\n<section class='av_toggle_section av-lj98nxyi-98e93be70e4ba803abb4f7592b7b1d56' ><div role=\"tablist\" class=\"single_toggle\" data-tags=\"{Tout} \"  ><h4 id='toggle-toggle-id-1' data-fake-id='#toggle-id-1' class='toggler  activeTitle av-title-above '  role='tab' tabindex='0' aria-controls='toggle-id-1' data-slide-speed=\"200\" data-title=\"Les avantages\" data-title-open=\"\" data-aria_collapsed=\"Cliquez pour \u00e9tendre : Les avantages\" data-aria_expanded=\"Cliquez pour r\u00e9duire : Les avantages\">Les avantages<span class=\"toggle_icon\"><span class=\"vert_icon\"><\/span><span class=\"hor_icon\"><\/span><\/span><\/h4><div id='toggle-id-1' aria-labelledby='toggle-toggle-id-1' role='region' class='toggle_wrap  active_tc av-title-above' style='display:block;' ><div class='toggle_content invers-color ' ><ul class=\"customlist1\">\n<li>Propri\u00e9t\u00e9s m\u00e9caniques \u00e9lev\u00e9es<\/li>\n<li>Faible densit\u00e9<\/li>\n<li>Impact esth\u00e9tique \u00e9lev\u00e9<\/li>\n<li>Anisotropie \u00e9lev\u00e9e<\/li>\n<li>Isolation thermique<\/li>\n<\/ul>\n<\/div><\/div><\/div><\/section>\n<section class='av_toggle_section av-lj996uxp-a75d65ab044fb9cb270282744e1eea05' ><div role=\"tablist\" class=\"single_toggle\" data-tags=\"{Tout} \"  ><h4 id='toggle-toggle-id-2' data-fake-id='#toggle-id-2' class='toggler  av-title-above '  role='tab' tabindex='0' aria-controls='toggle-id-2' data-slide-speed=\"200\" data-title=\"Types de produits\" data-title-open=\"\" data-aria_collapsed=\"Cliquez pour \u00e9tendre : Types de produits\" data-aria_expanded=\"Cliquez pour r\u00e9duire : Types de produits\">Types de produits<span class=\"toggle_icon\"><span class=\"vert_icon\"><\/span><span class=\"hor_icon\"><\/span><\/span><\/h4><div id='toggle-id-2' aria-labelledby='toggle-toggle-id-2' role='region' class='toggle_wrap  av-title-above'  ><div class='toggle_content invers-color ' ><li class=\"page_item page-item-9271\"><a href=\"https:\/\/www.mates.it\/fr\/produits\/tissus-renforts\/fibre-de-carbone\/tissus-c\/\">Tissus<\/a><\/li>\n<li class=\"page_item page-item-9373\"><a href=\"https:\/\/www.mates.it\/fr\/produits\/tissus-renforts\/fibre-de-carbone\/multiaxiale-c\/\">Multiaxiale<\/a><\/li>\n<li class=\"page_item page-item-9372\"><a href=\"https:\/\/www.mates.it\/fr\/produits\/tissus-renforts\/fibre-de-carbone\/unidirectionnel-c\/\">Unidirectionnel<\/a><\/li>\n<li class=\"page_item page-item-9273\"><a href=\"https:\/\/www.mates.it\/fr\/produits\/tissus-renforts\/fibre-de-carbone\/rubans-tresses-c\/\">Rubans \/ Tresses<\/a><\/li>\n<li class=\"page_item page-item-9275\"><a href=\"https:\/\/www.mates.it\/fr\/produits\/tissus-renforts\/fibre-de-carbone\/preimpregnes-c\/\">Pr\u00e9 impr\u00e9gn\u00e9s<\/a><\/li>\n\n<\/div><\/div><\/div><\/section>\n<\/div><\/div><div  class='hr av-av_hr-91d7ccd583a503147498e120fee2ff9b hr-default  avia-builder-el-7  el_after_av_two_fifth  avia-builder-el-last '><span class='hr-inner '><span class=\"hr-inner-style\"><\/span><\/span><\/div><\/p>\n","protected":false},"excerpt":{"rendered":"<p>La fibre de carbone est principalement utilis\u00e9e pour renforcer les mat\u00e9riaux composites, en particulier les polym\u00e8res. Elle est \u00e9galement utilis\u00e9e pour ajouter une valeur esth\u00e9tique \u00e0 divers produits de consommation. <\/p>\n","protected":false},"author":1,"featured_media":7217,"parent":9139,"menu_order":1,"comment_status":"open","ping_status":"open","template":"","meta":{"footnotes":""},"class_list":["post-9151","page","type-page","status-publish","has-post-thumbnail","hentry"],"_links":{"self":[{"href":"https:\/\/www.mates.it\/fr\/wp-json\/wp\/v2\/pages\/9151","targetHints":{"allow":["GET"]}}],"collection":[{"href":"https:\/\/www.mates.it\/fr\/wp-json\/wp\/v2\/pages"}],"about":[{"href":"https:\/\/www.mates.it\/fr\/wp-json\/wp\/v2\/types\/page"}],"author":[{"embeddable":true,"href":"https:\/\/www.mates.it\/fr\/wp-json\/wp\/v2\/users\/1"}],"replies":[{"embeddable":true,"href":"https:\/\/www.mates.it\/fr\/wp-json\/wp\/v2\/comments?post=9151"}],"version-history":[{"count":0,"href":"https:\/\/www.mates.it\/fr\/wp-json\/wp\/v2\/pages\/9151\/revisions"}],"up":[{"embeddable":true,"href":"https:\/\/www.mates.it\/fr\/wp-json\/wp\/v2\/pages\/9139"}],"wp:featuredmedia":[{"embeddable":true,"href":"https:\/\/www.mates.it\/fr\/wp-json\/wp\/v2\/media\/7217"}],"wp:attachment":[{"href":"https:\/\/www.mates.it\/fr\/wp-json\/wp\/v2\/media?parent=9151"}],"curies":[{"name":"wp","href":"https:\/\/api.w.org\/{rel}","templated":true}]}}