{"id":9153,"date":"2015-09-16T10:43:08","date_gmt":"2015-09-16T08:43:08","guid":{"rendered":"https:\/\/www.mates.it\/prodotti\/inserts-de-fixation\/"},"modified":"2024-02-15T21:38:51","modified_gmt":"2024-02-15T20:38:51","slug":"inserts","status":"publish","type":"page","link":"https:\/\/www.mates.it\/fr\/produits\/inserts\/","title":{"rendered":"Inserts"},"content":{"rendered":"\n<style type=\"text\/css\" data-created_by=\"avia_inline_auto\" id=\"style-css-av-ljhf1ei8-a46fa73639d27e095cd4da89e73238b0\">\n#top .av-special-heading.av-ljhf1ei8-a46fa73639d27e095cd4da89e73238b0{\npadding-bottom:10px;\n}\nbody .av-special-heading.av-ljhf1ei8-a46fa73639d27e095cd4da89e73238b0 .av-special-heading-tag .heading-char{\nfont-size:25px;\n}\n.av-special-heading.av-ljhf1ei8-a46fa73639d27e095cd4da89e73238b0 .av-subheading{\nfont-size:15px;\n}\n<\/style>\n<div  class='av-special-heading av-ljhf1ei8-a46fa73639d27e095cd4da89e73238b0 av-special-heading-h1  avia-builder-el-0  el_before_av_textblock  avia-builder-el-first  custom-h1-title'><h1 class='av-special-heading-tag '  >Inserts<\/h1><div class=\"special-heading-border\"><div class=\"special-heading-inner-border\"><\/div><\/div><\/div>\n<section  class='av_textblock_section av-ljhf17ta-1f2e57ddd4d8d849636e8525799b3927 '  ><div class='avia_textblock' ><p>Les syst\u00e8mes traditionnels utilis\u00e9s pour assembler les composants, tels que les rivets, les vis et les agrafes, sont souvent incompatibles avec les mat\u00e9riaux composites ou n\u00e9cessitent trop de compromis pour fonctionner en fatigue, ce qui entra\u00eene un affaiblissement de la pi\u00e8ce finie ou une augmentation de son \u00e9paisseur et donc de son poids final. Le per\u00e7age d&rsquo;un panneau renforc\u00e9 au carbone endommage les fibres destin\u00e9es \u00e0 assurer le renforcement et l&rsquo;int\u00e9grit\u00e9 structurelle, ce qui entra\u00eene la rupture du panneau. En collant une insert directement sur la surface, \u00e0 l&rsquo;aide de l&rsquo;adh\u00e9sif appropri\u00e9, ou en l&rsquo;int\u00e9grant dans le stratifi\u00e9, il est possible d&rsquo;obtenir une fixation s\u00fbre sans percer ni endommager le panneau composite.<br \/>\nL&rsquo;innovation et le progr\u00e8s technologique ont conduit \u00e0 la cr\u00e9ation de fixations sp\u00e9cifiquement destin\u00e9es au march\u00e9 des composites renforc\u00e9s de fibres. Gr\u00e2ce \u00e0 leur grande souplesse de conception et \u00e0 leur s\u00e9curit\u00e9 en cas de fatigue, elles se sont impos\u00e9es au fil des ans et sont utilis\u00e9es dans un large \u00e9ventail de secteurs. La qualit\u00e9 des solutions BigHead \u00ae a \u00e9t\u00e9 minutieusement test\u00e9e par des entreprises de premier plan dans les secteurs de l&rsquo;automobile, de la construction navale, de la construction, de l&rsquo;\u00e9nergie et de l&rsquo;industrie manufacturi\u00e8re en g\u00e9n\u00e9ral.<\/p>\n<\/div><\/section>\n<div  class='hr av-by0b0h-6f8a06f2d65b5d03a1fec2817d32afa5 hr-default  avia-builder-el-2  el_after_av_textblock  el_before_av_textblock '><span class='hr-inner '><span class=\"hr-inner-style\"><\/span><\/span><\/div>\n<section  class='av_textblock_section av-aa2641-8c8685f44ed5c6180d719a09f0966d09 '  ><div class='avia_textblock' ><div class=\"flex-container container-align-start\"><div class=\"flex-cell cell-1of3 medium-cell-1of2 small-cell-1of1\">\n<article class=\"post-entry slide-entry-overview slide-loop-1 slide-parity-odd real-thumbnail post-format-standard\"\n   itemscope=\"itemscope\" itemtype=\"https:\/\/schema.org\/CreativeWork\">\n   <a href=\"https:\/\/www.mates.it\/fr\/produits\/inserts\/goujons-clous\/\" title=\"https:\/\/www.mates.it\/fr\/produits\/inserts\/goujons-clous\/\" class=\"attachment-portfolio wp-post-image\"\n      alt=\"Goujons \/ Clous\"><img decoding=\"async\" src=\"https:\/\/www.mates.it\/wp-content\/uploads\/2016\/06\/Perni-Chiodi.jpg\" class=\" attachment-portfolio size-portfolio wp-post-image\" alt=\"Goujons \/ Clous\" title=\"\"><\/a>\n   <div class=\"slide-content\">\n      <header class=\"entry-content-header\">\n         <h6 class=\"slide-entry-title entry-title\" itemprop=\"headline\"><a\n            href=\"https:\/\/www.mates.it\/fr\/produits\/inserts\/goujons-clous\/\"\n            title=\"New electric cars are getting really fast\">Goujons \/ Clous<\/a><\/h6>\n         <span class=\"av-vertical-delimiter\"><\/span>\n      <\/header>\n      <div class=\"slide-entry-excerpt entry-content\" itemprop=\"text\">\n\t\t  <p>Gamme de goujons et de clous filet\u00e9s ou non filet\u00e9s, disponibles dans diff\u00e9rentes combinaisons de diam\u00e8tre et de longueur de goujon, de taille de plaque et de nuance d&rsquo;acier.<\/p>\n \n\t\t  <a href=\"https:\/\/www.mates.it\/fr\/produits\/inserts\/goujons-clous\/\" class=\"avia-button avia-icon_select-yes-left-icon avia-size-small avia-position-left avia-color-theme-color-subtle\">\n\t\t\t  Voir plus &raquo;\n\t\t  <\/a> \n      <\/div>\n   <\/div>\n   <footer class=\"entry-footer\"><\/footer>\n<\/article>\n\n<\/div><div class=\"flex-cell cell-1of3 medium-cell-1of2 small-cell-1of1\">\n<article class=\"post-entry slide-entry-overview slide-loop-1 slide-parity-odd real-thumbnail post-format-standard\"\n   itemscope=\"itemscope\" itemtype=\"https:\/\/schema.org\/CreativeWork\">\n   <a href=\"https:\/\/www.mates.it\/fr\/produits\/inserts\/ecrou-douille\/\" title=\"https:\/\/www.mates.it\/fr\/produits\/inserts\/ecrou-douille\/\" class=\"attachment-portfolio wp-post-image\"\n      alt=\"\u00c9crou \/ Douille\"><img decoding=\"async\" src=\"https:\/\/www.mates.it\/wp-content\/uploads\/2016\/06\/Dadi-Collari.jpg\" class=\" attachment-portfolio size-portfolio wp-post-image\" alt=\"\u00c9crou \/ Douille\" title=\"\"><\/a>\n   <div class=\"slide-content\">\n      <header class=\"entry-content-header\">\n         <h6 class=\"slide-entry-title entry-title\" itemprop=\"headline\"><a\n            href=\"https:\/\/www.mates.it\/fr\/produits\/inserts\/ecrou-douille\/\"\n            title=\"New electric cars are getting really fast\">\u00c9crou \/ Douille<\/a><\/h6>\n         <span class=\"av-vertical-delimiter\"><\/span>\n      <\/header>\n      <div class=\"slide-entry-excerpt entry-content\" itemprop=\"text\">\n\t\t  <p>Les \u00e9crous et les douille taraud\u00e9e femelles filet\u00e9s sont disponibles dans diff\u00e9rentes combinaisons de diam\u00e8tre de douille\/\u00e9crou, de longueur de douille\/\u00e9crou, de taille de plaque et de nuance d&rsquo;acier.<\/p>\n \n\t\t  <a href=\"https:\/\/www.mates.it\/fr\/produits\/inserts\/ecrou-douille\/\" class=\"avia-button avia-icon_select-yes-left-icon avia-size-small avia-position-left avia-color-theme-color-subtle\">\n\t\t\t  Voir plus &raquo;\n\t\t  <\/a> \n      <\/div>\n   <\/div>\n   <footer class=\"entry-footer\"><\/footer>\n<\/article>\n\n<\/div><div class=\"flex-cell cell-1of3 medium-cell-1of2 small-cell-1of1\">\n<article class=\"post-entry slide-entry-overview slide-loop-1 slide-parity-odd real-thumbnail post-format-standard\"\n   itemscope=\"itemscope\" itemtype=\"https:\/\/schema.org\/CreativeWork\">\n   <a href=\"https:\/\/www.mates.it\/fr\/produits\/inserts\/porte-cables-boucles\/\" title=\"https:\/\/www.mates.it\/fr\/produits\/inserts\/porte-cables-boucles\/\" class=\"attachment-portfolio wp-post-image\"\n      alt=\"Porte-c\u00e2bles \/ Boucles\"><img decoding=\"async\" src=\"https:\/\/www.mates.it\/wp-content\/uploads\/Passacavi-Occhielli.jpg\" class=\" attachment-portfolio size-portfolio wp-post-image\" alt=\"Porte-c\u00e2bles \/ Boucles\" title=\"\"><\/a>\n   <div class=\"slide-content\">\n      <header class=\"entry-content-header\">\n         <h6 class=\"slide-entry-title entry-title\" itemprop=\"headline\"><a\n            href=\"https:\/\/www.mates.it\/fr\/produits\/inserts\/porte-cables-boucles\/\"\n            title=\"New electric cars are getting really fast\">Porte-c\u00e2bles \/ Boucles<\/a><\/h6>\n         <span class=\"av-vertical-delimiter\"><\/span>\n      <\/header>\n      <div class=\"slide-entry-excerpt entry-content\" itemprop=\"text\">\n\t\t  <p>Les porte-c\u00e2bles \/ boucles sont disponibles dans diff\u00e9rentes combinaisons, en fonction de l&rsquo;\u00e9paisseur et de l&rsquo;inclinaison de l&rsquo;\u0153illet, du diam\u00e8tre et de la longueur du passage et du type d&rsquo;acier.<\/p>\n \n\t\t  <a href=\"https:\/\/www.mates.it\/fr\/produits\/inserts\/porte-cables-boucles\/\" class=\"avia-button avia-icon_select-yes-left-icon avia-size-small avia-position-left avia-color-theme-color-subtle\">\n\t\t\t  Voir plus &raquo;\n\t\t  <\/a> \n      <\/div>\n   <\/div>\n   <footer class=\"entry-footer\"><\/footer>\n<\/article>\n\n<\/div><div class=\"flex-cell cell-1of3 medium-cell-1of2 small-cell-1of1\">\n<article class=\"post-entry slide-entry-overview slide-loop-1 slide-parity-odd real-thumbnail post-format-standard\"\n   itemscope=\"itemscope\" itemtype=\"https:\/\/schema.org\/CreativeWork\">\n   <a href=\"https:\/\/www.mates.it\/fr\/produits\/inserts\/poppit-twindisk-f\/\" title=\"https:\/\/www.mates.it\/fr\/produits\/inserts\/poppit-twindisk-f\/\" class=\"attachment-portfolio wp-post-image\"\n      alt=\"TwinDisk\u00ae\"><img decoding=\"async\" src=\"https:\/\/www.mates.it\/wp-content\/uploads\/2016\/06\/Poppit-TwinDisk.jpg\" class=\" attachment-portfolio size-portfolio wp-post-image\" alt=\"TwinDisk\u00ae\" title=\"\"><\/a>\n   <div class=\"slide-content\">\n      <header class=\"entry-content-header\">\n         <h6 class=\"slide-entry-title entry-title\" itemprop=\"headline\"><a\n            href=\"https:\/\/www.mates.it\/fr\/produits\/inserts\/poppit-twindisk-f\/\"\n            title=\"New electric cars are getting really fast\">TwinDisk\u00ae<\/a><\/h6>\n         <span class=\"av-vertical-delimiter\"><\/span>\n      <\/header>\n      <div class=\"slide-entry-excerpt entry-content\" itemprop=\"text\">\n\t\t  <p>Sp\u00e9cialement con\u00e7u pour la fixation sur des panneaux composites \u00e0 structure alv\u00e9olaire, TwinDisks\u00ae est constitu\u00e9 de deux disques soud\u00e9s aux deux extr\u00e9mit\u00e9s d&rsquo;un collier en acier inoxydable.<\/p>\n \n\t\t  <a href=\"https:\/\/www.mates.it\/fr\/produits\/inserts\/poppit-twindisk-f\/\" class=\"avia-button avia-icon_select-yes-left-icon avia-size-small avia-position-left avia-color-theme-color-subtle\">\n\t\t\t  Voir plus &raquo;\n\t\t  <\/a> \n      <\/div>\n   <\/div>\n   <footer class=\"entry-footer\"><\/footer>\n<\/article>\n\n<\/div><div class=\"flex-cell cell-1of3 medium-cell-1of2 small-cell-1of1\">\n<article class=\"post-entry slide-entry-overview slide-loop-1 slide-parity-odd real-thumbnail post-format-standard\"\n   itemscope=\"itemscope\" itemtype=\"https:\/\/schema.org\/CreativeWork\">\n   <a href=\"https:\/\/www.mates.it\/fr\/produits\/inserts\/produits-speciaux\/\" title=\"https:\/\/www.mates.it\/fr\/produits\/inserts\/produits-speciaux\/\" class=\"attachment-portfolio wp-post-image\"\n      alt=\"Produits sp\u00e9ciaux\"><img decoding=\"async\" src=\"https:\/\/www.mates.it\/wp-content\/uploads\/2016\/06\/Prodotti-speciali.jpg\" class=\" attachment-portfolio size-portfolio wp-post-image\" alt=\"Produits sp\u00e9ciaux\" title=\"\"><\/a>\n   <div class=\"slide-content\">\n      <header class=\"entry-content-header\">\n         <h6 class=\"slide-entry-title entry-title\" itemprop=\"headline\"><a\n            href=\"https:\/\/www.mates.it\/fr\/produits\/inserts\/produits-speciaux\/\"\n            title=\"New electric cars are getting really fast\">Produits sp\u00e9ciaux<\/a><\/h6>\n         <span class=\"av-vertical-delimiter\"><\/span>\n      <\/header>\n      <div class=\"slide-entry-excerpt entry-content\" itemprop=\"text\">\n\t\t  <p>Cr\u00e9ez la meilleure solution pour chaque d\u00e9fi avec la certitude que la fixation ne sera pas un probl\u00e8me. Lorsque l&rsquo;on travaille avec de nouveaux mat\u00e9riaux composites, chaque d\u00e9tail doit \u00eatre le meilleur.<\/p>\n \n\t\t  <a href=\"https:\/\/www.mates.it\/fr\/produits\/inserts\/produits-speciaux\/\" class=\"avia-button avia-icon_select-yes-left-icon avia-size-small avia-position-left avia-color-theme-color-subtle\">\n\t\t\t  Voir plus &raquo;\n\t\t  <\/a> \n      <\/div>\n   <\/div>\n   <footer class=\"entry-footer\"><\/footer>\n<\/article>\n\n<\/div><\/div\">\n<\/div><\/section>\n<div  class='hr av-96juep-0384251fd16942c2937e40db89ac9c00 hr-default'><span class='hr-inner '><span class=\"hr-inner-style\"><\/span><\/span><\/div>\n<div  class='flex_column av-stkqp-5feb44a65437eb8799d63044fb95296a av_one_full first flex_column_div  '     ><p><div  class='avia-button-wrap av-6fmo8x-f52dfc41da955ae7d43e84032944c296-wrap avia-button-left '><a href=\"https:\/\/fileserver.mates.it\/Prodotti\/6_Inserti\/Brochure\/bigHead-application-examples.pdf\" class=\"avia-button av-6fmo8x-f52dfc41da955ae7d43e84032944c296 av-link-btn avia-icon_select-yes-left-icon avia-size-small avia-position-left avia-color-theme-color\" target=\"_blank\" rel=\"noopener noreferrer\" aria-label=\"  BigHead \u00ae Introduction\"><span class='avia_button_icon avia_button_icon_left avia-iconfont avia-font-entypo-fontello' data-av_icon='\ue82d' data-av_iconfont='entypo-fontello' ><\/span><span class='avia_iconbox_title' >  BigHead \u00ae Introduction<\/span><\/a><\/div><br \/>\n<div  class='avia-button-wrap av-29mxtd-53933305078d3b2db21b9263daecc756-wrap avia-button-left '><a href=\"https:\/\/www.bighead.co.uk\/the-techub\/\" class=\"avia-button av-29mxtd-53933305078d3b2db21b9263daecc756 av-link-btn avia-icon_select-yes-left-icon avia-size-small avia-position-left avia-color-theme-color\" target=\"_blank\" rel=\"noopener noreferrer\" aria-label=\"   BigHead \u00ae tecHub\"><span class='avia_button_icon avia_button_icon_left avia-iconfont avia-font-entypo-fontello' data-av_icon='\ue8ab' data-av_iconfont='entypo-fontello' ><\/span><span class='avia_iconbox_title' >   BigHead \u00ae tecHub<\/span><\/a><\/div><\/p><\/div>\n","protected":false},"excerpt":{"rendered":"<p>Inserts sp\u00e9cifiques pour le march\u00e9 des composites, grande souplesse de conception et s\u00e9curit\u00e9 en cas de fatigue, utilis\u00e9es par des entreprises de premier plan.<\/p>\n","protected":false},"author":1,"featured_media":7317,"parent":9155,"menu_order":6,"comment_status":"open","ping_status":"open","template":"","meta":{"footnotes":""},"class_list":["post-9153","page","type-page","status-publish","has-post-thumbnail","hentry"],"_links":{"self":[{"href":"https:\/\/www.mates.it\/fr\/wp-json\/wp\/v2\/pages\/9153","targetHints":{"allow":["GET"]}}],"collection":[{"href":"https:\/\/www.mates.it\/fr\/wp-json\/wp\/v2\/pages"}],"about":[{"href":"https:\/\/www.mates.it\/fr\/wp-json\/wp\/v2\/types\/page"}],"author":[{"embeddable":true,"href":"https:\/\/www.mates.it\/fr\/wp-json\/wp\/v2\/users\/1"}],"replies":[{"embeddable":true,"href":"https:\/\/www.mates.it\/fr\/wp-json\/wp\/v2\/comments?post=9153"}],"version-history":[{"count":0,"href":"https:\/\/www.mates.it\/fr\/wp-json\/wp\/v2\/pages\/9153\/revisions"}],"up":[{"embeddable":true,"href":"https:\/\/www.mates.it\/fr\/wp-json\/wp\/v2\/pages\/9155"}],"wp:featuredmedia":[{"embeddable":true,"href":"https:\/\/www.mates.it\/fr\/wp-json\/wp\/v2\/media\/7317"}],"wp:attachment":[{"href":"https:\/\/www.mates.it\/fr\/wp-json\/wp\/v2\/media?parent=9153"}],"curies":[{"name":"wp","href":"https:\/\/api.w.org\/{rel}","templated":true}]}}