{"id":9155,"date":"2015-09-16T12:44:55","date_gmt":"2015-09-16T10:44:55","guid":{"rendered":"https:\/\/www.mates.it\/produits\/"},"modified":"2023-12-14T23:33:02","modified_gmt":"2023-12-14T22:33:02","slug":"produits","status":"publish","type":"page","link":"https:\/\/www.mates.it\/fr\/produits\/","title":{"rendered":"PRODUITS"},"content":{"rendered":"<\/p>\n\n<style type=\"text\/css\" data-created_by=\"avia_inline_auto\" id=\"style-css-av-lj953l4z-b5011ac6309890021cd5deab820ca21d\">\n#top .av-special-heading.av-lj953l4z-b5011ac6309890021cd5deab820ca21d{\npadding-bottom:10px;\n}\nbody .av-special-heading.av-lj953l4z-b5011ac6309890021cd5deab820ca21d .av-special-heading-tag .heading-char{\nfont-size:25px;\n}\n.av-special-heading.av-lj953l4z-b5011ac6309890021cd5deab820ca21d .av-subheading{\nfont-size:15px;\n}\n<\/style>\n<div  class='av-special-heading av-lj953l4z-b5011ac6309890021cd5deab820ca21d av-special-heading-h1  avia-builder-el-0  el_before_av_textblock  avia-builder-el-first  custom-h1-title'><h1 class='av-special-heading-tag '  >Produits<\/h1><div class=\"special-heading-border\"><div class=\"special-heading-inner-border\"><\/div><\/div><\/div>\n<section  class='av_textblock_section av-41tb-74b3e299604a0337ba8c232e66409be4 '  ><div class='avia_textblock' ><p>Un grand choix, la qualit\u00e9 et la commodit\u00e9 caract\u00e9risent la proposition de Mates : des produits et des services pour la fabrication avanc\u00e9e de mat\u00e9riaux composites, soigneusement s\u00e9lectionn\u00e9s pour aider les grands et les petits fabricants \u00e0 am\u00e9liorer leur processus de production et pour r\u00e9pondre aux exigences de chacun.<\/p>\n<p>Plus de 1500 articles en stock r\u00e9partis par cat\u00e9gorie, processus de production et secteur de produits, faciles \u00e0 consulter et accompagn\u00e9s d&rsquo;une fiche technique.<br \/>\nAfin de mieux r\u00e9pondre aux nouvelles tendances de consommation, qui exigent de plus en plus de produits \u00ab\u00a0sur mesure\u00a0\u00bb con\u00e7us pour chaque besoin, Mates a ajout\u00e9 aux grandes marques qu&rsquo;elle distribue depuis toujours, telles que Armacell, Chem-Trend \/ Zyvax, BigHead, Acralock, sa propre ligne sp\u00e9cialis\u00e9e de consommables et d&rsquo;auxiliaires de processus pour compl\u00e9ter la gamme offerte.<br \/>\nConsultez la liste compl\u00e8te des produits Mates, con\u00e7us pour vous aider \u00e0 travailler, \u00e0 organiser votre processus et \u00e0 d\u00e9velopper votre entreprise.<\/p>\n<\/div><\/section>\n<div  class='hr av-7wwxb-61b44ac2298bc84e7c45bc8dbcd64cc0 hr-default  avia-builder-el-2  el_after_av_textblock  el_before_av_textblock '><span class='hr-inner '><span class=\"hr-inner-style\"><\/span><\/span><\/div>\n<section  class='av_textblock_section av-a8wuf-b2c35f4166aa5d022514c16fc8523feb '  ><div class='avia_textblock' ><div class=\"flex-container container-align-start\"><div class=\"flex-cell cell-1of3 medium-cell-1of2 small-cell-1of1\">\n<article class=\"post-entry slide-entry-overview slide-loop-1 slide-parity-odd real-thumbnail post-format-standard\"\n   itemscope=\"itemscope\" itemtype=\"https:\/\/schema.org\/CreativeWork\">\n   <a href=\"https:\/\/www.mates.it\/fr\/produits\/tissus-renforts\/\" title=\"https:\/\/www.mates.it\/fr\/produits\/tissus-renforts\/\" class=\"attachment-portfolio wp-post-image\"\n      alt=\"Renforcements\"><img decoding=\"async\" src=\"https:\/\/www.mates.it\/wp-content\/uploads\/2016\/05\/TESSUTI-RINFORZI-FIBRE.jpg\" class=\" attachment-portfolio size-portfolio wp-post-image\" alt=\"Renforcements\" title=\"\"><\/a>\n   <div class=\"slide-content\">\n      <header class=\"entry-content-header\">\n         <h6 class=\"slide-entry-title entry-title\" itemprop=\"headline\"><a\n            href=\"https:\/\/www.mates.it\/fr\/produits\/tissus-renforts\/\"\n            title=\"New electric cars are getting really fast\">Renforcements<\/a><\/h6>\n         <span class=\"av-vertical-delimiter\"><\/span>\n      <\/header>\n      <div class=\"slide-entry-excerpt entry-content\" itemprop=\"text\">\n\t\t  <p>Les renforts techniques combinent un contenu textile avec un autre contenu non textile, c&rsquo;est-\u00e0-dire issu de diff\u00e9rentes technologies telles que le moulage plastique et la chimie. <\/p>\n \n\t\t  <a href=\"https:\/\/www.mates.it\/fr\/produits\/tissus-renforts\/\" class=\"avia-button avia-icon_select-yes-left-icon avia-size-small avia-position-left avia-color-theme-color-subtle\">\n\t\t\t  Voir plus &raquo;\n\t\t  <\/a> \n      <\/div>\n   <\/div>\n   <footer class=\"entry-footer\"><\/footer>\n<\/article>\n\n<\/div><div class=\"flex-cell cell-1of3 medium-cell-1of2 small-cell-1of1\">\n<article class=\"post-entry slide-entry-overview slide-loop-1 slide-parity-odd real-thumbnail post-format-standard\"\n   itemscope=\"itemscope\" itemtype=\"https:\/\/schema.org\/CreativeWork\">\n   <a href=\"https:\/\/www.mates.it\/fr\/produits\/resines-adhesifs-chimiques\/\" title=\"https:\/\/www.mates.it\/fr\/produits\/resines-adhesifs-chimiques\/\" class=\"attachment-portfolio wp-post-image\"\n      alt=\"Matrices\"><img decoding=\"async\" src=\"https:\/\/www.mates.it\/wp-content\/uploads\/2016\/06\/RESINE-ADESIVI-CHIMICI.jpg\" class=\" attachment-portfolio size-portfolio wp-post-image\" alt=\"Matrices\" title=\"\"><\/a>\n   <div class=\"slide-content\">\n      <header class=\"entry-content-header\">\n         <h6 class=\"slide-entry-title entry-title\" itemprop=\"headline\"><a\n            href=\"https:\/\/www.mates.it\/fr\/produits\/resines-adhesifs-chimiques\/\"\n            title=\"New electric cars are getting really fast\">Matrices<\/a><\/h6>\n         <span class=\"av-vertical-delimiter\"><\/span>\n      <\/header>\n      <div class=\"slide-entry-excerpt entry-content\" itemprop=\"text\">\n\t\t  <p>Les r\u00e9sines sont utilis\u00e9es pour l&rsquo;impr\u00e9gnation manuelle de fibres de renforcement, pour l&rsquo;infusion ou l&rsquo;injection et pour le remplissage ou le moulage. Elles sont utilis\u00e9es comme matrices dans la fabrication de mod\u00e8les, de moules et de produits finis.<\/p>\n \n\t\t  <a href=\"https:\/\/www.mates.it\/fr\/produits\/resines-adhesifs-chimiques\/\" class=\"avia-button avia-icon_select-yes-left-icon avia-size-small avia-position-left avia-color-theme-color-subtle\">\n\t\t\t  Voir plus &raquo;\n\t\t  <\/a> \n      <\/div>\n   <\/div>\n   <footer class=\"entry-footer\"><\/footer>\n<\/article>\n\n<\/div><div class=\"flex-cell cell-1of3 medium-cell-1of2 small-cell-1of1\">\n<article class=\"post-entry slide-entry-overview slide-loop-1 slide-parity-odd real-thumbnail post-format-standard\"\n   itemscope=\"itemscope\" itemtype=\"https:\/\/schema.org\/CreativeWork\">\n   <a href=\"https:\/\/www.mates.it\/fr\/produits\/agents-de-demoulage\/\" title=\"https:\/\/www.mates.it\/fr\/produits\/agents-de-demoulage\/\" class=\"attachment-portfolio wp-post-image\"\n      alt=\"Agents de d\u00e9moulage\"><img decoding=\"async\" src=\"https:\/\/www.mates.it\/wp-content\/uploads\/2016\/06\/AGENTI-DISTACCANTI.jpg\" class=\" attachment-portfolio size-portfolio wp-post-image\" alt=\"Agents de d\u00e9moulage\" title=\"\"><\/a>\n   <div class=\"slide-content\">\n      <header class=\"entry-content-header\">\n         <h6 class=\"slide-entry-title entry-title\" itemprop=\"headline\"><a\n            href=\"https:\/\/www.mates.it\/fr\/produits\/agents-de-demoulage\/\"\n            title=\"New electric cars are getting really fast\">Agents de d\u00e9moulage<\/a><\/h6>\n         <span class=\"av-vertical-delimiter\"><\/span>\n      <\/header>\n      <div class=\"slide-entry-excerpt entry-content\" itemprop=\"text\">\n\t\t  <p>Les agents de d\u00e9moulage sont la barri\u00e8re \u00e0 placer entre le moule et le stratifi\u00e9 afin d&rsquo;\u00e9viter la coh\u00e9sion et le collage irr\u00e9versible des deux pi\u00e8ces entre elles. G\u00e9n\u00e9ralement, quatre types principaux peuvent \u00eatre distingu\u00e9s.<\/p>\n \n\t\t  <a href=\"https:\/\/www.mates.it\/fr\/produits\/agents-de-demoulage\/\" class=\"avia-button avia-icon_select-yes-left-icon avia-size-small avia-position-left avia-color-theme-color-subtle\">\n\t\t\t  Voir plus &raquo;\n\t\t  <\/a> \n      <\/div>\n   <\/div>\n   <footer class=\"entry-footer\"><\/footer>\n<\/article>\n\n<\/div><div class=\"flex-cell cell-1of3 medium-cell-1of2 small-cell-1of1\">\n<article class=\"post-entry slide-entry-overview slide-loop-1 slide-parity-odd real-thumbnail post-format-standard\"\n   itemscope=\"itemscope\" itemtype=\"https:\/\/schema.org\/CreativeWork\">\n   <a href=\"https:\/\/www.mates.it\/fr\/produits\/materiaux-dame\/\" title=\"https:\/\/www.mates.it\/fr\/produits\/materiaux-dame\/\" class=\"attachment-portfolio wp-post-image\"\n      alt=\"Mat\u00e9riaux d&rsquo;ame\"><img decoding=\"async\" src=\"https:\/\/www.mates.it\/wp-content\/uploads\/2016\/06\/MATERIALI-D\u2019ANIMA-CORE.jpg\" class=\" attachment-portfolio size-portfolio wp-post-image\" alt=\"Mat\u00e9riaux d&rsquo;ame\" title=\"\"><\/a>\n   <div class=\"slide-content\">\n      <header class=\"entry-content-header\">\n         <h6 class=\"slide-entry-title entry-title\" itemprop=\"headline\"><a\n            href=\"https:\/\/www.mates.it\/fr\/produits\/materiaux-dame\/\"\n            title=\"New electric cars are getting really fast\">Mat\u00e9riaux d&rsquo;ame<\/a><\/h6>\n         <span class=\"av-vertical-delimiter\"><\/span>\n      <\/header>\n      <div class=\"slide-entry-excerpt entry-content\" itemprop=\"text\">\n\t\t  <p>Les noyaux structuraux pour l&rsquo;usinage des sandwichs prennent de plus en plus d&rsquo;importance sur le march\u00e9 des mat\u00e9riaux composites, ils sont capables de satisfaire tous les besoins.<\/p>\n \n\t\t  <a href=\"https:\/\/www.mates.it\/fr\/produits\/materiaux-dame\/\" class=\"avia-button avia-icon_select-yes-left-icon avia-size-small avia-position-left avia-color-theme-color-subtle\">\n\t\t\t  Voir plus &raquo;\n\t\t  <\/a> \n      <\/div>\n   <\/div>\n   <footer class=\"entry-footer\"><\/footer>\n<\/article>\n\n<\/div><div class=\"flex-cell cell-1of3 medium-cell-1of2 small-cell-1of1\">\n<article class=\"post-entry slide-entry-overview slide-loop-1 slide-parity-odd real-thumbnail post-format-standard\"\n   itemscope=\"itemscope\" itemtype=\"https:\/\/schema.org\/CreativeWork\">\n   <a href=\"https:\/\/www.mates.it\/fr\/produits\/materiaux-de-procede\/\" title=\"https:\/\/www.mates.it\/fr\/produits\/materiaux-de-procede\/\" class=\"attachment-portfolio wp-post-image\"\n      alt=\"Mat\u00e9riaux de proc\u00e9d\u00e9\"><img decoding=\"async\" src=\"https:\/\/www.mates.it\/wp-content\/uploads\/2016\/06\/AUSILIARI-DI-PROCESSO.jpg\" class=\" attachment-portfolio size-portfolio wp-post-image\" alt=\"Mat\u00e9riaux de proc\u00e9d\u00e9\" title=\"\"><\/a>\n   <div class=\"slide-content\">\n      <header class=\"entry-content-header\">\n         <h6 class=\"slide-entry-title entry-title\" itemprop=\"headline\"><a\n            href=\"https:\/\/www.mates.it\/fr\/produits\/materiaux-de-procede\/\"\n            title=\"New electric cars are getting really fast\">Mat\u00e9riaux de proc\u00e9d\u00e9<\/a><\/h6>\n         <span class=\"av-vertical-delimiter\"><\/span>\n      <\/header>\n      <div class=\"slide-entry-excerpt entry-content\" itemprop=\"text\">\n\t\t  <p>Une large gamme de consommables con\u00e7us pour la production de composites avanc\u00e9s. Ils peuvent \u00eatre utilis\u00e9s dans les processus de production de moulage \u00e0 haute, moyenne et basse temp\u00e9rature.<\/p>\n \n\t\t  <a href=\"https:\/\/www.mates.it\/fr\/produits\/materiaux-de-procede\/\" class=\"avia-button avia-icon_select-yes-left-icon avia-size-small avia-position-left avia-color-theme-color-subtle\">\n\t\t\t  Voir plus &raquo;\n\t\t  <\/a> \n      <\/div>\n   <\/div>\n   <footer class=\"entry-footer\"><\/footer>\n<\/article>\n\n<\/div><div class=\"flex-cell cell-1of3 medium-cell-1of2 small-cell-1of1\">\n<article class=\"post-entry slide-entry-overview slide-loop-1 slide-parity-odd real-thumbnail post-format-standard\"\n   itemscope=\"itemscope\" itemtype=\"https:\/\/schema.org\/CreativeWork\">\n   <a href=\"https:\/\/www.mates.it\/fr\/produits\/inserts\/\" title=\"https:\/\/www.mates.it\/fr\/produits\/inserts\/\" class=\"attachment-portfolio wp-post-image\"\n      alt=\"Inserts\"><img decoding=\"async\" src=\"https:\/\/www.mates.it\/wp-content\/uploads\/2016\/06\/INSERTI-DI-FISSAGGIO.jpg\" class=\" attachment-portfolio size-portfolio wp-post-image\" alt=\"Inserts\" title=\"\"><\/a>\n   <div class=\"slide-content\">\n      <header class=\"entry-content-header\">\n         <h6 class=\"slide-entry-title entry-title\" itemprop=\"headline\"><a\n            href=\"https:\/\/www.mates.it\/fr\/produits\/inserts\/\"\n            title=\"New electric cars are getting really fast\">Inserts<\/a><\/h6>\n         <span class=\"av-vertical-delimiter\"><\/span>\n      <\/header>\n      <div class=\"slide-entry-excerpt entry-content\" itemprop=\"text\">\n\t\t  <p>Inserts sp\u00e9cifiques pour le march\u00e9 des composites, grande souplesse de conception et s\u00e9curit\u00e9 en cas de fatigue, utilis\u00e9es par des entreprises de premier plan.<\/p>\n \n\t\t  <a href=\"https:\/\/www.mates.it\/fr\/produits\/inserts\/\" class=\"avia-button avia-icon_select-yes-left-icon avia-size-small avia-position-left avia-color-theme-color-subtle\">\n\t\t\t  Voir plus &raquo;\n\t\t  <\/a> \n      <\/div>\n   <\/div>\n   <footer class=\"entry-footer\"><\/footer>\n<\/article>\n\n<\/div><div class=\"flex-cell cell-1of3 medium-cell-1of2 small-cell-1of1\">\n<article class=\"post-entry slide-entry-overview slide-loop-1 slide-parity-odd real-thumbnail post-format-standard\"\n   itemscope=\"itemscope\" itemtype=\"https:\/\/schema.org\/CreativeWork\">\n   <a href=\"https:\/\/www.mates.it\/fr\/produits\/outillage-accessoires\/\" title=\"https:\/\/www.mates.it\/fr\/produits\/outillage-accessoires\/\" class=\"attachment-portfolio wp-post-image\"\n      alt=\"Outillage \/ Accessoires\"><img decoding=\"async\" src=\"https:\/\/www.mates.it\/wp-content\/uploads\/2016\/06\/STRUMENTI-ATTREZZATURE.jpg\" class=\" attachment-portfolio size-portfolio wp-post-image\" alt=\"Outillage \/ Accessoires\" title=\"\"><\/a>\n   <div class=\"slide-content\">\n      <header class=\"entry-content-header\">\n         <h6 class=\"slide-entry-title entry-title\" itemprop=\"headline\"><a\n            href=\"https:\/\/www.mates.it\/fr\/produits\/outillage-accessoires\/\"\n            title=\"New electric cars are getting really fast\">Outillage \/ Accessoires<\/a><\/h6>\n         <span class=\"av-vertical-delimiter\"><\/span>\n      <\/header>\n      <div class=\"slide-entry-excerpt entry-content\" itemprop=\"text\">\n\t\t  <p>Un excellent r\u00e9sultat final est \u00e9galement obtenu gr\u00e2ce \u00e0 l&rsquo;utilisation d&rsquo;outils adapt\u00e9s, soigneusement s\u00e9lectionn\u00e9 pour sa qualit\u00e9, sa fiabilit\u00e9 et sa valeur intrins\u00e8que.<\/p>\n \n\t\t  <a href=\"https:\/\/www.mates.it\/fr\/produits\/outillage-accessoires\/\" class=\"avia-button avia-icon_select-yes-left-icon avia-size-small avia-position-left avia-color-theme-color-subtle\">\n\t\t\t  Voir plus &raquo;\n\t\t  <\/a> \n      <\/div>\n   <\/div>\n   <footer class=\"entry-footer\"><\/footer>\n<\/article>\n\n<\/div><\/div\">\n<\/div><\/section>\n","protected":false},"excerpt":{"rendered":"<p>Des produits et des services pour la fabrication avanc\u00e9e de mat\u00e9riaux composites, soigneusement s\u00e9lectionn\u00e9s pour aider les petits et les grands fabricants \u00e0 am\u00e9liorer leur processus de production et pour r\u00e9pondre aux exigences de chacun.<\/p>\n","protected":false},"author":1,"featured_media":7637,"parent":0,"menu_order":2,"comment_status":"closed","ping_status":"closed","template":"","meta":{"footnotes":""},"class_list":["post-9155","page","type-page","status-publish","has-post-thumbnail","hentry"],"_links":{"self":[{"href":"https:\/\/www.mates.it\/fr\/wp-json\/wp\/v2\/pages\/9155","targetHints":{"allow":["GET"]}}],"collection":[{"href":"https:\/\/www.mates.it\/fr\/wp-json\/wp\/v2\/pages"}],"about":[{"href":"https:\/\/www.mates.it\/fr\/wp-json\/wp\/v2\/types\/page"}],"author":[{"embeddable":true,"href":"https:\/\/www.mates.it\/fr\/wp-json\/wp\/v2\/users\/1"}],"replies":[{"embeddable":true,"href":"https:\/\/www.mates.it\/fr\/wp-json\/wp\/v2\/comments?post=9155"}],"version-history":[{"count":0,"href":"https:\/\/www.mates.it\/fr\/wp-json\/wp\/v2\/pages\/9155\/revisions"}],"wp:featuredmedia":[{"embeddable":true,"href":"https:\/\/www.mates.it\/fr\/wp-json\/wp\/v2\/media\/7637"}],"wp:attachment":[{"href":"https:\/\/www.mates.it\/fr\/wp-json\/wp\/v2\/media?parent=9155"}],"curies":[{"name":"wp","href":"https:\/\/api.w.org\/{rel}","templated":true}]}}