{"id":9157,"date":"2015-09-16T12:50:54","date_gmt":"2015-09-16T10:50:54","guid":{"rendered":"https:\/\/www.mates.it\/secteurs\/"},"modified":"2023-12-12T19:42:24","modified_gmt":"2023-12-12T18:42:24","slug":"marches","status":"publish","type":"page","link":"https:\/\/www.mates.it\/fr\/marches\/","title":{"rendered":"MARCH\u00c9S"},"content":{"rendered":"<\/p>\n\n<style type=\"text\/css\" data-created_by=\"avia_inline_auto\" id=\"style-css-av-lk8js2dd-a9cf691f6a3e5ac03e3e2d254d019330\">\n#top .av-special-heading.av-lk8js2dd-a9cf691f6a3e5ac03e3e2d254d019330{\npadding-bottom:10px;\n}\nbody .av-special-heading.av-lk8js2dd-a9cf691f6a3e5ac03e3e2d254d019330 .av-special-heading-tag .heading-char{\nfont-size:25px;\n}\n.av-special-heading.av-lk8js2dd-a9cf691f6a3e5ac03e3e2d254d019330 .av-subheading{\nfont-size:15px;\n}\n<\/style>\n<div  class='av-special-heading av-lk8js2dd-a9cf691f6a3e5ac03e3e2d254d019330 av-special-heading-h1  avia-builder-el-0  el_before_av_textblock  avia-builder-el-first  custom-h1-title'><h1 class='av-special-heading-tag '  >March\u00e9s<\/h1><div class=\"special-heading-border\"><div class=\"special-heading-inner-border\"><\/div><\/div><\/div>\n<section  class='av_textblock_section av-lk8jirpp-cdea5fdbbebd20885f2fd687072cf866 '  ><div class='avia_textblock' ><p>Il n&rsquo;est pas possible de confiner et de limiter les activit\u00e9s de Mates \u00e0 des march\u00e9s d&rsquo;activit\u00e9 sp\u00e9cifiques, car elles sont les plus diverses et r\u00e9sultent d&rsquo;un travail effectu\u00e9 de 1978 \u00e0 nos jours. Notre exp\u00e9rience s&rsquo;\u00e9tend sur plus de 40 ans et concerne des secteurs tels que le nautisme, l&rsquo;automobile et l&rsquo;aviation, la construction, le transport, les chemins de fer et les loisirs.<\/p>\n<p>Mates est sp\u00e9cialis\u00e9e dans la conception, la fabrication et l&rsquo;application des mat\u00e9riaux et des technologies les plus modernes li\u00e9s \u00e0 la production de mat\u00e9riaux composites avanc\u00e9s. C&rsquo;est pr\u00e9cis\u00e9ment la connaissance approfondie du potentiel de ces technologies qui permet \u00e0 Mates de couvrir de nombreux secteurs. Gr\u00e2ce \u00e0 l&rsquo;application de ces processus, nous sommes en mesure d&rsquo;am\u00e9liorer plusieurs \u00e9tapes des activit\u00e9s de production communes \u00e0 toutes les entreprises du secteur des composites.<\/p>\n<\/div><\/section>\n<div  class='hr av-av_hr-91d7ccd583a503147498e120fee2ff9b hr-default  avia-builder-el-2  el_after_av_textblock  el_before_av_textblock '><span class='hr-inner '><span class=\"hr-inner-style\"><\/span><\/span><\/div>\n<section  class='av_textblock_section av-av_textblock-7a1af7d8f9790576b1769c0a9f0449ed '  ><div class='avia_textblock' ><div class=\"flex-container container-align-start\"><div class=\"flex-cell cell-1of3 medium-cell-1of2 small-cell-1of1\">\n<article class=\"post-entry slide-entry-overview slide-loop-1 slide-parity-odd real-thumbnail post-format-standard\"\n   itemscope=\"itemscope\" itemtype=\"https:\/\/schema.org\/CreativeWork\">\n   <a href=\"https:\/\/www.mates.it\/fr\/marches\/automobile\/\" title=\"https:\/\/www.mates.it\/fr\/marches\/automobile\/\" class=\"attachment-portfolio wp-post-image\"\n      alt=\"Automobile\"><img decoding=\"async\" src=\"https:\/\/www.mates.it\/wp-content\/uploads\/2016\/09\/Automotive.jpg\" class=\" attachment-portfolio size-portfolio wp-post-image\" alt=\"Automobile\" title=\"\"><\/a>\n   <div class=\"slide-content\">\n      <header class=\"entry-content-header\">\n         <h6 class=\"slide-entry-title entry-title\" itemprop=\"headline\"><a\n            href=\"https:\/\/www.mates.it\/fr\/marches\/automobile\/\"\n            title=\"New electric cars are getting really fast\">Automobile<\/a><\/h6>\n         <span class=\"av-vertical-delimiter\"><\/span>\n      <\/header>\n      <div class=\"slide-entry-excerpt entry-content\" itemprop=\"text\">\n\t\t  <p>L&rsquo;industrie automobile se caract\u00e9rise par la demande de mat\u00e9riaux l\u00e9gers et r\u00e9sistants afin de garantir des niveaux \u00e9lev\u00e9s d&rsquo;efficacit\u00e9 et de performance tout au long du cycle de vie du produit.<\/p>\n \n\t\t  <a href=\"https:\/\/www.mates.it\/fr\/marches\/automobile\/\" class=\"avia-button avia-icon_select-yes-left-icon avia-size-small avia-position-left avia-color-theme-color-subtle\">\n\t\t\t  Voir plus &raquo;\n\t\t  <\/a> \n      <\/div>\n   <\/div>\n   <footer class=\"entry-footer\"><\/footer>\n<\/article>\n\n<\/div><div class=\"flex-cell cell-1of3 medium-cell-1of2 small-cell-1of1\">\n<article class=\"post-entry slide-entry-overview slide-loop-1 slide-parity-odd real-thumbnail post-format-standard\"\n   itemscope=\"itemscope\" itemtype=\"https:\/\/schema.org\/CreativeWork\">\n   <a href=\"https:\/\/www.mates.it\/fr\/marches\/aeronautique-defense\/\" title=\"https:\/\/www.mates.it\/fr\/marches\/aeronautique-defense\/\" class=\"attachment-portfolio wp-post-image\"\n      alt=\"A\u00e9ronautique \/ D\u00e9fense\"><img decoding=\"async\" src=\"https:\/\/www.mates.it\/wp-content\/uploads\/2016\/09\/Aerospace-Difesa.jpg\" class=\" attachment-portfolio size-portfolio wp-post-image\" alt=\"A\u00e9ronautique \/ D\u00e9fense\" title=\"\"><\/a>\n   <div class=\"slide-content\">\n      <header class=\"entry-content-header\">\n         <h6 class=\"slide-entry-title entry-title\" itemprop=\"headline\"><a\n            href=\"https:\/\/www.mates.it\/fr\/marches\/aeronautique-defense\/\"\n            title=\"New electric cars are getting really fast\">A\u00e9ronautique \/ D\u00e9fense<\/a><\/h6>\n         <span class=\"av-vertical-delimiter\"><\/span>\n      <\/header>\n      <div class=\"slide-entry-excerpt entry-content\" itemprop=\"text\">\n\t\t  <p>Les besoins du march\u00e9 a\u00e9rospatial en mat\u00e9riaux certifi\u00e9s, r\u00e9sistants et l\u00e9gers permettent l&rsquo;utilisation de composites avanc\u00e9s dans toutes leurs applications.<\/p>\n \n\t\t  <a href=\"https:\/\/www.mates.it\/fr\/marches\/aeronautique-defense\/\" class=\"avia-button avia-icon_select-yes-left-icon avia-size-small avia-position-left avia-color-theme-color-subtle\">\n\t\t\t  Voir plus &raquo;\n\t\t  <\/a> \n      <\/div>\n   <\/div>\n   <footer class=\"entry-footer\"><\/footer>\n<\/article>\n\n<\/div><div class=\"flex-cell cell-1of3 medium-cell-1of2 small-cell-1of1\">\n<article class=\"post-entry slide-entry-overview slide-loop-1 slide-parity-odd real-thumbnail post-format-standard\"\n   itemscope=\"itemscope\" itemtype=\"https:\/\/schema.org\/CreativeWork\">\n   <a href=\"https:\/\/www.mates.it\/fr\/marches\/nautisme\/\" title=\"https:\/\/www.mates.it\/fr\/marches\/nautisme\/\" class=\"attachment-portfolio wp-post-image\"\n      alt=\"Nautisme\"><img decoding=\"async\" src=\"https:\/\/www.mates.it\/wp-content\/uploads\/2016\/09\/Nautico.jpg\" class=\" attachment-portfolio size-portfolio wp-post-image\" alt=\"Nautisme\" title=\"\"><\/a>\n   <div class=\"slide-content\">\n      <header class=\"entry-content-header\">\n         <h6 class=\"slide-entry-title entry-title\" itemprop=\"headline\"><a\n            href=\"https:\/\/www.mates.it\/fr\/marches\/nautisme\/\"\n            title=\"New electric cars are getting really fast\">Nautisme<\/a><\/h6>\n         <span class=\"av-vertical-delimiter\"><\/span>\n      <\/header>\n      <div class=\"slide-entry-excerpt entry-content\" itemprop=\"text\">\n\t\t  <p>L&rsquo;exp\u00e9rience acquise au fil du temps nous permet de g\u00e9rer une vaste gamme de produits recommand\u00e9s pour le secteur nautique et de garantir une efficacit\u00e9 maximale.<\/p>\n \n\t\t  <a href=\"https:\/\/www.mates.it\/fr\/marches\/nautisme\/\" class=\"avia-button avia-icon_select-yes-left-icon avia-size-small avia-position-left avia-color-theme-color-subtle\">\n\t\t\t  Voir plus &raquo;\n\t\t  <\/a> \n      <\/div>\n   <\/div>\n   <footer class=\"entry-footer\"><\/footer>\n<\/article>\n\n<\/div><div class=\"flex-cell cell-1of3 medium-cell-1of2 small-cell-1of1\">\n<article class=\"post-entry slide-entry-overview slide-loop-1 slide-parity-odd real-thumbnail post-format-standard\"\n   itemscope=\"itemscope\" itemtype=\"https:\/\/schema.org\/CreativeWork\">\n   <a href=\"https:\/\/www.mates.it\/fr\/marches\/rail-transport\/\" title=\"https:\/\/www.mates.it\/fr\/marches\/rail-transport\/\" class=\"attachment-portfolio wp-post-image\"\n      alt=\"Rail \/ Transport\"><img decoding=\"async\" src=\"https:\/\/www.mates.it\/wp-content\/uploads\/Trasporti-Ferroviario.jpg\" class=\" attachment-portfolio size-portfolio wp-post-image\" alt=\"Rail \/ Transport\" title=\"\"><\/a>\n   <div class=\"slide-content\">\n      <header class=\"entry-content-header\">\n         <h6 class=\"slide-entry-title entry-title\" itemprop=\"headline\"><a\n            href=\"https:\/\/www.mates.it\/fr\/marches\/rail-transport\/\"\n            title=\"New electric cars are getting really fast\">Rail \/ Transport<\/a><\/h6>\n         <span class=\"av-vertical-delimiter\"><\/span>\n      <\/header>\n      <div class=\"slide-entry-excerpt entry-content\" itemprop=\"text\">\n\t\t  <p>Le secteur ferroviaire a besoin de solutions et de mat\u00e9riaux appropri\u00e9s pour garantir des structures l\u00e9g\u00e8res et performantes, avec des niveaux \u00e9lev\u00e9s de confort pendant le voyage.<\/p>\n \n\t\t  <a href=\"https:\/\/www.mates.it\/fr\/marches\/rail-transport\/\" class=\"avia-button avia-icon_select-yes-left-icon avia-size-small avia-position-left avia-color-theme-color-subtle\">\n\t\t\t  Voir plus &raquo;\n\t\t  <\/a> \n      <\/div>\n   <\/div>\n   <footer class=\"entry-footer\"><\/footer>\n<\/article>\n\n<\/div><div class=\"flex-cell cell-1of3 medium-cell-1of2 small-cell-1of1\">\n<article class=\"post-entry slide-entry-overview slide-loop-1 slide-parity-odd real-thumbnail post-format-standard\"\n   itemscope=\"itemscope\" itemtype=\"https:\/\/schema.org\/CreativeWork\">\n   <a href=\"https:\/\/www.mates.it\/fr\/marches\/eolien-energies-renouvelables\/\" title=\"https:\/\/www.mates.it\/fr\/marches\/eolien-energies-renouvelables\/\" class=\"attachment-portfolio wp-post-image\"\n      alt=\"\u00c9olien \/ \u00c9nergies renouvelables\"><img decoding=\"async\" src=\"https:\/\/www.mates.it\/wp-content\/uploads\/Eolico-Energie-rinnovabili.jpg\" class=\" attachment-portfolio size-portfolio wp-post-image\" alt=\"\u00c9olien \/ \u00c9nergies renouvelables\" title=\"\"><\/a>\n   <div class=\"slide-content\">\n      <header class=\"entry-content-header\">\n         <h6 class=\"slide-entry-title entry-title\" itemprop=\"headline\"><a\n            href=\"https:\/\/www.mates.it\/fr\/marches\/eolien-energies-renouvelables\/\"\n            title=\"New electric cars are getting really fast\">\u00c9olien \/ \u00c9nergies renouvelables<\/a><\/h6>\n         <span class=\"av-vertical-delimiter\"><\/span>\n      <\/header>\n      <div class=\"slide-entry-excerpt entry-content\" itemprop=\"text\">\n\t\t  <p>L&rsquo;\u00e9nergie \u00e9olienne est l&rsquo;un des secteurs qui conna\u00eet actuellement la plus forte croissance, en partie gr\u00e2ce \u00e0 l&rsquo;intensification de la recherche sur les nouvelles formes d&rsquo;\u00e9nergie renouvelable.<\/p>\n \n\t\t  <a href=\"https:\/\/www.mates.it\/fr\/marches\/eolien-energies-renouvelables\/\" class=\"avia-button avia-icon_select-yes-left-icon avia-size-small avia-position-left avia-color-theme-color-subtle\">\n\t\t\t  Voir plus &raquo;\n\t\t  <\/a> \n      <\/div>\n   <\/div>\n   <footer class=\"entry-footer\"><\/footer>\n<\/article>\n\n<\/div><div class=\"flex-cell cell-1of3 medium-cell-1of2 small-cell-1of1\">\n<article class=\"post-entry slide-entry-overview slide-loop-1 slide-parity-odd real-thumbnail post-format-standard\"\n   itemscope=\"itemscope\" itemtype=\"https:\/\/schema.org\/CreativeWork\">\n   <a href=\"https:\/\/www.mates.it\/fr\/marches\/genie-civil-construction\/\" title=\"https:\/\/www.mates.it\/fr\/marches\/genie-civil-construction\/\" class=\"attachment-portfolio wp-post-image\"\n      alt=\"B\u00e2timent \/ Construction\"><img decoding=\"async\" src=\"https:\/\/www.mates.it\/wp-content\/uploads\/2016\/09\/Infrastrutture-Edile.jpg\" class=\" attachment-portfolio size-portfolio wp-post-image\" alt=\"B\u00e2timent \/ Construction\" title=\"\"><\/a>\n   <div class=\"slide-content\">\n      <header class=\"entry-content-header\">\n         <h6 class=\"slide-entry-title entry-title\" itemprop=\"headline\"><a\n            href=\"https:\/\/www.mates.it\/fr\/marches\/genie-civil-construction\/\"\n            title=\"New electric cars are getting really fast\">B\u00e2timent \/ Construction<\/a><\/h6>\n         <span class=\"av-vertical-delimiter\"><\/span>\n      <\/header>\n      <div class=\"slide-entry-excerpt entry-content\" itemprop=\"text\">\n\t\t  <p>Sur ce march\u00e9, il s&rsquo;agit de trouver les mat\u00e9riaux ad\u00e9quats qui garantissent la r\u00e9sistance, la l\u00e9g\u00e8ret\u00e9 et la flexibilit\u00e9 n\u00e9cessaires, tout en offrant une grande libert\u00e9 de conception.<\/p>\n \n\t\t  <a href=\"https:\/\/www.mates.it\/fr\/marches\/genie-civil-construction\/\" class=\"avia-button avia-icon_select-yes-left-icon avia-size-small avia-position-left avia-color-theme-color-subtle\">\n\t\t\t  Voir plus &raquo;\n\t\t  <\/a> \n      <\/div>\n   <\/div>\n   <footer class=\"entry-footer\"><\/footer>\n<\/article>\n\n<\/div><div class=\"flex-cell cell-1of3 medium-cell-1of2 small-cell-1of1\">\n<article class=\"post-entry slide-entry-overview slide-loop-1 slide-parity-odd real-thumbnail post-format-standard\"\n   itemscope=\"itemscope\" itemtype=\"https:\/\/schema.org\/CreativeWork\">\n   <a href=\"https:\/\/www.mates.it\/fr\/marches\/verre-marbre\/\" title=\"https:\/\/www.mates.it\/fr\/marches\/verre-marbre\/\" class=\"attachment-portfolio wp-post-image\"\n      alt=\"Verre \/ Marbre\"><img decoding=\"async\" src=\"https:\/\/www.mates.it\/wp-content\/uploads\/2016\/09\/Vetro-Marmo.jpg\" class=\" attachment-portfolio size-portfolio wp-post-image\" alt=\"Verre \/ Marbre\" title=\"\"><\/a>\n   <div class=\"slide-content\">\n      <header class=\"entry-content-header\">\n         <h6 class=\"slide-entry-title entry-title\" itemprop=\"headline\"><a\n            href=\"https:\/\/www.mates.it\/fr\/marches\/verre-marbre\/\"\n            title=\"New electric cars are getting really fast\">Verre \/ Marbre<\/a><\/h6>\n         <span class=\"av-vertical-delimiter\"><\/span>\n      <\/header>\n      <div class=\"slide-entry-excerpt entry-content\" itemprop=\"text\">\n\t\t  <p>L&rsquo;industrie du verre a besoin de produits utiles pour coller des verres ayant la m\u00eame \u00e9paisseur ou des \u00e9paisseurs diff\u00e9rentes les uns aux autres pour augmenter sa structure.<\/p>\n \n\t\t  <a href=\"https:\/\/www.mates.it\/fr\/marches\/verre-marbre\/\" class=\"avia-button avia-icon_select-yes-left-icon avia-size-small avia-position-left avia-color-theme-color-subtle\">\n\t\t\t  Voir plus &raquo;\n\t\t  <\/a> \n      <\/div>\n   <\/div>\n   <footer class=\"entry-footer\"><\/footer>\n<\/article>\n\n<\/div><div class=\"flex-cell cell-1of3 medium-cell-1of2 small-cell-1of1\">\n<article class=\"post-entry slide-entry-overview slide-loop-1 slide-parity-odd real-thumbnail post-format-standard\"\n   itemscope=\"itemscope\" itemtype=\"https:\/\/schema.org\/CreativeWork\">\n   <a href=\"https:\/\/www.mates.it\/fr\/marches\/sports-loisirs\/\" title=\"https:\/\/www.mates.it\/fr\/marches\/sports-loisirs\/\" class=\"attachment-portfolio wp-post-image\"\n      alt=\"Sports \/ Loisirs\"><img decoding=\"async\" src=\"https:\/\/www.mates.it\/wp-content\/uploads\/2016\/09\/Sport-Tempo-libero.jpg\" class=\" attachment-portfolio size-portfolio wp-post-image\" alt=\"Sports \/ Loisirs\" title=\"\"><\/a>\n   <div class=\"slide-content\">\n      <header class=\"entry-content-header\">\n         <h6 class=\"slide-entry-title entry-title\" itemprop=\"headline\"><a\n            href=\"https:\/\/www.mates.it\/fr\/marches\/sports-loisirs\/\"\n            title=\"New electric cars are getting really fast\">Sports \/ Loisirs<\/a><\/h6>\n         <span class=\"av-vertical-delimiter\"><\/span>\n      <\/header>\n      <div class=\"slide-entry-excerpt entry-content\" itemprop=\"text\">\n\t\t  <p>Dans le sport, il existe un besoin croissant de l\u00e9g\u00e8ret\u00e9, de r\u00e9sistance et de flexibilit\u00e9, caract\u00e9ristiques des mat\u00e9riaux composites avanc\u00e9s.<\/p>\n \n\t\t  <a href=\"https:\/\/www.mates.it\/fr\/marches\/sports-loisirs\/\" class=\"avia-button avia-icon_select-yes-left-icon avia-size-small avia-position-left avia-color-theme-color-subtle\">\n\t\t\t  Voir plus &raquo;\n\t\t  <\/a> \n      <\/div>\n   <\/div>\n   <footer class=\"entry-footer\"><\/footer>\n<\/article>\n\n<\/div><div class=\"flex-cell cell-1of3 medium-cell-1of2 small-cell-1of1\">\n<article class=\"post-entry slide-entry-overview slide-loop-1 slide-parity-odd real-thumbnail post-format-standard\"\n   itemscope=\"itemscope\" itemtype=\"https:\/\/schema.org\/CreativeWork\">\n   <a href=\"https:\/\/www.mates.it\/fr\/marches\/outillage-modelage\/\" title=\"https:\/\/www.mates.it\/fr\/marches\/outillage-modelage\/\" class=\"attachment-portfolio wp-post-image\"\n      alt=\"Outillage \/ Modelage\"><img decoding=\"async\" src=\"https:\/\/www.mates.it\/wp-content\/uploads\/2016\/09\/Tooling-Modelling.jpg\" class=\" attachment-portfolio size-portfolio wp-post-image\" alt=\"Outillage \/ Modelage\" title=\"\"><\/a>\n   <div class=\"slide-content\">\n      <header class=\"entry-content-header\">\n         <h6 class=\"slide-entry-title entry-title\" itemprop=\"headline\"><a\n            href=\"https:\/\/www.mates.it\/fr\/marches\/outillage-modelage\/\"\n            title=\"New electric cars are getting really fast\">Outillage \/ Modelage<\/a><\/h6>\n         <span class=\"av-vertical-delimiter\"><\/span>\n      <\/header>\n      <div class=\"slide-entry-excerpt entry-content\" itemprop=\"text\">\n\t\t  <p>L&rsquo;outillage et la mod\u00e9lisation est un secteur qui op\u00e8re dans la production de moules et de mod\u00e8les pour les processus de production<\/p>\n \n\t\t  <a href=\"https:\/\/www.mates.it\/fr\/marches\/outillage-modelage\/\" class=\"avia-button avia-icon_select-yes-left-icon avia-size-small avia-position-left avia-color-theme-color-subtle\">\n\t\t\t  Voir plus &raquo;\n\t\t  <\/a> \n      <\/div>\n   <\/div>\n   <footer class=\"entry-footer\"><\/footer>\n<\/article>\n\n<\/div><\/div\">\n<\/div><\/section>\n","protected":false},"excerpt":{"rendered":"<p>Mates est sp\u00e9cialis\u00e9e dans la conception, la production et l&rsquo;application des mat\u00e9riaux et technologies les plus modernes li\u00e9s \u00e0 la production de mat\u00e9riaux composites avanc\u00e9s.<\/p>\n","protected":false},"author":1,"featured_media":7641,"parent":0,"menu_order":3,"comment_status":"closed","ping_status":"closed","template":"","meta":{"footnotes":""},"class_list":["post-9157","page","type-page","status-publish","has-post-thumbnail","hentry"],"_links":{"self":[{"href":"https:\/\/www.mates.it\/fr\/wp-json\/wp\/v2\/pages\/9157","targetHints":{"allow":["GET"]}}],"collection":[{"href":"https:\/\/www.mates.it\/fr\/wp-json\/wp\/v2\/pages"}],"about":[{"href":"https:\/\/www.mates.it\/fr\/wp-json\/wp\/v2\/types\/page"}],"author":[{"embeddable":true,"href":"https:\/\/www.mates.it\/fr\/wp-json\/wp\/v2\/users\/1"}],"replies":[{"embeddable":true,"href":"https:\/\/www.mates.it\/fr\/wp-json\/wp\/v2\/comments?post=9157"}],"version-history":[{"count":0,"href":"https:\/\/www.mates.it\/fr\/wp-json\/wp\/v2\/pages\/9157\/revisions"}],"wp:featuredmedia":[{"embeddable":true,"href":"https:\/\/www.mates.it\/fr\/wp-json\/wp\/v2\/media\/7641"}],"wp:attachment":[{"href":"https:\/\/www.mates.it\/fr\/wp-json\/wp\/v2\/media?parent=9157"}],"curies":[{"name":"wp","href":"https:\/\/api.w.org\/{rel}","templated":true}]}}