{"id":9161,"date":"2015-09-16T10:50:50","date_gmt":"2015-09-16T08:50:50","guid":{"rendered":"https:\/\/www.mates.it\/supporto\/services-offerts\/"},"modified":"2026-03-08T17:24:38","modified_gmt":"2026-03-08T16:24:38","slug":"services-proposes","status":"publish","type":"page","link":"https:\/\/www.mates.it\/fr\/a-propos-de-nous\/services-proposes\/","title":{"rendered":"Services propos\u00e9s"},"content":{"rendered":"<div  class='flex_column av-av_one_full-7714eba142aeda1f8b5272a3c372b279 av_one_full  avia-builder-el-0  el_before_av_hr  avia-builder-el-first  first flex_column_div  '     ><p>\n<style type=\"text\/css\" data-created_by=\"avia_inline_auto\" id=\"style-css-av-lm148xmp-ff0bbe4bbdd7e4b2baa4a74c4b5b1501\">\n#top .av-special-heading.av-lm148xmp-ff0bbe4bbdd7e4b2baa4a74c4b5b1501{\npadding-bottom:10px;\n}\nbody .av-special-heading.av-lm148xmp-ff0bbe4bbdd7e4b2baa4a74c4b5b1501 .av-special-heading-tag .heading-char{\nfont-size:25px;\n}\n.av-special-heading.av-lm148xmp-ff0bbe4bbdd7e4b2baa4a74c4b5b1501 .av-subheading{\nfont-size:15px;\n}\n<\/style>\n<div  class='av-special-heading av-lm148xmp-ff0bbe4bbdd7e4b2baa4a74c4b5b1501 av-special-heading-h1  avia-builder-el-1  el_before_av_textblock  avia-builder-el-first  custom-h1-title'><h1 class='av-special-heading-tag '  >Services propos\u00e9s<\/h1><div class=\"special-heading-border\"><div class=\"special-heading-inner-border\"><\/div><\/div><\/div><br \/>\n<section  class='av_textblock_section av-lm1496pe-c9f46e76429ef7d4948c18e984311a7d '  ><div class='avia_textblock' ><p>Afin de garantir une transparence totale, une assistance technique et un service \u00e0 la client\u00e8le de haute qualit\u00e9, Mates a toujours offert une gamme compl\u00e8te de services soigneusement con\u00e7us pour r\u00e9pondre \u00e0 tous les besoins individuels. Nos garanties et certifications de produits ne se contentent pas de clarifier l&rsquo;origine des articles de notre catalogue, mais confirment \u00e9galement la conformit\u00e9 aux exigences r\u00e9glementaires internationales.<\/p>\n<p>L&rsquo;assistance technique est assur\u00e9e par une s\u00e9rie de tests sp\u00e9cifiques appliqu\u00e9s aux produits, ainsi que par une \u00e9troite collaboration tout au long des principaux processus de production ou lors de la personnalisation. En outre, nous sommes en mesure d&rsquo;offrir une assistance hautement sp\u00e9cialis\u00e9e aux clients, tant pendant la phase de conception que pendant les phases d&rsquo;avant et d&rsquo;apr\u00e8s-vente.<\/p>\n<\/div><\/section><\/p><\/div>\n<div  class='hr av-av_hr-91d7ccd583a503147498e120fee2ff9b hr-default  avia-builder-el-3  el_after_av_one_full  el_before_av_progress '><span class='hr-inner '><span class=\"hr-inner-style\"><\/span><\/span><\/div>\n\n<style type=\"text\/css\" data-created_by=\"avia_inline_auto\" id=\"style-css-sub-av-lm149wi8-2986ed032ad8ad0f001b5287a1d8ab5e\">\n#top .avia-progress-bar-container .avia-progress-bar.av-lm149h28-db403104977f168cece076c2fd61f0fd .bar{\nwidth:95%;\n}\n#top .avia-progress-bar-container .avia-progress-bar.av-lm149pt8-e68e4faa99f7d6a34e1f2aa0a7b0ba20 .bar{\nwidth:70%;\n}\n#top .avia-progress-bar-container .avia-progress-bar.av-lm149vj5-398b864c512fe2b44cd0c57d9a315d67 .bar{\nwidth:80%;\n}\n<\/style>\n<div  class='avia-progress-bar-container av-lm149wi8-2986ed032ad8ad0f001b5287a1d8ab5e av-striped-bar av-animated-bar avia_animate_when_almost_visible  avia-builder-el-4  el_after_av_hr  el_before_av_hr '><div class='avia-progress-bar av-lm149h28-db403104977f168cece076c2fd61f0fd icon-bar-no theme-color-bar theme-color-bar icon-bar-no'><div class=\"progressbar-title-wrap\"><div class=\"progressbar-icon\"><span class='progressbar-char avia-iconfont avia-font-entypo-fontello' data-av_icon='' data-av_iconfont='entypo-fontello' ><\/span><\/div><div class='progressbar-title'>Support<\/div><\/div><div class=\"progress\"><div class=\"bar-outer\"><div class='bar' data-progress='95'><\/div><\/div><\/div><\/div><div class='avia-progress-bar av-lm149pt8-e68e4faa99f7d6a34e1f2aa0a7b0ba20 icon-bar-no theme-color-bar theme-color-bar icon-bar-no'><div class=\"progressbar-title-wrap\"><div class=\"progressbar-icon\"><span class='progressbar-char avia-iconfont avia-font-entypo-fontello' data-av_icon='\ue800' data-av_iconfont='entypo-fontello' ><\/span><\/div><div class='progressbar-title'>Ing\u00e9nierie<\/div><\/div><div class=\"progress\"><div class=\"bar-outer\"><div class='bar' data-progress='70'><\/div><\/div><\/div><\/div><div class='avia-progress-bar av-lm149vj5-398b864c512fe2b44cd0c57d9a315d67 icon-bar-no theme-color-bar theme-color-bar icon-bar-no'><div class=\"progressbar-title-wrap\"><div class=\"progressbar-icon\"><span class='progressbar-char avia-iconfont avia-font-entypo-fontello' data-av_icon='\ue800' data-av_iconfont='entypo-fontello' ><\/span><\/div><div class='progressbar-title'>Personnalisations<\/div><\/div><div class=\"progress\"><div class=\"bar-outer\"><div class='bar' data-progress='80'><\/div><\/div><\/div><\/div><\/div>\n<div  class='hr av-av_hr-91d7ccd583a503147498e120fee2ff9b hr-default  avia-builder-el-5  el_after_av_progress  el_before_av_textblock '><span class='hr-inner '><span class=\"hr-inner-style\"><\/span><\/span><\/div>\n<section  class='av_textblock_section av-av_textblock-7a1af7d8f9790576b1769c0a9f0449ed '  ><div class='avia_textblock' ><div class=\"flex-container container-align-start\"><div class=\"flex-cell cell-1of3 medium-cell-1of2 small-cell-1of1\">\n<article class=\"post-entry slide-entry-overview slide-loop-1 slide-parity-odd real-thumbnail post-format-standard\"\n   itemscope=\"itemscope\" itemtype=\"https:\/\/schema.org\/CreativeWork\">\n   <a href=\"https:\/\/www.mates.it\/fr\/a-propos-de-nous\/services-proposes\/soutien\/\" title=\"https:\/\/www.mates.it\/fr\/a-propos-de-nous\/services-proposes\/soutien\/\" class=\"attachment-portfolio wp-post-image\"\n      alt=\"Soutien\"><img decoding=\"async\" src=\"https:\/\/www.mates.it\/wp-content\/uploads\/supporto_servizi.jpg\" class=\" attachment-portfolio size-portfolio wp-post-image\" alt=\"Soutien\" title=\"\"><\/a>\n   <div class=\"slide-content\">\n      <header class=\"entry-content-header\">\n         <h6 class=\"slide-entry-title entry-title\" itemprop=\"headline\"><a\n            href=\"https:\/\/www.mates.it\/fr\/a-propos-de-nous\/services-proposes\/soutien\/\"\n            title=\"New electric cars are getting really fast\">Soutien<\/a><\/h6>\n         <span class=\"av-vertical-delimiter\"><\/span>\n      <\/header>\n      <div class=\"slide-entry-excerpt entry-content\" itemprop=\"text\">\n\t\t  <p>Gr\u00e2ce \u00e0 un r\u00e9seau bien \u00e9tabli d&rsquo;agents et de consultants r\u00e9partis au niveau national et international, Mates garantit un soutien optimal qui d\u00e9passe les attentes des clients.<\/p>\n \n\t\t  <a href=\"https:\/\/www.mates.it\/fr\/a-propos-de-nous\/services-proposes\/soutien\/\" class=\"avia-button avia-icon_select-yes-left-icon avia-size-small avia-position-left avia-color-theme-color-subtle\">\n\t\t\t  Voir plus &raquo;\n\t\t  <\/a> \n      <\/div>\n   <\/div>\n   <footer class=\"entry-footer\"><\/footer>\n<\/article>\n\n<\/div><div class=\"flex-cell cell-1of3 medium-cell-1of2 small-cell-1of1\">\n<article class=\"post-entry slide-entry-overview slide-loop-1 slide-parity-odd real-thumbnail post-format-standard\"\n   itemscope=\"itemscope\" itemtype=\"https:\/\/schema.org\/CreativeWork\">\n   <a href=\"https:\/\/www.mates.it\/fr\/a-propos-de-nous\/services-proposes\/ingenierie\/\" title=\"https:\/\/www.mates.it\/fr\/a-propos-de-nous\/services-proposes\/ingenierie\/\" class=\"attachment-portfolio wp-post-image\"\n      alt=\"Ing\u00e9nierie\"><img decoding=\"async\" src=\"https:\/\/www.mates.it\/wp-content\/uploads\/supporto_progettazione.png\" class=\" attachment-portfolio size-portfolio wp-post-image\" alt=\"Ing\u00e9nierie\" title=\"\"><\/a>\n   <div class=\"slide-content\">\n      <header class=\"entry-content-header\">\n         <h6 class=\"slide-entry-title entry-title\" itemprop=\"headline\"><a\n            href=\"https:\/\/www.mates.it\/fr\/a-propos-de-nous\/services-proposes\/ingenierie\/\"\n            title=\"New electric cars are getting really fast\">Ing\u00e9nierie<\/a><\/h6>\n         <span class=\"av-vertical-delimiter\"><\/span>\n      <\/header>\n      <div class=\"slide-entry-excerpt entry-content\" itemprop=\"text\">\n\t\t  <p>Notre engagement a toujours \u00e9t\u00e9 d&rsquo;offrir \u00e0 nos clients non seulement des produits de haute qualit\u00e9, mais aussi des conseils techniques d&rsquo;experts tout au long du cycle de r\u00e9alisation du composant fini.<\/p>\n \n\t\t  <a href=\"https:\/\/www.mates.it\/fr\/a-propos-de-nous\/services-proposes\/ingenierie\/\" class=\"avia-button avia-icon_select-yes-left-icon avia-size-small avia-position-left avia-color-theme-color-subtle\">\n\t\t\t  Voir plus &raquo;\n\t\t  <\/a> \n      <\/div>\n   <\/div>\n   <footer class=\"entry-footer\"><\/footer>\n<\/article>\n\n<\/div><div class=\"flex-cell cell-1of3 medium-cell-1of2 small-cell-1of1\">\n<article class=\"post-entry slide-entry-overview slide-loop-1 slide-parity-odd real-thumbnail post-format-standard\"\n   itemscope=\"itemscope\" itemtype=\"https:\/\/schema.org\/CreativeWork\">\n   <a href=\"https:\/\/www.mates.it\/fr\/a-propos-de-nous\/services-proposes\/personnalisations\/\" title=\"https:\/\/www.mates.it\/fr\/a-propos-de-nous\/services-proposes\/personnalisations\/\" class=\"attachment-portfolio wp-post-image\"\n      alt=\"Personnalisations\"><img decoding=\"async\" src=\"https:\/\/www.mates.it\/wp-content\/uploads\/supporto_personalizzazioni.svg.png\" class=\" attachment-portfolio size-portfolio wp-post-image\" alt=\"Personnalisations\" title=\"\"><\/a>\n   <div class=\"slide-content\">\n      <header class=\"entry-content-header\">\n         <h6 class=\"slide-entry-title entry-title\" itemprop=\"headline\"><a\n            href=\"https:\/\/www.mates.it\/fr\/a-propos-de-nous\/services-proposes\/personnalisations\/\"\n            title=\"New electric cars are getting really fast\">Personnalisations<\/a><\/h6>\n         <span class=\"av-vertical-delimiter\"><\/span>\n      <\/header>\n      <div class=\"slide-entry-excerpt entry-content\" itemprop=\"text\">\n\t\t  <p>Notre soci\u00e9t\u00e9 est en mesure d&rsquo;offrir une assistance sp\u00e9cifique tant pour lancer un nouveau projet que pour optimiser un processus d\u00e9j\u00e0 entam\u00e9 et trouver des solutions personnalis\u00e9es \u00e0 des probl\u00e8mes majeurs.<\/p>\n \n\t\t  <a href=\"https:\/\/www.mates.it\/fr\/a-propos-de-nous\/services-proposes\/personnalisations\/\" class=\"avia-button avia-icon_select-yes-left-icon avia-size-small avia-position-left avia-color-theme-color-subtle\">\n\t\t\t  Voir plus &raquo;\n\t\t  <\/a> \n      <\/div>\n   <\/div>\n   <footer class=\"entry-footer\"><\/footer>\n<\/article>\n\n<\/div><\/div\">\n<\/div><\/section>\n","protected":false},"excerpt":{"rendered":"<p>Pour garantir une transparence totale, une assistance technique de haute qualit\u00e9 et un service \u00e0 la client\u00e8le, Mates a toujours offert une gamme compl\u00e8te de services soigneusement con\u00e7us pour r\u00e9pondre \u00e0 tous les besoins individuels.<\/p>\n","protected":false},"author":1,"featured_media":7441,"parent":9346,"menu_order":2,"comment_status":"open","ping_status":"closed","template":"","meta":{"footnotes":""},"class_list":["post-9161","page","type-page","status-publish","has-post-thumbnail","hentry"],"_links":{"self":[{"href":"https:\/\/www.mates.it\/fr\/wp-json\/wp\/v2\/pages\/9161","targetHints":{"allow":["GET"]}}],"collection":[{"href":"https:\/\/www.mates.it\/fr\/wp-json\/wp\/v2\/pages"}],"about":[{"href":"https:\/\/www.mates.it\/fr\/wp-json\/wp\/v2\/types\/page"}],"author":[{"embeddable":true,"href":"https:\/\/www.mates.it\/fr\/wp-json\/wp\/v2\/users\/1"}],"replies":[{"embeddable":true,"href":"https:\/\/www.mates.it\/fr\/wp-json\/wp\/v2\/comments?post=9161"}],"version-history":[{"count":1,"href":"https:\/\/www.mates.it\/fr\/wp-json\/wp\/v2\/pages\/9161\/revisions"}],"predecessor-version":[{"id":21227,"href":"https:\/\/www.mates.it\/fr\/wp-json\/wp\/v2\/pages\/9161\/revisions\/21227"}],"up":[{"embeddable":true,"href":"https:\/\/www.mates.it\/fr\/wp-json\/wp\/v2\/pages\/9346"}],"wp:featuredmedia":[{"embeddable":true,"href":"https:\/\/www.mates.it\/fr\/wp-json\/wp\/v2\/media\/7441"}],"wp:attachment":[{"href":"https:\/\/www.mates.it\/fr\/wp-json\/wp\/v2\/media?parent=9161"}],"curies":[{"name":"wp","href":"https:\/\/api.w.org\/{rel}","templated":true}]}}